{"id":2026,"date":"2014-12-01T12:51:05","date_gmt":"2014-12-01T11:51:05","guid":{"rendered":"https:\/\/areso.eus\/home\/"},"modified":"2026-01-29T13:15:59","modified_gmt":"2026-01-29T12:15:59","slug":"inicio","status":"publish","type":"page","link":"https:\/\/areso.eus\/es\/","title":{"rendered":"Inicio"},"content":{"rendered":"<section class=\"l-section wpb_row us_custom_53c2a621 height_auto with_img\"><div class=\"l-section-img\" role=\"img\" aria-label=\"Imagen\" data-img-width=\"1400\" data-img-height=\"600\" style=\"background-image: url(https:\/\/areso.eus\/wp-content\/uploads\/2025\/11\/Aresoko-Udala-2.jpg);background-position: top center;background-repeat: no-repeat;\"><\/div><div class=\"l-section-h i-cf\"><div class=\"g-cols vc_row via_grid cols_1 laptops-cols_inherit tablets-cols_inherit mobiles-cols_1 valign_top type_default stacking_default\"><div class=\"wpb_column vc_column_container\"><div class=\"vc_column-inner\"><div class=\"w-separator size_large\"><\/div><h1 class=\"w-text us_custom_da091bd5 has_text_color\"><span class=\"w-text-h\"><span class=\"w-text-value\">Ayuntamiento de ARESO<\/span><\/span><\/h1><h2 class=\"w-text us_custom_36a2493c has_text_color\"><span class=\"w-text-h\"><span class=\"w-text-value\">Informaci\u00f3n municipal a disposici\u00f3n de todos los ciudadanos<\/span><\/span><\/h2><\/div><\/div><\/div><\/div><\/section><section class=\"l-section wpb_row height_small color_alternate\"><div class=\"l-section-h i-cf\"><div class=\"g-cols vc_row via_grid cols_4 laptops-cols_inherit tablets-cols_inherit mobiles-cols_1 valign_top type_default stacking_default\"><div class=\"wpb_column vc_column_container\"><div class=\"vc_column-inner\"><div class=\"w-vwrapper us_custom_d1c3c989 has_text_color align_none valign_middle\" style=\"--vwrapper-gap:0rem\"><div class=\"w-iconbox us_custom_728fd086 iconpos_left style_circle color_custom align_center no_text\"><a href=\"\/es\/conoce-areso\/turismo\/que-visitar\/\" class=\"w-iconbox-link\" aria-label=\"turismo\"><div class=\"w-iconbox-icon\" style=\"font-size:1.7rem;--icon-color:#3B3E50;--icon-bg-color:#98DFEA;\"><i class=\"fas fa-hiking\"><\/i><\/div><\/a><div class=\"w-iconbox-meta\"><p class=\"w-iconbox-title\" style=\"font-size:1rem;\"><a href=\"\/es\/conoce-areso\/turismo\/que-visitar\/\" class=\"w-iconbox-link\" aria-label=\"turismo\">turismo<\/a><\/p><\/div><\/div><\/div><\/div><\/div><div class=\"wpb_column vc_column_container\"><div class=\"vc_column-inner\"><div class=\"w-vwrapper us_custom_d1c3c989 has_text_color align_none valign_middle\" style=\"--vwrapper-gap:0rem\"><div class=\"w-iconbox us_custom_728fd086 iconpos_left style_circle color_custom align_center no_text\"><a href=\"http:\/\/areso.eus\/es\/poligono-industrial\/\" class=\"w-iconbox-link\" aria-label=\"pol\u00edgono industrial\"><div class=\"w-iconbox-icon\" style=\"font-size:1.7rem;--icon-color:#3B3E50;--icon-bg-color:#98DFEA;\"><i class=\"fas fa-industry-alt\"><\/i><\/div><\/a><div class=\"w-iconbox-meta\"><p class=\"w-iconbox-title\" style=\"font-size:1rem;\"><a href=\"http:\/\/areso.eus\/es\/poligono-industrial\/\" class=\"w-iconbox-link\" aria-label=\"pol\u00edgono industrial\">pol\u00edgono industrial<\/a><\/p><\/div><\/div><\/div><\/div><\/div><div class=\"wpb_column vc_column_container\"><div class=\"vc_column-inner\"><div class=\"w-vwrapper us_custom_d1c3c989 has_text_color align_none valign_middle\" style=\"--vwrapper-gap:0rem\"><div class=\"w-iconbox us_custom_6d5ff241 iconpos_left style_circle color_custom align_center no_text\"><a href=\"http:\/\/areso.eus\/es\/servicios\/servicios-y-telefonos\/\" class=\"w-iconbox-link\" aria-label=\"SERVICIOS DE ARESO\"><div class=\"w-iconbox-icon\" style=\"font-size:1.7rem;--icon-color:#3B3E50;--icon-bg-color:#98DFEA;\"><i class=\"far fa-comments\"><\/i><\/div><\/a><div class=\"w-iconbox-meta\"><p class=\"w-iconbox-title\" style=\"font-size:1rem;\"><a href=\"http:\/\/areso.eus\/es\/servicios\/servicios-y-telefonos\/\" class=\"w-iconbox-link\" aria-label=\"SERVICIOS DE ARESO\">SERVICIOS DE ARESO<\/a><\/p><\/div><\/div><\/div><\/div><\/div><div class=\"wpb_column vc_column_container\"><div class=\"vc_column-inner\"><div class=\"w-vwrapper us_custom_d1c3c989 has_text_color align_none valign_middle\" style=\"--vwrapper-gap:0rem\"><div class=\"w-iconbox us_custom_6d5ff241 iconpos_left style_circle color_custom align_center no_text\"><a href=\"\/es\/servicios\/mancomunidad-y-consorcios\/\" class=\"w-iconbox-link\" aria-label=\"OTROS SERVICIOS\"><div class=\"w-iconbox-icon\" style=\"font-size:1.7rem;--icon-color:#3B3E50;--icon-bg-color:#98DFEA;\"><i class=\"far fa-sitemap\"><\/i><\/div><\/a><div class=\"w-iconbox-meta\"><p class=\"w-iconbox-title\"><a href=\"\/es\/servicios\/mancomunidad-y-consorcios\/\" class=\"w-iconbox-link\" aria-label=\"OTROS SERVICIOS\">OTROS SERVICIOS<\/a><\/p><\/div><\/div><\/div><\/div><\/div><\/div><\/div><\/section><section class=\"l-section wpb_row height_medium with_img\"><div class=\"l-section-img\" role=\"img\" aria-label=\"Imagen\" data-img-width=\"1920\" data-img-height=\"730\" style=\"background-image: url(https:\/\/areso.eus\/wp-content\/uploads\/2025\/12\/Enmascarar-grupo-2.png);background-position: center right;background-repeat: no-repeat;background-size: auto;\"><\/div><div class=\"l-section-h i-cf\"><div class=\"g-cols vc_row via_grid cols_1 laptops-cols_inherit tablets-cols_inherit mobiles-cols_1 valign_top type_default stacking_default\"><div class=\"wpb_column vc_column_container\"><div class=\"vc_column-inner\"><h2 class=\"w-text\"><span class=\"w-text-h\"><span class=\"w-text-value\">Noticias<\/span><\/span><\/h2><div class=\"g-cols wpb_row via_grid cols_3-1 laptops-cols_inherit tablets-cols_inherit mobiles-cols_1 valign_top type_default stacking_default\" style=\"--columns-gap:3rem;\"><div class=\"wpb_column vc_column_container\"><div class=\"vc_column-inner\"><div class=\"w-grid us_post_list type_grid layout_5098 cols_3 preload_style_spinner\" id=\"us_post_list_a115\" style=\"--columns:3;--gap:1.5rem;\"><style>@media (max-width:1024px){#us_post_list_a115{--columns:2!important}}@media (max-width:600px){#us_post_list_a115{--columns:1!important}}.layout_5098 .w-grid-item-h{}.layout_5098 .usg_post_image_1{margin-bottom:1rem!important}.layout_5098 .usg_post_title_1{font-size:1.4rem!important;font-weight:700!important;margin-bottom:0.5rem!important}<\/style><div class=\"w-grid-list\">\t<article class=\"w-grid-item size_1x1 post-6269 post type-post status-publish format-standard hentry category-noticias\" data-id=\"6269\">\r\n\t\t<div class=\"w-grid-item-h\">\r\n\t\t\t\t\t\t<div class=\"w-post-elm post_image usg_post_image_1 has_ratio\"><img decoding=\"async\" src=\"https:\/\/areso.eus\/wp-content\/uploads\/2026\/01\/BERRIAK2.png\" alt=\"\" \/><div style=\"padding-bottom:100%\"><\/div><\/div><time class=\"w-post-elm post_date usg_post_date_1 entry-date published\" datetime=\"2026-02-06T11:43:02+01:00\">2026\/02\/06<\/time><h2 class=\"w-post-elm post_title usg_post_title_1 entry-title color_link_inherit\"><a href=\"https:\/\/areso.eus\/es\/ejemplo\/\">EJEMPLO<\/a><\/h2><div class=\"w-post-elm post_taxonomy usg_post_taxonomy_1 style_badge\"><a class=\"w-btn us-btn-style_2 term-35 term-noticias\" href=\"https:\/\/areso.eus\/es\/category\/noticias\/\"><span class=\"w-btn-label\">Noticias<\/span><\/a><\/div>\t\t<\/div>\r\n\t\t\t<\/article>\r\n\t<article class=\"w-grid-item size_1x1 post-4755 post type-post status-publish format-standard hentry category-noticias\" data-id=\"4755\">\r\n\t\t<div class=\"w-grid-item-h\">\r\n\t\t\t\t\t\t<div class=\"w-post-elm post_image usg_post_image_1 has_ratio\"><img decoding=\"async\" src=\"https:\/\/areso.eus\/wp-content\/uploads\/2026\/01\/BERRIAK2.png\" alt=\"\" \/><div style=\"padding-bottom:100%\"><\/div><\/div><time class=\"w-post-elm post_date usg_post_date_1 entry-date published\" datetime=\"2025-05-09T10:11:34+02:00\">2025\/05\/09<\/time><h2 class=\"w-post-elm post_title usg_post_title_1 entry-title color_link_inherit\"><a href=\"https:\/\/areso.eus\/es\/aprobacion-inicial-del-plan-urbanistico-municipal-areso\/\">Aprobaci\u00f3n inicial del Plan Urban\u00edstico Municipal de Areso<\/a><\/h2><div class=\"w-post-elm post_taxonomy usg_post_taxonomy_1 style_badge\"><a class=\"w-btn us-btn-style_2 term-35 term-noticias\" href=\"https:\/\/areso.eus\/es\/category\/noticias\/\"><span class=\"w-btn-label\">Noticias<\/span><\/a><\/div>\t\t<\/div>\r\n\t\t\t<\/article>\r\n\t<article class=\"w-grid-item size_1x1 post-4088 post type-post status-publish format-standard hentry category-noticias\" data-id=\"4088\">\r\n\t\t<div class=\"w-grid-item-h\">\r\n\t\t\t\t\t\t<div class=\"w-post-elm post_image usg_post_image_1 has_ratio\"><img decoding=\"async\" src=\"https:\/\/areso.eus\/wp-content\/uploads\/2026\/01\/BERRIAK2.png\" alt=\"\" \/><div style=\"padding-bottom:100%\"><\/div><\/div><time class=\"w-post-elm post_date usg_post_date_1 entry-date published\" datetime=\"2024-11-06T07:33:54+01:00\">2024\/11\/06<\/time><h2 class=\"w-post-elm post_title usg_post_title_1 entry-title color_link_inherit\"><a href=\"https:\/\/areso.eus\/es\/baso-ustiapenerako-enkante-publikoa\/\">BASO USTIAPENERAKO ENKANTE PUBLIKOA<\/a><\/h2><div class=\"w-post-elm post_taxonomy usg_post_taxonomy_1 style_badge\"><a class=\"w-btn us-btn-style_2 term-35 term-noticias\" href=\"https:\/\/areso.eus\/es\/category\/noticias\/\"><span class=\"w-btn-label\">Noticias<\/span><\/a><\/div>\t\t<\/div>\r\n\t\t\t<\/article>\r\n<\/div><div class=\"g-loadmore hidden\"><div class=\"g-preloader type_1\"><div><\/div><\/div><\/div><div class=\"w-grid-list-json hidden\" onclick='return {&quot;max_num_pages&quot;:0,&quot;paginationBase&quot;:&quot;page&quot;,&quot;pagination&quot;:&quot;none&quot;,&quot;paged&quot;:1,&quot;ajaxData&quot;:{&quot;action&quot;:&quot;us_ajax_post_list&quot;,&quot;meta_type&quot;:&quot;post&quot;,&quot;object_id&quot;:0,&quot;template_vars&quot;:{&quot;shortcode_base&quot;:&quot;us_post_list&quot;,&quot;paged&quot;:1,&quot;max_num_pages&quot;:0,&quot;no_results&quot;:false,&quot;us_post_content_design_css&quot;:[],&quot;found_posts&quot;:0,&quot;items_count&quot;:3,&quot;source&quot;:&quot;all&quot;,&quot;custom_field_name&quot;:&quot;&quot;,&quot;ids&quot;:&quot;&quot;,&quot;post_type&quot;:&quot;post&quot;,&quot;attachment_ids&quot;:null,&quot;include_post_thumbnail&quot;:0,&quot;post_author&quot;:&quot;any&quot;,&quot;post_author_ids&quot;:&quot;&quot;,&quot;apply_url_params&quot;:0,&quot;ignore_sticky_posts&quot;:1,&quot;exclude_children&quot;:0,&quot;exclude_current_post&quot;:&quot;0&quot;,&quot;exclude_prev_posts&quot;:0,&quot;exclude_past_events&quot;:0,&quot;enable_items_offset&quot;:0,&quot;items_offset&quot;:&quot;1&quot;,&quot;tax_query_relation&quot;:&quot;none&quot;,&quot;tax_query&quot;:[{&quot;operator&quot;:&quot;IN&quot;,&quot;taxonomy&quot;:&quot;category&quot;,&quot;terms&quot;:&quot;&quot;,&quot;include_children&quot;:0}],&quot;meta_query_relation&quot;:&quot;none&quot;,&quot;meta_query&quot;:[{&quot;key&quot;:&quot;custom_field_name&quot;,&quot;compare&quot;:&quot;=&quot;,&quot;value&quot;:&quot;&quot;}],&quot;orderby&quot;:&quot;date&quot;,&quot;orderby_custom_field&quot;:&quot;&quot;,&quot;orderby_custom_type&quot;:0,&quot;order_invert&quot;:&quot;1&quot;,&quot;show_all&quot;:0,&quot;quantity&quot;:&quot;3&quot;,&quot;posts_per_archive_page&quot;:0,&quot;no_items_action&quot;:&quot;message&quot;,&quot;no_items_message&quot;:&quot;No se han encontrado resultados.&quot;,&quot;no_items_page_block&quot;:&quot;&quot;,&quot;pagination&quot;:&quot;none&quot;,&quot;pagination_style&quot;:&quot;&quot;,&quot;pagination_btn_text&quot;:&quot;Cargar m\\u00e1s&quot;,&quot;pagination_btn_size&quot;:&quot;&quot;,&quot;pagination_btn_style&quot;:&quot;1&quot;,&quot;pagination_btn_fullwidth&quot;:0,&quot;items_layout&quot;:&quot;5098&quot;,&quot;type&quot;:&quot;grid&quot;,&quot;items_valign&quot;:0,&quot;ignore_items_size&quot;:0,&quot;columns&quot;:&quot;3&quot;,&quot;items_gap&quot;:&quot;1.5rem&quot;,&quot;load_animation&quot;:&quot;none&quot;,&quot;items_preload_style&quot;:&quot;spinner&quot;,&quot;img_size&quot;:&quot;default&quot;,&quot;title_size&quot;:&quot;&quot;,&quot;items_ratio&quot;:&quot;default&quot;,&quot;items_ratio_width&quot;:&quot;21&quot;,&quot;items_ratio_height&quot;:&quot;9&quot;,&quot;overriding_link&quot;:&quot;%7B%22url%22%3A%22%22%7D&quot;,&quot;popup_page_template&quot;:&quot;0&quot;,&quot;popup_width&quot;:&quot;&quot;,&quot;popup_arrows&quot;:1,&quot;breakpoint_1_width&quot;:&quot;1381px&quot;,&quot;breakpoint_1_cols&quot;:&quot;default&quot;,&quot;breakpoint_1_quantity&quot;:&quot;&quot;,&quot;breakpoint_1_gap&quot;:&quot;&quot;,&quot;breakpoint_2_width&quot;:&quot;1025px&quot;,&quot;breakpoint_2_cols&quot;:&quot;2&quot;,&quot;breakpoint_2_quantity&quot;:&quot;&quot;,&quot;breakpoint_2_gap&quot;:&quot;&quot;,&quot;breakpoint_3_width&quot;:&quot;601px&quot;,&quot;breakpoint_3_cols&quot;:&quot;1&quot;,&quot;breakpoint_3_quantity&quot;:&quot;&quot;,&quot;breakpoint_3_gap&quot;:&quot;&quot;,&quot;conditions_operator&quot;:&quot;always&quot;,&quot;conditions&quot;:[],&quot;css&quot;:null,&quot;el_class&quot;:&quot;&quot;,&quot;el_id&quot;:&quot;&quot;,&quot;enable_custom_html_atts&quot;:0,&quot;custom_html_atts&quot;:null,&quot;hide_on_states&quot;:&quot;&quot;,&quot;hide_for_sticky&quot;:0,&quot;hide_for_not_sticky&quot;:0,&quot;hide_below&quot;:&quot;0px&quot;,&quot;hide_above&quot;:&quot;0px&quot;,&quot;classes&quot;:&quot;&quot;}},&quot;facetedFilter&quot;:[]}'><\/div><\/div><\/div><\/div><div class=\"wpb_column vc_column_container\"><div class=\"vc_column-inner\"><div class=\"w-vwrapper us_custom_b991fdc4 has_text_color align_none valign_top\"><h4 class=\"w-text us_custom_9de87d4e\"><span class=\"w-text-h\"><span class=\"w-text-value\">\u00bfQuieres publicar una noticia?<\/span><\/span><\/h4><div class=\"w-btn-wrapper align_none\"><a class=\"w-btn us-btn-style_3 icon_atright\" href=\"http:\/\/areso.eus\/es\/publicar\/\"><span class=\"w-btn-label\">Enviar noticia<\/span><i class=\"fas fa-arrow-right\"><\/i><\/a><\/div><\/div><\/div><\/div><\/div><div class=\"w-separator size_medium\"><\/div><div class=\"w-btn-wrapper align_none\"><a class=\"w-btn us-btn-style_5 icon_atright\" href=\"http:\/\/areso.eus\/es\/albisteak\/\"><span class=\"w-btn-label\">Albiste guztiak ikusi<\/span><i class=\"fas fa-arrow-right\"><\/i><\/a><\/div><\/div><\/div><\/div><\/div><\/section><section class=\"l-section wpb_row us_custom_4d75fe15 height_medium\"><div class=\"l-section-h i-cf\"><div class=\"g-cols vc_row via_grid cols_1 laptops-cols_inherit tablets-cols_inherit mobiles-cols_1 valign_top type_default stacking_default\"><div class=\"wpb_column vc_column_container us_custom_6e810399\"><div class=\"vc_column-inner\"><h2 class=\"w-text\"><span class=\"w-text-h\"><span class=\"w-text-value\">Agenda<\/span><\/span><\/h2><div class=\"g-cols wpb_row via_grid cols_3-1 laptops-cols_inherit tablets-cols_inherit mobiles-cols_1 valign_top type_default stacking_default\" style=\"--columns-gap:3rem;\"><div class=\"wpb_column vc_column_container\"><div class=\"vc_column-inner\"><div class=\"wpb_text_column\"><div class=\"wpb_wrapper\"><div class=\"mec-wrap mec-skin-grid-container  \" id=\"mec_skin_5004\">\r\n\r\n    \r\n        <div class=\"mec-skin-grid-events-container\" id=\"mec_skin_events_5004\">\r\n        \u00a1No hay eventos!    <\/div>\r\n    \r\n    \r\n<\/div>\r\n\n<\/div><\/div><div class=\"w-btn-wrapper align_none\"><a class=\"w-btn us-btn-style_3 icon_atright\" href=\"http:\/\/areso.eus\/es\/agenda\/\"><span class=\"w-btn-label\">Ver agenda completa<\/span><i class=\"fas fa-arrow-right\"><\/i><\/a><\/div><\/div><\/div><div class=\"wpb_column vc_column_container\"><div class=\"vc_column-inner\"><div class=\"w-vwrapper us_custom_a86f36a2 has_text_color align_none valign_top\"><h4 class=\"w-text us_custom_9de87d4e\"><span class=\"w-text-h\"><span class=\"w-text-value\">\u00bfDesea publicar un evento?<\/span><\/span><\/h4><div class=\"w-btn-wrapper align_none\"><a class=\"w-btn us-btn-style_4 icon_atright\" href=\"http:\/\/areso.eus\/es\/publicar-en-agenda\/\"><span class=\"w-btn-label\">Enviar evento<\/span><i class=\"fas fa-arrow-right\"><\/i><\/a><\/div><\/div><\/div><\/div><\/div><\/div><\/div><\/div><\/div><\/section>\n","protected":false},"excerpt":{"rendered":"El Ayuntamiento de Areso, en sesi\u00f3n plenaria celebrada el d\u00eda 16 de octubre de 2024, aprob\u00f3 el inicio del procedimiento de subasta para el aprovechamiento de los parajes de Merku, Atxulegi, Otaberro, Eluseder eta Urteaga. El anuncio se public\u00f3 el d\u00eda 25 de octubre de 2024 en el Diario de Noticias y el d\u00eda 5...","protected":false},"author":1,"featured_media":0,"parent":0,"menu_order":0,"comment_status":"closed","ping_status":"closed","template":"","meta":{"_acf_changed":false,"footnotes":""},"class_list":["post-2026","page","type-page","status-publish","hentry"],"acf":[],"yoast_head":"<!-- This site is optimized with the Yoast SEO plugin v26.7 - https:\/\/yoast.com\/wordpress\/plugins\/seo\/ -->\n<title>Web oficial del Ayuntamiento de Areso. Informaci\u00f3n, noticias, eventos...<\/title>\n<meta name=\"description\" content=\"Web oficial del Ayuntamiento de Areso. Informaci\u00f3n, eventos, noticias, rutas, turismo, mociones, actas, juntas, plenos, tel\u00e9fono... de la localidad navarra.\" \/>\n<meta name=\"robots\" content=\"index, follow, max-snippet:-1, max-image-preview:large, max-video-preview:-1\" \/>\n<link rel=\"canonical\" href=\"https:\/\/areso.eus\/es\/\" \/>\n<meta property=\"og:locale\" content=\"es_ES\" \/>\n<meta property=\"og:type\" content=\"article\" \/>\n<meta property=\"og:title\" content=\"Web oficial del Ayuntamiento de Areso. Informaci\u00f3n, noticias, eventos...\" \/>\n<meta property=\"og:description\" content=\"Web oficial del Ayuntamiento de Areso. Informaci\u00f3n, eventos, noticias, rutas, turismo, mociones, actas, juntas, plenos, tel\u00e9fono... de la localidad navarra.\" \/>\n<meta property=\"og:url\" content=\"https:\/\/areso.eus\/es\/\" \/>\n<meta property=\"og:site_name\" content=\"Aresoko Udala\" \/>\n<meta property=\"article:publisher\" content=\"https:\/\/www.facebook.com\/areso.udala\" \/>\n<meta property=\"article:modified_time\" content=\"2026-01-29T12:15:59+00:00\" \/>\n<meta name=\"twitter:card\" content=\"summary_large_image\" \/>\n<meta name=\"twitter:label1\" content=\"Tiempo de lectura\" \/>\n\t<meta name=\"twitter:data1\" content=\"1 minuto\" \/>\n<script type=\"application\/ld+json\" class=\"yoast-schema-graph\">{\"@context\":\"https:\/\/schema.org\",\"@graph\":[{\"@type\":\"WebPage\",\"@id\":\"https:\/\/areso.eus\/es\/\",\"url\":\"https:\/\/areso.eus\/es\/\",\"name\":\"Web oficial del Ayuntamiento de Areso. Informaci\u00f3n, noticias, eventos...\",\"isPartOf\":{\"@id\":\"https:\/\/areso.eus\/#website\"},\"datePublished\":\"2014-12-01T11:51:05+00:00\",\"dateModified\":\"2026-01-29T12:15:59+00:00\",\"description\":\"Web oficial del Ayuntamiento de Areso. Informaci\u00f3n, eventos, noticias, rutas, turismo, mociones, actas, juntas, plenos, tel\u00e9fono... de la localidad navarra.\",\"breadcrumb\":{\"@id\":\"https:\/\/areso.eus\/es\/#breadcrumb\"},\"inLanguage\":\"es\",\"potentialAction\":[{\"@type\":\"ReadAction\",\"target\":[\"https:\/\/areso.eus\/es\/\"]}]},{\"@type\":\"BreadcrumbList\",\"@id\":\"https:\/\/areso.eus\/es\/#breadcrumb\",\"itemListElement\":[{\"@type\":\"ListItem\",\"position\":1,\"name\":\"Hasiera orria\",\"item\":\"https:\/\/areso.eus\/es\/\"},{\"@type\":\"ListItem\",\"position\":2,\"name\":\"Inicio\"}]},{\"@type\":\"WebSite\",\"@id\":\"https:\/\/areso.eus\/#website\",\"url\":\"https:\/\/areso.eus\/\",\"name\":\"Aresoko Udala\",\"description\":\"Aresoko udalaren webgune ofiziala. Herriko informazioa, albisteak, ekitaldiak, jarduerak, berriak, informazio turistikoa...\",\"publisher\":{\"@id\":\"https:\/\/areso.eus\/#organization\"},\"potentialAction\":[{\"@type\":\"SearchAction\",\"target\":{\"@type\":\"EntryPoint\",\"urlTemplate\":\"https:\/\/areso.eus\/?s={search_term_string}\"},\"query-input\":{\"@type\":\"PropertyValueSpecification\",\"valueRequired\":true,\"valueName\":\"search_term_string\"}}],\"inLanguage\":\"es\"},{\"@type\":\"Organization\",\"@id\":\"https:\/\/areso.eus\/#organization\",\"name\":\"Aresoko Udala\",\"url\":\"https:\/\/areso.eus\/\",\"logo\":{\"@type\":\"ImageObject\",\"inLanguage\":\"es\",\"@id\":\"https:\/\/areso.eus\/#\/schema\/logo\/image\/\",\"url\":\"https:\/\/areso.eus\/wp-content\/uploads\/2016\/02\/Escudo-Areso-08.png\",\"contentUrl\":\"https:\/\/areso.eus\/wp-content\/uploads\/2016\/02\/Escudo-Areso-08.png\",\"width\":169,\"height\":71,\"caption\":\"Aresoko Udala\"},\"image\":{\"@id\":\"https:\/\/areso.eus\/#\/schema\/logo\/image\/\"},\"sameAs\":[\"https:\/\/www.facebook.com\/areso.udala\"]}]}<\/script>\n<!-- \/ Yoast SEO plugin. -->","yoast_head_json":{"title":"Web oficial del Ayuntamiento de Areso. Informaci\u00f3n, noticias, eventos...","description":"Web oficial del Ayuntamiento de Areso. Informaci\u00f3n, eventos, noticias, rutas, turismo, mociones, actas, juntas, plenos, tel\u00e9fono... de la localidad navarra.","robots":{"index":"index","follow":"follow","max-snippet":"max-snippet:-1","max-image-preview":"max-image-preview:large","max-video-preview":"max-video-preview:-1"},"canonical":"https:\/\/areso.eus\/es\/","og_locale":"es_ES","og_type":"article","og_title":"Web oficial del Ayuntamiento de Areso. Informaci\u00f3n, noticias, eventos...","og_description":"Web oficial del Ayuntamiento de Areso. Informaci\u00f3n, eventos, noticias, rutas, turismo, mociones, actas, juntas, plenos, tel\u00e9fono... de la localidad navarra.","og_url":"https:\/\/areso.eus\/es\/","og_site_name":"Aresoko Udala","article_publisher":"https:\/\/www.facebook.com\/areso.udala","article_modified_time":"2026-01-29T12:15:59+00:00","twitter_card":"summary_large_image","twitter_misc":{"Tiempo de lectura":"1 minuto"},"schema":{"@context":"https:\/\/schema.org","@graph":[{"@type":"WebPage","@id":"https:\/\/areso.eus\/es\/","url":"https:\/\/areso.eus\/es\/","name":"Web oficial del Ayuntamiento de Areso. Informaci\u00f3n, noticias, eventos...","isPartOf":{"@id":"https:\/\/areso.eus\/#website"},"datePublished":"2014-12-01T11:51:05+00:00","dateModified":"2026-01-29T12:15:59+00:00","description":"Web oficial del Ayuntamiento de Areso. Informaci\u00f3n, eventos, noticias, rutas, turismo, mociones, actas, juntas, plenos, tel\u00e9fono... de la localidad navarra.","breadcrumb":{"@id":"https:\/\/areso.eus\/es\/#breadcrumb"},"inLanguage":"es","potentialAction":[{"@type":"ReadAction","target":["https:\/\/areso.eus\/es\/"]}]},{"@type":"BreadcrumbList","@id":"https:\/\/areso.eus\/es\/#breadcrumb","itemListElement":[{"@type":"ListItem","position":1,"name":"Hasiera orria","item":"https:\/\/areso.eus\/es\/"},{"@type":"ListItem","position":2,"name":"Inicio"}]},{"@type":"WebSite","@id":"https:\/\/areso.eus\/#website","url":"https:\/\/areso.eus\/","name":"Aresoko Udala","description":"Aresoko udalaren webgune ofiziala. Herriko informazioa, albisteak, ekitaldiak, jarduerak, berriak, informazio turistikoa...","publisher":{"@id":"https:\/\/areso.eus\/#organization"},"potentialAction":[{"@type":"SearchAction","target":{"@type":"EntryPoint","urlTemplate":"https:\/\/areso.eus\/?s={search_term_string}"},"query-input":{"@type":"PropertyValueSpecification","valueRequired":true,"valueName":"search_term_string"}}],"inLanguage":"es"},{"@type":"Organization","@id":"https:\/\/areso.eus\/#organization","name":"Aresoko Udala","url":"https:\/\/areso.eus\/","logo":{"@type":"ImageObject","inLanguage":"es","@id":"https:\/\/areso.eus\/#\/schema\/logo\/image\/","url":"https:\/\/areso.eus\/wp-content\/uploads\/2016\/02\/Escudo-Areso-08.png","contentUrl":"https:\/\/areso.eus\/wp-content\/uploads\/2016\/02\/Escudo-Areso-08.png","width":169,"height":71,"caption":"Aresoko Udala"},"image":{"@id":"https:\/\/areso.eus\/#\/schema\/logo\/image\/"},"sameAs":["https:\/\/www.facebook.com\/areso.udala"]}]}},"_links":{"self":[{"href":"https:\/\/areso.eus\/es\/wp-json\/wp\/v2\/pages\/2026","targetHints":{"allow":["GET"]}}],"collection":[{"href":"https:\/\/areso.eus\/es\/wp-json\/wp\/v2\/pages"}],"about":[{"href":"https:\/\/areso.eus\/es\/wp-json\/wp\/v2\/types\/page"}],"author":[{"embeddable":true,"href":"https:\/\/areso.eus\/es\/wp-json\/wp\/v2\/users\/1"}],"replies":[{"embeddable":true,"href":"https:\/\/areso.eus\/es\/wp-json\/wp\/v2\/comments?post=2026"}],"version-history":[{"count":168,"href":"https:\/\/areso.eus\/es\/wp-json\/wp\/v2\/pages\/2026\/revisions"}],"predecessor-version":[{"id":6157,"href":"https:\/\/areso.eus\/es\/wp-json\/wp\/v2\/pages\/2026\/revisions\/6157"}],"wp:attachment":[{"href":"https:\/\/areso.eus\/es\/wp-json\/wp\/v2\/media?parent=2026"}],"curies":[{"name":"wp","href":"https:\/\/api.w.org\/{rel}","templated":true}]}}