{"id":2042,"date":"2015-12-17T11:56:40","date_gmt":"2015-12-17T10:56:40","guid":{"rendered":"https:\/\/areso.eus\/conoce-areso\/turismoa\/"},"modified":"2016-09-06T10:27:15","modified_gmt":"2016-09-06T10:27:15","slug":"turismo","status":"publish","type":"page","link":"https:\/\/areso.eus\/es\/conoce-areso\/turismo\/","title":{"rendered":"Turismo"},"content":{"rendered":"<section class=\"l-section wpb_row height_medium\"><div class=\"l-section-h i-cf\"><div class=\"g-cols vc_row via_grid cols_1-3 laptops-cols_inherit tablets-cols_inherit mobiles-cols_1 valign_top type_default stacking_default\"><div class=\"wpb_column vc_column_container .titulomenu\"><div class=\"vc_column-inner\"><div class=\"wpb_text_column us_custom_1898147d\"><div class=\"wpb_wrapper\"><p>Areso<\/p>\n<\/div><\/div><div class=\"w-tabs style_default switch_click accordion has_scrolling\" style=\"--sections-title-size:inherit\"><div class=\"w-tabs-sections titles-align_none icon_chevron cpos_right\"><div class=\"w-tabs-section\" id=\"u983\"><button class=\"w-tabs-section-header\" aria-controls=\"content-u983\" aria-expanded=\"false\"><div class=\"w-tabs-section-title\">Turismo<\/div><div class=\"w-tabs-section-control\"><\/div><\/button><div  class=\"w-tabs-section-content\" id=\"content-u983\"><div class=\"w-tabs-section-content-h i-cf\"><div class=\"wpb_text_column .hcolor\"><div class=\"wpb_wrapper\"><h4><a href=\"https:\/\/areso.eus\/es\/conoce-areso\/turismo\/rutas-y-soportes-gps\/\">Rutas y Soportes GPS<\/a><\/h4>\n<h4><a href=\"https:\/\/areso.eus\/es\/conoce-areso\/turismo\/como-llegar\/\">C\u00f3mo llegar<\/a><\/h4>\n<h4><a href=\"https:\/\/areso.eus\/es\/conoce-areso\/turismo\/comer-dormir-y-visitar\/\">Comer, Dormir y Visitar<\/a><\/h4>\n<h4><a href=\"https:\/\/areso.eus\/es\/conoce-areso\/turismo\/fiestas-y-costumbres\/\">Fiestas y costumbres<\/a><\/h4>\n<h4><a href=\"https:\/\/areso.eus\/es\/conoce-areso\/turismo\/que-visitar\/\">Qu\u00e9 visitar<\/a><\/h4>\n<\/div><\/div><\/div><\/div><\/div><div class=\"w-tabs-section\" id=\"va03\"><button class=\"w-tabs-section-header\" aria-controls=\"content-va03\" aria-expanded=\"false\"><div class=\"w-tabs-section-title\">Informaci\u00f3n<\/div><div class=\"w-tabs-section-control\"><\/div><\/button><div  class=\"w-tabs-section-content\" id=\"content-va03\"><div class=\"w-tabs-section-content-h i-cf\"><div class=\"wpb_text_column .hcolor\"><div class=\"wpb_wrapper\"><h4><a href=\"https:\/\/areso.eus\/es\/conoce-areso\/informacion\/datos-de-interes\/\">Datos de inter\u00e9s<\/a><\/h4>\n<h4><a href=\"https:\/\/areso.eus\/es\/conoce-areso\/informacion\/geografia\/\">Geograf\u00eda<\/a><\/h4>\n<h4><a href=\"https:\/\/areso.eus\/es\/conoce-areso\/informacion\/historia\/\">Historia<\/a><\/h4>\n<h4><a href=\"https:\/\/areso.eus\/es\/conoce-areso\/informacion\/revistas\/\">Revistas<\/a><\/h4>\n<\/div><\/div><\/div><\/div><\/div><div class=\"w-tabs-section\" id=\"ra65\"><button class=\"w-tabs-section-header\" aria-controls=\"content-ra65\" aria-expanded=\"false\"><div class=\"w-tabs-section-title\">Pol\u00edgono Industrial<\/div><div class=\"w-tabs-section-control\"><\/div><\/button><div  class=\"w-tabs-section-content\" id=\"content-ra65\"><div class=\"w-tabs-section-content-h i-cf\"><div class=\"wpb_text_column .hcolor\"><div class=\"wpb_wrapper\"><h4><a href=\"https:\/\/areso.eus\/es\/poligono-industrial\/\"> Pol\u00edgono Industrial<\/a><\/h4>\n<\/div><\/div><\/div><\/div><\/div><div class=\"w-tabs-section\" id=\"oabf\"><button class=\"w-tabs-section-header\" aria-controls=\"content-oabf\" aria-expanded=\"false\"><div class=\"w-tabs-section-title\"> Areso en Im\u00e1genes<\/div><div class=\"w-tabs-section-control\"><\/div><\/button><div  class=\"w-tabs-section-content\" id=\"content-oabf\"><div class=\"w-tabs-section-content-h i-cf\"><div class=\"wpb_text_column .hcolor\"><div class=\"wpb_wrapper\"><h4><a href=\"https:\/\/areso.eus\/es\/conoce-areso\/galeria\/\">Galer\u00eda<\/a><\/h4>\n<\/div><\/div><\/div><\/div><\/div><\/div><\/div>[vc_empty_space]<\/div><\/div><div class=\"wpb_column vc_column_container\"><div class=\"vc_column-inner\">[vc_custom_heading text=&#8221;TURISMO&#8221; font_container=&#8221;tag:h2|font_size:2em|text_align:center|color:%230596dc&#8221; google_fonts=&#8221;font_family:Roboto%20Condensed%3A300%2C300italic%2Cregular%2Citalic%2C700%2C700italic|font_style:300%20light%20regular%3A300%3Anormal&#8221;][vc_empty_space][googlemap lat=&#8221;43.081379&#8243; lng=&#8221; -1.950691&#8243; email=&#8221;aresokoudala@ibercom.com&#8221; address_title=&#8221;Aresoko Udala&#8221; address=&#8221;Elizbidea z.g. 31876 <strong>ARESO<\/strong>&#8221; contact_number=&#8221;948 510 327 &#8220;][vc_empty_space height=&#8221;50px&#8221;]<\/div><\/div><\/div><\/div><\/section>\n","protected":false},"excerpt":{"rendered":"Areso TurismoRutas y Soportes GPS C\u00f3mo llegar Comer, Dormir y Visitar Fiestas y costumbres Qu\u00e9 visitar Informaci\u00f3nDatos de inter\u00e9s Geograf\u00eda Historia Revistas Pol\u00edgono Industrial Pol\u00edgono Industrial Areso en Im\u00e1genesGaler\u00eda [vc_empty_space][vc_custom_heading text=\"TURISMO\" font_container=\"tag:h2|font_size:2em|text_align:center|color:%230596dc\" google_fonts=\"font_family:Roboto%20Condensed%3A300%2C300italic%2Cregular%2Citalic%2C700%2C700italic|font_style:300%20light%20regular%3A300%3Anormal\"][vc_empty_space][googlemap lat=\"43.081379\" lng=\" -1.950691\" email=\"aresokoudala@ibercom.com\" address_title=\"Aresoko Udala\" address=\"Elizbidea z.g. 31876 ARESO\" contact_number=\"948 510 327 \"][vc_empty_space height=\"50px\"]","protected":false},"author":1,"featured_media":0,"parent":2039,"menu_order":0,"comment_status":"closed","ping_status":"closed","template":"","meta":{"_acf_changed":false,"footnotes":""},"class_list":["post-2042","page","type-page","status-publish","hentry"],"acf":[],"yoast_head":"<!-- This site is optimized with the Yoast SEO plugin v26.7 - https:\/\/yoast.com\/wordpress\/plugins\/seo\/ -->\n<title>Turismo en Areso, qu\u00e9 ver y qu\u00e9 hacer en Areso.<\/title>\n<meta name=\"description\" content=\"Turismo en Areso, qu\u00e9 ver y qu\u00e9 hacer en Areso. Recorridos, soportes GPS, d\u00f3nde comer, d\u00f3nde dormir, qu\u00e9 visitar, fiestas y costumbres.\" \/>\n<meta name=\"robots\" content=\"index, follow, max-snippet:-1, max-image-preview:large, max-video-preview:-1\" \/>\n<link rel=\"canonical\" href=\"https:\/\/areso.eus\/areso-ezagutu\/turismoa\/\" \/>\n<meta property=\"og:locale\" content=\"es_ES\" \/>\n<meta property=\"og:type\" content=\"article\" \/>\n<meta property=\"og:title\" content=\"Turismo en Areso, qu\u00e9 ver y qu\u00e9 hacer en Areso.\" \/>\n<meta property=\"og:description\" content=\"Turismo en Areso, qu\u00e9 ver y qu\u00e9 hacer en Areso. Recorridos, soportes GPS, d\u00f3nde comer, d\u00f3nde dormir, qu\u00e9 visitar, fiestas y costumbres.\" \/>\n<meta property=\"og:url\" content=\"https:\/\/areso.eus\/areso-ezagutu\/turismoa\/\" \/>\n<meta property=\"og:site_name\" content=\"Aresoko Udala\" \/>\n<meta property=\"article:publisher\" content=\"https:\/\/www.facebook.com\/areso.udala\" \/>\n<meta property=\"article:modified_time\" content=\"2016-09-06T10:27:15+00:00\" \/>\n<meta name=\"twitter:card\" content=\"summary_large_image\" \/>\n<meta name=\"twitter:label1\" content=\"Tiempo de lectura\" \/>\n\t<meta name=\"twitter:data1\" content=\"1 minuto\" \/>\n<script type=\"application\/ld+json\" class=\"yoast-schema-graph\">{\"@context\":\"https:\/\/schema.org\",\"@graph\":[{\"@type\":\"WebPage\",\"@id\":\"https:\/\/areso.eus\/areso-ezagutu\/turismoa\/\",\"url\":\"https:\/\/areso.eus\/areso-ezagutu\/turismoa\/\",\"name\":\"Turismo en Areso, qu\u00e9 ver y qu\u00e9 hacer en Areso.\",\"isPartOf\":{\"@id\":\"https:\/\/areso.eus\/#website\"},\"datePublished\":\"2015-12-17T10:56:40+00:00\",\"dateModified\":\"2016-09-06T10:27:15+00:00\",\"description\":\"Turismo en Areso, qu\u00e9 ver y qu\u00e9 hacer en Areso. Recorridos, soportes GPS, d\u00f3nde comer, d\u00f3nde dormir, qu\u00e9 visitar, fiestas y costumbres.\",\"breadcrumb\":{\"@id\":\"https:\/\/areso.eus\/areso-ezagutu\/turismoa\/#breadcrumb\"},\"inLanguage\":\"es\",\"potentialAction\":[{\"@type\":\"ReadAction\",\"target\":[\"https:\/\/areso.eus\/areso-ezagutu\/turismoa\/\"]}]},{\"@type\":\"BreadcrumbList\",\"@id\":\"https:\/\/areso.eus\/areso-ezagutu\/turismoa\/#breadcrumb\",\"itemListElement\":[{\"@type\":\"ListItem\",\"position\":1,\"name\":\"Hasiera orria\",\"item\":\"https:\/\/areso.eus\/es\/\"},{\"@type\":\"ListItem\",\"position\":2,\"name\":\"Conoce Areso\",\"item\":\"https:\/\/areso.eus\/areso-ezagutu\/\"},{\"@type\":\"ListItem\",\"position\":3,\"name\":\"Turismo\"}]},{\"@type\":\"WebSite\",\"@id\":\"https:\/\/areso.eus\/#website\",\"url\":\"https:\/\/areso.eus\/\",\"name\":\"Aresoko Udala\",\"description\":\"Aresoko udalaren webgune ofiziala. Herriko informazioa, albisteak, ekitaldiak, jarduerak, berriak, informazio turistikoa...\",\"publisher\":{\"@id\":\"https:\/\/areso.eus\/#organization\"},\"potentialAction\":[{\"@type\":\"SearchAction\",\"target\":{\"@type\":\"EntryPoint\",\"urlTemplate\":\"https:\/\/areso.eus\/?s={search_term_string}\"},\"query-input\":{\"@type\":\"PropertyValueSpecification\",\"valueRequired\":true,\"valueName\":\"search_term_string\"}}],\"inLanguage\":\"es\"},{\"@type\":\"Organization\",\"@id\":\"https:\/\/areso.eus\/#organization\",\"name\":\"Aresoko Udala\",\"url\":\"https:\/\/areso.eus\/\",\"logo\":{\"@type\":\"ImageObject\",\"inLanguage\":\"es\",\"@id\":\"https:\/\/areso.eus\/#\/schema\/logo\/image\/\",\"url\":\"https:\/\/areso.eus\/wp-content\/uploads\/2016\/02\/Escudo-Areso-08.png\",\"contentUrl\":\"https:\/\/areso.eus\/wp-content\/uploads\/2016\/02\/Escudo-Areso-08.png\",\"width\":169,\"height\":71,\"caption\":\"Aresoko Udala\"},\"image\":{\"@id\":\"https:\/\/areso.eus\/#\/schema\/logo\/image\/\"},\"sameAs\":[\"https:\/\/www.facebook.com\/areso.udala\"]}]}<\/script>\n<!-- \/ Yoast SEO plugin. -->","yoast_head_json":{"title":"Turismo en Areso, qu\u00e9 ver y qu\u00e9 hacer en Areso.","description":"Turismo en Areso, qu\u00e9 ver y qu\u00e9 hacer en Areso. Recorridos, soportes GPS, d\u00f3nde comer, d\u00f3nde dormir, qu\u00e9 visitar, fiestas y costumbres.","robots":{"index":"index","follow":"follow","max-snippet":"max-snippet:-1","max-image-preview":"max-image-preview:large","max-video-preview":"max-video-preview:-1"},"canonical":"https:\/\/areso.eus\/areso-ezagutu\/turismoa\/","og_locale":"es_ES","og_type":"article","og_title":"Turismo en Areso, qu\u00e9 ver y qu\u00e9 hacer en Areso.","og_description":"Turismo en Areso, qu\u00e9 ver y qu\u00e9 hacer en Areso. Recorridos, soportes GPS, d\u00f3nde comer, d\u00f3nde dormir, qu\u00e9 visitar, fiestas y costumbres.","og_url":"https:\/\/areso.eus\/areso-ezagutu\/turismoa\/","og_site_name":"Aresoko Udala","article_publisher":"https:\/\/www.facebook.com\/areso.udala","article_modified_time":"2016-09-06T10:27:15+00:00","twitter_card":"summary_large_image","twitter_misc":{"Tiempo de lectura":"1 minuto"},"schema":{"@context":"https:\/\/schema.org","@graph":[{"@type":"WebPage","@id":"https:\/\/areso.eus\/areso-ezagutu\/turismoa\/","url":"https:\/\/areso.eus\/areso-ezagutu\/turismoa\/","name":"Turismo en Areso, qu\u00e9 ver y qu\u00e9 hacer en Areso.","isPartOf":{"@id":"https:\/\/areso.eus\/#website"},"datePublished":"2015-12-17T10:56:40+00:00","dateModified":"2016-09-06T10:27:15+00:00","description":"Turismo en Areso, qu\u00e9 ver y qu\u00e9 hacer en Areso. Recorridos, soportes GPS, d\u00f3nde comer, d\u00f3nde dormir, qu\u00e9 visitar, fiestas y costumbres.","breadcrumb":{"@id":"https:\/\/areso.eus\/areso-ezagutu\/turismoa\/#breadcrumb"},"inLanguage":"es","potentialAction":[{"@type":"ReadAction","target":["https:\/\/areso.eus\/areso-ezagutu\/turismoa\/"]}]},{"@type":"BreadcrumbList","@id":"https:\/\/areso.eus\/areso-ezagutu\/turismoa\/#breadcrumb","itemListElement":[{"@type":"ListItem","position":1,"name":"Hasiera orria","item":"https:\/\/areso.eus\/es\/"},{"@type":"ListItem","position":2,"name":"Conoce Areso","item":"https:\/\/areso.eus\/areso-ezagutu\/"},{"@type":"ListItem","position":3,"name":"Turismo"}]},{"@type":"WebSite","@id":"https:\/\/areso.eus\/#website","url":"https:\/\/areso.eus\/","name":"Aresoko Udala","description":"Aresoko udalaren webgune ofiziala. Herriko informazioa, albisteak, ekitaldiak, jarduerak, berriak, informazio turistikoa...","publisher":{"@id":"https:\/\/areso.eus\/#organization"},"potentialAction":[{"@type":"SearchAction","target":{"@type":"EntryPoint","urlTemplate":"https:\/\/areso.eus\/?s={search_term_string}"},"query-input":{"@type":"PropertyValueSpecification","valueRequired":true,"valueName":"search_term_string"}}],"inLanguage":"es"},{"@type":"Organization","@id":"https:\/\/areso.eus\/#organization","name":"Aresoko Udala","url":"https:\/\/areso.eus\/","logo":{"@type":"ImageObject","inLanguage":"es","@id":"https:\/\/areso.eus\/#\/schema\/logo\/image\/","url":"https:\/\/areso.eus\/wp-content\/uploads\/2016\/02\/Escudo-Areso-08.png","contentUrl":"https:\/\/areso.eus\/wp-content\/uploads\/2016\/02\/Escudo-Areso-08.png","width":169,"height":71,"caption":"Aresoko Udala"},"image":{"@id":"https:\/\/areso.eus\/#\/schema\/logo\/image\/"},"sameAs":["https:\/\/www.facebook.com\/areso.udala"]}]}},"_links":{"self":[{"href":"https:\/\/areso.eus\/es\/wp-json\/wp\/v2\/pages\/2042","targetHints":{"allow":["GET"]}}],"collection":[{"href":"https:\/\/areso.eus\/es\/wp-json\/wp\/v2\/pages"}],"about":[{"href":"https:\/\/areso.eus\/es\/wp-json\/wp\/v2\/types\/page"}],"author":[{"embeddable":true,"href":"https:\/\/areso.eus\/es\/wp-json\/wp\/v2\/users\/1"}],"replies":[{"embeddable":true,"href":"https:\/\/areso.eus\/es\/wp-json\/wp\/v2\/comments?post=2042"}],"version-history":[{"count":0,"href":"https:\/\/areso.eus\/es\/wp-json\/wp\/v2\/pages\/2042\/revisions"}],"up":[{"embeddable":true,"href":"https:\/\/areso.eus\/es\/wp-json\/wp\/v2\/pages\/2039"}],"wp:attachment":[{"href":"https:\/\/areso.eus\/es\/wp-json\/wp\/v2\/media?parent=2042"}],"curies":[{"name":"wp","href":"https:\/\/api.w.org\/{rel}","templated":true}]}}