{"id":2048,"date":"2015-12-22T10:00:00","date_gmt":"2015-12-22T09:00:00","guid":{"rendered":"https:\/\/areso.eus\/conoce-areso\/turismo\/nola-iritsi\/"},"modified":"2026-01-19T10:58:30","modified_gmt":"2026-01-19T09:58:30","slug":"como-llegar","status":"publish","type":"page","link":"https:\/\/areso.eus\/es\/conoce-areso\/turismo\/como-llegar\/","title":{"rendered":"C\u00f3mo llegar"},"content":{"rendered":"<section class=\"l-section wpb_row height_medium\"><div class=\"l-section-h i-cf\"><div class=\"g-cols vc_row via_grid cols_2 laptops-cols_inherit tablets-cols_inherit mobiles-cols_1 valign_top type_default stacking_default equal_height\" style=\"--columns-gap:4.4rem;\"><div class=\"wpb_column vc_column_container us_custom_6042b1c1\"><div class=\"vc_column-inner\"><div class=\"wpb_text_column\"><div class=\"wpb_wrapper\"><p style=\"text-align: center;\"><img loading=\"lazy\" decoding=\"async\" class=\"aligncenter size-full wp-image-892\" src=\"https:\/\/areso.eus\/wp-content\/uploads\/2015\/12\/icono-nola-iritsi-01.png\" alt=\"ARESOTIK HIRIBURUETARA\" width=\"160\" height=\"90\" \/><\/p>\n<\/div><\/div><div class=\"w-separator size_small\"><\/div><div class=\"wpb_text_column\"><div class=\"wpb_wrapper\"><p style=\"text-align: center;\">Areso &#8211; Iru\u00f1a: 48 Km. | Areso &#8211; Donostia: 37 Km.<br \/>\nAreso &#8211; Bilbo: 123 Km. | Areso &#8211; Gasteiz: 104 Km.<br \/>\nAreso &#8211; Baiona: 89 Km. | Areso &#8211; Donibane Garazi: 83 Km.<br \/>\nAreso &#8211; Maule: 121 Km.<\/p>\n<\/div><\/div><\/div><\/div><div class=\"wpb_column vc_column_container us_custom_6042b1c1\"><div class=\"vc_column-inner\"><div class=\"wpb_text_column\"><div class=\"wpb_wrapper\"><p style=\"text-align: center;\"><img loading=\"lazy\" decoding=\"async\" class=\"aligncenter size-full wp-image-893\" src=\"https:\/\/areso.eus\/wp-content\/uploads\/2015\/12\/icono-nola-iritsi-02.png\" alt=\"KOMUNIKABIDEAK - KOTXEZ EDO MOTOZ\" width=\"160\" height=\"90\" \/><\/p>\n<\/div><\/div><div class=\"w-separator size_small\"><\/div><div class=\"wpb_text_column\"><div class=\"wpb_wrapper\"><p>Por su ubicaci\u00f3n entre Iru\u00f1a y Donostia (en la muga con Gipuzkoa) y la cercan\u00eda de la A 15 facilita el acceso a Areso. Dejando atr\u00e1s la autov\u00eda, tomamos la carretera NA 4014, una estrecha carretera donde acaba en el mismo pueblo.<\/p>\n<\/div><\/div><\/div><\/div><\/div><\/div><\/section><section class=\"l-section wpb_row height_small\"><div class=\"l-section-h i-cf\"><div class=\"g-cols vc_row via_grid cols_2 laptops-cols_inherit tablets-cols_inherit mobiles-cols_1 valign_top type_default stacking_default equal_height\" style=\"--columns-gap:4.4rem;\"><div class=\"wpb_column vc_column_container us_custom_6042b1c1\"><div class=\"vc_column-inner\"><div class=\"wpb_text_column\"><div class=\"wpb_wrapper\"><p style=\"text-align: center;\"><img loading=\"lazy\" decoding=\"async\" class=\"aligncenter size-full wp-image-894\" src=\"https:\/\/areso.eus\/wp-content\/uploads\/2015\/12\/icono-nola-iritsi-03.png\" alt=\"KOMUNIKABIDEAK - AUTOBUSEZ\" width=\"160\" height=\"90\" \/><\/p>\n<\/div><\/div><div class=\"w-separator size_small\"><\/div><div class=\"wpb_text_column\"><div class=\"wpb_wrapper\"><p>La linea de autobuses Mariezcurrena une Areso con Leitza. Desde aqu\u00ed se pueden combinar los autobuses que van hacia los pueblos de los alrededores, Iru\u00f1ea, Tolosa o Donostia.<\/p>\n<p style=\"text-align: center;\"><a title=\"Autobuses de Navarra\" href=\"https:\/\/www.autobusesdenavarra.com\/\" target=\"_blank\" rel=\"noopener\">Autobuses de Navarra<\/a><br \/>\n<a title=\"Estaci\u00f3n de autobuses de Pamplona\" href=\"https:\/\/www.estaciondeautobusesdepamplona.com\/\" target=\"_blank\" rel=\"noopener\">Estaci\u00f3n de autobuses Pamplona<\/a><br \/>\n<a title=\"Pesa\" href=\"https:\/\/www.pesa.net\/\" target=\"_blank\" rel=\"noopener\">Pesa<\/a><br \/>\n<a title=\"Lurraldebus\" href=\"https:\/\/www.lurraldebus.com\/\" target=\"_blank\" rel=\"noopener\">Lurraldebus<\/a><\/p>\n<\/div><\/div><\/div><\/div><div class=\"wpb_column vc_column_container us_custom_6042b1c1\"><div class=\"vc_column-inner\"><div class=\"wpb_text_column\"><div class=\"wpb_wrapper\"><p style=\"text-align: center;\"><img loading=\"lazy\" decoding=\"async\" class=\"aligncenter size-full wp-image-895\" src=\"https:\/\/areso.eus\/wp-content\/uploads\/2015\/12\/icono-nola-iritsi-04.png\" alt=\"KOMUNIKABIDEAK - TRENEZ\" width=\"160\" height=\"90\" \/><\/p>\n<\/div><\/div><div class=\"w-separator size_small\"><\/div><div class=\"wpb_text_column\"><div class=\"wpb_wrapper\"><p style=\"text-align: center;\">Las estaciones de tren m\u00e1s cercanas est\u00e1n en Tolosa o Iru\u00f1ea.<\/p>\n<p style=\"text-align: center;\">Web: <a title=\"Renfe\" href=\"https:\/\/www.renfe.es\/\" target=\"_blank\" rel=\"noopener\">Renfe<\/a><\/p>\n<\/div><\/div><\/div><\/div><\/div><\/div><\/section><section class=\"l-section wpb_row height_small\"><div class=\"l-section-h i-cf\"><div class=\"g-cols vc_row via_grid cols_1 laptops-cols_inherit tablets-cols_inherit mobiles-cols_1 valign_top type_default stacking_default\"><div class=\"wpb_column vc_column_container\"><div class=\"vc_column-inner\"><div class=\"w-separator size_small\"><\/div><\/div><\/div><\/div><\/div><\/section>\n","protected":false},"excerpt":{"rendered":"Areso &#8211; Iru\u00f1a: 48 Km. | Areso &#8211; Donostia: 37 Km. Areso &#8211; Bilbo: 123 Km. | Areso &#8211; Gasteiz: 104 Km. Areso &#8211; Baiona: 89 Km. | Areso &#8211; Donibane Garazi: 83 Km. Areso &#8211; Maule: 121 Km. Por su ubicaci\u00f3n entre Iru\u00f1a y Donostia (en la muga con Gipuzkoa) y la cercan\u00eda de...","protected":false},"author":1,"featured_media":0,"parent":2042,"menu_order":0,"comment_status":"closed","ping_status":"closed","template":"","meta":{"_acf_changed":false,"footnotes":""},"class_list":["post-2048","page","type-page","status-publish","hentry"],"acf":[],"yoast_head":"<!-- This site is optimized with the Yoast SEO plugin v26.7 - https:\/\/yoast.com\/wordpress\/plugins\/seo\/ -->\n<title>Como llegar a Areso. Medios de transporte. Mapa de Areso.<\/title>\n<meta name=\"description\" content=\"Como llegar a Areso. Medios de transporte. Mapa de Areso y lista de directrices para llegar a Areso mediante diferentes medios de transporte.\" \/>\n<meta name=\"robots\" content=\"index, follow, max-snippet:-1, max-image-preview:large, max-video-preview:-1\" \/>\n<link rel=\"canonical\" href=\"https:\/\/areso.eus\/es\/conoce-areso\/turismo\/como-llegar\/\" \/>\n<meta property=\"og:locale\" content=\"es_ES\" \/>\n<meta property=\"og:type\" content=\"article\" \/>\n<meta property=\"og:title\" content=\"Como llegar a Areso. Medios de transporte. Mapa de Areso.\" \/>\n<meta property=\"og:description\" content=\"Como llegar a Areso. Medios de transporte. Mapa de Areso y lista de directrices para llegar a Areso mediante diferentes medios de transporte.\" \/>\n<meta property=\"og:url\" content=\"https:\/\/areso.eus\/es\/conoce-areso\/turismo\/como-llegar\/\" \/>\n<meta property=\"og:site_name\" content=\"Aresoko Udala\" \/>\n<meta property=\"article:publisher\" content=\"https:\/\/www.facebook.com\/areso.udala\" \/>\n<meta property=\"article:modified_time\" content=\"2026-01-19T09:58:30+00:00\" \/>\n<meta property=\"og:image\" content=\"https:\/\/areso.eus\/wp-content\/uploads\/2015\/12\/icono-turismoa-01-2.png\" \/>\n\t<meta property=\"og:image:width\" content=\"160\" \/>\n\t<meta property=\"og:image:height\" content=\"90\" \/>\n\t<meta property=\"og:image:type\" content=\"image\/png\" \/>\n<meta name=\"twitter:card\" content=\"summary_large_image\" \/>\n<meta name=\"twitter:label1\" content=\"Tiempo de lectura\" \/>\n\t<meta name=\"twitter:data1\" content=\"2 minutos\" \/>\n<script type=\"application\/ld+json\" class=\"yoast-schema-graph\">{\"@context\":\"https:\/\/schema.org\",\"@graph\":[{\"@type\":\"WebPage\",\"@id\":\"https:\/\/areso.eus\/es\/conoce-areso\/turismo\/como-llegar\/\",\"url\":\"https:\/\/areso.eus\/es\/conoce-areso\/turismo\/como-llegar\/\",\"name\":\"Como llegar a Areso. Medios de transporte. Mapa de Areso.\",\"isPartOf\":{\"@id\":\"https:\/\/areso.eus\/#website\"},\"primaryImageOfPage\":{\"@id\":\"https:\/\/areso.eus\/es\/conoce-areso\/turismo\/como-llegar\/#primaryimage\"},\"image\":{\"@id\":\"https:\/\/areso.eus\/es\/conoce-areso\/turismo\/como-llegar\/#primaryimage\"},\"thumbnailUrl\":\"https:\/\/areso.eus\/wp-content\/uploads\/2015\/12\/icono-nola-iritsi-01.png\",\"datePublished\":\"2015-12-22T09:00:00+00:00\",\"dateModified\":\"2026-01-19T09:58:30+00:00\",\"description\":\"Como llegar a Areso. Medios de transporte. Mapa de Areso y lista de directrices para llegar a Areso mediante diferentes medios de transporte.\",\"breadcrumb\":{\"@id\":\"https:\/\/areso.eus\/es\/conoce-areso\/turismo\/como-llegar\/#breadcrumb\"},\"inLanguage\":\"es\",\"potentialAction\":[{\"@type\":\"ReadAction\",\"target\":[\"https:\/\/areso.eus\/es\/conoce-areso\/turismo\/como-llegar\/\"]}]},{\"@type\":\"ImageObject\",\"inLanguage\":\"es\",\"@id\":\"https:\/\/areso.eus\/es\/conoce-areso\/turismo\/como-llegar\/#primaryimage\",\"url\":\"https:\/\/areso.eus\/wp-content\/uploads\/2015\/12\/icono-nola-iritsi-01.png\",\"contentUrl\":\"https:\/\/areso.eus\/wp-content\/uploads\/2015\/12\/icono-nola-iritsi-01.png\"},{\"@type\":\"BreadcrumbList\",\"@id\":\"https:\/\/areso.eus\/es\/conoce-areso\/turismo\/como-llegar\/#breadcrumb\",\"itemListElement\":[{\"@type\":\"ListItem\",\"position\":1,\"name\":\"Hasiera orria\",\"item\":\"https:\/\/areso.eus\/es\/\"},{\"@type\":\"ListItem\",\"position\":2,\"name\":\"Conoce Areso\",\"item\":\"https:\/\/areso.eus\/areso-ezagutu\/\"},{\"@type\":\"ListItem\",\"position\":3,\"name\":\"Turismo\",\"item\":\"https:\/\/areso.eus\/areso-ezagutu\/turismoa\/\"},{\"@type\":\"ListItem\",\"position\":4,\"name\":\"C\u00f3mo llegar\"}]},{\"@type\":\"WebSite\",\"@id\":\"https:\/\/areso.eus\/#website\",\"url\":\"https:\/\/areso.eus\/\",\"name\":\"Aresoko Udala\",\"description\":\"Aresoko udalaren webgune ofiziala. Herriko informazioa, albisteak, ekitaldiak, jarduerak, berriak, informazio turistikoa...\",\"publisher\":{\"@id\":\"https:\/\/areso.eus\/#organization\"},\"potentialAction\":[{\"@type\":\"SearchAction\",\"target\":{\"@type\":\"EntryPoint\",\"urlTemplate\":\"https:\/\/areso.eus\/?s={search_term_string}\"},\"query-input\":{\"@type\":\"PropertyValueSpecification\",\"valueRequired\":true,\"valueName\":\"search_term_string\"}}],\"inLanguage\":\"es\"},{\"@type\":\"Organization\",\"@id\":\"https:\/\/areso.eus\/#organization\",\"name\":\"Aresoko Udala\",\"url\":\"https:\/\/areso.eus\/\",\"logo\":{\"@type\":\"ImageObject\",\"inLanguage\":\"es\",\"@id\":\"https:\/\/areso.eus\/#\/schema\/logo\/image\/\",\"url\":\"https:\/\/areso.eus\/wp-content\/uploads\/2016\/02\/Escudo-Areso-08.png\",\"contentUrl\":\"https:\/\/areso.eus\/wp-content\/uploads\/2016\/02\/Escudo-Areso-08.png\",\"width\":169,\"height\":71,\"caption\":\"Aresoko Udala\"},\"image\":{\"@id\":\"https:\/\/areso.eus\/#\/schema\/logo\/image\/\"},\"sameAs\":[\"https:\/\/www.facebook.com\/areso.udala\"]}]}<\/script>\n<!-- \/ Yoast SEO plugin. -->","yoast_head_json":{"title":"Como llegar a Areso. Medios de transporte. Mapa de Areso.","description":"Como llegar a Areso. Medios de transporte. Mapa de Areso y lista de directrices para llegar a Areso mediante diferentes medios de transporte.","robots":{"index":"index","follow":"follow","max-snippet":"max-snippet:-1","max-image-preview":"max-image-preview:large","max-video-preview":"max-video-preview:-1"},"canonical":"https:\/\/areso.eus\/es\/conoce-areso\/turismo\/como-llegar\/","og_locale":"es_ES","og_type":"article","og_title":"Como llegar a Areso. Medios de transporte. Mapa de Areso.","og_description":"Como llegar a Areso. Medios de transporte. Mapa de Areso y lista de directrices para llegar a Areso mediante diferentes medios de transporte.","og_url":"https:\/\/areso.eus\/es\/conoce-areso\/turismo\/como-llegar\/","og_site_name":"Aresoko Udala","article_publisher":"https:\/\/www.facebook.com\/areso.udala","article_modified_time":"2026-01-19T09:58:30+00:00","og_image":[{"width":160,"height":90,"url":"https:\/\/areso.eus\/wp-content\/uploads\/2015\/12\/icono-turismoa-01-2.png","type":"image\/png"}],"twitter_card":"summary_large_image","twitter_misc":{"Tiempo de lectura":"2 minutos"},"schema":{"@context":"https:\/\/schema.org","@graph":[{"@type":"WebPage","@id":"https:\/\/areso.eus\/es\/conoce-areso\/turismo\/como-llegar\/","url":"https:\/\/areso.eus\/es\/conoce-areso\/turismo\/como-llegar\/","name":"Como llegar a Areso. Medios de transporte. Mapa de Areso.","isPartOf":{"@id":"https:\/\/areso.eus\/#website"},"primaryImageOfPage":{"@id":"https:\/\/areso.eus\/es\/conoce-areso\/turismo\/como-llegar\/#primaryimage"},"image":{"@id":"https:\/\/areso.eus\/es\/conoce-areso\/turismo\/como-llegar\/#primaryimage"},"thumbnailUrl":"https:\/\/areso.eus\/wp-content\/uploads\/2015\/12\/icono-nola-iritsi-01.png","datePublished":"2015-12-22T09:00:00+00:00","dateModified":"2026-01-19T09:58:30+00:00","description":"Como llegar a Areso. Medios de transporte. Mapa de Areso y lista de directrices para llegar a Areso mediante diferentes medios de transporte.","breadcrumb":{"@id":"https:\/\/areso.eus\/es\/conoce-areso\/turismo\/como-llegar\/#breadcrumb"},"inLanguage":"es","potentialAction":[{"@type":"ReadAction","target":["https:\/\/areso.eus\/es\/conoce-areso\/turismo\/como-llegar\/"]}]},{"@type":"ImageObject","inLanguage":"es","@id":"https:\/\/areso.eus\/es\/conoce-areso\/turismo\/como-llegar\/#primaryimage","url":"https:\/\/areso.eus\/wp-content\/uploads\/2015\/12\/icono-nola-iritsi-01.png","contentUrl":"https:\/\/areso.eus\/wp-content\/uploads\/2015\/12\/icono-nola-iritsi-01.png"},{"@type":"BreadcrumbList","@id":"https:\/\/areso.eus\/es\/conoce-areso\/turismo\/como-llegar\/#breadcrumb","itemListElement":[{"@type":"ListItem","position":1,"name":"Hasiera orria","item":"https:\/\/areso.eus\/es\/"},{"@type":"ListItem","position":2,"name":"Conoce Areso","item":"https:\/\/areso.eus\/areso-ezagutu\/"},{"@type":"ListItem","position":3,"name":"Turismo","item":"https:\/\/areso.eus\/areso-ezagutu\/turismoa\/"},{"@type":"ListItem","position":4,"name":"C\u00f3mo llegar"}]},{"@type":"WebSite","@id":"https:\/\/areso.eus\/#website","url":"https:\/\/areso.eus\/","name":"Aresoko Udala","description":"Aresoko udalaren webgune ofiziala. Herriko informazioa, albisteak, ekitaldiak, jarduerak, berriak, informazio turistikoa...","publisher":{"@id":"https:\/\/areso.eus\/#organization"},"potentialAction":[{"@type":"SearchAction","target":{"@type":"EntryPoint","urlTemplate":"https:\/\/areso.eus\/?s={search_term_string}"},"query-input":{"@type":"PropertyValueSpecification","valueRequired":true,"valueName":"search_term_string"}}],"inLanguage":"es"},{"@type":"Organization","@id":"https:\/\/areso.eus\/#organization","name":"Aresoko Udala","url":"https:\/\/areso.eus\/","logo":{"@type":"ImageObject","inLanguage":"es","@id":"https:\/\/areso.eus\/#\/schema\/logo\/image\/","url":"https:\/\/areso.eus\/wp-content\/uploads\/2016\/02\/Escudo-Areso-08.png","contentUrl":"https:\/\/areso.eus\/wp-content\/uploads\/2016\/02\/Escudo-Areso-08.png","width":169,"height":71,"caption":"Aresoko Udala"},"image":{"@id":"https:\/\/areso.eus\/#\/schema\/logo\/image\/"},"sameAs":["https:\/\/www.facebook.com\/areso.udala"]}]}},"_links":{"self":[{"href":"https:\/\/areso.eus\/es\/wp-json\/wp\/v2\/pages\/2048","targetHints":{"allow":["GET"]}}],"collection":[{"href":"https:\/\/areso.eus\/es\/wp-json\/wp\/v2\/pages"}],"about":[{"href":"https:\/\/areso.eus\/es\/wp-json\/wp\/v2\/types\/page"}],"author":[{"embeddable":true,"href":"https:\/\/areso.eus\/es\/wp-json\/wp\/v2\/users\/1"}],"replies":[{"embeddable":true,"href":"https:\/\/areso.eus\/es\/wp-json\/wp\/v2\/comments?post=2048"}],"version-history":[{"count":4,"href":"https:\/\/areso.eus\/es\/wp-json\/wp\/v2\/pages\/2048\/revisions"}],"predecessor-version":[{"id":5855,"href":"https:\/\/areso.eus\/es\/wp-json\/wp\/v2\/pages\/2048\/revisions\/5855"}],"up":[{"embeddable":true,"href":"https:\/\/areso.eus\/es\/wp-json\/wp\/v2\/pages\/2042"}],"wp:attachment":[{"href":"https:\/\/areso.eus\/es\/wp-json\/wp\/v2\/media?parent=2048"}],"curies":[{"name":"wp","href":"https:\/\/api.w.org\/{rel}","templated":true}]}}