{"id":2051,"date":"2015-12-22T10:03:28","date_gmt":"2015-12-22T09:03:28","guid":{"rendered":"https:\/\/areso.eus\/conoce-areso\/turismo\/non-jan-eta-non-lo-egin\/"},"modified":"2026-01-19T11:08:40","modified_gmt":"2026-01-19T10:08:40","slug":"comer-dormir-y-visitar","status":"publish","type":"page","link":"https:\/\/areso.eus\/es\/conoce-areso\/turismo\/comer-dormir-y-visitar\/","title":{"rendered":"DONDE COMER, DONDE DORMIR Y QU\u00c9 VISITAR<br>"},"content":{"rendered":"<section class=\"l-section wpb_row height_medium\"><div class=\"l-section-h i-cf\"><div class=\"g-cols vc_row via_grid cols_1 laptops-cols_inherit tablets-cols_inherit mobiles-cols_1 valign_top type_default stacking_default\"><div class=\"wpb_column vc_column_container .titulomenu\"><div class=\"vc_column-inner\"><div class=\"g-cols wpb_row via_grid cols_3 laptops-cols_inherit tablets-cols_inherit mobiles-cols_1 valign_top type_default stacking_default\" style=\"--columns-gap:3rem;\"><div class=\"wpb_column vc_column_container\"><div class=\"vc_column-inner\"><div class=\"w-iconbox iconpos_top style_circle color_custom align_center no_title\"><div class=\"w-iconbox-icon\" style=\"font-size:2rem;--icon-color:#ffffff;--icon-bg-color:#3B3E50;\"><i class=\"fas fa-utensils-alt\"><\/i><\/div><div class=\"w-iconbox-meta\"><div class=\"w-iconbox-text\"><p><strong>RESTAURANTE SASTINEA<\/strong><\/p>\n<\/div><\/div><\/div><div class=\"w-separator size_small\"><\/div><div class=\"wpb_text_column\"><div class=\"wpb_wrapper\"><p style=\"text-align: center;\">Comidas elaboradas con productos caseros.<\/p>\n<p style=\"text-align: center;\"><strong>Calle Elgoien 10 c.p. 31876 Areso <\/strong><br \/>\n<strong>(NAVARRA)<\/strong><\/p>\n<\/div><\/div><div class=\"w-separator size_small\"><\/div><div class=\"w-socials us_custom_eb849559 color_brand shape_circle style_colored hover_fade\" style=\"--gap:0.3em;\"><div class=\"w-socials-list\"><div class=\"w-socials-item custom\"><a href=\"tel:948610704\" class=\"w-socials-item-link\" style=\"color:#E53E71\" aria-label=\"Telefonoa\"><span class=\"w-socials-item-link-hover\" style=\"background:#E53E71;\"><\/span><i class=\"fas fa-phone-alt\"><\/i><\/a><div class=\"w-socials-item-popup\"><span>Telefonoa<\/span><\/div><\/div><div class=\"w-socials-item custom\"><a target=\"_blank\" href=\"http:\/\/www.sastinearestaurante.es\/\" class=\"w-socials-item-link\" style=\"color:#E53E71\" aria-label=\"Webgunea\"><span class=\"w-socials-item-link-hover\" style=\"background:#E53E71;\"><\/span><i class=\"fas fa-globe\"><\/i><\/a><div class=\"w-socials-item-popup\"><span>Webgunea<\/span><\/div><\/div><\/div><\/div><\/div><\/div><div class=\"wpb_column vc_column_container\"><div class=\"vc_column-inner\"><div class=\"w-iconbox iconpos_top style_circle color_custom align_center no_title\"><div class=\"w-iconbox-icon\" style=\"font-size:2rem;--icon-color:#ffffff;--icon-bg-color:#3B3E50;\"><i class=\"fas fa-home-heart\"><\/i><\/div><div class=\"w-iconbox-meta\"><div class=\"w-iconbox-text\"><p><strong>CASA RURAL SASTIZAR<\/strong><\/p>\n<\/div><\/div><\/div><div class=\"w-separator size_small\"><\/div><div class=\"wpb_text_column\"><div class=\"wpb_wrapper\"><p style=\"text-align: center;\">Alquiler \u00edntegro del caser\u00edo ubicado en plena naturaleza con 5 habitaciones con ba\u00f1o incorporado, cocina completa, sal\u00f3n comedor, terraza, chimenea, jard\u00edn, Cueva con encanto para barbacoa con parrilla y horno de le\u00f1a.<\/p>\n<p style=\"text-align: center;\"><strong>Barrio Urrizpialde, Caser\u00edo Sastizar<br \/>\n31876 Areso (Navarra)<\/strong><\/p>\n<\/div><\/div><div class=\"w-vwrapper align_center valign_top\"><div class=\"wpb_text_column\"><div class=\"wpb_wrapper\"><p>Ainara Omaetxebarria<\/p>\n<\/div><\/div><div class=\"w-socials color_brand shape_circle style_colored hover_fade\" style=\"--gap:0.3em;\"><div class=\"w-socials-list\"><div class=\"w-socials-item custom\"><a href=\"tel:948397220\" class=\"w-socials-item-link\" style=\"color:#E53E71\" aria-label=\"Telefonoa\"><span class=\"w-socials-item-link-hover\" style=\"background:#E53E71;\"><\/span><i class=\"fas fa-phone-alt\"><\/i><\/a><div class=\"w-socials-item-popup\"><span>Telefonoa<\/span><\/div><\/div><div class=\"w-socials-item custom\"><a href=\"tel:628665871\" class=\"w-socials-item-link\" style=\"color:#E53E71\" aria-label=\"Mugikorra\"><span class=\"w-socials-item-link-hover\" style=\"background:#E53E71;\"><\/span><i class=\"fas fa-mobile\"><\/i><\/a><div class=\"w-socials-item-popup\"><span>Mugikorra<\/span><\/div><\/div><div class=\"w-socials-item custom\"><a target=\"_blank\" href=\"mailto:info@casaruralsastizar.com\" class=\"w-socials-item-link\" style=\"color:#E53E71\" aria-label=\"Eposta\"><span class=\"w-socials-item-link-hover\" style=\"background:#E53E71;\"><\/span><i class=\"fas fa-envelope\"><\/i><\/a><div class=\"w-socials-item-popup\"><span>Eposta<\/span><\/div><\/div><div class=\"w-socials-item custom\"><a target=\"_blank\" href=\"http:\/\/www.casaruralsastizar.com\" class=\"w-socials-item-link\" style=\"color:#E53E71\" aria-label=\"Webgunea\"><span class=\"w-socials-item-link-hover\" style=\"background:#E53E71;\"><\/span><i class=\"fas fa-globe\"><\/i><\/a><div class=\"w-socials-item-popup\"><span>Webgunea<\/span><\/div><\/div><div class=\"w-socials-item facebook\"><a target=\"_blank\" href=\"https:\/\/www.facebook.com\/CasaRuralSastizar\" class=\"w-socials-item-link\" aria-label=\"Facebook\"><span class=\"w-socials-item-link-hover\"><\/span><i class=\"fab fa-facebook\"><\/i><\/a><div class=\"w-socials-item-popup\"><span>Facebook<\/span><\/div><\/div><div class=\"w-socials-item instagram\"><a target=\"_blank\" href=\"https:\/\/www.instagram.com\/CasaRuralSastizar\/\" class=\"w-socials-item-link\" aria-label=\"Instagram\"><span class=\"w-socials-item-link-hover\"><\/span><i class=\"fab fa-instagram\"><\/i><\/a><div class=\"w-socials-item-popup\"><span>Instagram<\/span><\/div><\/div><\/div><\/div><\/div><div class=\"w-separator size_small with_line width_default thick_1 style_solid color_border align_center\"><div class=\"w-separator-h\"><\/div><\/div><div class=\"w-vwrapper align_center valign_top\"><div class=\"wpb_text_column\"><div class=\"wpb_wrapper\"><p style=\"text-align: center;\"><strong>Nuevo proyecto NATUREDER:<\/strong><br \/>Venta online de creaciones de elaboraci\u00f3n propia a partir del uso de materiales nobles como madera y piedra.<\/p>\n<\/div><\/div><div class=\"w-socials color_brand shape_circle style_colored hover_fade\" style=\"--gap:0.3em;\"><div class=\"w-socials-list\"><div class=\"w-socials-item custom\"><a target=\"_blank\" href=\"mailto: info@natureder.com\" class=\"w-socials-item-link\" style=\"color:#E53E71\" aria-label=\"Eposta\"><span class=\"w-socials-item-link-hover\" style=\"background:#E53E71;\"><\/span><i class=\"fas fa-envelope\"><\/i><\/a><div class=\"w-socials-item-popup\"><span>Eposta<\/span><\/div><\/div><div class=\"w-socials-item custom\"><a target=\"_blank\" href=\"http:\/\/www.natureder.com\" class=\"w-socials-item-link\" style=\"color:#E53E71\" aria-label=\"Webgunea\"><span class=\"w-socials-item-link-hover\" style=\"background:#E53E71;\"><\/span><i class=\"fas fa-globe\"><\/i><\/a><div class=\"w-socials-item-popup\"><span>Webgunea<\/span><\/div><\/div><div class=\"w-socials-item facebook\"><a target=\"_blank\" href=\"https:\/\/www.facebook.com\/Natureder\" class=\"w-socials-item-link\" aria-label=\"Facebook\"><span class=\"w-socials-item-link-hover\"><\/span><i class=\"fab fa-facebook\"><\/i><\/a><div class=\"w-socials-item-popup\"><span>Facebook<\/span><\/div><\/div><div class=\"w-socials-item instagram\"><a target=\"_blank\" href=\"https:\/\/www.instagram.com\/natur.eder\/\" class=\"w-socials-item-link\" aria-label=\"Instagram\"><span class=\"w-socials-item-link-hover\"><\/span><i class=\"fab fa-instagram\"><\/i><\/a><div class=\"w-socials-item-popup\"><span>Instagram<\/span><\/div><\/div><\/div><\/div><\/div><\/div><\/div><div class=\"wpb_column vc_column_container\"><div class=\"vc_column-inner\"><div class=\"w-iconbox iconpos_top style_circle color_custom align_center no_title\"><div class=\"w-iconbox-icon\" style=\"font-size:2rem;--icon-color:#ffffff;--icon-bg-color:#3B3E50;\"><i class=\"fas fa-wallet\"><\/i><\/div><div class=\"w-iconbox-meta\"><div class=\"w-iconbox-text\"><p><strong>TALLER TROK (CUERO)<\/strong><\/p>\n<\/div><\/div><\/div><div class=\"w-separator size_small\"><\/div><div class=\"wpb_text_column\"><div class=\"wpb_wrapper\"><p style=\"text-align: center;\">Mochilas, agendas, carteras y cinturones de cuero. Venta directa en el caser\u00edo.<\/p>\n<p style=\"text-align: center;\"><strong>Polai\u00f1ea borda<\/strong><br \/>\n<strong>c.p. 31876 Areso (NAVARRA)<\/strong><\/p>\n<\/div><\/div><div class=\"w-separator size_small\"><\/div><div class=\"w-socials us_custom_eb849559 color_brand shape_circle style_colored hover_fade\" style=\"--gap:0.3em;\"><div class=\"w-socials-list\"><div class=\"w-socials-item custom\"><a href=\"tel:948510524\" class=\"w-socials-item-link\" style=\"color:#E53E71\" aria-label=\"Telefonoa\"><span class=\"w-socials-item-link-hover\" style=\"background:#E53E71;\"><\/span><i class=\"fas fa-phone-alt\"><\/i><\/a><div class=\"w-socials-item-popup\"><span>Telefonoa<\/span><\/div><\/div><\/div><\/div><\/div><\/div><\/div><\/div><\/div><\/div><\/div><\/section>\n","protected":false},"excerpt":{"rendered":"RESTAURANTE SASTINEA Comidas elaboradas con productos caseros. Calle Elgoien 10 c.p. 31876 Areso (NAVARRA) TelefonoaWebguneaCASA RURAL SASTIZAR Alquiler \u00edntegro del caser\u00edo ubicado en plena naturaleza con 5 habitaciones con ba\u00f1o incorporado, cocina completa, sal\u00f3n comedor, terraza, chimenea, jard\u00edn, Cueva con encanto para barbacoa con parrilla y horno de le\u00f1a. Barrio Urrizpialde, Caser\u00edo Sastizar 31876 Areso...","protected":false},"author":1,"featured_media":0,"parent":2042,"menu_order":0,"comment_status":"closed","ping_status":"closed","template":"","meta":{"_acf_changed":false,"footnotes":""},"class_list":["post-2051","page","type-page","status-publish","hentry"],"acf":[],"yoast_head":"<!-- This site is optimized with the Yoast SEO plugin v26.7 - https:\/\/yoast.com\/wordpress\/plugins\/seo\/ -->\n<title>D\u00f3nde comer, d\u00f3nde dormir y qu\u00e9 visitar en Areso. Turismo.<\/title>\n<meta name=\"description\" content=\"D\u00f3nde comer, d\u00f3nde dormir y qu\u00e9 visitar en Areso. Jatetxeak, hotelak, hostalak, monumentuak eta interesdun lekuak Areson, bisitarientzat.\" \/>\n<meta name=\"robots\" content=\"index, follow, max-snippet:-1, max-image-preview:large, max-video-preview:-1\" \/>\n<link rel=\"canonical\" href=\"https:\/\/areso.eus\/es\/conoce-areso\/turismo\/comer-dormir-y-visitar\/\" \/>\n<meta property=\"og:locale\" content=\"es_ES\" \/>\n<meta property=\"og:type\" content=\"article\" \/>\n<meta property=\"og:title\" content=\"D\u00f3nde comer, d\u00f3nde dormir y qu\u00e9 visitar en Areso. Turismo.\" \/>\n<meta property=\"og:description\" content=\"D\u00f3nde comer, d\u00f3nde dormir y qu\u00e9 visitar en Areso. Jatetxeak, hotelak, hostalak, monumentuak eta interesdun lekuak Areson, bisitarientzat.\" \/>\n<meta property=\"og:url\" content=\"https:\/\/areso.eus\/es\/conoce-areso\/turismo\/comer-dormir-y-visitar\/\" \/>\n<meta property=\"og:site_name\" content=\"Aresoko Udala\" \/>\n<meta property=\"article:publisher\" content=\"https:\/\/www.facebook.com\/areso.udala\" \/>\n<meta property=\"article:modified_time\" content=\"2026-01-19T10:08:40+00:00\" \/>\n<meta name=\"twitter:card\" content=\"summary_large_image\" \/>\n<meta name=\"twitter:label1\" content=\"Tiempo de lectura\" \/>\n\t<meta name=\"twitter:data1\" content=\"4 minutos\" \/>\n<script type=\"application\/ld+json\" class=\"yoast-schema-graph\">{\"@context\":\"https:\/\/schema.org\",\"@graph\":[{\"@type\":\"WebPage\",\"@id\":\"https:\/\/areso.eus\/es\/conoce-areso\/turismo\/comer-dormir-y-visitar\/\",\"url\":\"https:\/\/areso.eus\/es\/conoce-areso\/turismo\/comer-dormir-y-visitar\/\",\"name\":\"D\u00f3nde comer, d\u00f3nde dormir y qu\u00e9 visitar en Areso. Turismo.\",\"isPartOf\":{\"@id\":\"https:\/\/areso.eus\/#website\"},\"datePublished\":\"2015-12-22T09:03:28+00:00\",\"dateModified\":\"2026-01-19T10:08:40+00:00\",\"description\":\"D\u00f3nde comer, d\u00f3nde dormir y qu\u00e9 visitar en Areso. Jatetxeak, hotelak, hostalak, monumentuak eta interesdun lekuak Areson, bisitarientzat.\",\"breadcrumb\":{\"@id\":\"https:\/\/areso.eus\/es\/conoce-areso\/turismo\/comer-dormir-y-visitar\/#breadcrumb\"},\"inLanguage\":\"es\",\"potentialAction\":[{\"@type\":\"ReadAction\",\"target\":[\"https:\/\/areso.eus\/es\/conoce-areso\/turismo\/comer-dormir-y-visitar\/\"]}]},{\"@type\":\"BreadcrumbList\",\"@id\":\"https:\/\/areso.eus\/es\/conoce-areso\/turismo\/comer-dormir-y-visitar\/#breadcrumb\",\"itemListElement\":[{\"@type\":\"ListItem\",\"position\":1,\"name\":\"Hasiera orria\",\"item\":\"https:\/\/areso.eus\/es\/\"},{\"@type\":\"ListItem\",\"position\":2,\"name\":\"Conoce Areso\",\"item\":\"https:\/\/areso.eus\/areso-ezagutu\/\"},{\"@type\":\"ListItem\",\"position\":3,\"name\":\"Turismo\",\"item\":\"https:\/\/areso.eus\/areso-ezagutu\/turismoa\/\"},{\"@type\":\"ListItem\",\"position\":4,\"name\":\"DONDE COMER, DONDE DORMIR Y QU\u00c9 VISITAR\"}]},{\"@type\":\"WebSite\",\"@id\":\"https:\/\/areso.eus\/#website\",\"url\":\"https:\/\/areso.eus\/\",\"name\":\"Aresoko Udala\",\"description\":\"Aresoko udalaren webgune ofiziala. Herriko informazioa, albisteak, ekitaldiak, jarduerak, berriak, informazio turistikoa...\",\"publisher\":{\"@id\":\"https:\/\/areso.eus\/#organization\"},\"potentialAction\":[{\"@type\":\"SearchAction\",\"target\":{\"@type\":\"EntryPoint\",\"urlTemplate\":\"https:\/\/areso.eus\/?s={search_term_string}\"},\"query-input\":{\"@type\":\"PropertyValueSpecification\",\"valueRequired\":true,\"valueName\":\"search_term_string\"}}],\"inLanguage\":\"es\"},{\"@type\":\"Organization\",\"@id\":\"https:\/\/areso.eus\/#organization\",\"name\":\"Aresoko Udala\",\"url\":\"https:\/\/areso.eus\/\",\"logo\":{\"@type\":\"ImageObject\",\"inLanguage\":\"es\",\"@id\":\"https:\/\/areso.eus\/#\/schema\/logo\/image\/\",\"url\":\"https:\/\/areso.eus\/wp-content\/uploads\/2016\/02\/Escudo-Areso-08.png\",\"contentUrl\":\"https:\/\/areso.eus\/wp-content\/uploads\/2016\/02\/Escudo-Areso-08.png\",\"width\":169,\"height\":71,\"caption\":\"Aresoko Udala\"},\"image\":{\"@id\":\"https:\/\/areso.eus\/#\/schema\/logo\/image\/\"},\"sameAs\":[\"https:\/\/www.facebook.com\/areso.udala\"]}]}<\/script>\n<!-- \/ Yoast SEO plugin. -->","yoast_head_json":{"title":"D\u00f3nde comer, d\u00f3nde dormir y qu\u00e9 visitar en Areso. Turismo.","description":"D\u00f3nde comer, d\u00f3nde dormir y qu\u00e9 visitar en Areso. Jatetxeak, hotelak, hostalak, monumentuak eta interesdun lekuak Areson, bisitarientzat.","robots":{"index":"index","follow":"follow","max-snippet":"max-snippet:-1","max-image-preview":"max-image-preview:large","max-video-preview":"max-video-preview:-1"},"canonical":"https:\/\/areso.eus\/es\/conoce-areso\/turismo\/comer-dormir-y-visitar\/","og_locale":"es_ES","og_type":"article","og_title":"D\u00f3nde comer, d\u00f3nde dormir y qu\u00e9 visitar en Areso. Turismo.","og_description":"D\u00f3nde comer, d\u00f3nde dormir y qu\u00e9 visitar en Areso. Jatetxeak, hotelak, hostalak, monumentuak eta interesdun lekuak Areson, bisitarientzat.","og_url":"https:\/\/areso.eus\/es\/conoce-areso\/turismo\/comer-dormir-y-visitar\/","og_site_name":"Aresoko Udala","article_publisher":"https:\/\/www.facebook.com\/areso.udala","article_modified_time":"2026-01-19T10:08:40+00:00","twitter_card":"summary_large_image","twitter_misc":{"Tiempo de lectura":"4 minutos"},"schema":{"@context":"https:\/\/schema.org","@graph":[{"@type":"WebPage","@id":"https:\/\/areso.eus\/es\/conoce-areso\/turismo\/comer-dormir-y-visitar\/","url":"https:\/\/areso.eus\/es\/conoce-areso\/turismo\/comer-dormir-y-visitar\/","name":"D\u00f3nde comer, d\u00f3nde dormir y qu\u00e9 visitar en Areso. Turismo.","isPartOf":{"@id":"https:\/\/areso.eus\/#website"},"datePublished":"2015-12-22T09:03:28+00:00","dateModified":"2026-01-19T10:08:40+00:00","description":"D\u00f3nde comer, d\u00f3nde dormir y qu\u00e9 visitar en Areso. Jatetxeak, hotelak, hostalak, monumentuak eta interesdun lekuak Areson, bisitarientzat.","breadcrumb":{"@id":"https:\/\/areso.eus\/es\/conoce-areso\/turismo\/comer-dormir-y-visitar\/#breadcrumb"},"inLanguage":"es","potentialAction":[{"@type":"ReadAction","target":["https:\/\/areso.eus\/es\/conoce-areso\/turismo\/comer-dormir-y-visitar\/"]}]},{"@type":"BreadcrumbList","@id":"https:\/\/areso.eus\/es\/conoce-areso\/turismo\/comer-dormir-y-visitar\/#breadcrumb","itemListElement":[{"@type":"ListItem","position":1,"name":"Hasiera orria","item":"https:\/\/areso.eus\/es\/"},{"@type":"ListItem","position":2,"name":"Conoce Areso","item":"https:\/\/areso.eus\/areso-ezagutu\/"},{"@type":"ListItem","position":3,"name":"Turismo","item":"https:\/\/areso.eus\/areso-ezagutu\/turismoa\/"},{"@type":"ListItem","position":4,"name":"DONDE COMER, DONDE DORMIR Y QU\u00c9 VISITAR"}]},{"@type":"WebSite","@id":"https:\/\/areso.eus\/#website","url":"https:\/\/areso.eus\/","name":"Aresoko Udala","description":"Aresoko udalaren webgune ofiziala. Herriko informazioa, albisteak, ekitaldiak, jarduerak, berriak, informazio turistikoa...","publisher":{"@id":"https:\/\/areso.eus\/#organization"},"potentialAction":[{"@type":"SearchAction","target":{"@type":"EntryPoint","urlTemplate":"https:\/\/areso.eus\/?s={search_term_string}"},"query-input":{"@type":"PropertyValueSpecification","valueRequired":true,"valueName":"search_term_string"}}],"inLanguage":"es"},{"@type":"Organization","@id":"https:\/\/areso.eus\/#organization","name":"Aresoko Udala","url":"https:\/\/areso.eus\/","logo":{"@type":"ImageObject","inLanguage":"es","@id":"https:\/\/areso.eus\/#\/schema\/logo\/image\/","url":"https:\/\/areso.eus\/wp-content\/uploads\/2016\/02\/Escudo-Areso-08.png","contentUrl":"https:\/\/areso.eus\/wp-content\/uploads\/2016\/02\/Escudo-Areso-08.png","width":169,"height":71,"caption":"Aresoko Udala"},"image":{"@id":"https:\/\/areso.eus\/#\/schema\/logo\/image\/"},"sameAs":["https:\/\/www.facebook.com\/areso.udala"]}]}},"_links":{"self":[{"href":"https:\/\/areso.eus\/es\/wp-json\/wp\/v2\/pages\/2051","targetHints":{"allow":["GET"]}}],"collection":[{"href":"https:\/\/areso.eus\/es\/wp-json\/wp\/v2\/pages"}],"about":[{"href":"https:\/\/areso.eus\/es\/wp-json\/wp\/v2\/types\/page"}],"author":[{"embeddable":true,"href":"https:\/\/areso.eus\/es\/wp-json\/wp\/v2\/users\/1"}],"replies":[{"embeddable":true,"href":"https:\/\/areso.eus\/es\/wp-json\/wp\/v2\/comments?post=2051"}],"version-history":[{"count":23,"href":"https:\/\/areso.eus\/es\/wp-json\/wp\/v2\/pages\/2051\/revisions"}],"predecessor-version":[{"id":5858,"href":"https:\/\/areso.eus\/es\/wp-json\/wp\/v2\/pages\/2051\/revisions\/5858"}],"up":[{"embeddable":true,"href":"https:\/\/areso.eus\/es\/wp-json\/wp\/v2\/pages\/2042"}],"wp:attachment":[{"href":"https:\/\/areso.eus\/es\/wp-json\/wp\/v2\/media?parent=2051"}],"curies":[{"name":"wp","href":"https:\/\/api.w.org\/{rel}","templated":true}]}}