{"id":2054,"date":"2015-12-22T10:11:18","date_gmt":"2015-12-22T09:11:18","guid":{"rendered":"https:\/\/areso.eus\/conoce-areso\/turismo\/jaiak-eta-ohiturak\/"},"modified":"2026-01-19T12:38:23","modified_gmt":"2026-01-19T11:38:23","slug":"fiestas-y-costumbres","status":"publish","type":"page","link":"https:\/\/areso.eus\/es\/conoce-areso\/turismo\/fiestas-y-costumbres\/","title":{"rendered":"Fiestas y Costumbres"},"content":{"rendered":"<section class=\"l-section wpb_row height_medium\"><div class=\"l-section-h i-cf\"><div class=\"g-cols vc_row via_grid cols_1 laptops-cols_inherit tablets-cols_inherit mobiles-cols_1 valign_top type_default stacking_default\"><div class=\"wpb_column vc_column_container .titulomenu\"><div class=\"vc_column-inner\"><div class=\"g-cols wpb_row via_grid cols_1-3 laptops-cols_inherit tablets-cols_inherit mobiles-cols_1 valign_top type_default stacking_default\" style=\"--columns-gap:3rem;\"><div class=\"wpb_column vc_column_container\"><div class=\"vc_column-inner\"><div class=\"w-image align_none\"><a ref=\"magnificPopup\" href=\"https:\/\/areso.eus\/wp-content\/uploads\/2015\/12\/Herriko-Pestak-Areso.jpg\" aria-label=\"Herriko-Pestak-Areso\" class=\"w-image-h\"><img decoding=\"async\" width=\"1000\" height=\"667\" src=\"https:\/\/areso.eus\/wp-content\/uploads\/2015\/12\/Herriko-Pestak-Areso.jpg\" class=\"attachment-full size-full\" alt=\"\" loading=\"lazy\" srcset=\"https:\/\/areso.eus\/wp-content\/uploads\/2015\/12\/Herriko-Pestak-Areso.jpg 1000w, https:\/\/areso.eus\/wp-content\/uploads\/2015\/12\/Herriko-Pestak-Areso-300x200.jpg 300w, https:\/\/areso.eus\/wp-content\/uploads\/2015\/12\/Herriko-Pestak-Areso-768x512.jpg 768w\" sizes=\"auto, (max-width: 1000px) 100vw, 1000px\" \/><\/a><\/div><\/div><\/div><div class=\"wpb_column vc_column_container\"><div class=\"vc_column-inner\"><div class=\"wpb_text_column\"><div class=\"wpb_wrapper\"><p><strong>FIESTAS PATRONALES<\/strong><\/p>\n<p>Del 14 al 18 de agosto el pueblo celebra las fiestas de la Se\u00f1ora de la Asunci\u00f3n. En pleno verano y un ambiente festivo, todos los aresoarras disfrutan de los deportes rurales, comidas populares, actividades infantiles y m\u00fasica. Tambi\u00e9n participan en el &#8220;Ingurutxo de Areso&#8221; baile t\u00edpico del pueblo.<\/p>\n<\/div><\/div><\/div><\/div><\/div><div class=\"w-separator size_small with_line width_default thick_1 style_solid color_border align_center\"><div class=\"w-separator-h\"><\/div><\/div><div class=\"g-cols wpb_row via_grid cols_1-3 laptops-cols_inherit tablets-cols_inherit mobiles-cols_1 valign_top type_default stacking_default\" style=\"--columns-gap:3rem;\"><div class=\"wpb_column vc_column_container\"><div class=\"vc_column-inner\"><div class=\"w-image align_none\"><a ref=\"magnificPopup\" href=\"https:\/\/areso.eus\/wp-content\/uploads\/2015\/12\/Mendi-Martxa-Areso-3.jpg\" aria-label=\"Mendi-Martxa-Areso\" class=\"w-image-h\"><img decoding=\"async\" width=\"1000\" height=\"750\" src=\"https:\/\/areso.eus\/wp-content\/uploads\/2015\/12\/Mendi-Martxa-Areso-3.jpg\" class=\"attachment-full size-full\" alt=\"\" loading=\"lazy\" srcset=\"https:\/\/areso.eus\/wp-content\/uploads\/2015\/12\/Mendi-Martxa-Areso-3.jpg 1000w, https:\/\/areso.eus\/wp-content\/uploads\/2015\/12\/Mendi-Martxa-Areso-3-300x225.jpg 300w, https:\/\/areso.eus\/wp-content\/uploads\/2015\/12\/Mendi-Martxa-Areso-3-768x576.jpg 768w\" sizes=\"auto, (max-width: 1000px) 100vw, 1000px\" \/><\/a><\/div><\/div><\/div><div class=\"wpb_column vc_column_container\"><div class=\"vc_column-inner\"><div class=\"wpb_text_column\"><div class=\"wpb_wrapper\"><p><strong>MARCHA DE MONTA\u00d1A<\/strong><\/p>\n<p>La marcha monta\u00f1era se celebra el primer domingo de septiembre. La primera marcha de monta\u00f1a se organiz\u00f3 en septiembre del 2008, y viendo el \u00e9xito el ayuntamiento decidi\u00f3 repetirlo. As\u00ed que, en la II Mendi Martxa participaron 270 personas. Un recorrido de 23 kil\u00f3metros con un desnivel de 1.200 metros, por las monta\u00f1as de Areso.<\/p>\n<p><strong>Recorrido<\/strong>: Areso &#8211; Ulizar &#8211; Merku &#8211; Urkita &#8211; Pagozelai &#8211; Guratz &#8211; Areso.<\/p>\n<p>Distancia: 23 kil\u00f3metros<\/p>\n<p><strong>Desnivel<\/strong>: 1.200 metros<\/p>\n<p><strong>Inscripci\u00f3n<\/strong>: Antes del uno de septiembre en el ayuntamiento o en www.mendinavarra.com o el mismo d\u00eda en la plaza.<\/p>\n<\/div><\/div><\/div><\/div><\/div><div class=\"w-separator size_small with_line width_default thick_1 style_solid color_border align_center\"><div class=\"w-separator-h\"><\/div><\/div><div class=\"g-cols wpb_row via_grid cols_1-3 laptops-cols_inherit tablets-cols_inherit mobiles-cols_1 valign_top type_default stacking_default\" style=\"--columns-gap:3rem;\"><div class=\"wpb_column vc_column_container\"><div class=\"vc_column-inner\"><div class=\"w-image align_none\"><div class=\"w-image-h\"><img decoding=\"async\" width=\"262\" height=\"133\" src=\"https:\/\/areso.eus\/wp-content\/uploads\/2015\/12\/euskararen-aguna-08.jpg\" class=\"attachment-full size-full\" alt=\"\" loading=\"lazy\" \/><\/div><\/div><\/div><\/div><div class=\"wpb_column vc_column_container\"><div class=\"vc_column-inner\"><div class=\"wpb_text_column\"><div class=\"wpb_wrapper\"><p><strong>D\u00cdA DEL EUSKERA<\/strong><\/p>\n<p>El d\u00eda 3 de diciembre, se celebra el Euskararen Eguna (D\u00eda del Euskara). La fiesta corre a cargo de la &#8220;Asociaci\u00f3n de Padres&#8221; con un programa amplio de actividades; dantzaris, partidos de pelota, espect\u00e1culos para ni\u00f1os y comida de talo.<\/p>\n<\/div><\/div><\/div><\/div><\/div><div class=\"w-separator size_small with_line width_default thick_1 style_solid color_border align_center\"><div class=\"w-separator-h\"><\/div><\/div><div class=\"g-cols wpb_row via_grid cols_1-3 laptops-cols_inherit tablets-cols_inherit mobiles-cols_1 valign_top type_default stacking_default\" style=\"--columns-gap:3rem;\"><div class=\"wpb_column vc_column_container\"><div class=\"vc_column-inner\"><div class=\"w-image align_none\"><div class=\"w-image-h\"><img decoding=\"async\" width=\"262\" height=\"133\" src=\"https:\/\/areso.eus\/wp-content\/uploads\/2015\/12\/olentzero-a-03.jpg\" class=\"attachment-full size-full\" alt=\"\" loading=\"lazy\" \/><\/div><\/div><\/div><\/div><div class=\"wpb_column vc_column_container\"><div class=\"vc_column-inner\"><div class=\"wpb_text_column\"><div class=\"wpb_wrapper\"><p><strong>NAVIDADES<\/strong><\/p>\n<p>D\u00edas m\u00e1gicos para los m\u00e1s peque\u00f1os de Areso. Como no! Si el carbonero m\u00e1s famoso de Euskal Herria, Olentzero, visita todos los a\u00f1os el pueblo.<\/p>\n<p>La tarde del 24 de diciembre, llega del monte con su carreta cargada de regalos. En homenaje al carbonero, los aresoarras colocan todos los a\u00f1os el Olentzero en el Bel\u00e9n de Navidad. Durante el d\u00eda los m\u00e1s j\u00f3venes, alegran el pueblo con m\u00fasica y canciones de Navidad. Con el dinero recaudado, tienen apadrinados a 4 ni\u00f1os de Nicaragua.<\/p>\n<p>Y si Olentzero, se olvid\u00f3 de alg\u00fan regalo, el d\u00eda de Reyes es un d\u00eda m\u00e1gico, ya que los reyes visitan cada casa y los ni\u00f1os tienen la oportunidad de tocarlos y sonre\u00edr con ellos.<\/p>\n<\/div><\/div><\/div><\/div><\/div><div class=\"w-separator size_small with_line width_default thick_1 style_solid color_border align_center\"><div class=\"w-separator-h\"><\/div><\/div><div class=\"g-cols wpb_row via_grid cols_1-3 laptops-cols_inherit tablets-cols_inherit mobiles-cols_1 valign_top type_default stacking_default\" style=\"--columns-gap:3rem;\"><div class=\"wpb_column vc_column_container\"><div class=\"vc_column-inner\"><div class=\"w-image align_none\"><div class=\"w-image-h\"><img decoding=\"async\" width=\"262\" height=\"133\" src=\"https:\/\/areso.eus\/wp-content\/uploads\/2015\/12\/carnavales-a-04.jpg\" class=\"attachment-full size-full\" alt=\"\" loading=\"lazy\" \/><\/div><\/div><\/div><\/div><div class=\"wpb_column vc_column_container\"><div class=\"vc_column-inner\"><div class=\"wpb_text_column\"><div class=\"wpb_wrapper\"><p><strong>CARNAVALES<\/strong><\/p>\n<p>La fiesta de los disfraces se celebra a finales de enero. Se colocan telas de colores en los balcones y el pueblo se vuelve pintoresco. La fiesta est\u00e1 servida durante tres d\u00edas. El viernes, los ni\u00f1os salen a la calle, disfrazados y acompa\u00f1ados de las carrozas.<\/p>\n<p>El s\u00e1bado y domingo, los j\u00f3venes alegran el pueblo con la m\u00fasica y la personalidad (disfraz) que adopta cada uno. Tambi\u00e9n los m\u00e1s peque\u00f1os se suman al carnaval con los padres, ya que organizan carrozas y diferentes actividades. \u00a1Los aresoarras no tienen ning\u00fan motivo para envidiar el Carnaval de Rio!<\/p>\n<\/div><\/div><\/div><\/div><\/div><div class=\"w-separator size_small with_line width_default thick_1 style_solid color_border align_center\"><div class=\"w-separator-h\"><\/div><\/div><div class=\"g-cols wpb_row via_grid cols_1-3 laptops-cols_inherit tablets-cols_inherit mobiles-cols_1 valign_top type_default stacking_default\" style=\"--columns-gap:3rem;\"><div class=\"wpb_column vc_column_container\"><div class=\"vc_column-inner\"><div class=\"w-image align_none\"><a ref=\"magnificPopup\" href=\"https:\/\/areso.eus\/wp-content\/uploads\/2015\/12\/topaketa-012.jpg\" aria-label=\"topaketa 012\" class=\"w-image-h\"><img decoding=\"async\" width=\"1000\" height=\"667\" src=\"https:\/\/areso.eus\/wp-content\/uploads\/2015\/12\/topaketa-012.jpg\" class=\"attachment-full size-full\" alt=\"\" loading=\"lazy\" srcset=\"https:\/\/areso.eus\/wp-content\/uploads\/2015\/12\/topaketa-012.jpg 1000w, https:\/\/areso.eus\/wp-content\/uploads\/2015\/12\/topaketa-012-300x200.jpg 300w, https:\/\/areso.eus\/wp-content\/uploads\/2015\/12\/topaketa-012-768x512.jpg 768w\" sizes=\"auto, (max-width: 1000px) 100vw, 1000px\" \/><\/a><\/div><\/div><\/div><div class=\"wpb_column vc_column_container\"><div class=\"vc_column-inner\"><div class=\"wpb_text_column\"><div class=\"wpb_wrapper\"><p><strong>ENCUENTROS ESCOLARES<\/strong><\/p>\n<p>Encuentros entre los escolares y padres de Areso, Goizueta, Arano y Leitza. Es una fiesta anual, Areso toma el testigo cada 3 a\u00f1os.<\/p>\n<p>El objetivo de la fiesta es que los ni\u00f1os jueguen y participen en diferentes actividades y compartan un bonito d\u00eda, y de igual manera, conozcan el pueblo.<\/p>\n<\/div><\/div><\/div><\/div><\/div><div class=\"w-separator size_small with_line width_default thick_1 style_solid color_border align_center\"><div class=\"w-separator-h\"><\/div><\/div><div class=\"g-cols wpb_row via_grid cols_1-3 laptops-cols_inherit tablets-cols_inherit mobiles-cols_1 valign_top type_default stacking_default\" style=\"--columns-gap:3rem;\"><div class=\"wpb_column vc_column_container\"><div class=\"vc_column-inner\"><div class=\"w-image align_none\"><a ref=\"magnificPopup\" href=\"https:\/\/areso.eus\/wp-content\/uploads\/2015\/12\/ERMITARA-ERROMESALDIA.jpg\" aria-label=\"ERMITARA ERROMESALDIA\" class=\"w-image-h\"><img decoding=\"async\" width=\"1000\" height=\"563\" src=\"https:\/\/areso.eus\/wp-content\/uploads\/2015\/12\/ERMITARA-ERROMESALDIA.jpg\" class=\"attachment-full size-full\" alt=\"\" loading=\"lazy\" srcset=\"https:\/\/areso.eus\/wp-content\/uploads\/2015\/12\/ERMITARA-ERROMESALDIA.jpg 1000w, https:\/\/areso.eus\/wp-content\/uploads\/2015\/12\/ERMITARA-ERROMESALDIA-300x169.jpg 300w, https:\/\/areso.eus\/wp-content\/uploads\/2015\/12\/ERMITARA-ERROMESALDIA-768x432.jpg 768w\" sizes=\"auto, (max-width: 1000px) 100vw, 1000px\" \/><\/a><\/div><\/div><\/div><div class=\"wpb_column vc_column_container\"><div class=\"vc_column-inner\"><div class=\"wpb_text_column\"><div class=\"wpb_wrapper\"><p><strong>ROMER\u00cdA DE LA ERMITA<\/strong><\/p>\n<p>Las\/los peregrinas\/peregrinos suben en V\u00eda Crucis el d\u00eda, 3 de mayo, d\u00eda que da nombre a la ermita Santa Cruz. Celebran una misa y despu\u00e9s almuerzan.<\/p>\n<\/div><\/div><\/div><\/div><\/div><div class=\"w-separator size_small with_line width_default thick_1 style_solid color_border align_center\"><div class=\"w-separator-h\"><\/div><\/div><div class=\"g-cols wpb_row via_grid cols_1-3 laptops-cols_inherit tablets-cols_inherit mobiles-cols_1 valign_top type_default stacking_default\" style=\"--columns-gap:3rem;\"><div class=\"wpb_column vc_column_container\"><div class=\"vc_column-inner\"><div class=\"w-image align_none\"><div class=\"w-image-h\"><img decoding=\"async\" width=\"262\" height=\"133\" src=\"https:\/\/areso.eus\/wp-content\/uploads\/2015\/12\/San-Juanak-09.jpg\" class=\"attachment-full size-full\" alt=\"\" loading=\"lazy\" \/><\/div><\/div><\/div><\/div><div class=\"wpb_column vc_column_container\"><div class=\"vc_column-inner\"><div class=\"wpb_text_column\"><div class=\"wpb_wrapper\"><p><strong>SAN JUAN<\/strong><\/p>\n<p>Noche de San Juan o solsticio de verano: los aresoarras tambi\u00e9n celebran el d\u00eda m\u00e1s largo del a\u00f1o. As\u00ed como lo hac\u00edan antes las Sorginak (brujas) que habitaban en el monte Ulizar, en akelarre. La fiesta comienza a la tarde, con actividades para los m\u00e1s peque\u00f1os, le sigue una cena popular. Y despu\u00e9s el fuego, para dar fuerza al sol y quemar los malos presagios.<\/p>\n<\/div><\/div><\/div><\/div><\/div><\/div><\/div><\/div><\/div><\/section>\n","protected":false},"excerpt":{"rendered":"FIESTAS PATRONALES Del 14 al 18 de agosto el pueblo celebra las fiestas de la Se\u00f1ora de la Asunci\u00f3n. En pleno verano y un ambiente festivo, todos los aresoarras disfrutan de los deportes rurales, comidas populares, actividades infantiles y m\u00fasica. Tambi\u00e9n participan en el &#8220;Ingurutxo de Areso&#8221; baile t\u00edpico del pueblo. MARCHA DE MONTA\u00d1A La...","protected":false},"author":1,"featured_media":0,"parent":2042,"menu_order":0,"comment_status":"closed","ping_status":"closed","template":"","meta":{"_acf_changed":false,"footnotes":""},"class_list":["post-2054","page","type-page","status-publish","hentry"],"acf":[],"yoast_head":"<!-- This site is optimized with the Yoast SEO plugin v26.7 - https:\/\/yoast.com\/wordpress\/plugins\/seo\/ -->\n<title>Fiestas y costumbres de Areso - Celebraciones, eventos y d\u00edas especiales<\/title>\n<meta name=\"description\" content=\"Fiestas y costumbres de Areso. Listado de los eventos y d\u00edas festivos m\u00e1s representativos de la localidad navarra, con su respectiva descripci\u00f3n.\" \/>\n<meta name=\"robots\" content=\"index, follow, max-snippet:-1, max-image-preview:large, max-video-preview:-1\" \/>\n<link rel=\"canonical\" href=\"https:\/\/areso.eus\/es\/conoce-areso\/turismo\/fiestas-y-costumbres\/\" \/>\n<meta property=\"og:locale\" content=\"es_ES\" \/>\n<meta property=\"og:type\" content=\"article\" \/>\n<meta property=\"og:title\" content=\"Fiestas y costumbres de Areso - Celebraciones, eventos y d\u00edas especiales\" \/>\n<meta property=\"og:description\" content=\"Fiestas y costumbres de Areso. Listado de los eventos y d\u00edas festivos m\u00e1s representativos de la localidad navarra, con su respectiva descripci\u00f3n.\" \/>\n<meta property=\"og:url\" content=\"https:\/\/areso.eus\/es\/conoce-areso\/turismo\/fiestas-y-costumbres\/\" \/>\n<meta property=\"og:site_name\" content=\"Aresoko Udala\" \/>\n<meta property=\"article:publisher\" content=\"https:\/\/www.facebook.com\/areso.udala\" \/>\n<meta property=\"article:modified_time\" content=\"2026-01-19T11:38:23+00:00\" \/>\n<meta name=\"twitter:card\" content=\"summary_large_image\" \/>\n<meta name=\"twitter:label1\" content=\"Tiempo de lectura\" \/>\n\t<meta name=\"twitter:data1\" content=\"3 minutos\" \/>\n<script type=\"application\/ld+json\" class=\"yoast-schema-graph\">{\"@context\":\"https:\/\/schema.org\",\"@graph\":[{\"@type\":\"WebPage\",\"@id\":\"https:\/\/areso.eus\/es\/conoce-areso\/turismo\/fiestas-y-costumbres\/\",\"url\":\"https:\/\/areso.eus\/es\/conoce-areso\/turismo\/fiestas-y-costumbres\/\",\"name\":\"Fiestas y costumbres de Areso - Celebraciones, eventos y d\u00edas especiales\",\"isPartOf\":{\"@id\":\"https:\/\/areso.eus\/#website\"},\"datePublished\":\"2015-12-22T09:11:18+00:00\",\"dateModified\":\"2026-01-19T11:38:23+00:00\",\"description\":\"Fiestas y costumbres de Areso. Listado de los eventos y d\u00edas festivos m\u00e1s representativos de la localidad navarra, con su respectiva descripci\u00f3n.\",\"breadcrumb\":{\"@id\":\"https:\/\/areso.eus\/es\/conoce-areso\/turismo\/fiestas-y-costumbres\/#breadcrumb\"},\"inLanguage\":\"es\",\"potentialAction\":[{\"@type\":\"ReadAction\",\"target\":[\"https:\/\/areso.eus\/es\/conoce-areso\/turismo\/fiestas-y-costumbres\/\"]}]},{\"@type\":\"BreadcrumbList\",\"@id\":\"https:\/\/areso.eus\/es\/conoce-areso\/turismo\/fiestas-y-costumbres\/#breadcrumb\",\"itemListElement\":[{\"@type\":\"ListItem\",\"position\":1,\"name\":\"Hasiera orria\",\"item\":\"https:\/\/areso.eus\/es\/\"},{\"@type\":\"ListItem\",\"position\":2,\"name\":\"Conoce Areso\",\"item\":\"https:\/\/areso.eus\/areso-ezagutu\/\"},{\"@type\":\"ListItem\",\"position\":3,\"name\":\"Turismo\",\"item\":\"https:\/\/areso.eus\/areso-ezagutu\/turismoa\/\"},{\"@type\":\"ListItem\",\"position\":4,\"name\":\"Fiestas y Costumbres\"}]},{\"@type\":\"WebSite\",\"@id\":\"https:\/\/areso.eus\/#website\",\"url\":\"https:\/\/areso.eus\/\",\"name\":\"Aresoko Udala\",\"description\":\"Aresoko udalaren webgune ofiziala. Herriko informazioa, albisteak, ekitaldiak, jarduerak, berriak, informazio turistikoa...\",\"publisher\":{\"@id\":\"https:\/\/areso.eus\/#organization\"},\"potentialAction\":[{\"@type\":\"SearchAction\",\"target\":{\"@type\":\"EntryPoint\",\"urlTemplate\":\"https:\/\/areso.eus\/?s={search_term_string}\"},\"query-input\":{\"@type\":\"PropertyValueSpecification\",\"valueRequired\":true,\"valueName\":\"search_term_string\"}}],\"inLanguage\":\"es\"},{\"@type\":\"Organization\",\"@id\":\"https:\/\/areso.eus\/#organization\",\"name\":\"Aresoko Udala\",\"url\":\"https:\/\/areso.eus\/\",\"logo\":{\"@type\":\"ImageObject\",\"inLanguage\":\"es\",\"@id\":\"https:\/\/areso.eus\/#\/schema\/logo\/image\/\",\"url\":\"https:\/\/areso.eus\/wp-content\/uploads\/2016\/02\/Escudo-Areso-08.png\",\"contentUrl\":\"https:\/\/areso.eus\/wp-content\/uploads\/2016\/02\/Escudo-Areso-08.png\",\"width\":169,\"height\":71,\"caption\":\"Aresoko Udala\"},\"image\":{\"@id\":\"https:\/\/areso.eus\/#\/schema\/logo\/image\/\"},\"sameAs\":[\"https:\/\/www.facebook.com\/areso.udala\"]}]}<\/script>\n<!-- \/ Yoast SEO plugin. -->","yoast_head_json":{"title":"Fiestas y costumbres de Areso - Celebraciones, eventos y d\u00edas especiales","description":"Fiestas y costumbres de Areso. Listado de los eventos y d\u00edas festivos m\u00e1s representativos de la localidad navarra, con su respectiva descripci\u00f3n.","robots":{"index":"index","follow":"follow","max-snippet":"max-snippet:-1","max-image-preview":"max-image-preview:large","max-video-preview":"max-video-preview:-1"},"canonical":"https:\/\/areso.eus\/es\/conoce-areso\/turismo\/fiestas-y-costumbres\/","og_locale":"es_ES","og_type":"article","og_title":"Fiestas y costumbres de Areso - Celebraciones, eventos y d\u00edas especiales","og_description":"Fiestas y costumbres de Areso. Listado de los eventos y d\u00edas festivos m\u00e1s representativos de la localidad navarra, con su respectiva descripci\u00f3n.","og_url":"https:\/\/areso.eus\/es\/conoce-areso\/turismo\/fiestas-y-costumbres\/","og_site_name":"Aresoko Udala","article_publisher":"https:\/\/www.facebook.com\/areso.udala","article_modified_time":"2026-01-19T11:38:23+00:00","twitter_card":"summary_large_image","twitter_misc":{"Tiempo de lectura":"3 minutos"},"schema":{"@context":"https:\/\/schema.org","@graph":[{"@type":"WebPage","@id":"https:\/\/areso.eus\/es\/conoce-areso\/turismo\/fiestas-y-costumbres\/","url":"https:\/\/areso.eus\/es\/conoce-areso\/turismo\/fiestas-y-costumbres\/","name":"Fiestas y costumbres de Areso - Celebraciones, eventos y d\u00edas especiales","isPartOf":{"@id":"https:\/\/areso.eus\/#website"},"datePublished":"2015-12-22T09:11:18+00:00","dateModified":"2026-01-19T11:38:23+00:00","description":"Fiestas y costumbres de Areso. Listado de los eventos y d\u00edas festivos m\u00e1s representativos de la localidad navarra, con su respectiva descripci\u00f3n.","breadcrumb":{"@id":"https:\/\/areso.eus\/es\/conoce-areso\/turismo\/fiestas-y-costumbres\/#breadcrumb"},"inLanguage":"es","potentialAction":[{"@type":"ReadAction","target":["https:\/\/areso.eus\/es\/conoce-areso\/turismo\/fiestas-y-costumbres\/"]}]},{"@type":"BreadcrumbList","@id":"https:\/\/areso.eus\/es\/conoce-areso\/turismo\/fiestas-y-costumbres\/#breadcrumb","itemListElement":[{"@type":"ListItem","position":1,"name":"Hasiera orria","item":"https:\/\/areso.eus\/es\/"},{"@type":"ListItem","position":2,"name":"Conoce Areso","item":"https:\/\/areso.eus\/areso-ezagutu\/"},{"@type":"ListItem","position":3,"name":"Turismo","item":"https:\/\/areso.eus\/areso-ezagutu\/turismoa\/"},{"@type":"ListItem","position":4,"name":"Fiestas y Costumbres"}]},{"@type":"WebSite","@id":"https:\/\/areso.eus\/#website","url":"https:\/\/areso.eus\/","name":"Aresoko Udala","description":"Aresoko udalaren webgune ofiziala. Herriko informazioa, albisteak, ekitaldiak, jarduerak, berriak, informazio turistikoa...","publisher":{"@id":"https:\/\/areso.eus\/#organization"},"potentialAction":[{"@type":"SearchAction","target":{"@type":"EntryPoint","urlTemplate":"https:\/\/areso.eus\/?s={search_term_string}"},"query-input":{"@type":"PropertyValueSpecification","valueRequired":true,"valueName":"search_term_string"}}],"inLanguage":"es"},{"@type":"Organization","@id":"https:\/\/areso.eus\/#organization","name":"Aresoko Udala","url":"https:\/\/areso.eus\/","logo":{"@type":"ImageObject","inLanguage":"es","@id":"https:\/\/areso.eus\/#\/schema\/logo\/image\/","url":"https:\/\/areso.eus\/wp-content\/uploads\/2016\/02\/Escudo-Areso-08.png","contentUrl":"https:\/\/areso.eus\/wp-content\/uploads\/2016\/02\/Escudo-Areso-08.png","width":169,"height":71,"caption":"Aresoko Udala"},"image":{"@id":"https:\/\/areso.eus\/#\/schema\/logo\/image\/"},"sameAs":["https:\/\/www.facebook.com\/areso.udala"]}]}},"_links":{"self":[{"href":"https:\/\/areso.eus\/es\/wp-json\/wp\/v2\/pages\/2054","targetHints":{"allow":["GET"]}}],"collection":[{"href":"https:\/\/areso.eus\/es\/wp-json\/wp\/v2\/pages"}],"about":[{"href":"https:\/\/areso.eus\/es\/wp-json\/wp\/v2\/types\/page"}],"author":[{"embeddable":true,"href":"https:\/\/areso.eus\/es\/wp-json\/wp\/v2\/users\/1"}],"replies":[{"embeddable":true,"href":"https:\/\/areso.eus\/es\/wp-json\/wp\/v2\/comments?post=2054"}],"version-history":[{"count":5,"href":"https:\/\/areso.eus\/es\/wp-json\/wp\/v2\/pages\/2054\/revisions"}],"predecessor-version":[{"id":5864,"href":"https:\/\/areso.eus\/es\/wp-json\/wp\/v2\/pages\/2054\/revisions\/5864"}],"up":[{"embeddable":true,"href":"https:\/\/areso.eus\/es\/wp-json\/wp\/v2\/pages\/2042"}],"wp:attachment":[{"href":"https:\/\/areso.eus\/es\/wp-json\/wp\/v2\/media?parent=2054"}],"curies":[{"name":"wp","href":"https:\/\/api.w.org\/{rel}","templated":true}]}}