{"id":2060,"date":"2015-12-22T16:44:23","date_gmt":"2015-12-22T16:44:23","guid":{"rendered":"https:\/\/areso.eus\/conoce-areso\/informazioa\/"},"modified":"2016-09-06T09:16:09","modified_gmt":"2016-09-06T09:16:09","slug":"informacion","status":"publish","type":"page","link":"https:\/\/areso.eus\/es\/conoce-areso\/informacion\/","title":{"rendered":"Informaci\u00f3n"},"content":{"rendered":"<section class=\"l-section wpb_row height_medium\"><div class=\"l-section-h i-cf\"><div class=\"g-cols vc_row via_grid cols_1-3 laptops-cols_inherit tablets-cols_inherit mobiles-cols_1 valign_top type_default stacking_default\"><div class=\"wpb_column vc_column_container .titulomenu\"><div class=\"vc_column-inner\"><div class=\"wpb_text_column us_custom_1898147d\"><div class=\"wpb_wrapper\"><p>Areso<\/p>\n<\/div><\/div><div class=\"w-tabs style_default switch_click accordion has_scrolling\" style=\"--sections-title-size:inherit\"><div class=\"w-tabs-sections titles-align_none icon_chevron cpos_right\"><div class=\"w-tabs-section\" id=\"v863\"><button class=\"w-tabs-section-header\" aria-controls=\"content-v863\" aria-expanded=\"false\"><div class=\"w-tabs-section-title\">Turismo<\/div><div class=\"w-tabs-section-control\"><\/div><\/button><div  class=\"w-tabs-section-content\" id=\"content-v863\"><div class=\"w-tabs-section-content-h i-cf\"><div class=\"wpb_text_column .hcolor\"><div class=\"wpb_wrapper\"><h4><a href=\"https:\/\/areso.eus\/es\/conoce-areso\/turismo\/rutas-y-soportes-gps\/\">Rutas y Soportes GPS<\/a><\/h4>\n<h4><a href=\"https:\/\/areso.eus\/es\/conoce-areso\/turismo\/como-llegar\/\">C\u00f3mo llegar<\/a><\/h4>\n<h4><a href=\"https:\/\/areso.eus\/es\/conoce-areso\/turismo\/comer-dormir-y-visitar\/\">Comer, Dormir y Visitar<\/a><\/h4>\n<h4><a href=\"https:\/\/areso.eus\/es\/conoce-areso\/turismo\/fiestas-y-costumbres\/\">Fiestas y costumbres<\/a><\/h4>\n<h4><a href=\"https:\/\/areso.eus\/es\/conoce-areso\/turismo\/que-visitar\/\">Qu\u00e9 visitar<\/a><\/h4>\n<\/div><\/div><\/div><\/div><\/div><div class=\"w-tabs-section\" id=\"j8ec\"><button class=\"w-tabs-section-header\" aria-controls=\"content-j8ec\" aria-expanded=\"false\"><div class=\"w-tabs-section-title\">Informaci\u00f3n<\/div><div class=\"w-tabs-section-control\"><\/div><\/button><div  class=\"w-tabs-section-content\" id=\"content-j8ec\"><div class=\"w-tabs-section-content-h i-cf\"><div class=\"wpb_text_column .hcolor\"><div class=\"wpb_wrapper\"><h4><a href=\"https:\/\/areso.eus\/es\/conoce-areso\/informacion\/datos-de-interes\/\">Datos de inter\u00e9s<\/a><\/h4>\n<h4><a href=\"https:\/\/areso.eus\/es\/conoce-areso\/informacion\/geografia\/\">Geograf\u00eda<\/a><\/h4>\n<h4><a href=\"https:\/\/areso.eus\/es\/conoce-areso\/informacion\/historia\/\">Historia<\/a><\/h4>\n<h4><a href=\"https:\/\/areso.eus\/es\/conoce-areso\/informacion\/revistas\/\">Revistas<\/a><\/h4>\n<\/div><\/div><\/div><\/div><\/div><div class=\"w-tabs-section\" id=\"m951\"><button class=\"w-tabs-section-header\" aria-controls=\"content-m951\" aria-expanded=\"false\"><div class=\"w-tabs-section-title\">Pol\u00edgono Industrial<\/div><div class=\"w-tabs-section-control\"><\/div><\/button><div  class=\"w-tabs-section-content\" id=\"content-m951\"><div class=\"w-tabs-section-content-h i-cf\"><div class=\"wpb_text_column .hcolor\"><div class=\"wpb_wrapper\"><h4><a href=\"https:\/\/areso.eus\/es\/poligono-industrial\/\"> Pol\u00edgono Industrial<\/a><\/h4>\n<\/div><\/div><\/div><\/div><\/div><div class=\"w-tabs-section\" id=\"b9ac\"><button class=\"w-tabs-section-header\" aria-controls=\"content-b9ac\" aria-expanded=\"false\"><div class=\"w-tabs-section-title\">Areso en Im\u00e1genes<\/div><div class=\"w-tabs-section-control\"><\/div><\/button><div  class=\"w-tabs-section-content\" id=\"content-b9ac\"><div class=\"w-tabs-section-content-h i-cf\"><div class=\"wpb_text_column .hcolor\"><div class=\"wpb_wrapper\"><h4><a href=\"https:\/\/areso.eus\/es\/conoce-areso\/galeria\/\">Galer\u00eda<\/a><\/h4>\n<\/div><\/div><\/div><\/div><\/div><\/div><\/div>[vc_empty_space]<\/div><\/div><div class=\"wpb_column vc_column_container\"><div class=\"vc_column-inner\">[vc_custom_heading text=&#8221;INFORMACI\u00d3N&#8221; font_container=&#8221;tag:h2|font_size:2em|text_align:center|color:%230596dc&#8221; google_fonts=&#8221;font_family:Roboto%20Condensed%3A300%2C300italic%2Cregular%2Citalic%2C700%2C700italic|font_style:300%20light%20regular%3A300%3Anormal&#8221;][vc_empty_space][vc_single_image image=&#8221;1325&#8243; img_size=&#8221;full&#8221; alignment=&#8221;center&#8221; css=&#8221;.vc_custom_1453733848308{padding-top: 20px !important;padding-bottom: 20px !important;}&#8221;]<div class=\"g-cols wpb_row via_grid cols_2 laptops-cols_inherit tablets-cols_inherit mobiles-cols_1 valign_top type_default stacking_default\" style=\"--columns-gap:3rem;\"><div class=\"wpb_column vc_column_container\"><div class=\"vc_column-inner\">[list][li icon_name=&#8221;fa-check-circle&#8221;]<strong>Comunidad Aut\u00f3noma:<\/strong> Comunidad Foral de Navarra[\/li][li icon_name=&#8221;fa-check-circle&#8221;]<strong>Provincia:<\/strong> Navarra[\/li][li icon_name=&#8221;fa-check-circle&#8221;]<strong>Categor\u00eda Hist\u00f3rica:<\/strong> Villa de Areso[\/li][li icon_name=&#8221;fa-check-circle&#8221;]<strong>Categor\u00eda Administrativa:<\/strong> Municipio[\/li][li icon_name=&#8221;fa-check-circle&#8221;]<strong>Partido Judicial:<\/strong> Leitzaldea[\/li][li icon_name=&#8221;fa-check-circle&#8221;]<strong>Merindad:<\/strong> Iru\u00f1a[\/li][li icon_name=&#8221;fa-check-circle&#8221;]<strong>Comarca Geogr\u00e1fica:<\/strong> Enclavado en el Valle Leizaran, Areso colinda con la frontera gipuzkoana[\/li][\/list]<\/div><\/div><div class=\"wpb_column vc_column_container\"><div class=\"vc_column-inner\">[list][li icon_name=&#8221;fa-check-circle&#8221;]<strong>Poblaci\u00f3n en 2009:<\/strong> 282 habitantes[\/li][li icon_name=&#8221;fa-check-circle&#8221;]<strong>Superficie:<\/strong> 12,20 Km\u00b2[\/li][li icon_name=&#8221;fa-check-circle&#8221;]<strong>Densidad de Poblaci\u00f3n:<\/strong> 23,11 habitantes\/Km\u00b2[\/li][li icon_name=&#8221;fa-check-circle&#8221;]<strong>Altitud en el Ayuntamiento:<\/strong> 498 metros[\/li][li icon_name=&#8221;fa-check-circle&#8221;]<strong>Distancia a Pamplona:<\/strong> 48 kil\u00f3metros[\/li][li icon_name=&#8221;fa-check-circle&#8221;]<strong>Comunicaciones\/Carreteras de acceso:<\/strong> La cercan\u00eda a la Autov\u00eda A-15 hace muy f\u00e1cil el acceso a Donostia e Iru\u00f1a[\/li][li icon_name=&#8221;fa-check-circle&#8221;]<strong>Jentilizioa:<\/strong> Aresoarras[\/li][\/list]<\/div><\/div><\/div><div class=\"g-cols wpb_row via_grid cols_1 laptops-cols_inherit tablets-cols_inherit mobiles-cols_1 valign_top type_default stacking_default\" style=\"--columns-gap:3rem;\"><div class=\"wpb_column vc_column_container\"><div class=\"vc_column-inner\"><\/div><\/div><\/div><\/div><\/div><\/div><\/div><\/section>\n","protected":false},"excerpt":{"rendered":"Areso TurismoRutas y Soportes GPS C\u00f3mo llegar Comer, Dormir y Visitar Fiestas y costumbres Qu\u00e9 visitar Informaci\u00f3nDatos de inter\u00e9s Geograf\u00eda Historia Revistas Pol\u00edgono Industrial Pol\u00edgono Industrial Areso en Im\u00e1genesGaler\u00eda [vc_empty_space][vc_custom_heading text=\"INFORMACI\u00d3N\" font_container=\"tag:h2|font_size:2em|text_align:center|color:%230596dc\" google_fonts=\"font_family:Roboto%20Condensed%3A300%2C300italic%2Cregular%2Citalic%2C700%2C700italic|font_style:300%20light%20regular%3A300%3Anormal\"][vc_empty_space][vc_single_image image=\"1325\" img_size=\"full\" alignment=\"center\" css=\".vc_custom_1453733848308{padding-top: 20px !important;padding-bottom: 20px !important;}\"][list][li icon_name=\"fa-check-circle\"]Comunidad Aut\u00f3noma: Comunidad Foral de Navarra[\/li][li icon_name=\"fa-check-circle\"]Provincia: Navarra[\/li][li icon_name=\"fa-check-circle\"]Categor\u00eda Hist\u00f3rica: Villa de Areso[\/li][li icon_name=\"fa-check-circle\"]Categor\u00eda...","protected":false},"author":1,"featured_media":0,"parent":2039,"menu_order":0,"comment_status":"closed","ping_status":"closed","template":"","meta":{"_acf_changed":false,"footnotes":""},"class_list":["post-2060","page","type-page","status-publish","hentry"],"acf":[],"yoast_head":"<!-- This site is optimized with the Yoast SEO plugin v26.7 - https:\/\/yoast.com\/wordpress\/plugins\/seo\/ -->\n<title>Informaci\u00f3n sobre la localidad de Areso. Datos t\u00e9cnicos.<\/title>\n<meta name=\"description\" content=\"Informaci\u00f3n sobre la localidad de Areso. Datos t\u00e9cnicos, poblaci\u00f3n, populaci\u00f3n, medios de transporte, c\u00f3mo llegar, densidad, datos administrativos...\" \/>\n<meta name=\"robots\" content=\"index, follow, max-snippet:-1, max-image-preview:large, max-video-preview:-1\" \/>\n<link rel=\"canonical\" href=\"https:\/\/areso.eus\/areso-ezagutu\/informazioa\/\" \/>\n<meta property=\"og:locale\" content=\"es_ES\" \/>\n<meta property=\"og:type\" content=\"article\" \/>\n<meta property=\"og:title\" content=\"Informaci\u00f3n sobre la localidad de Areso. Datos t\u00e9cnicos.\" \/>\n<meta property=\"og:description\" content=\"Informaci\u00f3n sobre la localidad de Areso. Datos t\u00e9cnicos, poblaci\u00f3n, populaci\u00f3n, medios de transporte, c\u00f3mo llegar, densidad, datos administrativos...\" \/>\n<meta property=\"og:url\" content=\"https:\/\/areso.eus\/areso-ezagutu\/informazioa\/\" \/>\n<meta property=\"og:site_name\" content=\"Aresoko Udala\" \/>\n<meta property=\"article:publisher\" content=\"https:\/\/www.facebook.com\/areso.udala\" \/>\n<meta property=\"article:modified_time\" content=\"2016-09-06T09:16:09+00:00\" \/>\n<meta name=\"twitter:card\" content=\"summary_large_image\" \/>\n<meta name=\"twitter:label1\" content=\"Tiempo de lectura\" \/>\n\t<meta name=\"twitter:data1\" content=\"2 minutos\" \/>\n<script type=\"application\/ld+json\" class=\"yoast-schema-graph\">{\"@context\":\"https:\/\/schema.org\",\"@graph\":[{\"@type\":\"WebPage\",\"@id\":\"https:\/\/areso.eus\/areso-ezagutu\/informazioa\/\",\"url\":\"https:\/\/areso.eus\/areso-ezagutu\/informazioa\/\",\"name\":\"Informaci\u00f3n sobre la localidad de Areso. Datos t\u00e9cnicos.\",\"isPartOf\":{\"@id\":\"https:\/\/areso.eus\/#website\"},\"datePublished\":\"2015-12-22T16:44:23+00:00\",\"dateModified\":\"2016-09-06T09:16:09+00:00\",\"description\":\"Informaci\u00f3n sobre la localidad de Areso. Datos t\u00e9cnicos, poblaci\u00f3n, populaci\u00f3n, medios de transporte, c\u00f3mo llegar, densidad, datos administrativos...\",\"breadcrumb\":{\"@id\":\"https:\/\/areso.eus\/areso-ezagutu\/informazioa\/#breadcrumb\"},\"inLanguage\":\"es\",\"potentialAction\":[{\"@type\":\"ReadAction\",\"target\":[\"https:\/\/areso.eus\/areso-ezagutu\/informazioa\/\"]}]},{\"@type\":\"BreadcrumbList\",\"@id\":\"https:\/\/areso.eus\/areso-ezagutu\/informazioa\/#breadcrumb\",\"itemListElement\":[{\"@type\":\"ListItem\",\"position\":1,\"name\":\"Hasiera orria\",\"item\":\"https:\/\/areso.eus\/es\/\"},{\"@type\":\"ListItem\",\"position\":2,\"name\":\"Conoce Areso\",\"item\":\"https:\/\/areso.eus\/areso-ezagutu\/\"},{\"@type\":\"ListItem\",\"position\":3,\"name\":\"Informaci\u00f3n\"}]},{\"@type\":\"WebSite\",\"@id\":\"https:\/\/areso.eus\/#website\",\"url\":\"https:\/\/areso.eus\/\",\"name\":\"Aresoko Udala\",\"description\":\"Aresoko udalaren webgune ofiziala. Herriko informazioa, albisteak, ekitaldiak, jarduerak, berriak, informazio turistikoa...\",\"publisher\":{\"@id\":\"https:\/\/areso.eus\/#organization\"},\"potentialAction\":[{\"@type\":\"SearchAction\",\"target\":{\"@type\":\"EntryPoint\",\"urlTemplate\":\"https:\/\/areso.eus\/?s={search_term_string}\"},\"query-input\":{\"@type\":\"PropertyValueSpecification\",\"valueRequired\":true,\"valueName\":\"search_term_string\"}}],\"inLanguage\":\"es\"},{\"@type\":\"Organization\",\"@id\":\"https:\/\/areso.eus\/#organization\",\"name\":\"Aresoko Udala\",\"url\":\"https:\/\/areso.eus\/\",\"logo\":{\"@type\":\"ImageObject\",\"inLanguage\":\"es\",\"@id\":\"https:\/\/areso.eus\/#\/schema\/logo\/image\/\",\"url\":\"https:\/\/areso.eus\/wp-content\/uploads\/2016\/02\/Escudo-Areso-08.png\",\"contentUrl\":\"https:\/\/areso.eus\/wp-content\/uploads\/2016\/02\/Escudo-Areso-08.png\",\"width\":169,\"height\":71,\"caption\":\"Aresoko Udala\"},\"image\":{\"@id\":\"https:\/\/areso.eus\/#\/schema\/logo\/image\/\"},\"sameAs\":[\"https:\/\/www.facebook.com\/areso.udala\"]}]}<\/script>\n<!-- \/ Yoast SEO plugin. -->","yoast_head_json":{"title":"Informaci\u00f3n sobre la localidad de Areso. Datos t\u00e9cnicos.","description":"Informaci\u00f3n sobre la localidad de Areso. Datos t\u00e9cnicos, poblaci\u00f3n, populaci\u00f3n, medios de transporte, c\u00f3mo llegar, densidad, datos administrativos...","robots":{"index":"index","follow":"follow","max-snippet":"max-snippet:-1","max-image-preview":"max-image-preview:large","max-video-preview":"max-video-preview:-1"},"canonical":"https:\/\/areso.eus\/areso-ezagutu\/informazioa\/","og_locale":"es_ES","og_type":"article","og_title":"Informaci\u00f3n sobre la localidad de Areso. Datos t\u00e9cnicos.","og_description":"Informaci\u00f3n sobre la localidad de Areso. Datos t\u00e9cnicos, poblaci\u00f3n, populaci\u00f3n, medios de transporte, c\u00f3mo llegar, densidad, datos administrativos...","og_url":"https:\/\/areso.eus\/areso-ezagutu\/informazioa\/","og_site_name":"Aresoko Udala","article_publisher":"https:\/\/www.facebook.com\/areso.udala","article_modified_time":"2016-09-06T09:16:09+00:00","twitter_card":"summary_large_image","twitter_misc":{"Tiempo de lectura":"2 minutos"},"schema":{"@context":"https:\/\/schema.org","@graph":[{"@type":"WebPage","@id":"https:\/\/areso.eus\/areso-ezagutu\/informazioa\/","url":"https:\/\/areso.eus\/areso-ezagutu\/informazioa\/","name":"Informaci\u00f3n sobre la localidad de Areso. Datos t\u00e9cnicos.","isPartOf":{"@id":"https:\/\/areso.eus\/#website"},"datePublished":"2015-12-22T16:44:23+00:00","dateModified":"2016-09-06T09:16:09+00:00","description":"Informaci\u00f3n sobre la localidad de Areso. Datos t\u00e9cnicos, poblaci\u00f3n, populaci\u00f3n, medios de transporte, c\u00f3mo llegar, densidad, datos administrativos...","breadcrumb":{"@id":"https:\/\/areso.eus\/areso-ezagutu\/informazioa\/#breadcrumb"},"inLanguage":"es","potentialAction":[{"@type":"ReadAction","target":["https:\/\/areso.eus\/areso-ezagutu\/informazioa\/"]}]},{"@type":"BreadcrumbList","@id":"https:\/\/areso.eus\/areso-ezagutu\/informazioa\/#breadcrumb","itemListElement":[{"@type":"ListItem","position":1,"name":"Hasiera orria","item":"https:\/\/areso.eus\/es\/"},{"@type":"ListItem","position":2,"name":"Conoce Areso","item":"https:\/\/areso.eus\/areso-ezagutu\/"},{"@type":"ListItem","position":3,"name":"Informaci\u00f3n"}]},{"@type":"WebSite","@id":"https:\/\/areso.eus\/#website","url":"https:\/\/areso.eus\/","name":"Aresoko Udala","description":"Aresoko udalaren webgune ofiziala. Herriko informazioa, albisteak, ekitaldiak, jarduerak, berriak, informazio turistikoa...","publisher":{"@id":"https:\/\/areso.eus\/#organization"},"potentialAction":[{"@type":"SearchAction","target":{"@type":"EntryPoint","urlTemplate":"https:\/\/areso.eus\/?s={search_term_string}"},"query-input":{"@type":"PropertyValueSpecification","valueRequired":true,"valueName":"search_term_string"}}],"inLanguage":"es"},{"@type":"Organization","@id":"https:\/\/areso.eus\/#organization","name":"Aresoko Udala","url":"https:\/\/areso.eus\/","logo":{"@type":"ImageObject","inLanguage":"es","@id":"https:\/\/areso.eus\/#\/schema\/logo\/image\/","url":"https:\/\/areso.eus\/wp-content\/uploads\/2016\/02\/Escudo-Areso-08.png","contentUrl":"https:\/\/areso.eus\/wp-content\/uploads\/2016\/02\/Escudo-Areso-08.png","width":169,"height":71,"caption":"Aresoko Udala"},"image":{"@id":"https:\/\/areso.eus\/#\/schema\/logo\/image\/"},"sameAs":["https:\/\/www.facebook.com\/areso.udala"]}]}},"_links":{"self":[{"href":"https:\/\/areso.eus\/es\/wp-json\/wp\/v2\/pages\/2060","targetHints":{"allow":["GET"]}}],"collection":[{"href":"https:\/\/areso.eus\/es\/wp-json\/wp\/v2\/pages"}],"about":[{"href":"https:\/\/areso.eus\/es\/wp-json\/wp\/v2\/types\/page"}],"author":[{"embeddable":true,"href":"https:\/\/areso.eus\/es\/wp-json\/wp\/v2\/users\/1"}],"replies":[{"embeddable":true,"href":"https:\/\/areso.eus\/es\/wp-json\/wp\/v2\/comments?post=2060"}],"version-history":[{"count":0,"href":"https:\/\/areso.eus\/es\/wp-json\/wp\/v2\/pages\/2060\/revisions"}],"up":[{"embeddable":true,"href":"https:\/\/areso.eus\/es\/wp-json\/wp\/v2\/pages\/2039"}],"wp:attachment":[{"href":"https:\/\/areso.eus\/es\/wp-json\/wp\/v2\/media?parent=2060"}],"curies":[{"name":"wp","href":"https:\/\/api.w.org\/{rel}","templated":true}]}}