{"id":2063,"date":"2016-01-11T15:13:34","date_gmt":"2016-01-11T14:13:34","guid":{"rendered":"https:\/\/areso.eus\/conoce-areso\/informacion\/datu-interesgarriak\/"},"modified":"2026-01-19T12:56:18","modified_gmt":"2026-01-19T11:56:18","slug":"datos-de-interes","status":"publish","type":"page","link":"https:\/\/areso.eus\/es\/conoce-areso\/informacion\/datos-de-interes\/","title":{"rendered":"Datos de Inter\u00e9s"},"content":{"rendered":"<section class=\"l-section wpb_row height_medium\"><div class=\"l-section-h i-cf\"><div class=\"g-cols vc_row via_grid cols_2 laptops-cols_inherit tablets-cols_inherit mobiles-cols_1 valign_top type_default stacking_default\"><div class=\"wpb_column vc_column_container .titulomenu\"><div class=\"vc_column-inner\"><div class=\"wpb_text_column\"><div class=\"wpb_wrapper\"><div id=\"translation_text\">\n<div class=\"jumbotron-text\">\n<div class=\"row\">\n<ul>\n<li class=\"col-md-12 col-xs-12\"><strong>Comunidad Aut\u00f3noma:<\/strong> Comunidad Foral de Navarra<\/li>\n<li class=\"col-md-12 col-xs-12\"><strong>Pa\u00eds:<\/strong> Navarra<\/li>\n<li class=\"col-md-12 col-xs-12\"><strong>Hist\u00f3rico:<\/strong> Ciudad de Areso<\/li>\n<li class=\"col-md-12 col-xs-12\"><strong>Inicio Administrativo:<\/strong> Municipio<\/li>\n<li class=\"col-md-12 col-xs-12\"><strong>Partido Judicial:<\/strong> Leitzaldea<\/li>\n<li class=\"col-md-12 col-xs-12\"><strong>Merindad:<\/strong> Pamplona<\/li>\n<li class=\"col-md-12 col-xs-12\"><strong>Comarca Geogr\u00e1fica:<\/strong> Localidad situada al noroeste de Navarra, en el valle de Leitzaran, cerca de la frontera con Gipuzkoa.<\/li>\n<li class=\"col-md-12 col-xs-12\"><strong>Poblaci\u00f3n 2019: <\/strong>279 habitantes<\/li>\n<li class=\"col-md-12 col-xs-12\"><strong>Extensi\u00f3n:<\/strong> 12,20 Km\u00b2<\/li>\n<li class=\"col-md-12 col-xs-12\"><strong>Densidad de poblaci\u00f3n:<\/strong> 23,11 habitantes\/Km\u00b2<\/li>\n<li class=\"col-md-12 col-xs-12\"><strong>Altura municipal:<\/strong> 498 metros<\/li>\n<li class=\"col-md-12 col-xs-12\"><strong>Distancia a Pamplona:<\/strong> 48 kil\u00f3metros<\/li>\n<li class=\"col-md-12 col-xs-12\"><strong>Comunicaciones\/Carreteras:<\/strong> La autopista A 15 une Areso con San Sebasti\u00e1n y Pamplona<\/li>\n<li class=\"col-md-12 col-xs-12\"><strong>Gentilicio:<\/strong> Aresoarras<\/li>\n<\/ul>\n<\/div>\n<\/div>\n<\/div>\n<\/div><\/div><\/div><\/div><div class=\"wpb_column vc_column_container\"><div class=\"vc_column-inner\"><div class=\"w-image align_none\"><a ref=\"magnificPopup\" href=\"https:\/\/areso.eus\/wp-content\/uploads\/2016\/01\/Areso-01-01.jpg\" aria-label=\"Areso-01-01\" class=\"w-image-h\"><img decoding=\"async\" width=\"970\" height=\"471\" src=\"https:\/\/areso.eus\/wp-content\/uploads\/2016\/01\/Areso-01-01.jpg\" class=\"attachment-full size-full\" alt=\"\" loading=\"lazy\" srcset=\"https:\/\/areso.eus\/wp-content\/uploads\/2016\/01\/Areso-01-01.jpg 970w, https:\/\/areso.eus\/wp-content\/uploads\/2016\/01\/Areso-01-01-300x146.jpg 300w, https:\/\/areso.eus\/wp-content\/uploads\/2016\/01\/Areso-01-01-768x373.jpg 768w\" sizes=\"auto, (max-width: 970px) 100vw, 970px\" \/><\/a><\/div><\/div><\/div><\/div><\/div><\/section>\n","protected":false},"excerpt":{"rendered":"Comunidad Aut\u00f3noma: Comunidad Foral de Navarra Pa\u00eds: Navarra Hist\u00f3rico: Ciudad de Areso Inicio Administrativo: Municipio Partido Judicial: Leitzaldea Merindad: Pamplona Comarca Geogr\u00e1fica: Localidad situada al noroeste de Navarra, en el valle de Leitzaran, cerca de la frontera con Gipuzkoa. Poblaci\u00f3n 2019: 279 habitantes Extensi\u00f3n: 12,20 Km\u00b2 Densidad de poblaci\u00f3n: 23,11 habitantes\/Km\u00b2 Altura municipal: 498 metros...","protected":false},"author":1,"featured_media":0,"parent":2060,"menu_order":0,"comment_status":"closed","ping_status":"closed","template":"","meta":{"_acf_changed":false,"footnotes":""},"class_list":["post-2063","page","type-page","status-publish","hentry"],"acf":[],"yoast_head":"<!-- This site is optimized with the Yoast SEO plugin v26.7 - https:\/\/yoast.com\/wordpress\/plugins\/seo\/ -->\n<title>Datos de inter\u00e9s de Areso. Informaci\u00f3n \u00fatil sobre la localidad navarra.<\/title>\n<meta name=\"description\" content=\"Datos de inter\u00e9s de Areso e informaci\u00f3n \u00fatil sobre la localidad de navarra. Datos t\u00e9cnicos, superficie, altitud, densidad...\" \/>\n<meta name=\"robots\" content=\"index, follow, max-snippet:-1, max-image-preview:large, max-video-preview:-1\" \/>\n<link rel=\"canonical\" href=\"https:\/\/areso.eus\/es\/conoce-areso\/informacion\/datos-de-interes\/\" \/>\n<meta property=\"og:locale\" content=\"es_ES\" \/>\n<meta property=\"og:type\" content=\"article\" \/>\n<meta property=\"og:title\" content=\"Datos de inter\u00e9s de Areso. Informaci\u00f3n \u00fatil sobre la localidad navarra.\" \/>\n<meta property=\"og:description\" content=\"Datos de inter\u00e9s de Areso e informaci\u00f3n \u00fatil sobre la localidad de navarra. Datos t\u00e9cnicos, superficie, altitud, densidad...\" \/>\n<meta property=\"og:url\" content=\"https:\/\/areso.eus\/es\/conoce-areso\/informacion\/datos-de-interes\/\" \/>\n<meta property=\"og:site_name\" content=\"Aresoko Udala\" \/>\n<meta property=\"article:publisher\" content=\"https:\/\/www.facebook.com\/areso.udala\" \/>\n<meta property=\"article:modified_time\" content=\"2026-01-19T11:56:18+00:00\" \/>\n<meta name=\"twitter:card\" content=\"summary_large_image\" \/>\n<meta name=\"twitter:label1\" content=\"Tiempo de lectura\" \/>\n\t<meta name=\"twitter:data1\" content=\"1 minuto\" \/>\n<script type=\"application\/ld+json\" class=\"yoast-schema-graph\">{\"@context\":\"https:\/\/schema.org\",\"@graph\":[{\"@type\":\"WebPage\",\"@id\":\"https:\/\/areso.eus\/es\/conoce-areso\/informacion\/datos-de-interes\/\",\"url\":\"https:\/\/areso.eus\/es\/conoce-areso\/informacion\/datos-de-interes\/\",\"name\":\"Datos de inter\u00e9s de Areso. Informaci\u00f3n \u00fatil sobre la localidad navarra.\",\"isPartOf\":{\"@id\":\"https:\/\/areso.eus\/#website\"},\"datePublished\":\"2016-01-11T14:13:34+00:00\",\"dateModified\":\"2026-01-19T11:56:18+00:00\",\"description\":\"Datos de inter\u00e9s de Areso e informaci\u00f3n \u00fatil sobre la localidad de navarra. Datos t\u00e9cnicos, superficie, altitud, densidad...\",\"breadcrumb\":{\"@id\":\"https:\/\/areso.eus\/es\/conoce-areso\/informacion\/datos-de-interes\/#breadcrumb\"},\"inLanguage\":\"es\",\"potentialAction\":[{\"@type\":\"ReadAction\",\"target\":[\"https:\/\/areso.eus\/es\/conoce-areso\/informacion\/datos-de-interes\/\"]}]},{\"@type\":\"BreadcrumbList\",\"@id\":\"https:\/\/areso.eus\/es\/conoce-areso\/informacion\/datos-de-interes\/#breadcrumb\",\"itemListElement\":[{\"@type\":\"ListItem\",\"position\":1,\"name\":\"Hasiera orria\",\"item\":\"https:\/\/areso.eus\/es\/\"},{\"@type\":\"ListItem\",\"position\":2,\"name\":\"Conoce Areso\",\"item\":\"https:\/\/areso.eus\/areso-ezagutu\/\"},{\"@type\":\"ListItem\",\"position\":3,\"name\":\"Informaci\u00f3n\",\"item\":\"https:\/\/areso.eus\/areso-ezagutu\/informazioa\/\"},{\"@type\":\"ListItem\",\"position\":4,\"name\":\"Datos de Inter\u00e9s\"}]},{\"@type\":\"WebSite\",\"@id\":\"https:\/\/areso.eus\/#website\",\"url\":\"https:\/\/areso.eus\/\",\"name\":\"Aresoko Udala\",\"description\":\"Aresoko udalaren webgune ofiziala. Herriko informazioa, albisteak, ekitaldiak, jarduerak, berriak, informazio turistikoa...\",\"publisher\":{\"@id\":\"https:\/\/areso.eus\/#organization\"},\"potentialAction\":[{\"@type\":\"SearchAction\",\"target\":{\"@type\":\"EntryPoint\",\"urlTemplate\":\"https:\/\/areso.eus\/?s={search_term_string}\"},\"query-input\":{\"@type\":\"PropertyValueSpecification\",\"valueRequired\":true,\"valueName\":\"search_term_string\"}}],\"inLanguage\":\"es\"},{\"@type\":\"Organization\",\"@id\":\"https:\/\/areso.eus\/#organization\",\"name\":\"Aresoko Udala\",\"url\":\"https:\/\/areso.eus\/\",\"logo\":{\"@type\":\"ImageObject\",\"inLanguage\":\"es\",\"@id\":\"https:\/\/areso.eus\/#\/schema\/logo\/image\/\",\"url\":\"https:\/\/areso.eus\/wp-content\/uploads\/2016\/02\/Escudo-Areso-08.png\",\"contentUrl\":\"https:\/\/areso.eus\/wp-content\/uploads\/2016\/02\/Escudo-Areso-08.png\",\"width\":169,\"height\":71,\"caption\":\"Aresoko Udala\"},\"image\":{\"@id\":\"https:\/\/areso.eus\/#\/schema\/logo\/image\/\"},\"sameAs\":[\"https:\/\/www.facebook.com\/areso.udala\"]}]}<\/script>\n<!-- \/ Yoast SEO plugin. -->","yoast_head_json":{"title":"Datos de inter\u00e9s de Areso. Informaci\u00f3n \u00fatil sobre la localidad navarra.","description":"Datos de inter\u00e9s de Areso e informaci\u00f3n \u00fatil sobre la localidad de navarra. Datos t\u00e9cnicos, superficie, altitud, densidad...","robots":{"index":"index","follow":"follow","max-snippet":"max-snippet:-1","max-image-preview":"max-image-preview:large","max-video-preview":"max-video-preview:-1"},"canonical":"https:\/\/areso.eus\/es\/conoce-areso\/informacion\/datos-de-interes\/","og_locale":"es_ES","og_type":"article","og_title":"Datos de inter\u00e9s de Areso. Informaci\u00f3n \u00fatil sobre la localidad navarra.","og_description":"Datos de inter\u00e9s de Areso e informaci\u00f3n \u00fatil sobre la localidad de navarra. Datos t\u00e9cnicos, superficie, altitud, densidad...","og_url":"https:\/\/areso.eus\/es\/conoce-areso\/informacion\/datos-de-interes\/","og_site_name":"Aresoko Udala","article_publisher":"https:\/\/www.facebook.com\/areso.udala","article_modified_time":"2026-01-19T11:56:18+00:00","twitter_card":"summary_large_image","twitter_misc":{"Tiempo de lectura":"1 minuto"},"schema":{"@context":"https:\/\/schema.org","@graph":[{"@type":"WebPage","@id":"https:\/\/areso.eus\/es\/conoce-areso\/informacion\/datos-de-interes\/","url":"https:\/\/areso.eus\/es\/conoce-areso\/informacion\/datos-de-interes\/","name":"Datos de inter\u00e9s de Areso. Informaci\u00f3n \u00fatil sobre la localidad navarra.","isPartOf":{"@id":"https:\/\/areso.eus\/#website"},"datePublished":"2016-01-11T14:13:34+00:00","dateModified":"2026-01-19T11:56:18+00:00","description":"Datos de inter\u00e9s de Areso e informaci\u00f3n \u00fatil sobre la localidad de navarra. Datos t\u00e9cnicos, superficie, altitud, densidad...","breadcrumb":{"@id":"https:\/\/areso.eus\/es\/conoce-areso\/informacion\/datos-de-interes\/#breadcrumb"},"inLanguage":"es","potentialAction":[{"@type":"ReadAction","target":["https:\/\/areso.eus\/es\/conoce-areso\/informacion\/datos-de-interes\/"]}]},{"@type":"BreadcrumbList","@id":"https:\/\/areso.eus\/es\/conoce-areso\/informacion\/datos-de-interes\/#breadcrumb","itemListElement":[{"@type":"ListItem","position":1,"name":"Hasiera orria","item":"https:\/\/areso.eus\/es\/"},{"@type":"ListItem","position":2,"name":"Conoce Areso","item":"https:\/\/areso.eus\/areso-ezagutu\/"},{"@type":"ListItem","position":3,"name":"Informaci\u00f3n","item":"https:\/\/areso.eus\/areso-ezagutu\/informazioa\/"},{"@type":"ListItem","position":4,"name":"Datos de Inter\u00e9s"}]},{"@type":"WebSite","@id":"https:\/\/areso.eus\/#website","url":"https:\/\/areso.eus\/","name":"Aresoko Udala","description":"Aresoko udalaren webgune ofiziala. Herriko informazioa, albisteak, ekitaldiak, jarduerak, berriak, informazio turistikoa...","publisher":{"@id":"https:\/\/areso.eus\/#organization"},"potentialAction":[{"@type":"SearchAction","target":{"@type":"EntryPoint","urlTemplate":"https:\/\/areso.eus\/?s={search_term_string}"},"query-input":{"@type":"PropertyValueSpecification","valueRequired":true,"valueName":"search_term_string"}}],"inLanguage":"es"},{"@type":"Organization","@id":"https:\/\/areso.eus\/#organization","name":"Aresoko Udala","url":"https:\/\/areso.eus\/","logo":{"@type":"ImageObject","inLanguage":"es","@id":"https:\/\/areso.eus\/#\/schema\/logo\/image\/","url":"https:\/\/areso.eus\/wp-content\/uploads\/2016\/02\/Escudo-Areso-08.png","contentUrl":"https:\/\/areso.eus\/wp-content\/uploads\/2016\/02\/Escudo-Areso-08.png","width":169,"height":71,"caption":"Aresoko Udala"},"image":{"@id":"https:\/\/areso.eus\/#\/schema\/logo\/image\/"},"sameAs":["https:\/\/www.facebook.com\/areso.udala"]}]}},"_links":{"self":[{"href":"https:\/\/areso.eus\/es\/wp-json\/wp\/v2\/pages\/2063","targetHints":{"allow":["GET"]}}],"collection":[{"href":"https:\/\/areso.eus\/es\/wp-json\/wp\/v2\/pages"}],"about":[{"href":"https:\/\/areso.eus\/es\/wp-json\/wp\/v2\/types\/page"}],"author":[{"embeddable":true,"href":"https:\/\/areso.eus\/es\/wp-json\/wp\/v2\/users\/1"}],"replies":[{"embeddable":true,"href":"https:\/\/areso.eus\/es\/wp-json\/wp\/v2\/comments?post=2063"}],"version-history":[{"count":2,"href":"https:\/\/areso.eus\/es\/wp-json\/wp\/v2\/pages\/2063\/revisions"}],"predecessor-version":[{"id":5871,"href":"https:\/\/areso.eus\/es\/wp-json\/wp\/v2\/pages\/2063\/revisions\/5871"}],"up":[{"embeddable":true,"href":"https:\/\/areso.eus\/es\/wp-json\/wp\/v2\/pages\/2060"}],"wp:attachment":[{"href":"https:\/\/areso.eus\/es\/wp-json\/wp\/v2\/media?parent=2063"}],"curies":[{"name":"wp","href":"https:\/\/api.w.org\/{rel}","templated":true}]}}