{"id":2066,"date":"2016-01-11T15:22:14","date_gmt":"2016-01-11T14:22:14","guid":{"rendered":"https:\/\/areso.eus\/conoce-areso\/informacion\/geografia\/"},"modified":"2026-01-19T13:00:46","modified_gmt":"2026-01-19T12:00:46","slug":"geografia","status":"publish","type":"page","link":"https:\/\/areso.eus\/es\/conoce-areso\/informacion\/geografia\/","title":{"rendered":"Geograf\u00eda"},"content":{"rendered":"<section class=\"l-section wpb_row height_medium\"><div class=\"l-section-h i-cf\"><div class=\"g-cols vc_row via_grid cols_1 laptops-cols_inherit tablets-cols_inherit mobiles-cols_1 valign_top type_default stacking_default\"><div class=\"wpb_column vc_column_container\"><div class=\"vc_column-inner\"><div class=\"g-cols wpb_row via_grid cols_2 laptops-cols_inherit tablets-cols_inherit mobiles-cols_1 valign_top type_default stacking_default\" style=\"--columns-gap:3rem;\"><div class=\"wpb_column vc_column_container\"><div class=\"vc_column-inner\"><div class=\"w-image align_none\"><div class=\"w-image-h\"><img decoding=\"async\" width=\"1024\" height=\"576\" src=\"https:\/\/areso.eus\/wp-content\/uploads\/2016\/01\/Areso-inguruak-udazkenean-1024x576.jpg\" class=\"attachment-large size-large\" alt=\"\" loading=\"lazy\" srcset=\"https:\/\/areso.eus\/wp-content\/uploads\/2016\/01\/Areso-inguruak-udazkenean-1024x576.jpg 1024w, https:\/\/areso.eus\/wp-content\/uploads\/2016\/01\/Areso-inguruak-udazkenean-300x169.jpg 300w, https:\/\/areso.eus\/wp-content\/uploads\/2016\/01\/Areso-inguruak-udazkenean-768x432.jpg 768w, https:\/\/areso.eus\/wp-content\/uploads\/2016\/01\/Areso-inguruak-udazkenean.jpg 1200w\" sizes=\"auto, (max-width: 1024px) 100vw, 1024px\" \/><\/div><\/div><\/div><\/div><div class=\"wpb_column vc_column_container\"><div class=\"vc_column-inner\"><div class=\"wpb_text_column\"><div class=\"wpb_wrapper\"><p><strong>ENTORNO<\/strong><\/p>\n<p>Areso est\u00e1 enclavado en el valle de Leizaran, al noroeste de Navarra.<\/p>\n<p>Al norte y oeste, sus monta\u00f1as hacen frontera con Berastegi (Gipuzkoa), al sur con Araitz y Larraun y al este con Leitza.<\/p>\n<p>A 489 metros y recostada en el monte Ulizar (898 metros), en una ponar\u00e1mica de relieve monta\u00f1osa, destacan monta\u00f1as de m\u00e1s de 1.000 metros: Irumugarrieta 1.427 metros, Aldaon 1.411 metros, Boin 1.353 metros y Aretxueta 1.342 metros.<\/p>\n<p>El r\u00edo Astomela\/Matxain desemboca sus aguas en el r\u00edo Leizaran.<\/p>\n<\/div><\/div><\/div><\/div><\/div><div class=\"w-separator size_small with_line width_default thick_1 style_solid color_border align_center\"><div class=\"w-separator-h\"><\/div><\/div><div class=\"g-cols wpb_row via_grid cols_2 laptops-cols_inherit tablets-cols_inherit mobiles-cols_1 valign_top type_default stacking_default\" style=\"--columns-gap:3rem;\"><div class=\"wpb_column vc_column_container\"><div class=\"vc_column-inner\"><div class=\"w-image align_none\"><div class=\"w-image-h\"><img decoding=\"async\" width=\"1024\" height=\"768\" src=\"https:\/\/areso.eus\/wp-content\/uploads\/2026\/01\/Areso-klima-1024x768-1.jpg\" class=\"attachment-large size-large\" alt=\"\" loading=\"lazy\" \/><\/div><\/div><\/div><\/div><div class=\"wpb_column vc_column_container\"><div class=\"vc_column-inner\"><div class=\"wpb_text_column\"><div class=\"wpb_wrapper\"><p><strong>CLIMA<\/strong><\/p>\n<p>Por la cercan\u00eda al mar cant\u00e1brico, el clima es lluvioso y h\u00famedo. Con inviernos nevosos, oto\u00f1os de lluvia y viento, el term\u00f3metro se alza en primavera\/verano, disfrutando de una temperatura agradable.<\/p>\n<p>En el caser\u00edo Otxanea, hay una estaci\u00f3n meteorol\u00f3gica del Gobierno de Navarra desde 1988.<\/p>\n<\/div><\/div><\/div><\/div><\/div><\/div><\/div><\/div><\/div><\/section>\n","protected":false},"excerpt":{"rendered":"ENTORNO Areso est\u00e1 enclavado en el valle de Leizaran, al noroeste de Navarra. Al norte y oeste, sus monta\u00f1as hacen frontera con Berastegi (Gipuzkoa), al sur con Araitz y Larraun y al este con Leitza. A 489 metros y recostada en el monte Ulizar (898 metros), en una ponar\u00e1mica de relieve monta\u00f1osa, destacan monta\u00f1as de...","protected":false},"author":1,"featured_media":0,"parent":2060,"menu_order":0,"comment_status":"closed","ping_status":"closed","template":"","meta":{"_acf_changed":false,"footnotes":""},"class_list":["post-2066","page","type-page","status-publish","hentry"],"acf":[],"yoast_head":"<!-- This site is optimized with the Yoast SEO plugin v26.7 - https:\/\/yoast.com\/wordpress\/plugins\/seo\/ -->\n<title>Datos geogr\u00e1ficos de la localidad de Areso. Entorno y clima.<\/title>\n<meta name=\"description\" content=\"Datos geogr\u00e1ficos de la localidad de Areso. Se ubica en el valle de Leizar\u00e1n. Conoce el entorno y el clima de la localidad navarra.\" \/>\n<meta name=\"robots\" content=\"index, follow, max-snippet:-1, max-image-preview:large, max-video-preview:-1\" \/>\n<link rel=\"canonical\" href=\"https:\/\/areso.eus\/es\/conoce-areso\/informacion\/geografia\/\" \/>\n<meta property=\"og:locale\" content=\"es_ES\" \/>\n<meta property=\"og:type\" content=\"article\" \/>\n<meta property=\"og:title\" content=\"Datos geogr\u00e1ficos de la localidad de Areso. Entorno y clima.\" \/>\n<meta property=\"og:description\" content=\"Datos geogr\u00e1ficos de la localidad de Areso. Se ubica en el valle de Leizar\u00e1n. Conoce el entorno y el clima de la localidad navarra.\" \/>\n<meta property=\"og:url\" content=\"https:\/\/areso.eus\/es\/conoce-areso\/informacion\/geografia\/\" \/>\n<meta property=\"og:site_name\" content=\"Aresoko Udala\" \/>\n<meta property=\"article:publisher\" content=\"https:\/\/www.facebook.com\/areso.udala\" \/>\n<meta property=\"article:modified_time\" content=\"2026-01-19T12:00:46+00:00\" \/>\n<meta name=\"twitter:card\" content=\"summary_large_image\" \/>\n<meta name=\"twitter:label1\" content=\"Tiempo de lectura\" \/>\n\t<meta name=\"twitter:data1\" content=\"1 minuto\" \/>\n<script type=\"application\/ld+json\" class=\"yoast-schema-graph\">{\"@context\":\"https:\/\/schema.org\",\"@graph\":[{\"@type\":\"WebPage\",\"@id\":\"https:\/\/areso.eus\/es\/conoce-areso\/informacion\/geografia\/\",\"url\":\"https:\/\/areso.eus\/es\/conoce-areso\/informacion\/geografia\/\",\"name\":\"Datos geogr\u00e1ficos de la localidad de Areso. Entorno y clima.\",\"isPartOf\":{\"@id\":\"https:\/\/areso.eus\/#website\"},\"datePublished\":\"2016-01-11T14:22:14+00:00\",\"dateModified\":\"2026-01-19T12:00:46+00:00\",\"description\":\"Datos geogr\u00e1ficos de la localidad de Areso. Se ubica en el valle de Leizar\u00e1n. Conoce el entorno y el clima de la localidad navarra.\",\"breadcrumb\":{\"@id\":\"https:\/\/areso.eus\/es\/conoce-areso\/informacion\/geografia\/#breadcrumb\"},\"inLanguage\":\"es\",\"potentialAction\":[{\"@type\":\"ReadAction\",\"target\":[\"https:\/\/areso.eus\/es\/conoce-areso\/informacion\/geografia\/\"]}]},{\"@type\":\"BreadcrumbList\",\"@id\":\"https:\/\/areso.eus\/es\/conoce-areso\/informacion\/geografia\/#breadcrumb\",\"itemListElement\":[{\"@type\":\"ListItem\",\"position\":1,\"name\":\"Hasiera orria\",\"item\":\"https:\/\/areso.eus\/es\/\"},{\"@type\":\"ListItem\",\"position\":2,\"name\":\"Conoce Areso\",\"item\":\"https:\/\/areso.eus\/areso-ezagutu\/\"},{\"@type\":\"ListItem\",\"position\":3,\"name\":\"Informaci\u00f3n\",\"item\":\"https:\/\/areso.eus\/areso-ezagutu\/informazioa\/\"},{\"@type\":\"ListItem\",\"position\":4,\"name\":\"Geograf\u00eda\"}]},{\"@type\":\"WebSite\",\"@id\":\"https:\/\/areso.eus\/#website\",\"url\":\"https:\/\/areso.eus\/\",\"name\":\"Aresoko Udala\",\"description\":\"Aresoko udalaren webgune ofiziala. Herriko informazioa, albisteak, ekitaldiak, jarduerak, berriak, informazio turistikoa...\",\"publisher\":{\"@id\":\"https:\/\/areso.eus\/#organization\"},\"potentialAction\":[{\"@type\":\"SearchAction\",\"target\":{\"@type\":\"EntryPoint\",\"urlTemplate\":\"https:\/\/areso.eus\/?s={search_term_string}\"},\"query-input\":{\"@type\":\"PropertyValueSpecification\",\"valueRequired\":true,\"valueName\":\"search_term_string\"}}],\"inLanguage\":\"es\"},{\"@type\":\"Organization\",\"@id\":\"https:\/\/areso.eus\/#organization\",\"name\":\"Aresoko Udala\",\"url\":\"https:\/\/areso.eus\/\",\"logo\":{\"@type\":\"ImageObject\",\"inLanguage\":\"es\",\"@id\":\"https:\/\/areso.eus\/#\/schema\/logo\/image\/\",\"url\":\"https:\/\/areso.eus\/wp-content\/uploads\/2016\/02\/Escudo-Areso-08.png\",\"contentUrl\":\"https:\/\/areso.eus\/wp-content\/uploads\/2016\/02\/Escudo-Areso-08.png\",\"width\":169,\"height\":71,\"caption\":\"Aresoko Udala\"},\"image\":{\"@id\":\"https:\/\/areso.eus\/#\/schema\/logo\/image\/\"},\"sameAs\":[\"https:\/\/www.facebook.com\/areso.udala\"]}]}<\/script>\n<!-- \/ Yoast SEO plugin. -->","yoast_head_json":{"title":"Datos geogr\u00e1ficos de la localidad de Areso. Entorno y clima.","description":"Datos geogr\u00e1ficos de la localidad de Areso. Se ubica en el valle de Leizar\u00e1n. Conoce el entorno y el clima de la localidad navarra.","robots":{"index":"index","follow":"follow","max-snippet":"max-snippet:-1","max-image-preview":"max-image-preview:large","max-video-preview":"max-video-preview:-1"},"canonical":"https:\/\/areso.eus\/es\/conoce-areso\/informacion\/geografia\/","og_locale":"es_ES","og_type":"article","og_title":"Datos geogr\u00e1ficos de la localidad de Areso. Entorno y clima.","og_description":"Datos geogr\u00e1ficos de la localidad de Areso. Se ubica en el valle de Leizar\u00e1n. Conoce el entorno y el clima de la localidad navarra.","og_url":"https:\/\/areso.eus\/es\/conoce-areso\/informacion\/geografia\/","og_site_name":"Aresoko Udala","article_publisher":"https:\/\/www.facebook.com\/areso.udala","article_modified_time":"2026-01-19T12:00:46+00:00","twitter_card":"summary_large_image","twitter_misc":{"Tiempo de lectura":"1 minuto"},"schema":{"@context":"https:\/\/schema.org","@graph":[{"@type":"WebPage","@id":"https:\/\/areso.eus\/es\/conoce-areso\/informacion\/geografia\/","url":"https:\/\/areso.eus\/es\/conoce-areso\/informacion\/geografia\/","name":"Datos geogr\u00e1ficos de la localidad de Areso. Entorno y clima.","isPartOf":{"@id":"https:\/\/areso.eus\/#website"},"datePublished":"2016-01-11T14:22:14+00:00","dateModified":"2026-01-19T12:00:46+00:00","description":"Datos geogr\u00e1ficos de la localidad de Areso. Se ubica en el valle de Leizar\u00e1n. Conoce el entorno y el clima de la localidad navarra.","breadcrumb":{"@id":"https:\/\/areso.eus\/es\/conoce-areso\/informacion\/geografia\/#breadcrumb"},"inLanguage":"es","potentialAction":[{"@type":"ReadAction","target":["https:\/\/areso.eus\/es\/conoce-areso\/informacion\/geografia\/"]}]},{"@type":"BreadcrumbList","@id":"https:\/\/areso.eus\/es\/conoce-areso\/informacion\/geografia\/#breadcrumb","itemListElement":[{"@type":"ListItem","position":1,"name":"Hasiera orria","item":"https:\/\/areso.eus\/es\/"},{"@type":"ListItem","position":2,"name":"Conoce Areso","item":"https:\/\/areso.eus\/areso-ezagutu\/"},{"@type":"ListItem","position":3,"name":"Informaci\u00f3n","item":"https:\/\/areso.eus\/areso-ezagutu\/informazioa\/"},{"@type":"ListItem","position":4,"name":"Geograf\u00eda"}]},{"@type":"WebSite","@id":"https:\/\/areso.eus\/#website","url":"https:\/\/areso.eus\/","name":"Aresoko Udala","description":"Aresoko udalaren webgune ofiziala. Herriko informazioa, albisteak, ekitaldiak, jarduerak, berriak, informazio turistikoa...","publisher":{"@id":"https:\/\/areso.eus\/#organization"},"potentialAction":[{"@type":"SearchAction","target":{"@type":"EntryPoint","urlTemplate":"https:\/\/areso.eus\/?s={search_term_string}"},"query-input":{"@type":"PropertyValueSpecification","valueRequired":true,"valueName":"search_term_string"}}],"inLanguage":"es"},{"@type":"Organization","@id":"https:\/\/areso.eus\/#organization","name":"Aresoko Udala","url":"https:\/\/areso.eus\/","logo":{"@type":"ImageObject","inLanguage":"es","@id":"https:\/\/areso.eus\/#\/schema\/logo\/image\/","url":"https:\/\/areso.eus\/wp-content\/uploads\/2016\/02\/Escudo-Areso-08.png","contentUrl":"https:\/\/areso.eus\/wp-content\/uploads\/2016\/02\/Escudo-Areso-08.png","width":169,"height":71,"caption":"Aresoko Udala"},"image":{"@id":"https:\/\/areso.eus\/#\/schema\/logo\/image\/"},"sameAs":["https:\/\/www.facebook.com\/areso.udala"]}]}},"_links":{"self":[{"href":"https:\/\/areso.eus\/es\/wp-json\/wp\/v2\/pages\/2066","targetHints":{"allow":["GET"]}}],"collection":[{"href":"https:\/\/areso.eus\/es\/wp-json\/wp\/v2\/pages"}],"about":[{"href":"https:\/\/areso.eus\/es\/wp-json\/wp\/v2\/types\/page"}],"author":[{"embeddable":true,"href":"https:\/\/areso.eus\/es\/wp-json\/wp\/v2\/users\/1"}],"replies":[{"embeddable":true,"href":"https:\/\/areso.eus\/es\/wp-json\/wp\/v2\/comments?post=2066"}],"version-history":[{"count":4,"href":"https:\/\/areso.eus\/es\/wp-json\/wp\/v2\/pages\/2066\/revisions"}],"predecessor-version":[{"id":5875,"href":"https:\/\/areso.eus\/es\/wp-json\/wp\/v2\/pages\/2066\/revisions\/5875"}],"up":[{"embeddable":true,"href":"https:\/\/areso.eus\/es\/wp-json\/wp\/v2\/pages\/2060"}],"wp:attachment":[{"href":"https:\/\/areso.eus\/es\/wp-json\/wp\/v2\/media?parent=2066"}],"curies":[{"name":"wp","href":"https:\/\/api.w.org\/{rel}","templated":true}]}}