{"id":2069,"date":"2016-01-11T15:27:44","date_gmt":"2016-01-11T14:27:44","guid":{"rendered":"https:\/\/areso.eus\/conoce-areso\/informacion\/historia\/"},"modified":"2026-01-19T13:10:09","modified_gmt":"2026-01-19T12:10:09","slug":"historia","status":"publish","type":"page","link":"https:\/\/areso.eus\/es\/conoce-areso\/informacion\/historia\/","title":{"rendered":"Historia"},"content":{"rendered":"<section class=\"l-section wpb_row height_medium\"><div class=\"l-section-h i-cf\"><div class=\"g-cols vc_row via_grid cols_1 laptops-cols_inherit tablets-cols_inherit mobiles-cols_1 valign_top type_default stacking_default\"><div class=\"wpb_column vc_column_container\"><div class=\"vc_column-inner\"><div class=\"wpb_text_column\"><div class=\"wpb_wrapper\"><div class=\"wpb_column vc_column_container vc_col-sm-12\">\n<div class=\"wpb_wrapper\">\n<div class=\"wpb_text_column wpb_content_element \">\n<div class=\"wpb_wrapper\">\n<p>Los primeros documentos escritos de Areso datan el a\u00f1o 1192. Cuando el rey, Sancho VI, El Sabio, concede fueros a Areso y Leitza.<\/p>\n<p>Por la proximidad con Guip\u00fazcoa, ha sido lugar estrat\u00e9gico de batallas entre bandos. Por ello, los aresoarras ten\u00edan una torre de vigilancia, donde hoy conocemos la iglesia. El escritor Arturo Campion (Pamplona 1854- Donostia 1937), al escribir su primera nobela \u00abDon Garc\u00eda Almorabid\u00bb, ubica al bandido \u00abAzeari Sumakilla\u00bb en la torre de Areso.<\/p>\n<p>Los guipuzcoanos tomaron las villas Areso y Leitza en la Guerra contra Castilla en el a\u00f1o 1444. En este a\u00f1o, el Principe de Viana, le quita los impuestos a Areso.<\/p>\n<p>En 1770 se separa de Leitza. El escudo que conocemos hoy, es de esta fecha.<\/p>\n<p>Las tropas de Napole\u00f3n arrasan el pueblo, en 1794 (Guerra de la Convenci\u00f3n), dejando casos de c\u00f3lera. Seg\u00fan la tradici\u00f3n oral, el \u00e1ngel San Miguel vino desde Gorriti, y con \u00e9l trajo la nieve, quien purifico y radico la enfermedad.<\/p>\n<\/div>\n<\/div>\n<\/div>\n<\/div>\n<\/div><\/div><div class=\"w-separator size_small with_line width_default thick_1 style_solid color_border align_center\"><div class=\"w-separator-h\"><\/div><\/div><div class=\"g-cols wpb_row via_grid cols_1 laptops-cols_inherit tablets-cols_inherit mobiles-cols_1 valign_top type_default stacking_default\" style=\"--columns-gap:3rem;\"><div class=\"wpb_column vc_column_container\"><div class=\"vc_column-inner\"><div class=\"wpb_text_column\"><div class=\"wpb_wrapper\"><p><strong>LA LEYENDA<\/strong><\/p>\n<p>Cuenta la leyenda, que en la torre de vigilancia de Areso, viv\u00eda el bandido m\u00e1s conocido de la comarca, Azeari Sumakilla. Su verdadero nombre, Don Pedro Martinez de Oyanederra, quien fue un gran noble. Casado, con Do\u00f1a Elvira.<\/p>\n<p>Antes de morir, su mujer le cuenta un secreto, a Don Pedro: uno de los tres hijos que ten\u00edan era fruto de una relaci\u00f3n extramatrimonial. Don Pedro, enfurecido, llama a los tres hijos y pide a Do\u00f1a Elvira que se\u00f1ale al hijo ilegitimo. Ante el silencio de la mujer, Don Pedro ata a los tres hijos a la cama de la madre moribunda y los quema.<\/p>\n<p>Oyanederra, huye atormentado, sin rumbo fijo, con su caballo. Cuando le atrapan y le llevan preso, conden\u00e1ndolo de muerte, ante el personaje ilustre &#8220;Garcia Almorabid&#8221;. Este recuerda los momentos de ni\u00f1ez vividos con Oyanederra y le perdona. Con la \u00fanica condici\u00f3n de que, desapareciera bien lejos. As\u00ed, desaparece Don Pedro y aparece Azeari Sumakilla. Qui\u00e9n toma la torre de Areso con un grupo de bandidos.<\/p>\n<p>Este bandido temido por todos, descubre en una caja que regal\u00f3 a Do\u00f1a Elvira, que su \u00edntimo amigo Don Garc\u00eda fue el amante de su mujer. Don Garcia Almorabid, pide ayuda al bandido Sumakilla, en la guerra de 1276. Azeari vuelve a las monta\u00f1as y se encuentra con Garcia Almorabid. Quien cae en las manos del bandido en la sierra de Andia. Garcia Almorabid, muere a golpes de piedra; con el castigo del adulterio.<\/p>\n<\/div><\/div><\/div><\/div><\/div><div class=\"w-slider style_none fit_scaledown nav_none count_5\"><div class=\"w-slider-h\" aria-hidden=\"true\"><div class=\"royalSlider\"><div class=\"rsContent\"><a class=\"rsImg\" data-rsw=\"1024\" data-rsh=\"640\" href=\"https:\/\/areso.eus\/wp-content\/uploads\/2016\/01\/1960-Areso-1024x640.jpg\"><span data-alt=\"\"><\/span><\/a><\/div><div class=\"rsContent\"><a class=\"rsImg\" data-rsw=\"1024\" data-rsh=\"640\" href=\"https:\/\/areso.eus\/wp-content\/uploads\/2016\/01\/1899-Areso-1024x640.jpg\"><span data-alt=\"\"><\/span><\/a><\/div><div class=\"rsContent\"><a class=\"rsImg\" data-rsw=\"1024\" data-rsh=\"640\" href=\"https:\/\/areso.eus\/wp-content\/uploads\/2016\/01\/1900-Areso-1024x640.jpg\"><span data-alt=\"\"><\/span><\/a><\/div><div class=\"rsContent\"><a class=\"rsImg\" data-rsw=\"1024\" data-rsh=\"640\" href=\"https:\/\/areso.eus\/wp-content\/uploads\/2016\/01\/1900b-Areso-1024x640.jpg\"><span data-alt=\"\"><\/span><\/a><\/div><div class=\"rsContent\"><a class=\"rsImg\" data-rsw=\"1024\" data-rsh=\"640\" href=\"https:\/\/areso.eus\/wp-content\/uploads\/2016\/01\/1910-areso-1024x640.jpg\"><span data-alt=\"\"><\/span><\/a><\/div><\/div><img decoding=\"async\" src=\"https:\/\/areso.eus\/wp-content\/uploads\/2016\/01\/1960-Areso-1024x640.jpg\" width=\"1024\" height=\"640\" alt loading=\"lazy\"><\/div><div class=\"w-slider-json\" onclick='return {&quot;autoScaleSlider&quot;:true,&quot;addActiveClass&quot;:true,&quot;loop&quot;:true,&quot;fadeInLoadedSlide&quot;:false,&quot;slidesSpacing&quot;:0,&quot;imageScalePadding&quot;:0,&quot;numImagesToPreload&quot;:2,&quot;arrowsNav&quot;:true,&quot;arrowsNavAutoHide&quot;:false,&quot;transitionType&quot;:&quot;move&quot;,&quot;transitionSpeed&quot;:250,&quot;block&quot;:{&quot;moveEffect&quot;:&quot;none&quot;,&quot;speed&quot;:300},&quot;thumbs&quot;:{&quot;fitInViewport&quot;:false,&quot;firstMargin&quot;:false,&quot;spacing&quot;:4},&quot;controlNavigation&quot;:&quot;none&quot;,&quot;autoScaleSliderWidth&quot;:1024,&quot;autoScaleSliderHeight&quot;:640}'><\/div><\/div><\/div><\/div><\/div><\/div><\/section>\n","protected":false},"excerpt":{"rendered":"Los primeros documentos escritos de Areso datan el a\u00f1o 1192. Cuando el rey, Sancho VI, El Sabio, concede fueros a Areso y Leitza. Por la proximidad con Guip\u00fazcoa, ha sido lugar estrat\u00e9gico de batallas entre bandos. Por ello, los aresoarras ten\u00edan una torre de vigilancia, donde hoy conocemos la iglesia. El escritor Arturo Campion (Pamplona...","protected":false},"author":1,"featured_media":0,"parent":2060,"menu_order":0,"comment_status":"closed","ping_status":"closed","template":"","meta":{"_acf_changed":false,"footnotes":""},"class_list":["post-2069","page","type-page","status-publish","hentry"],"acf":[],"yoast_head":"<!-- This site is optimized with the Yoast SEO plugin v26.7 - https:\/\/yoast.com\/wordpress\/plugins\/seo\/ -->\n<title>Historia y leyenda de Areso. Recorrido hist\u00f3rico de la localidad navarra.<\/title>\n<meta name=\"description\" content=\"Historia y leyenda de Areso. Recorrido hist\u00f3rico de la localidad navarra, su leyenda y su evoluci\u00f3n desde los or\u00edgenes hasta el d\u00eda de hoy.\" \/>\n<meta name=\"robots\" content=\"index, follow, max-snippet:-1, max-image-preview:large, max-video-preview:-1\" \/>\n<link rel=\"canonical\" href=\"https:\/\/areso.eus\/es\/conoce-areso\/informacion\/historia\/\" \/>\n<meta property=\"og:locale\" content=\"es_ES\" \/>\n<meta property=\"og:type\" content=\"article\" \/>\n<meta property=\"og:title\" content=\"Historia y leyenda de Areso. Recorrido hist\u00f3rico de la localidad navarra.\" \/>\n<meta property=\"og:description\" content=\"Historia y leyenda de Areso. Recorrido hist\u00f3rico de la localidad navarra, su leyenda y su evoluci\u00f3n desde los or\u00edgenes hasta el d\u00eda de hoy.\" \/>\n<meta property=\"og:url\" content=\"https:\/\/areso.eus\/es\/conoce-areso\/informacion\/historia\/\" \/>\n<meta property=\"og:site_name\" content=\"Aresoko Udala\" \/>\n<meta property=\"article:publisher\" content=\"https:\/\/www.facebook.com\/areso.udala\" \/>\n<meta property=\"article:modified_time\" content=\"2026-01-19T12:10:09+00:00\" \/>\n<meta name=\"twitter:card\" content=\"summary_large_image\" \/>\n<meta name=\"twitter:label1\" content=\"Tiempo de lectura\" \/>\n\t<meta name=\"twitter:data1\" content=\"2 minutos\" \/>\n<script type=\"application\/ld+json\" class=\"yoast-schema-graph\">{\"@context\":\"https:\/\/schema.org\",\"@graph\":[{\"@type\":\"WebPage\",\"@id\":\"https:\/\/areso.eus\/es\/conoce-areso\/informacion\/historia\/\",\"url\":\"https:\/\/areso.eus\/es\/conoce-areso\/informacion\/historia\/\",\"name\":\"Historia y leyenda de Areso. Recorrido hist\u00f3rico de la localidad navarra.\",\"isPartOf\":{\"@id\":\"https:\/\/areso.eus\/#website\"},\"datePublished\":\"2016-01-11T14:27:44+00:00\",\"dateModified\":\"2026-01-19T12:10:09+00:00\",\"description\":\"Historia y leyenda de Areso. Recorrido hist\u00f3rico de la localidad navarra, su leyenda y su evoluci\u00f3n desde los or\u00edgenes hasta el d\u00eda de hoy.\",\"breadcrumb\":{\"@id\":\"https:\/\/areso.eus\/es\/conoce-areso\/informacion\/historia\/#breadcrumb\"},\"inLanguage\":\"es\",\"potentialAction\":[{\"@type\":\"ReadAction\",\"target\":[\"https:\/\/areso.eus\/es\/conoce-areso\/informacion\/historia\/\"]}]},{\"@type\":\"BreadcrumbList\",\"@id\":\"https:\/\/areso.eus\/es\/conoce-areso\/informacion\/historia\/#breadcrumb\",\"itemListElement\":[{\"@type\":\"ListItem\",\"position\":1,\"name\":\"Hasiera orria\",\"item\":\"https:\/\/areso.eus\/es\/\"},{\"@type\":\"ListItem\",\"position\":2,\"name\":\"Conoce Areso\",\"item\":\"https:\/\/areso.eus\/areso-ezagutu\/\"},{\"@type\":\"ListItem\",\"position\":3,\"name\":\"Informaci\u00f3n\",\"item\":\"https:\/\/areso.eus\/areso-ezagutu\/informazioa\/\"},{\"@type\":\"ListItem\",\"position\":4,\"name\":\"Historia\"}]},{\"@type\":\"WebSite\",\"@id\":\"https:\/\/areso.eus\/#website\",\"url\":\"https:\/\/areso.eus\/\",\"name\":\"Aresoko Udala\",\"description\":\"Aresoko udalaren webgune ofiziala. Herriko informazioa, albisteak, ekitaldiak, jarduerak, berriak, informazio turistikoa...\",\"publisher\":{\"@id\":\"https:\/\/areso.eus\/#organization\"},\"potentialAction\":[{\"@type\":\"SearchAction\",\"target\":{\"@type\":\"EntryPoint\",\"urlTemplate\":\"https:\/\/areso.eus\/?s={search_term_string}\"},\"query-input\":{\"@type\":\"PropertyValueSpecification\",\"valueRequired\":true,\"valueName\":\"search_term_string\"}}],\"inLanguage\":\"es\"},{\"@type\":\"Organization\",\"@id\":\"https:\/\/areso.eus\/#organization\",\"name\":\"Aresoko Udala\",\"url\":\"https:\/\/areso.eus\/\",\"logo\":{\"@type\":\"ImageObject\",\"inLanguage\":\"es\",\"@id\":\"https:\/\/areso.eus\/#\/schema\/logo\/image\/\",\"url\":\"https:\/\/areso.eus\/wp-content\/uploads\/2016\/02\/Escudo-Areso-08.png\",\"contentUrl\":\"https:\/\/areso.eus\/wp-content\/uploads\/2016\/02\/Escudo-Areso-08.png\",\"width\":169,\"height\":71,\"caption\":\"Aresoko Udala\"},\"image\":{\"@id\":\"https:\/\/areso.eus\/#\/schema\/logo\/image\/\"},\"sameAs\":[\"https:\/\/www.facebook.com\/areso.udala\"]}]}<\/script>\n<!-- \/ Yoast SEO plugin. -->","yoast_head_json":{"title":"Historia y leyenda de Areso. Recorrido hist\u00f3rico de la localidad navarra.","description":"Historia y leyenda de Areso. Recorrido hist\u00f3rico de la localidad navarra, su leyenda y su evoluci\u00f3n desde los or\u00edgenes hasta el d\u00eda de hoy.","robots":{"index":"index","follow":"follow","max-snippet":"max-snippet:-1","max-image-preview":"max-image-preview:large","max-video-preview":"max-video-preview:-1"},"canonical":"https:\/\/areso.eus\/es\/conoce-areso\/informacion\/historia\/","og_locale":"es_ES","og_type":"article","og_title":"Historia y leyenda de Areso. Recorrido hist\u00f3rico de la localidad navarra.","og_description":"Historia y leyenda de Areso. Recorrido hist\u00f3rico de la localidad navarra, su leyenda y su evoluci\u00f3n desde los or\u00edgenes hasta el d\u00eda de hoy.","og_url":"https:\/\/areso.eus\/es\/conoce-areso\/informacion\/historia\/","og_site_name":"Aresoko Udala","article_publisher":"https:\/\/www.facebook.com\/areso.udala","article_modified_time":"2026-01-19T12:10:09+00:00","twitter_card":"summary_large_image","twitter_misc":{"Tiempo de lectura":"2 minutos"},"schema":{"@context":"https:\/\/schema.org","@graph":[{"@type":"WebPage","@id":"https:\/\/areso.eus\/es\/conoce-areso\/informacion\/historia\/","url":"https:\/\/areso.eus\/es\/conoce-areso\/informacion\/historia\/","name":"Historia y leyenda de Areso. Recorrido hist\u00f3rico de la localidad navarra.","isPartOf":{"@id":"https:\/\/areso.eus\/#website"},"datePublished":"2016-01-11T14:27:44+00:00","dateModified":"2026-01-19T12:10:09+00:00","description":"Historia y leyenda de Areso. Recorrido hist\u00f3rico de la localidad navarra, su leyenda y su evoluci\u00f3n desde los or\u00edgenes hasta el d\u00eda de hoy.","breadcrumb":{"@id":"https:\/\/areso.eus\/es\/conoce-areso\/informacion\/historia\/#breadcrumb"},"inLanguage":"es","potentialAction":[{"@type":"ReadAction","target":["https:\/\/areso.eus\/es\/conoce-areso\/informacion\/historia\/"]}]},{"@type":"BreadcrumbList","@id":"https:\/\/areso.eus\/es\/conoce-areso\/informacion\/historia\/#breadcrumb","itemListElement":[{"@type":"ListItem","position":1,"name":"Hasiera orria","item":"https:\/\/areso.eus\/es\/"},{"@type":"ListItem","position":2,"name":"Conoce Areso","item":"https:\/\/areso.eus\/areso-ezagutu\/"},{"@type":"ListItem","position":3,"name":"Informaci\u00f3n","item":"https:\/\/areso.eus\/areso-ezagutu\/informazioa\/"},{"@type":"ListItem","position":4,"name":"Historia"}]},{"@type":"WebSite","@id":"https:\/\/areso.eus\/#website","url":"https:\/\/areso.eus\/","name":"Aresoko Udala","description":"Aresoko udalaren webgune ofiziala. Herriko informazioa, albisteak, ekitaldiak, jarduerak, berriak, informazio turistikoa...","publisher":{"@id":"https:\/\/areso.eus\/#organization"},"potentialAction":[{"@type":"SearchAction","target":{"@type":"EntryPoint","urlTemplate":"https:\/\/areso.eus\/?s={search_term_string}"},"query-input":{"@type":"PropertyValueSpecification","valueRequired":true,"valueName":"search_term_string"}}],"inLanguage":"es"},{"@type":"Organization","@id":"https:\/\/areso.eus\/#organization","name":"Aresoko Udala","url":"https:\/\/areso.eus\/","logo":{"@type":"ImageObject","inLanguage":"es","@id":"https:\/\/areso.eus\/#\/schema\/logo\/image\/","url":"https:\/\/areso.eus\/wp-content\/uploads\/2016\/02\/Escudo-Areso-08.png","contentUrl":"https:\/\/areso.eus\/wp-content\/uploads\/2016\/02\/Escudo-Areso-08.png","width":169,"height":71,"caption":"Aresoko Udala"},"image":{"@id":"https:\/\/areso.eus\/#\/schema\/logo\/image\/"},"sameAs":["https:\/\/www.facebook.com\/areso.udala"]}]}},"_links":{"self":[{"href":"https:\/\/areso.eus\/es\/wp-json\/wp\/v2\/pages\/2069","targetHints":{"allow":["GET"]}}],"collection":[{"href":"https:\/\/areso.eus\/es\/wp-json\/wp\/v2\/pages"}],"about":[{"href":"https:\/\/areso.eus\/es\/wp-json\/wp\/v2\/types\/page"}],"author":[{"embeddable":true,"href":"https:\/\/areso.eus\/es\/wp-json\/wp\/v2\/users\/1"}],"replies":[{"embeddable":true,"href":"https:\/\/areso.eus\/es\/wp-json\/wp\/v2\/comments?post=2069"}],"version-history":[{"count":5,"href":"https:\/\/areso.eus\/es\/wp-json\/wp\/v2\/pages\/2069\/revisions"}],"predecessor-version":[{"id":5884,"href":"https:\/\/areso.eus\/es\/wp-json\/wp\/v2\/pages\/2069\/revisions\/5884"}],"up":[{"embeddable":true,"href":"https:\/\/areso.eus\/es\/wp-json\/wp\/v2\/pages\/2060"}],"wp:attachment":[{"href":"https:\/\/areso.eus\/es\/wp-json\/wp\/v2\/media?parent=2069"}],"curies":[{"name":"wp","href":"https:\/\/api.w.org\/{rel}","templated":true}]}}