{"id":2072,"date":"2016-02-01T17:41:18","date_gmt":"2016-02-01T16:41:18","guid":{"rendered":"https:\/\/areso.eus\/conoce-areso\/argazkiak\/"},"modified":"2026-01-27T08:08:35","modified_gmt":"2026-01-27T07:08:35","slug":"galeria","status":"publish","type":"page","link":"https:\/\/areso.eus\/es\/conoce-areso\/galeria\/","title":{"rendered":"Galer\u00eda"},"content":{"rendered":"<section class=\"l-section wpb_row height_medium\"><div class=\"l-section-h i-cf\"><div class=\"g-cols vc_row via_grid cols_1 laptops-cols_inherit tablets-cols_inherit mobiles-cols_1 valign_top type_default stacking_default\"><div class=\"wpb_column vc_column_container .titulomenu\"><div class=\"vc_column-inner\"><div class=\"w-gallery fit_cover type_masonry action_popup_image with_isotope ratio_auto count_23\" style=\"--columns:5;--items-gap:10px;\"><div class=\"w-gallery-list\"><div class=\"w-gallery-item\"><div class=\"w-gallery-item-img\"><img loading=\"lazy\" decoding=\"async\" width=\"1024\" height=\"768\" src=\"https:\/\/areso.eus\/wp-content\/uploads\/2026\/01\/Areso-klima-1024x768-1.jpg\" class=\"attachment-large size-large\" alt=\"\" \/><\/div><a class=\"w-gallery-item-link\" aria-label=\"Areso-klima-1024x768\" href=\"https:\/\/areso.eus\/wp-content\/uploads\/2026\/01\/Areso-klima-1024x768-1.jpg\"><\/a><\/div><div class=\"w-gallery-item\"><div class=\"w-gallery-item-img\"><img loading=\"lazy\" decoding=\"async\" width=\"1024\" height=\"768\" src=\"https:\/\/areso.eus\/wp-content\/uploads\/2026\/01\/descarga-1024x768-1.jpg\" class=\"attachment-large size-large\" alt=\"\" \/><\/div><a class=\"w-gallery-item-link\" aria-label=\"descarga-1024x768\" href=\"https:\/\/areso.eus\/wp-content\/uploads\/2026\/01\/descarga-1024x768-1.jpg\"><\/a><\/div><div class=\"w-gallery-item\"><div class=\"w-gallery-item-img\"><img loading=\"lazy\" decoding=\"async\" width=\"1024\" height=\"768\" src=\"https:\/\/areso.eus\/wp-content\/uploads\/2026\/01\/descarga-3-1024x768-1.jpg\" class=\"attachment-large size-large\" alt=\"\" \/><\/div><a class=\"w-gallery-item-link\" aria-label=\"descarga-3-1024x768\" href=\"https:\/\/areso.eus\/wp-content\/uploads\/2026\/01\/descarga-3-1024x768-1.jpg\"><\/a><\/div><div class=\"w-gallery-item\"><div class=\"w-gallery-item-img\"><img loading=\"lazy\" decoding=\"async\" width=\"1024\" height=\"682\" src=\"https:\/\/areso.eus\/wp-content\/uploads\/2026\/01\/descarga-1-1024x682-1.jpg\" class=\"attachment-large size-large\" alt=\"\" \/><\/div><a class=\"w-gallery-item-link\" aria-label=\"descarga-1-1024x682\" href=\"https:\/\/areso.eus\/wp-content\/uploads\/2026\/01\/descarga-1-1024x682-1.jpg\"><\/a><\/div><div class=\"w-gallery-item\"><div class=\"w-gallery-item-img\"><img loading=\"lazy\" decoding=\"async\" width=\"1024\" height=\"682\" src=\"https:\/\/areso.eus\/wp-content\/uploads\/2026\/01\/descarga-2-1024x682-1.jpg\" class=\"attachment-large size-large\" alt=\"\" \/><\/div><a class=\"w-gallery-item-link\" aria-label=\"descarga-2-1024x682\" href=\"https:\/\/areso.eus\/wp-content\/uploads\/2026\/01\/descarga-2-1024x682-1.jpg\"><\/a><\/div><div class=\"w-gallery-item\"><div class=\"w-gallery-item-img\"><img loading=\"lazy\" decoding=\"async\" width=\"1024\" height=\"576\" src=\"https:\/\/areso.eus\/wp-content\/uploads\/2026\/01\/P1090001-1024x576-1.jpg\" class=\"attachment-large size-large\" alt=\"\" \/><\/div><a class=\"w-gallery-item-link\" aria-label=\"P1090001-1024x576\" href=\"https:\/\/areso.eus\/wp-content\/uploads\/2026\/01\/P1090001-1024x576-1.jpg\"><\/a><\/div><div class=\"w-gallery-item\"><div class=\"w-gallery-item-img\"><img loading=\"lazy\" decoding=\"async\" width=\"1024\" height=\"576\" src=\"https:\/\/areso.eus\/wp-content\/uploads\/2026\/01\/P1090041-1024x576-1.jpg\" class=\"attachment-large size-large\" alt=\"\" \/><\/div><a class=\"w-gallery-item-link\" aria-label=\"P1090041-1024x576\" href=\"https:\/\/areso.eus\/wp-content\/uploads\/2026\/01\/P1090041-1024x576-1.jpg\"><\/a><\/div><div class=\"w-gallery-item\"><div class=\"w-gallery-item-img\"><img loading=\"lazy\" decoding=\"async\" width=\"1024\" height=\"576\" src=\"https:\/\/areso.eus\/wp-content\/uploads\/2026\/01\/P1090079-1024x576-1.jpg\" class=\"attachment-large size-large\" alt=\"\" \/><\/div><a class=\"w-gallery-item-link\" aria-label=\"P1090079-1024x576\" href=\"https:\/\/areso.eus\/wp-content\/uploads\/2026\/01\/P1090079-1024x576-1.jpg\"><\/a><\/div><div class=\"w-gallery-item\"><div class=\"w-gallery-item-img\"><img loading=\"lazy\" decoding=\"async\" width=\"1024\" height=\"439\" src=\"https:\/\/areso.eus\/wp-content\/uploads\/2025\/11\/Aresoko-Udala-2.jpg\" class=\"attachment-large size-large\" alt=\"\" \/><\/div><a class=\"w-gallery-item-link\" aria-label=\"Aresoko-Udala-2\" href=\"https:\/\/areso.eus\/wp-content\/uploads\/2025\/11\/Aresoko-Udala-2.jpg\"><\/a><\/div><div class=\"w-gallery-item\"><div class=\"w-gallery-item-img\"><img loading=\"lazy\" decoding=\"async\" width=\"585\" height=\"400\" src=\"https:\/\/areso.eus\/wp-content\/uploads\/2014\/12\/Areso-ezagutu-banner.jpg\" class=\"attachment-large size-large\" alt=\"\" srcset=\"https:\/\/areso.eus\/wp-content\/uploads\/2014\/12\/Areso-ezagutu-banner.jpg 585w, https:\/\/areso.eus\/wp-content\/uploads\/2014\/12\/Areso-ezagutu-banner-300x205.jpg 300w\" sizes=\"auto, (max-width: 585px) 100vw, 585px\" \/><\/div><a class=\"w-gallery-item-link\" aria-label=\"Areso-ezagutu-banner\" href=\"https:\/\/areso.eus\/wp-content\/uploads\/2014\/12\/Areso-ezagutu-banner.jpg\"><\/a><\/div><div class=\"w-gallery-item\"><div class=\"w-gallery-item-img\"><img loading=\"lazy\" decoding=\"async\" width=\"1000\" height=\"750\" src=\"https:\/\/areso.eus\/wp-content\/uploads\/2015\/12\/Mendi-Martxa-Areso-3.jpg\" class=\"attachment-large size-large\" alt=\"\" srcset=\"https:\/\/areso.eus\/wp-content\/uploads\/2015\/12\/Mendi-Martxa-Areso-3.jpg 1000w, https:\/\/areso.eus\/wp-content\/uploads\/2015\/12\/Mendi-Martxa-Areso-3-300x225.jpg 300w, https:\/\/areso.eus\/wp-content\/uploads\/2015\/12\/Mendi-Martxa-Areso-3-768x576.jpg 768w\" sizes=\"auto, (max-width: 1000px) 100vw, 1000px\" \/><\/div><a class=\"w-gallery-item-link\" aria-label=\"Mendi-Martxa-Areso\" href=\"https:\/\/areso.eus\/wp-content\/uploads\/2015\/12\/Mendi-Martxa-Areso-3.jpg\"><\/a><\/div><div class=\"w-gallery-item\"><div class=\"w-gallery-item-img\"><img loading=\"lazy\" decoding=\"async\" width=\"1000\" height=\"750\" src=\"https:\/\/areso.eus\/wp-content\/uploads\/2015\/12\/Mendi-Martxa-Areso-2.jpg\" class=\"attachment-large size-large\" alt=\"\" srcset=\"https:\/\/areso.eus\/wp-content\/uploads\/2015\/12\/Mendi-Martxa-Areso-2.jpg 1000w, https:\/\/areso.eus\/wp-content\/uploads\/2015\/12\/Mendi-Martxa-Areso-2-300x225.jpg 300w, https:\/\/areso.eus\/wp-content\/uploads\/2015\/12\/Mendi-Martxa-Areso-2-768x576.jpg 768w\" sizes=\"auto, (max-width: 1000px) 100vw, 1000px\" \/><\/div><a class=\"w-gallery-item-link\" aria-label=\"Mendi-Martxa-Areso\" href=\"https:\/\/areso.eus\/wp-content\/uploads\/2015\/12\/Mendi-Martxa-Areso-2.jpg\"><\/a><\/div><\/div><\/div><\/div><\/div><\/div><\/div><\/section>\n","protected":false},"excerpt":{"rendered":"","protected":false},"author":1,"featured_media":0,"parent":2039,"menu_order":0,"comment_status":"closed","ping_status":"closed","template":"","meta":{"_acf_changed":false,"footnotes":""},"class_list":["post-2072","page","type-page","status-publish","hentry"],"acf":[],"yoast_head":"<!-- This site is optimized with the Yoast SEO plugin v26.7 - https:\/\/yoast.com\/wordpress\/plugins\/seo\/ -->\n<title>Galer\u00eda de fotos de Areso. Im\u00e1genes de la localidad navarra<\/title>\n<meta name=\"description\" content=\"Galer\u00eda de fotos de Areso. Im\u00e1genes de montes, pueblo, edificios, tradiciones, fiestas, rutas, eventos... realizados en la localidad navarra.\" \/>\n<meta name=\"robots\" content=\"index, follow, max-snippet:-1, max-image-preview:large, max-video-preview:-1\" \/>\n<link rel=\"canonical\" href=\"https:\/\/areso.eus\/es\/conoce-areso\/galeria\/\" \/>\n<meta property=\"og:locale\" content=\"es_ES\" \/>\n<meta property=\"og:type\" content=\"article\" \/>\n<meta property=\"og:title\" content=\"Galer\u00eda de fotos de Areso. Im\u00e1genes de la localidad navarra\" \/>\n<meta property=\"og:description\" content=\"Galer\u00eda de fotos de Areso. Im\u00e1genes de montes, pueblo, edificios, tradiciones, fiestas, rutas, eventos... realizados en la localidad navarra.\" \/>\n<meta property=\"og:url\" content=\"https:\/\/areso.eus\/es\/conoce-areso\/galeria\/\" \/>\n<meta property=\"og:site_name\" content=\"Aresoko Udala\" \/>\n<meta property=\"article:publisher\" content=\"https:\/\/www.facebook.com\/areso.udala\" \/>\n<meta property=\"article:modified_time\" content=\"2026-01-27T07:08:35+00:00\" \/>\n<meta name=\"twitter:card\" content=\"summary_large_image\" \/>\n<meta name=\"twitter:label1\" content=\"Tiempo de lectura\" \/>\n\t<meta name=\"twitter:data1\" content=\"1 minuto\" \/>\n<script type=\"application\/ld+json\" class=\"yoast-schema-graph\">{\"@context\":\"https:\/\/schema.org\",\"@graph\":[{\"@type\":\"WebPage\",\"@id\":\"https:\/\/areso.eus\/es\/conoce-areso\/galeria\/\",\"url\":\"https:\/\/areso.eus\/es\/conoce-areso\/galeria\/\",\"name\":\"Galer\u00eda de fotos de Areso. Im\u00e1genes de la localidad navarra\",\"isPartOf\":{\"@id\":\"https:\/\/areso.eus\/#website\"},\"datePublished\":\"2016-02-01T16:41:18+00:00\",\"dateModified\":\"2026-01-27T07:08:35+00:00\",\"description\":\"Galer\u00eda de fotos de Areso. Im\u00e1genes de montes, pueblo, edificios, tradiciones, fiestas, rutas, eventos... realizados en la localidad navarra.\",\"breadcrumb\":{\"@id\":\"https:\/\/areso.eus\/es\/conoce-areso\/galeria\/#breadcrumb\"},\"inLanguage\":\"es\",\"potentialAction\":[{\"@type\":\"ReadAction\",\"target\":[\"https:\/\/areso.eus\/es\/conoce-areso\/galeria\/\"]}]},{\"@type\":\"BreadcrumbList\",\"@id\":\"https:\/\/areso.eus\/es\/conoce-areso\/galeria\/#breadcrumb\",\"itemListElement\":[{\"@type\":\"ListItem\",\"position\":1,\"name\":\"Hasiera orria\",\"item\":\"https:\/\/areso.eus\/es\/\"},{\"@type\":\"ListItem\",\"position\":2,\"name\":\"Conoce Areso\",\"item\":\"https:\/\/areso.eus\/areso-ezagutu\/\"},{\"@type\":\"ListItem\",\"position\":3,\"name\":\"Galer\u00eda\"}]},{\"@type\":\"WebSite\",\"@id\":\"https:\/\/areso.eus\/#website\",\"url\":\"https:\/\/areso.eus\/\",\"name\":\"Aresoko Udala\",\"description\":\"Aresoko udalaren webgune ofiziala. Herriko informazioa, albisteak, ekitaldiak, jarduerak, berriak, informazio turistikoa...\",\"publisher\":{\"@id\":\"https:\/\/areso.eus\/#organization\"},\"potentialAction\":[{\"@type\":\"SearchAction\",\"target\":{\"@type\":\"EntryPoint\",\"urlTemplate\":\"https:\/\/areso.eus\/?s={search_term_string}\"},\"query-input\":{\"@type\":\"PropertyValueSpecification\",\"valueRequired\":true,\"valueName\":\"search_term_string\"}}],\"inLanguage\":\"es\"},{\"@type\":\"Organization\",\"@id\":\"https:\/\/areso.eus\/#organization\",\"name\":\"Aresoko Udala\",\"url\":\"https:\/\/areso.eus\/\",\"logo\":{\"@type\":\"ImageObject\",\"inLanguage\":\"es\",\"@id\":\"https:\/\/areso.eus\/#\/schema\/logo\/image\/\",\"url\":\"https:\/\/areso.eus\/wp-content\/uploads\/2016\/02\/Escudo-Areso-08.png\",\"contentUrl\":\"https:\/\/areso.eus\/wp-content\/uploads\/2016\/02\/Escudo-Areso-08.png\",\"width\":169,\"height\":71,\"caption\":\"Aresoko Udala\"},\"image\":{\"@id\":\"https:\/\/areso.eus\/#\/schema\/logo\/image\/\"},\"sameAs\":[\"https:\/\/www.facebook.com\/areso.udala\"]}]}<\/script>\n<!-- \/ Yoast SEO plugin. -->","yoast_head_json":{"title":"Galer\u00eda de fotos de Areso. Im\u00e1genes de la localidad navarra","description":"Galer\u00eda de fotos de Areso. Im\u00e1genes de montes, pueblo, edificios, tradiciones, fiestas, rutas, eventos... realizados en la localidad navarra.","robots":{"index":"index","follow":"follow","max-snippet":"max-snippet:-1","max-image-preview":"max-image-preview:large","max-video-preview":"max-video-preview:-1"},"canonical":"https:\/\/areso.eus\/es\/conoce-areso\/galeria\/","og_locale":"es_ES","og_type":"article","og_title":"Galer\u00eda de fotos de Areso. Im\u00e1genes de la localidad navarra","og_description":"Galer\u00eda de fotos de Areso. Im\u00e1genes de montes, pueblo, edificios, tradiciones, fiestas, rutas, eventos... realizados en la localidad navarra.","og_url":"https:\/\/areso.eus\/es\/conoce-areso\/galeria\/","og_site_name":"Aresoko Udala","article_publisher":"https:\/\/www.facebook.com\/areso.udala","article_modified_time":"2026-01-27T07:08:35+00:00","twitter_card":"summary_large_image","twitter_misc":{"Tiempo de lectura":"1 minuto"},"schema":{"@context":"https:\/\/schema.org","@graph":[{"@type":"WebPage","@id":"https:\/\/areso.eus\/es\/conoce-areso\/galeria\/","url":"https:\/\/areso.eus\/es\/conoce-areso\/galeria\/","name":"Galer\u00eda de fotos de Areso. Im\u00e1genes de la localidad navarra","isPartOf":{"@id":"https:\/\/areso.eus\/#website"},"datePublished":"2016-02-01T16:41:18+00:00","dateModified":"2026-01-27T07:08:35+00:00","description":"Galer\u00eda de fotos de Areso. Im\u00e1genes de montes, pueblo, edificios, tradiciones, fiestas, rutas, eventos... realizados en la localidad navarra.","breadcrumb":{"@id":"https:\/\/areso.eus\/es\/conoce-areso\/galeria\/#breadcrumb"},"inLanguage":"es","potentialAction":[{"@type":"ReadAction","target":["https:\/\/areso.eus\/es\/conoce-areso\/galeria\/"]}]},{"@type":"BreadcrumbList","@id":"https:\/\/areso.eus\/es\/conoce-areso\/galeria\/#breadcrumb","itemListElement":[{"@type":"ListItem","position":1,"name":"Hasiera orria","item":"https:\/\/areso.eus\/es\/"},{"@type":"ListItem","position":2,"name":"Conoce Areso","item":"https:\/\/areso.eus\/areso-ezagutu\/"},{"@type":"ListItem","position":3,"name":"Galer\u00eda"}]},{"@type":"WebSite","@id":"https:\/\/areso.eus\/#website","url":"https:\/\/areso.eus\/","name":"Aresoko Udala","description":"Aresoko udalaren webgune ofiziala. Herriko informazioa, albisteak, ekitaldiak, jarduerak, berriak, informazio turistikoa...","publisher":{"@id":"https:\/\/areso.eus\/#organization"},"potentialAction":[{"@type":"SearchAction","target":{"@type":"EntryPoint","urlTemplate":"https:\/\/areso.eus\/?s={search_term_string}"},"query-input":{"@type":"PropertyValueSpecification","valueRequired":true,"valueName":"search_term_string"}}],"inLanguage":"es"},{"@type":"Organization","@id":"https:\/\/areso.eus\/#organization","name":"Aresoko Udala","url":"https:\/\/areso.eus\/","logo":{"@type":"ImageObject","inLanguage":"es","@id":"https:\/\/areso.eus\/#\/schema\/logo\/image\/","url":"https:\/\/areso.eus\/wp-content\/uploads\/2016\/02\/Escudo-Areso-08.png","contentUrl":"https:\/\/areso.eus\/wp-content\/uploads\/2016\/02\/Escudo-Areso-08.png","width":169,"height":71,"caption":"Aresoko Udala"},"image":{"@id":"https:\/\/areso.eus\/#\/schema\/logo\/image\/"},"sameAs":["https:\/\/www.facebook.com\/areso.udala"]}]}},"_links":{"self":[{"href":"https:\/\/areso.eus\/es\/wp-json\/wp\/v2\/pages\/2072","targetHints":{"allow":["GET"]}}],"collection":[{"href":"https:\/\/areso.eus\/es\/wp-json\/wp\/v2\/pages"}],"about":[{"href":"https:\/\/areso.eus\/es\/wp-json\/wp\/v2\/types\/page"}],"author":[{"embeddable":true,"href":"https:\/\/areso.eus\/es\/wp-json\/wp\/v2\/users\/1"}],"replies":[{"embeddable":true,"href":"https:\/\/areso.eus\/es\/wp-json\/wp\/v2\/comments?post=2072"}],"version-history":[{"count":4,"href":"https:\/\/areso.eus\/es\/wp-json\/wp\/v2\/pages\/2072\/revisions"}],"predecessor-version":[{"id":6152,"href":"https:\/\/areso.eus\/es\/wp-json\/wp\/v2\/pages\/2072\/revisions\/6152"}],"up":[{"embeddable":true,"href":"https:\/\/areso.eus\/es\/wp-json\/wp\/v2\/pages\/2039"}],"wp:attachment":[{"href":"https:\/\/areso.eus\/es\/wp-json\/wp\/v2\/media?parent=2072"}],"curies":[{"name":"wp","href":"https:\/\/api.w.org\/{rel}","templated":true}]}}