{"id":2080,"date":"2016-01-11T16:11:15","date_gmt":"2016-01-11T15:11:15","guid":{"rendered":"https:\/\/areso.eus\/industrialdea\/"},"modified":"2026-01-27T08:09:31","modified_gmt":"2026-01-27T07:09:31","slug":"poligono-industrial","status":"publish","type":"page","link":"https:\/\/areso.eus\/es\/poligono-industrial\/","title":{"rendered":"Pol\u00edgono industrial"},"content":{"rendered":"<section class=\"l-section wpb_row height_medium\"><div class=\"l-section-h i-cf\"><div class=\"g-cols vc_row via_grid cols_1 laptops-cols_inherit tablets-cols_inherit mobiles-cols_1 valign_top type_default stacking_default\"><div class=\"wpb_column vc_column_container .titulomenu\"><div class=\"vc_column-inner\"><div class=\"g-cols wpb_row via_grid cols_2-1 laptops-cols_inherit tablets-cols_inherit mobiles-cols_1 valign_top type_default stacking_default\" style=\"--columns-gap:3rem;\"><div class=\"wpb_column vc_column_container us_custom_176064e7\"><div class=\"vc_column-inner\"><div class=\"wpb_text_column\"><div class=\"wpb_wrapper\"><div class=\"wpb_text_column wpb_content_element \">\n<div class=\"wpb_wrapper\">\n<p>El primer proyecto del Pol\u00edgono Eluseder 1 es de 1995. A\u00f1o en el que se abri\u00f3 la A15, uniendo Iru\u00f1a y Donostia. Por su ubicaci\u00f3n estrat\u00e9gica, el ayuntamiento apost\u00f3 por el pol\u00edgono industrial, donde hoy en d\u00eda, hay 12 empresas de diferente actividad.<\/p>\n<\/div>\n<\/div>\n<\/div><\/div><\/div><\/div><div class=\"wpb_column vc_column_container\"><div class=\"vc_column-inner\"><div class=\"w-image align_none\"><div class=\"w-image-h\"><img decoding=\"async\" width=\"300\" height=\"169\" src=\"https:\/\/areso.eus\/wp-content\/uploads\/2016\/01\/poligono_industrial.jpg\" class=\"attachment-full size-full\" alt=\"\" loading=\"lazy\" \/><\/div><\/div><\/div><\/div><\/div><\/div><\/div><\/div><\/div><\/section><section class=\"l-section wpb_row us_custom_3d367c71 height_auto\"><div class=\"l-section-h i-cf\"><div class=\"g-cols vc_row via_grid cols_2 laptops-cols_inherit tablets-cols_inherit mobiles-cols_1 valign_top type_boxes stacking_default\"><div class=\"wpb_column vc_column_container\"><div class=\"vc_column-inner\">[vc_custom_heading text=&#8221;Eluseder 1&#8243; font_container=&#8221;tag:h2|text_align:left|color:%23111111&#8243; use_theme_fonts=&#8221;yes&#8221;]<div class=\"wpb_text_column\"><div class=\"wpb_wrapper\"><ul>\n<li><strong>Alpa Aluminio <acronym title=\"Sociedad Limitada\"><span lang=\"es\"><acronym title=\"Sociedad Limitada\">S.L.<\/acronym><\/span><\/acronym>:<\/strong> Tel\u00e9fono 948 51 07 11.<\/li>\n<li><strong>Burdi Lan S.L.:<\/strong> Tel\u00e9fono 948 51 08 01.<\/li>\n<li><strong>Hormigones Leizaran S.L.:<\/strong> Tel\u00e9fono 948 51 06 06.<\/li>\n<li><strong>Leizalum:<\/strong> Tel\u00e9fono 948 51 07 11.<\/li>\n<li><strong>Mandriladora Leiza:<\/strong> Tel\u00e9fono 948 51 06 00. Web <a title=\"Se abrir\u00e1 en una nueva hoja\" href=\"https:\/\/www.mandriladoraleiza.com\/\" target=\"_blank\" rel=\"noopener\">www.mandriladoraleiza.com<\/a><\/li>\n<li><strong>Sagasper Tallerea S.L.:<\/strong> Tel\u00e9fono 948 51 06 10.<\/li>\n<li><strong>Arraras edariak:<\/strong> Tel\u00e9fono 948 61 08 88. E-mail <a title=\"El programa del primer E-mail se abrir\u00e1 en una nueva pesta\u00f1a\" href=\"mailto:hnos.arraras@telefonica.net\" target=\"_blank\" rel=\"noopener\">hnos.arraras@telefonica.net<\/a><\/li>\n<li><strong>Denauto \u2013 Reparaciones de auto:<\/strong> Tel\u00e9fono 948 51 06 10.<\/li>\n<li><strong>Embalajes Leiza \u2013 Paletas:<\/strong> Tel\u00e9fono 948 61 08 73.<\/li>\n<li><strong>Euskron :<\/strong> Tel\u00e9fono 948 51 08 07.<\/li>\n<li>M.E. Latz \u2013 Puentes, gruas, polipastos: Tel\u00e9fono 948 51 08 45.<\/li>\n<li><strong>Acove S.L. \u2013 Sistemas de aislamiento.<\/strong><\/li>\n<\/ul>\n<p>La ampliaci\u00f3n del pol\u00edgono y la mejora de las infraestructuras, siguen siendo hoy por hoy, una de las prioridades del ayuntamiento. A partir del 2002, se han construido dos pol\u00edgonos, Eluseder 2 y Eluseder 3 y se han mejorando los accesos. Se prevee que en el 2010 el pol\u00edgono tenga una depuradora.<\/p>\n<\/div><\/div><div class=\"w-separator size_medium\"><\/div><\/div><\/div><div class=\"wpb_column vc_column_container\"><div class=\"vc_column-inner\">[vc_custom_heading text=&#8221;Eluseder 2&#8243; font_container=&#8221;tag:h2|text_align:left|color:%23111111&#8243; use_theme_fonts=&#8221;yes&#8221;]<div class=\"wpb_text_column\"><div class=\"wpb_wrapper\"><ul>\n<li><strong>Sena <acronym title=\"Sociedad An\u00f3nima\">S.A.<\/acronym>:<\/strong> Web <a title=\"Se abrir\u00e1 en una nueva hoja\" href=\"https:\/\/www.sena-sa.com\/\" target=\"_blank\" rel=\"noopener\">www.sena-sa.com<\/a><\/li>\n<li><strong>Hierros Mavi S.L.<\/strong><\/li>\n<li><strong>Sukia:<\/strong> Web <a title=\"Se abrir\u00e1 en una nueva hoja\" href=\"https:\/\/www.sukia.com\/\" target=\"_blank\" rel=\"noopener\">www.sukia.com<\/a><\/li>\n<li>El ayuntamiento tiene en venta una parcela areskoudala@ibercom.com<\/li>\n<\/ul>\n<\/div><\/div>[vc_custom_heading text=&#8221;Eluseder 3&#8243; font_container=&#8221;tag:h2|text_align:left|color:%23111111&#8243; use_theme_fonts=&#8221;yes&#8221;]<div class=\"wpb_text_column\"><div class=\"wpb_wrapper\"><ul>\n<li><strong>Sukia<\/strong> tiene en venta todas las parcelas.<\/li>\n<\/ul>\n<\/div><\/div><\/div><\/div><\/div><\/div><\/section>\n","protected":false},"excerpt":{"rendered":"El primer proyecto del Pol\u00edgono Eluseder 1 es de 1995. A\u00f1o en el que se abri\u00f3 la A15, uniendo Iru\u00f1a y Donostia. Por su ubicaci\u00f3n estrat\u00e9gica, el ayuntamiento apost\u00f3 por el pol\u00edgono industrial, donde hoy en d\u00eda, hay 12 empresas de diferente actividad. [vc_custom_heading text=\"Eluseder 1\" font_container=\"tag:h2|text_align:left|color:%23111111\" use_theme_fonts=\"yes\"] Alpa Aluminio S.L.: Tel\u00e9fono 948 51 07...","protected":false},"author":1,"featured_media":0,"parent":0,"menu_order":0,"comment_status":"closed","ping_status":"closed","template":"","meta":{"_acf_changed":false,"footnotes":""},"class_list":["post-2080","page","type-page","status-publish","hentry"],"acf":[],"yoast_head":"<!-- This site is optimized with the Yoast SEO plugin v26.7 - https:\/\/yoast.com\/wordpress\/plugins\/seo\/ -->\n<title>Pol\u00edgono industrial de Areso. Listado de Empresas de industria de Areso.<\/title>\n<meta name=\"description\" content=\"Pol\u00edgono Industrial de Areso. Relaci\u00f3n de empresas ubicadas en el Pol\u00edgono Industrial de Areso. Pol\u00edgono industrial Eluseder 1 y sus industrias.\" \/>\n<meta name=\"robots\" content=\"index, follow, max-snippet:-1, max-image-preview:large, max-video-preview:-1\" \/>\n<link rel=\"canonical\" href=\"https:\/\/areso.eus\/es\/poligono-industrial\/\" \/>\n<meta property=\"og:locale\" content=\"es_ES\" \/>\n<meta property=\"og:type\" content=\"article\" \/>\n<meta property=\"og:title\" content=\"Pol\u00edgono industrial de Areso. Listado de Empresas de industria de Areso.\" \/>\n<meta property=\"og:description\" content=\"Pol\u00edgono Industrial de Areso. Relaci\u00f3n de empresas ubicadas en el Pol\u00edgono Industrial de Areso. Pol\u00edgono industrial Eluseder 1 y sus industrias.\" \/>\n<meta property=\"og:url\" content=\"https:\/\/areso.eus\/es\/poligono-industrial\/\" \/>\n<meta property=\"og:site_name\" content=\"Aresoko Udala\" \/>\n<meta property=\"article:publisher\" content=\"https:\/\/www.facebook.com\/areso.udala\" \/>\n<meta property=\"article:modified_time\" content=\"2026-01-27T07:09:31+00:00\" \/>\n<meta name=\"twitter:card\" content=\"summary_large_image\" \/>\n<meta name=\"twitter:label1\" content=\"Tiempo de lectura\" \/>\n\t<meta name=\"twitter:data1\" content=\"2 minutos\" \/>\n<script type=\"application\/ld+json\" class=\"yoast-schema-graph\">{\"@context\":\"https:\/\/schema.org\",\"@graph\":[{\"@type\":\"WebPage\",\"@id\":\"https:\/\/areso.eus\/es\/poligono-industrial\/\",\"url\":\"https:\/\/areso.eus\/es\/poligono-industrial\/\",\"name\":\"Pol\u00edgono industrial de Areso. Listado de Empresas de industria de Areso.\",\"isPartOf\":{\"@id\":\"https:\/\/areso.eus\/#website\"},\"datePublished\":\"2016-01-11T15:11:15+00:00\",\"dateModified\":\"2026-01-27T07:09:31+00:00\",\"description\":\"Pol\u00edgono Industrial de Areso. Relaci\u00f3n de empresas ubicadas en el Pol\u00edgono Industrial de Areso. Pol\u00edgono industrial Eluseder 1 y sus industrias.\",\"breadcrumb\":{\"@id\":\"https:\/\/areso.eus\/es\/poligono-industrial\/#breadcrumb\"},\"inLanguage\":\"es\",\"potentialAction\":[{\"@type\":\"ReadAction\",\"target\":[\"https:\/\/areso.eus\/es\/poligono-industrial\/\"]}]},{\"@type\":\"BreadcrumbList\",\"@id\":\"https:\/\/areso.eus\/es\/poligono-industrial\/#breadcrumb\",\"itemListElement\":[{\"@type\":\"ListItem\",\"position\":1,\"name\":\"Hasiera orria\",\"item\":\"https:\/\/areso.eus\/es\/\"},{\"@type\":\"ListItem\",\"position\":2,\"name\":\"Pol\u00edgono industrial\"}]},{\"@type\":\"WebSite\",\"@id\":\"https:\/\/areso.eus\/#website\",\"url\":\"https:\/\/areso.eus\/\",\"name\":\"Aresoko Udala\",\"description\":\"Aresoko udalaren webgune ofiziala. Herriko informazioa, albisteak, ekitaldiak, jarduerak, berriak, informazio turistikoa...\",\"publisher\":{\"@id\":\"https:\/\/areso.eus\/#organization\"},\"potentialAction\":[{\"@type\":\"SearchAction\",\"target\":{\"@type\":\"EntryPoint\",\"urlTemplate\":\"https:\/\/areso.eus\/?s={search_term_string}\"},\"query-input\":{\"@type\":\"PropertyValueSpecification\",\"valueRequired\":true,\"valueName\":\"search_term_string\"}}],\"inLanguage\":\"es\"},{\"@type\":\"Organization\",\"@id\":\"https:\/\/areso.eus\/#organization\",\"name\":\"Aresoko Udala\",\"url\":\"https:\/\/areso.eus\/\",\"logo\":{\"@type\":\"ImageObject\",\"inLanguage\":\"es\",\"@id\":\"https:\/\/areso.eus\/#\/schema\/logo\/image\/\",\"url\":\"https:\/\/areso.eus\/wp-content\/uploads\/2016\/02\/Escudo-Areso-08.png\",\"contentUrl\":\"https:\/\/areso.eus\/wp-content\/uploads\/2016\/02\/Escudo-Areso-08.png\",\"width\":169,\"height\":71,\"caption\":\"Aresoko Udala\"},\"image\":{\"@id\":\"https:\/\/areso.eus\/#\/schema\/logo\/image\/\"},\"sameAs\":[\"https:\/\/www.facebook.com\/areso.udala\"]}]}<\/script>\n<!-- \/ Yoast SEO plugin. -->","yoast_head_json":{"title":"Pol\u00edgono industrial de Areso. Listado de Empresas de industria de Areso.","description":"Pol\u00edgono Industrial de Areso. Relaci\u00f3n de empresas ubicadas en el Pol\u00edgono Industrial de Areso. Pol\u00edgono industrial Eluseder 1 y sus industrias.","robots":{"index":"index","follow":"follow","max-snippet":"max-snippet:-1","max-image-preview":"max-image-preview:large","max-video-preview":"max-video-preview:-1"},"canonical":"https:\/\/areso.eus\/es\/poligono-industrial\/","og_locale":"es_ES","og_type":"article","og_title":"Pol\u00edgono industrial de Areso. Listado de Empresas de industria de Areso.","og_description":"Pol\u00edgono Industrial de Areso. Relaci\u00f3n de empresas ubicadas en el Pol\u00edgono Industrial de Areso. Pol\u00edgono industrial Eluseder 1 y sus industrias.","og_url":"https:\/\/areso.eus\/es\/poligono-industrial\/","og_site_name":"Aresoko Udala","article_publisher":"https:\/\/www.facebook.com\/areso.udala","article_modified_time":"2026-01-27T07:09:31+00:00","twitter_card":"summary_large_image","twitter_misc":{"Tiempo de lectura":"2 minutos"},"schema":{"@context":"https:\/\/schema.org","@graph":[{"@type":"WebPage","@id":"https:\/\/areso.eus\/es\/poligono-industrial\/","url":"https:\/\/areso.eus\/es\/poligono-industrial\/","name":"Pol\u00edgono industrial de Areso. Listado de Empresas de industria de Areso.","isPartOf":{"@id":"https:\/\/areso.eus\/#website"},"datePublished":"2016-01-11T15:11:15+00:00","dateModified":"2026-01-27T07:09:31+00:00","description":"Pol\u00edgono Industrial de Areso. Relaci\u00f3n de empresas ubicadas en el Pol\u00edgono Industrial de Areso. Pol\u00edgono industrial Eluseder 1 y sus industrias.","breadcrumb":{"@id":"https:\/\/areso.eus\/es\/poligono-industrial\/#breadcrumb"},"inLanguage":"es","potentialAction":[{"@type":"ReadAction","target":["https:\/\/areso.eus\/es\/poligono-industrial\/"]}]},{"@type":"BreadcrumbList","@id":"https:\/\/areso.eus\/es\/poligono-industrial\/#breadcrumb","itemListElement":[{"@type":"ListItem","position":1,"name":"Hasiera orria","item":"https:\/\/areso.eus\/es\/"},{"@type":"ListItem","position":2,"name":"Pol\u00edgono industrial"}]},{"@type":"WebSite","@id":"https:\/\/areso.eus\/#website","url":"https:\/\/areso.eus\/","name":"Aresoko Udala","description":"Aresoko udalaren webgune ofiziala. Herriko informazioa, albisteak, ekitaldiak, jarduerak, berriak, informazio turistikoa...","publisher":{"@id":"https:\/\/areso.eus\/#organization"},"potentialAction":[{"@type":"SearchAction","target":{"@type":"EntryPoint","urlTemplate":"https:\/\/areso.eus\/?s={search_term_string}"},"query-input":{"@type":"PropertyValueSpecification","valueRequired":true,"valueName":"search_term_string"}}],"inLanguage":"es"},{"@type":"Organization","@id":"https:\/\/areso.eus\/#organization","name":"Aresoko Udala","url":"https:\/\/areso.eus\/","logo":{"@type":"ImageObject","inLanguage":"es","@id":"https:\/\/areso.eus\/#\/schema\/logo\/image\/","url":"https:\/\/areso.eus\/wp-content\/uploads\/2016\/02\/Escudo-Areso-08.png","contentUrl":"https:\/\/areso.eus\/wp-content\/uploads\/2016\/02\/Escudo-Areso-08.png","width":169,"height":71,"caption":"Aresoko Udala"},"image":{"@id":"https:\/\/areso.eus\/#\/schema\/logo\/image\/"},"sameAs":["https:\/\/www.facebook.com\/areso.udala"]}]}},"_links":{"self":[{"href":"https:\/\/areso.eus\/es\/wp-json\/wp\/v2\/pages\/2080","targetHints":{"allow":["GET"]}}],"collection":[{"href":"https:\/\/areso.eus\/es\/wp-json\/wp\/v2\/pages"}],"about":[{"href":"https:\/\/areso.eus\/es\/wp-json\/wp\/v2\/types\/page"}],"author":[{"embeddable":true,"href":"https:\/\/areso.eus\/es\/wp-json\/wp\/v2\/users\/1"}],"replies":[{"embeddable":true,"href":"https:\/\/areso.eus\/es\/wp-json\/wp\/v2\/comments?post=2080"}],"version-history":[{"count":5,"href":"https:\/\/areso.eus\/es\/wp-json\/wp\/v2\/pages\/2080\/revisions"}],"predecessor-version":[{"id":6154,"href":"https:\/\/areso.eus\/es\/wp-json\/wp\/v2\/pages\/2080\/revisions\/6154"}],"wp:attachment":[{"href":"https:\/\/areso.eus\/es\/wp-json\/wp\/v2\/media?parent=2080"}],"curies":[{"name":"wp","href":"https:\/\/api.w.org\/{rel}","templated":true}]}}