{"id":2083,"date":"2015-12-17T17:10:05","date_gmt":"2015-12-17T16:10:05","guid":{"rendered":"https:\/\/areso.eus\/udala\/"},"modified":"2026-01-19T15:59:12","modified_gmt":"2026-01-19T14:59:12","slug":"ayuntamiento","status":"publish","type":"page","link":"https:\/\/areso.eus\/es\/ayuntamiento\/","title":{"rendered":"Ayuntamiento"},"content":{"rendered":"<section class=\"l-section wpb_row height_medium\"><div class=\"l-section-h i-cf\"><div class=\"g-cols vc_row via_grid cols_2 laptops-cols_inherit tablets-cols_inherit mobiles-cols_1 valign_top type_default stacking_default\"><div class=\"wpb_column vc_column_container\"><div class=\"vc_column-inner\">[vc_custom_heading text=&#8221;\u00a1Bienvenidos a la Web de Areso!&#8221; font_container=&#8221;tag:h3|text_align:left&#8221; use_theme_fonts=&#8221;yes&#8221;]<div class=\"wpb_text_column\"><div class=\"wpb_wrapper\"><p>Por medio de esta web pretendemos poner al alcance de todos un instrumento \u00fatil para que tanto los visitantes como los habitantes del pueblo tengan acceso a toda la informaci\u00f3n referida a Areso y el ayuntamiento.<\/p>\n<p>Es nuestra intenci\u00f3n que despu\u00e9s de haber navegado por medio de esta p\u00e1gina por los distintos rincones de nuestro pueblo sint\u00e1is la tentaci\u00f3n de venir a verlo con vuestros propios ojos y pod\u00e1is comprobar in situ que detr\u00e1s de esta web hay un pueblo vivo y abierto.<\/p>\n<p>Asimismo pretendemos facilitar toda la informaci\u00f3n posible tambi\u00e9n a los habitantes del pueblo, haciendo que esta web sea un lugar de transparencia e informaci\u00f3n, posibilitando adem\u00e1s la participaci\u00f3n de todas aquellas personas que as\u00ed lo quieran.<\/p>\n<p>De aqu\u00ed en adelante se podr\u00e1 tener acceso en esta web a las actas de los plenos municipales y a otros documentos de inter\u00e9s.<\/p>\n<p>Recordad que esperamos vuestra visita y que cualquier aportaci\u00f3n sugerencia o idea es m\u00e1s que bienvenida; nuestro sue\u00f1o es hacer de Areso un pueblo a\u00fan m\u00e1s vivo y participativo. Un lugar agradable para venir de visita y mejor a\u00fan para vivir en \u00e9l.<\/p>\n<p>Un saludo,<\/p>\n<h4>Mar\u00eda Beatriz Muro Mart\u00ednez<\/h4>\n<p><strong>Vecina y Presidenta de la Comisi\u00f3n Gestora de Areso.<\/strong><\/p>\n<\/div><\/div><\/div><\/div><div class=\"wpb_column vc_column_container\"><div class=\"vc_column-inner\"><div class=\"w-image align_none\"><div class=\"w-image-h\"><img decoding=\"async\" width=\"1024\" height=\"682\" src=\"https:\/\/areso.eus\/wp-content\/uploads\/2015\/12\/Udalda-1024x682.jpg\" class=\"attachment-large size-large\" alt=\"\" loading=\"lazy\" srcset=\"https:\/\/areso.eus\/wp-content\/uploads\/2015\/12\/Udalda-1024x682.jpg 1024w, https:\/\/areso.eus\/wp-content\/uploads\/2015\/12\/Udalda-300x200.jpg 300w, https:\/\/areso.eus\/wp-content\/uploads\/2015\/12\/Udalda-768x511.jpg 768w, https:\/\/areso.eus\/wp-content\/uploads\/2015\/12\/Udalda.jpg 1200w\" sizes=\"auto, (max-width: 1024px) 100vw, 1024px\" \/><\/div><\/div><\/div><\/div><\/div><\/div><\/section>\n","protected":false},"excerpt":{"rendered":"[vc_custom_heading text=\"\u00a1Bienvenidos a la Web de Areso!\" font_container=\"tag:h3|text_align:left\" use_theme_fonts=\"yes\"]Por medio de esta web pretendemos poner al alcance de todos un instrumento \u00fatil para que tanto los visitantes como los habitantes del pueblo tengan acceso a toda la informaci\u00f3n referida a Areso y el ayuntamiento. Es nuestra intenci\u00f3n que despu\u00e9s de haber navegado por medio de...","protected":false},"author":1,"featured_media":0,"parent":0,"menu_order":0,"comment_status":"closed","ping_status":"closed","template":"","meta":{"_acf_changed":false,"footnotes":""},"class_list":["post-2083","page","type-page","status-publish","hentry"],"acf":[],"yoast_head":"<!-- This site is optimized with the Yoast SEO plugin v26.7 - https:\/\/yoast.com\/wordpress\/plugins\/seo\/ -->\n<title>Toda la informaci\u00f3n sobre el Ayuntamiento de Areso<\/title>\n<meta name=\"description\" content=\"Informaci\u00f3n sobre el ayuntamiento de Areso. Mociones, Actas de juntas, servicios, tel\u00e9fonos de inter\u00e9s, mancomunidades, bandos...\" \/>\n<meta name=\"robots\" content=\"index, follow, max-snippet:-1, max-image-preview:large, max-video-preview:-1\" \/>\n<link rel=\"canonical\" href=\"https:\/\/areso.eus\/es\/ayuntamiento\/\" \/>\n<meta property=\"og:locale\" content=\"es_ES\" \/>\n<meta property=\"og:type\" content=\"article\" \/>\n<meta property=\"og:title\" content=\"Toda la informaci\u00f3n sobre el Ayuntamiento de Areso\" \/>\n<meta property=\"og:description\" content=\"Informaci\u00f3n sobre el ayuntamiento de Areso. Mociones, Actas de juntas, servicios, tel\u00e9fonos de inter\u00e9s, mancomunidades, bandos...\" \/>\n<meta property=\"og:url\" content=\"https:\/\/areso.eus\/es\/ayuntamiento\/\" \/>\n<meta property=\"og:site_name\" content=\"Aresoko Udala\" \/>\n<meta property=\"article:publisher\" content=\"https:\/\/www.facebook.com\/areso.udala\" \/>\n<meta property=\"article:modified_time\" content=\"2026-01-19T14:59:12+00:00\" \/>\n<meta name=\"twitter:card\" content=\"summary_large_image\" \/>\n<meta name=\"twitter:label1\" content=\"Tiempo de lectura\" \/>\n\t<meta name=\"twitter:data1\" content=\"1 minuto\" \/>\n<script type=\"application\/ld+json\" class=\"yoast-schema-graph\">{\"@context\":\"https:\/\/schema.org\",\"@graph\":[{\"@type\":\"WebPage\",\"@id\":\"https:\/\/areso.eus\/es\/ayuntamiento\/\",\"url\":\"https:\/\/areso.eus\/es\/ayuntamiento\/\",\"name\":\"Toda la informaci\u00f3n sobre el Ayuntamiento de Areso\",\"isPartOf\":{\"@id\":\"https:\/\/areso.eus\/#website\"},\"datePublished\":\"2015-12-17T16:10:05+00:00\",\"dateModified\":\"2026-01-19T14:59:12+00:00\",\"description\":\"Informaci\u00f3n sobre el ayuntamiento de Areso. Mociones, Actas de juntas, servicios, tel\u00e9fonos de inter\u00e9s, mancomunidades, bandos...\",\"breadcrumb\":{\"@id\":\"https:\/\/areso.eus\/es\/ayuntamiento\/#breadcrumb\"},\"inLanguage\":\"es\",\"potentialAction\":[{\"@type\":\"ReadAction\",\"target\":[\"https:\/\/areso.eus\/es\/ayuntamiento\/\"]}]},{\"@type\":\"BreadcrumbList\",\"@id\":\"https:\/\/areso.eus\/es\/ayuntamiento\/#breadcrumb\",\"itemListElement\":[{\"@type\":\"ListItem\",\"position\":1,\"name\":\"Hasiera orria\",\"item\":\"https:\/\/areso.eus\/es\/\"},{\"@type\":\"ListItem\",\"position\":2,\"name\":\"Ayuntamiento\"}]},{\"@type\":\"WebSite\",\"@id\":\"https:\/\/areso.eus\/#website\",\"url\":\"https:\/\/areso.eus\/\",\"name\":\"Aresoko Udala\",\"description\":\"Aresoko udalaren webgune ofiziala. Herriko informazioa, albisteak, ekitaldiak, jarduerak, berriak, informazio turistikoa...\",\"publisher\":{\"@id\":\"https:\/\/areso.eus\/#organization\"},\"potentialAction\":[{\"@type\":\"SearchAction\",\"target\":{\"@type\":\"EntryPoint\",\"urlTemplate\":\"https:\/\/areso.eus\/?s={search_term_string}\"},\"query-input\":{\"@type\":\"PropertyValueSpecification\",\"valueRequired\":true,\"valueName\":\"search_term_string\"}}],\"inLanguage\":\"es\"},{\"@type\":\"Organization\",\"@id\":\"https:\/\/areso.eus\/#organization\",\"name\":\"Aresoko Udala\",\"url\":\"https:\/\/areso.eus\/\",\"logo\":{\"@type\":\"ImageObject\",\"inLanguage\":\"es\",\"@id\":\"https:\/\/areso.eus\/#\/schema\/logo\/image\/\",\"url\":\"https:\/\/areso.eus\/wp-content\/uploads\/2016\/02\/Escudo-Areso-08.png\",\"contentUrl\":\"https:\/\/areso.eus\/wp-content\/uploads\/2016\/02\/Escudo-Areso-08.png\",\"width\":169,\"height\":71,\"caption\":\"Aresoko Udala\"},\"image\":{\"@id\":\"https:\/\/areso.eus\/#\/schema\/logo\/image\/\"},\"sameAs\":[\"https:\/\/www.facebook.com\/areso.udala\"]}]}<\/script>\n<!-- \/ Yoast SEO plugin. -->","yoast_head_json":{"title":"Toda la informaci\u00f3n sobre el Ayuntamiento de Areso","description":"Informaci\u00f3n sobre el ayuntamiento de Areso. Mociones, Actas de juntas, servicios, tel\u00e9fonos de inter\u00e9s, mancomunidades, bandos...","robots":{"index":"index","follow":"follow","max-snippet":"max-snippet:-1","max-image-preview":"max-image-preview:large","max-video-preview":"max-video-preview:-1"},"canonical":"https:\/\/areso.eus\/es\/ayuntamiento\/","og_locale":"es_ES","og_type":"article","og_title":"Toda la informaci\u00f3n sobre el Ayuntamiento de Areso","og_description":"Informaci\u00f3n sobre el ayuntamiento de Areso. Mociones, Actas de juntas, servicios, tel\u00e9fonos de inter\u00e9s, mancomunidades, bandos...","og_url":"https:\/\/areso.eus\/es\/ayuntamiento\/","og_site_name":"Aresoko Udala","article_publisher":"https:\/\/www.facebook.com\/areso.udala","article_modified_time":"2026-01-19T14:59:12+00:00","twitter_card":"summary_large_image","twitter_misc":{"Tiempo de lectura":"1 minuto"},"schema":{"@context":"https:\/\/schema.org","@graph":[{"@type":"WebPage","@id":"https:\/\/areso.eus\/es\/ayuntamiento\/","url":"https:\/\/areso.eus\/es\/ayuntamiento\/","name":"Toda la informaci\u00f3n sobre el Ayuntamiento de Areso","isPartOf":{"@id":"https:\/\/areso.eus\/#website"},"datePublished":"2015-12-17T16:10:05+00:00","dateModified":"2026-01-19T14:59:12+00:00","description":"Informaci\u00f3n sobre el ayuntamiento de Areso. Mociones, Actas de juntas, servicios, tel\u00e9fonos de inter\u00e9s, mancomunidades, bandos...","breadcrumb":{"@id":"https:\/\/areso.eus\/es\/ayuntamiento\/#breadcrumb"},"inLanguage":"es","potentialAction":[{"@type":"ReadAction","target":["https:\/\/areso.eus\/es\/ayuntamiento\/"]}]},{"@type":"BreadcrumbList","@id":"https:\/\/areso.eus\/es\/ayuntamiento\/#breadcrumb","itemListElement":[{"@type":"ListItem","position":1,"name":"Hasiera orria","item":"https:\/\/areso.eus\/es\/"},{"@type":"ListItem","position":2,"name":"Ayuntamiento"}]},{"@type":"WebSite","@id":"https:\/\/areso.eus\/#website","url":"https:\/\/areso.eus\/","name":"Aresoko Udala","description":"Aresoko udalaren webgune ofiziala. Herriko informazioa, albisteak, ekitaldiak, jarduerak, berriak, informazio turistikoa...","publisher":{"@id":"https:\/\/areso.eus\/#organization"},"potentialAction":[{"@type":"SearchAction","target":{"@type":"EntryPoint","urlTemplate":"https:\/\/areso.eus\/?s={search_term_string}"},"query-input":{"@type":"PropertyValueSpecification","valueRequired":true,"valueName":"search_term_string"}}],"inLanguage":"es"},{"@type":"Organization","@id":"https:\/\/areso.eus\/#organization","name":"Aresoko Udala","url":"https:\/\/areso.eus\/","logo":{"@type":"ImageObject","inLanguage":"es","@id":"https:\/\/areso.eus\/#\/schema\/logo\/image\/","url":"https:\/\/areso.eus\/wp-content\/uploads\/2016\/02\/Escudo-Areso-08.png","contentUrl":"https:\/\/areso.eus\/wp-content\/uploads\/2016\/02\/Escudo-Areso-08.png","width":169,"height":71,"caption":"Aresoko Udala"},"image":{"@id":"https:\/\/areso.eus\/#\/schema\/logo\/image\/"},"sameAs":["https:\/\/www.facebook.com\/areso.udala"]}]}},"_links":{"self":[{"href":"https:\/\/areso.eus\/es\/wp-json\/wp\/v2\/pages\/2083","targetHints":{"allow":["GET"]}}],"collection":[{"href":"https:\/\/areso.eus\/es\/wp-json\/wp\/v2\/pages"}],"about":[{"href":"https:\/\/areso.eus\/es\/wp-json\/wp\/v2\/types\/page"}],"author":[{"embeddable":true,"href":"https:\/\/areso.eus\/es\/wp-json\/wp\/v2\/users\/1"}],"replies":[{"embeddable":true,"href":"https:\/\/areso.eus\/es\/wp-json\/wp\/v2\/comments?post=2083"}],"version-history":[{"count":1,"href":"https:\/\/areso.eus\/es\/wp-json\/wp\/v2\/pages\/2083\/revisions"}],"predecessor-version":[{"id":5969,"href":"https:\/\/areso.eus\/es\/wp-json\/wp\/v2\/pages\/2083\/revisions\/5969"}],"wp:attachment":[{"href":"https:\/\/areso.eus\/es\/wp-json\/wp\/v2\/media?parent=2083"}],"curies":[{"name":"wp","href":"https:\/\/api.w.org\/{rel}","templated":true}]}}