{"id":2090,"date":"2015-12-17T17:25:06","date_gmt":"2015-12-17T16:25:06","guid":{"rendered":"https:\/\/areso.eus\/ayuntamiento\/udal-antolaketa\/"},"modified":"2026-01-19T13:44:39","modified_gmt":"2026-01-19T12:44:39","slug":"organizacion-municipal","status":"publish","type":"page","link":"https:\/\/areso.eus\/es\/ayuntamiento\/organizacion-municipal\/","title":{"rendered":"Organizaci\u00f3n municipal"},"content":{"rendered":"<section class=\"l-section wpb_row height_medium\"><div class=\"l-section-h i-cf\"><div class=\"g-cols vc_row via_grid cols_1 laptops-cols_inherit tablets-cols_inherit mobiles-cols_1 valign_top type_default stacking_default\"><div class=\"wpb_column vc_column_container\"><div class=\"vc_column-inner\"><div class=\"wpb_text_column\"><div class=\"wpb_wrapper\"><table>\n<thead>\n<tr>\n<th>REPRESENTANTES DE LA COMISI\u00d3N<\/th>\n<th>NOMBRE-APELLIDOS<\/th>\n<\/tr>\n<\/thead>\n<tbody>\n<tr>\n<td>Comisi\u00f3n Forestal y de Ganader\u00eda<\/td>\n<td>Irantzu Alustiza Muniain eta Aingeru Etxaide Marzol<\/td>\n<\/tr>\n<tr>\n<td>Comit\u00e9 de Fiestas<\/td>\n<td>Alaitz Olano Marzol eta Olatz Telleria Etxaleku<\/td>\n<\/tr>\n<tr>\n<td>Comit\u00e9 de Euskera<\/td>\n<td>Alaitz Olano Marzol eta Olatz Telleria Etxaleku<\/td>\n<\/tr>\n<tr>\n<td>Comit\u00e9 de Igualdad<\/td>\n<td>Alaitz Olano Marzol eta Olatz Telleria Etxaleku<\/td>\n<\/tr>\n<tr>\n<td><\/td>\n<td><\/td>\n<\/tr>\n<\/tbody>\n<\/table>\n<\/div><\/div><div class=\"w-separator size_medium\"><\/div>[vc_custom_heading text=&#8221;Organo kolejiatuetarako ordezkariak eta ordezkoak&#8221; font_container=&#8221;tag:h3|font_size:22|text_align:left|color:%23000000&#8243; use_theme_fonts=&#8221;yes&#8221;]<div class=\"wpb_text_column\"><div class=\"wpb_wrapper\"><table>\n<thead>\n<tr>\n<th>REPRESENTANTES Y SUSTITUTOS DE LOS \u00d3RGANOS COLEGIADOS<\/th>\n<th>REPRESENTANTE<\/th>\n<th>SUSTITUTO<\/th>\n<\/tr>\n<\/thead>\n<tbody>\n<tr>\n<td>Representante de la Mancomunidad Mendialdea<\/td>\n<td>Mar\u00eda Beatriz Muro Mart\u00ednez<\/td>\n<td>\u00a0Igaro Balda Izaguirre<\/td>\n<\/tr>\n<tr>\n<td>Representante de la Mancomunidad de deportes de Araitz-\u00adAreso-\u00adBetelu-\u00adLarraun y Lekunberriko:<\/td>\n<td>Irantzu Alustiza Muniain<\/td>\n<td>Aingeru Etxaide Marzol<\/td>\n<\/tr>\n<tr>\n<td>Representante de la Mancomunidad de Euskera de Iparralde<\/td>\n<td>Alaitz Olano Marzol<\/td>\n<td>Olatz Telleria Etxaleku<\/td>\n<\/tr>\n<tr>\n<td>Representante de la Mancomunidad de Arano-Areso-Goizueta y de los servicios sociales de Leitza<\/td>\n<td>Mar\u00eda Beatriz Muro Mart\u00ednez<\/td>\n<td>Igaro Balda Izaguirre<\/td>\n<\/tr>\n<tr>\n<td>Representante del consorcio tur\u00edstico de Plazaola<\/td>\n<td>Mar\u00eda Beatriz Muro Mart\u00ednez<\/td>\n<td>\u00a0Igaro Balda Izaguirre<\/td>\n<\/tr>\n<tr>\n<td>Representante de Cederna-\u00adGaralur<\/td>\n<td>Mar\u00eda Beatriz Muro Mart\u00ednez<\/td>\n<td>\u00a0Igaro Balda Izaguirre<\/td>\n<\/tr>\n<tr>\n<td>Representante del Consejo Escolar<\/td>\n<td>Irantzu Alustiza Muniain<\/td>\n<td><\/td>\n<\/tr>\n<tr>\n<td>Representante de UEMA<\/td>\n<td>Olatz Telleria Etxaleku<\/td>\n<td>Alaitz Olano Marzol<\/td>\n<\/tr>\n<tr>\n<td>Representante de la Federaci\u00f3n Navarra de Municipios y Concejos<\/td>\n<td>Mar\u00eda Beatriz Muro Mart\u00ednez<\/td>\n<td>\u00a0Igaro Balda Izaguirre<\/td>\n<\/tr>\n<\/tbody>\n<\/table>\n<\/div><\/div><\/div><\/div><\/div><\/div><\/section>\n","protected":false},"excerpt":{"rendered":"REPRESENTANTES DE LA COMISI\u00d3N NOMBRE-APELLIDOS Comisi\u00f3n Forestal y de Ganader\u00eda Irantzu Alustiza Muniain eta Aingeru Etxaide Marzol Comit\u00e9 de Fiestas Alaitz Olano Marzol eta Olatz Telleria Etxaleku Comit\u00e9 de Euskera Alaitz Olano Marzol eta Olatz Telleria Etxaleku Comit\u00e9 de Igualdad Alaitz Olano Marzol eta Olatz Telleria Etxaleku [vc_custom_heading text=\"Organo kolejiatuetarako ordezkariak eta ordezkoak\" font_container=\"tag:h3|font_size:22|text_align:left|color:%23000000\" use_theme_fonts=\"yes\"]...","protected":false},"author":1,"featured_media":0,"parent":2083,"menu_order":0,"comment_status":"closed","ping_status":"closed","template":"","meta":{"_acf_changed":false,"footnotes":""},"class_list":["post-2090","page","type-page","status-publish","hentry"],"acf":[],"yoast_head":"<!-- This site is optimized with the Yoast SEO plugin v26.7 - https:\/\/yoast.com\/wordpress\/plugins\/seo\/ -->\n<title>Organizaci\u00f3n municipal del Ayuntamiento de Areso.<\/title>\n<meta name=\"description\" content=\"Informaci\u00f3n sobre la organizaci\u00f3n municipal del Ayuntamiento de Areso. Nombres de los representantes y sustitutos de la comisi\u00f3n y los \u00f3rganos colegiados.\" \/>\n<meta name=\"robots\" content=\"index, follow, max-snippet:-1, max-image-preview:large, max-video-preview:-1\" \/>\n<link rel=\"canonical\" href=\"https:\/\/areso.eus\/es\/ayuntamiento\/organizacion-municipal\/\" \/>\n<meta property=\"og:locale\" content=\"es_ES\" \/>\n<meta property=\"og:type\" content=\"article\" \/>\n<meta property=\"og:title\" content=\"Organizaci\u00f3n municipal del Ayuntamiento de Areso.\" \/>\n<meta property=\"og:description\" content=\"Informaci\u00f3n sobre la organizaci\u00f3n municipal del Ayuntamiento de Areso. Nombres de los representantes y sustitutos de la comisi\u00f3n y los \u00f3rganos colegiados.\" \/>\n<meta property=\"og:url\" content=\"https:\/\/areso.eus\/es\/ayuntamiento\/organizacion-municipal\/\" \/>\n<meta property=\"og:site_name\" content=\"Aresoko Udala\" \/>\n<meta property=\"article:publisher\" content=\"https:\/\/www.facebook.com\/areso.udala\" \/>\n<meta property=\"article:modified_time\" content=\"2026-01-19T12:44:39+00:00\" \/>\n<meta name=\"twitter:card\" content=\"summary_large_image\" \/>\n<meta name=\"twitter:label1\" content=\"Tiempo de lectura\" \/>\n\t<meta name=\"twitter:data1\" content=\"1 minuto\" \/>\n<script type=\"application\/ld+json\" class=\"yoast-schema-graph\">{\"@context\":\"https:\/\/schema.org\",\"@graph\":[{\"@type\":\"WebPage\",\"@id\":\"https:\/\/areso.eus\/es\/ayuntamiento\/organizacion-municipal\/\",\"url\":\"https:\/\/areso.eus\/es\/ayuntamiento\/organizacion-municipal\/\",\"name\":\"Organizaci\u00f3n municipal del Ayuntamiento de Areso.\",\"isPartOf\":{\"@id\":\"https:\/\/areso.eus\/#website\"},\"datePublished\":\"2015-12-17T16:25:06+00:00\",\"dateModified\":\"2026-01-19T12:44:39+00:00\",\"description\":\"Informaci\u00f3n sobre la organizaci\u00f3n municipal del Ayuntamiento de Areso. Nombres de los representantes y sustitutos de la comisi\u00f3n y los \u00f3rganos colegiados.\",\"breadcrumb\":{\"@id\":\"https:\/\/areso.eus\/es\/ayuntamiento\/organizacion-municipal\/#breadcrumb\"},\"inLanguage\":\"es\",\"potentialAction\":[{\"@type\":\"ReadAction\",\"target\":[\"https:\/\/areso.eus\/es\/ayuntamiento\/organizacion-municipal\/\"]}]},{\"@type\":\"BreadcrumbList\",\"@id\":\"https:\/\/areso.eus\/es\/ayuntamiento\/organizacion-municipal\/#breadcrumb\",\"itemListElement\":[{\"@type\":\"ListItem\",\"position\":1,\"name\":\"Hasiera orria\",\"item\":\"https:\/\/areso.eus\/es\/\"},{\"@type\":\"ListItem\",\"position\":2,\"name\":\"Ayuntamiento\",\"item\":\"https:\/\/areso.eus\/es\/ayuntamiento\/\"},{\"@type\":\"ListItem\",\"position\":3,\"name\":\"Organizaci\u00f3n municipal\"}]},{\"@type\":\"WebSite\",\"@id\":\"https:\/\/areso.eus\/#website\",\"url\":\"https:\/\/areso.eus\/\",\"name\":\"Aresoko Udala\",\"description\":\"Aresoko udalaren webgune ofiziala. Herriko informazioa, albisteak, ekitaldiak, jarduerak, berriak, informazio turistikoa...\",\"publisher\":{\"@id\":\"https:\/\/areso.eus\/#organization\"},\"potentialAction\":[{\"@type\":\"SearchAction\",\"target\":{\"@type\":\"EntryPoint\",\"urlTemplate\":\"https:\/\/areso.eus\/?s={search_term_string}\"},\"query-input\":{\"@type\":\"PropertyValueSpecification\",\"valueRequired\":true,\"valueName\":\"search_term_string\"}}],\"inLanguage\":\"es\"},{\"@type\":\"Organization\",\"@id\":\"https:\/\/areso.eus\/#organization\",\"name\":\"Aresoko Udala\",\"url\":\"https:\/\/areso.eus\/\",\"logo\":{\"@type\":\"ImageObject\",\"inLanguage\":\"es\",\"@id\":\"https:\/\/areso.eus\/#\/schema\/logo\/image\/\",\"url\":\"https:\/\/areso.eus\/wp-content\/uploads\/2016\/02\/Escudo-Areso-08.png\",\"contentUrl\":\"https:\/\/areso.eus\/wp-content\/uploads\/2016\/02\/Escudo-Areso-08.png\",\"width\":169,\"height\":71,\"caption\":\"Aresoko Udala\"},\"image\":{\"@id\":\"https:\/\/areso.eus\/#\/schema\/logo\/image\/\"},\"sameAs\":[\"https:\/\/www.facebook.com\/areso.udala\"]}]}<\/script>\n<!-- \/ Yoast SEO plugin. -->","yoast_head_json":{"title":"Organizaci\u00f3n municipal del Ayuntamiento de Areso.","description":"Informaci\u00f3n sobre la organizaci\u00f3n municipal del Ayuntamiento de Areso. Nombres de los representantes y sustitutos de la comisi\u00f3n y los \u00f3rganos colegiados.","robots":{"index":"index","follow":"follow","max-snippet":"max-snippet:-1","max-image-preview":"max-image-preview:large","max-video-preview":"max-video-preview:-1"},"canonical":"https:\/\/areso.eus\/es\/ayuntamiento\/organizacion-municipal\/","og_locale":"es_ES","og_type":"article","og_title":"Organizaci\u00f3n municipal del Ayuntamiento de Areso.","og_description":"Informaci\u00f3n sobre la organizaci\u00f3n municipal del Ayuntamiento de Areso. Nombres de los representantes y sustitutos de la comisi\u00f3n y los \u00f3rganos colegiados.","og_url":"https:\/\/areso.eus\/es\/ayuntamiento\/organizacion-municipal\/","og_site_name":"Aresoko Udala","article_publisher":"https:\/\/www.facebook.com\/areso.udala","article_modified_time":"2026-01-19T12:44:39+00:00","twitter_card":"summary_large_image","twitter_misc":{"Tiempo de lectura":"1 minuto"},"schema":{"@context":"https:\/\/schema.org","@graph":[{"@type":"WebPage","@id":"https:\/\/areso.eus\/es\/ayuntamiento\/organizacion-municipal\/","url":"https:\/\/areso.eus\/es\/ayuntamiento\/organizacion-municipal\/","name":"Organizaci\u00f3n municipal del Ayuntamiento de Areso.","isPartOf":{"@id":"https:\/\/areso.eus\/#website"},"datePublished":"2015-12-17T16:25:06+00:00","dateModified":"2026-01-19T12:44:39+00:00","description":"Informaci\u00f3n sobre la organizaci\u00f3n municipal del Ayuntamiento de Areso. Nombres de los representantes y sustitutos de la comisi\u00f3n y los \u00f3rganos colegiados.","breadcrumb":{"@id":"https:\/\/areso.eus\/es\/ayuntamiento\/organizacion-municipal\/#breadcrumb"},"inLanguage":"es","potentialAction":[{"@type":"ReadAction","target":["https:\/\/areso.eus\/es\/ayuntamiento\/organizacion-municipal\/"]}]},{"@type":"BreadcrumbList","@id":"https:\/\/areso.eus\/es\/ayuntamiento\/organizacion-municipal\/#breadcrumb","itemListElement":[{"@type":"ListItem","position":1,"name":"Hasiera orria","item":"https:\/\/areso.eus\/es\/"},{"@type":"ListItem","position":2,"name":"Ayuntamiento","item":"https:\/\/areso.eus\/es\/ayuntamiento\/"},{"@type":"ListItem","position":3,"name":"Organizaci\u00f3n municipal"}]},{"@type":"WebSite","@id":"https:\/\/areso.eus\/#website","url":"https:\/\/areso.eus\/","name":"Aresoko Udala","description":"Aresoko udalaren webgune ofiziala. Herriko informazioa, albisteak, ekitaldiak, jarduerak, berriak, informazio turistikoa...","publisher":{"@id":"https:\/\/areso.eus\/#organization"},"potentialAction":[{"@type":"SearchAction","target":{"@type":"EntryPoint","urlTemplate":"https:\/\/areso.eus\/?s={search_term_string}"},"query-input":{"@type":"PropertyValueSpecification","valueRequired":true,"valueName":"search_term_string"}}],"inLanguage":"es"},{"@type":"Organization","@id":"https:\/\/areso.eus\/#organization","name":"Aresoko Udala","url":"https:\/\/areso.eus\/","logo":{"@type":"ImageObject","inLanguage":"es","@id":"https:\/\/areso.eus\/#\/schema\/logo\/image\/","url":"https:\/\/areso.eus\/wp-content\/uploads\/2016\/02\/Escudo-Areso-08.png","contentUrl":"https:\/\/areso.eus\/wp-content\/uploads\/2016\/02\/Escudo-Areso-08.png","width":169,"height":71,"caption":"Aresoko Udala"},"image":{"@id":"https:\/\/areso.eus\/#\/schema\/logo\/image\/"},"sameAs":["https:\/\/www.facebook.com\/areso.udala"]}]}},"_links":{"self":[{"href":"https:\/\/areso.eus\/es\/wp-json\/wp\/v2\/pages\/2090","targetHints":{"allow":["GET"]}}],"collection":[{"href":"https:\/\/areso.eus\/es\/wp-json\/wp\/v2\/pages"}],"about":[{"href":"https:\/\/areso.eus\/es\/wp-json\/wp\/v2\/types\/page"}],"author":[{"embeddable":true,"href":"https:\/\/areso.eus\/es\/wp-json\/wp\/v2\/users\/1"}],"replies":[{"embeddable":true,"href":"https:\/\/areso.eus\/es\/wp-json\/wp\/v2\/comments?post=2090"}],"version-history":[{"count":6,"href":"https:\/\/areso.eus\/es\/wp-json\/wp\/v2\/pages\/2090\/revisions"}],"predecessor-version":[{"id":5906,"href":"https:\/\/areso.eus\/es\/wp-json\/wp\/v2\/pages\/2090\/revisions\/5906"}],"up":[{"embeddable":true,"href":"https:\/\/areso.eus\/es\/wp-json\/wp\/v2\/pages\/2083"}],"wp:attachment":[{"href":"https:\/\/areso.eus\/es\/wp-json\/wp\/v2\/media?parent=2090"}],"curies":[{"name":"wp","href":"https:\/\/api.w.org\/{rel}","templated":true}]}}