{"id":2093,"date":"2015-12-18T15:53:40","date_gmt":"2015-12-18T14:53:40","guid":{"rendered":"https:\/\/areso.eus\/ayuntamiento\/zerbitzuak-eta-telefonoak\/"},"modified":"2026-01-30T08:24:42","modified_gmt":"2026-01-30T07:24:42","slug":"servicios-y-telefonos","status":"publish","type":"page","link":"https:\/\/areso.eus\/es\/servicios\/servicios-y-telefonos\/","title":{"rendered":"Servicios de Areso"},"content":{"rendered":"<section class=\"l-section wpb_row height_medium\"><div class=\"l-section-h i-cf\"><div class=\"g-cols vc_row via_grid cols_2 laptops-cols_inherit tablets-cols_inherit mobiles-cols_1 valign_top type_default stacking_default\"><div class=\"wpb_column vc_column_container\"><div class=\"vc_column-inner\"><div class=\"wpb_text_column\"><div class=\"wpb_wrapper\"><p><strong><u>AYUNTAMIENTO<\/u><\/strong><br \/>\n<strong>Horario<\/strong>: Lunes, mi\u00e9rcoles y viernes de 9:00 a 14:30.<br \/>\n<strong>Direcci\u00f3n<\/strong>: Camino Eliz c.p. 31876 Areso (NAVARRA)<br \/>\n<strong>Tel\u00e9fono<\/strong>: 948 51 03 27<br \/>\nFax: 948 51 07 10<br \/>\n<strong>Email<\/strong> : <a class=\"enlace\" title=\"El programa de correo electr\u00f3nico predefinido se abrir\u00e1 en la nueva ventana.\" href=\"mailto:areso@areso.eus\">areso@areso.eus<\/a><\/p>\n<p><strong><u>NAZABAL ESKOLA<\/u><\/strong><br \/>\n<strong>Direcci\u00f3n<\/strong>: Barrio Elbarren, 31876 Areso<br \/>\n<strong>Tel\u00e9fono <\/strong>: 948 61 09 22<br \/>\n<strong>Email<\/strong> : <a href=\"mailto:cpareso@navarra.educacion.es\">cpareso@navarra.educacion.es<br \/>\n<\/a><strong>P\u00e1gina web<\/strong> <a href=\"https:\/\/nazabal.web.educacion.navarra.es\/\">nazabal.web.educacion.navarra.es\/<\/a><\/p>\n<p><strong><u>SERVICIO DE MATRONAS<\/u><\/strong><br \/>\n<strong>Direcci\u00f3n<\/strong>: Elizbidea s\/n, 31876 Areso<br \/>\n<strong>Tel\u00e9fono<\/strong> : 948 56 70 63<br \/>\n<strong>Email<\/strong> : <a href=\"mailto:cassyr.etxarri@navarra.es\">cassyr.etxarri@navarra.es<\/a><\/p>\n<\/div><\/div><\/div><\/div><div class=\"wpb_column vc_column_container\"><div class=\"vc_column-inner\"><div class=\"wpb_text_column\"><div class=\"wpb_wrapper\"><p><strong><u>SERVICIO DE AUTOBUSES<\/u><\/strong><br \/>\nDe lunes a s\u00e1bado l\u00ednea Doneztebe-Leitza-Pamplona<br \/>\n<strong>M\u00e1s informaci\u00f3n en <\/strong><a href=\"https:\/\/www.autobusesleizaran.net\/press\">www.autobusesleizaran.net\/press<\/a><\/p>\n<p><strong><u>SERVICIO DE TAXI<\/u><\/strong><br \/>\nLos viernes:<br \/>\n&#8211; Salida a las 9:30 desde la parada del autob\u00fas de Areso<br \/>\n&#8211; Vuelta a las 11:30 desde el cine de Leitza<\/p>\n<\/div><\/div><\/div><\/div><\/div><\/div><\/section>\n","protected":false},"excerpt":{"rendered":"AYUNTAMIENTO Horario: Lunes, mi\u00e9rcoles y viernes de 9:00 a 14:30. Direcci\u00f3n: Camino Eliz c.p. 31876 Areso (NAVARRA) Tel\u00e9fono: 948 51 03 27 Fax: 948 51 07 10 Email : areso@areso.eus NAZABAL ESKOLA Direcci\u00f3n: Barrio Elbarren, 31876 Areso Tel\u00e9fono : 948 61 09 22 Email : cpareso@navarra.educacion.es P\u00e1gina web nazabal.web.educacion.navarra.es\/ SERVICIO DE MATRONAS Direcci\u00f3n: Elizbidea s\/n,...","protected":false},"author":1,"featured_media":0,"parent":5638,"menu_order":0,"comment_status":"closed","ping_status":"closed","template":"","meta":{"_acf_changed":false,"footnotes":""},"class_list":["post-2093","page","type-page","status-publish","hentry"],"acf":[],"yoast_head":"<!-- This site is optimized with the Yoast SEO plugin v26.7 - https:\/\/yoast.com\/wordpress\/plugins\/seo\/ -->\n<title>Servicios y tel\u00e9fonos de inter\u00e9s del ayuntamiento de Areso<\/title>\n<meta name=\"description\" content=\"P\u00e1gina de Informaci\u00f3n de los servicios ofrecidos por el Ayuntamiento de Areso. Escuela, centro de salud, mancomunidad... Tel\u00e9fonos de inter\u00e9s.\" \/>\n<meta name=\"robots\" content=\"index, follow, max-snippet:-1, max-image-preview:large, max-video-preview:-1\" \/>\n<link rel=\"canonical\" href=\"https:\/\/areso.eus\/es\/servicios\/servicios-y-telefonos\/\" \/>\n<meta property=\"og:locale\" content=\"es_ES\" \/>\n<meta property=\"og:type\" content=\"article\" \/>\n<meta property=\"og:title\" content=\"Servicios y tel\u00e9fonos de inter\u00e9s del ayuntamiento de Areso\" \/>\n<meta property=\"og:description\" content=\"P\u00e1gina de Informaci\u00f3n de los servicios ofrecidos por el Ayuntamiento de Areso. Escuela, centro de salud, mancomunidad... Tel\u00e9fonos de inter\u00e9s.\" \/>\n<meta property=\"og:url\" content=\"https:\/\/areso.eus\/es\/servicios\/servicios-y-telefonos\/\" \/>\n<meta property=\"og:site_name\" content=\"Aresoko Udala\" \/>\n<meta property=\"article:publisher\" content=\"https:\/\/www.facebook.com\/areso.udala\" \/>\n<meta property=\"article:modified_time\" content=\"2026-01-30T07:24:42+00:00\" \/>\n<meta name=\"twitter:card\" content=\"summary_large_image\" \/>\n<meta name=\"twitter:label1\" content=\"Tiempo de lectura\" \/>\n\t<meta name=\"twitter:data1\" content=\"1 minuto\" \/>\n<script type=\"application\/ld+json\" class=\"yoast-schema-graph\">{\"@context\":\"https:\/\/schema.org\",\"@graph\":[{\"@type\":\"WebPage\",\"@id\":\"https:\/\/areso.eus\/es\/servicios\/servicios-y-telefonos\/\",\"url\":\"https:\/\/areso.eus\/es\/servicios\/servicios-y-telefonos\/\",\"name\":\"Servicios y tel\u00e9fonos de inter\u00e9s del ayuntamiento de Areso\",\"isPartOf\":{\"@id\":\"https:\/\/areso.eus\/#website\"},\"datePublished\":\"2015-12-18T14:53:40+00:00\",\"dateModified\":\"2026-01-30T07:24:42+00:00\",\"description\":\"P\u00e1gina de Informaci\u00f3n de los servicios ofrecidos por el Ayuntamiento de Areso. Escuela, centro de salud, mancomunidad... Tel\u00e9fonos de inter\u00e9s.\",\"breadcrumb\":{\"@id\":\"https:\/\/areso.eus\/es\/servicios\/servicios-y-telefonos\/#breadcrumb\"},\"inLanguage\":\"es\",\"potentialAction\":[{\"@type\":\"ReadAction\",\"target\":[\"https:\/\/areso.eus\/es\/servicios\/servicios-y-telefonos\/\"]}]},{\"@type\":\"BreadcrumbList\",\"@id\":\"https:\/\/areso.eus\/es\/servicios\/servicios-y-telefonos\/#breadcrumb\",\"itemListElement\":[{\"@type\":\"ListItem\",\"position\":1,\"name\":\"Hasiera orria\",\"item\":\"https:\/\/areso.eus\/es\/\"},{\"@type\":\"ListItem\",\"position\":2,\"name\":\"Servicios\",\"item\":\"https:\/\/areso.eus\/servicios\/\"},{\"@type\":\"ListItem\",\"position\":3,\"name\":\"Servicios de Areso\"}]},{\"@type\":\"WebSite\",\"@id\":\"https:\/\/areso.eus\/#website\",\"url\":\"https:\/\/areso.eus\/\",\"name\":\"Aresoko Udala\",\"description\":\"Aresoko udalaren webgune ofiziala. Herriko informazioa, albisteak, ekitaldiak, jarduerak, berriak, informazio turistikoa...\",\"publisher\":{\"@id\":\"https:\/\/areso.eus\/#organization\"},\"potentialAction\":[{\"@type\":\"SearchAction\",\"target\":{\"@type\":\"EntryPoint\",\"urlTemplate\":\"https:\/\/areso.eus\/?s={search_term_string}\"},\"query-input\":{\"@type\":\"PropertyValueSpecification\",\"valueRequired\":true,\"valueName\":\"search_term_string\"}}],\"inLanguage\":\"es\"},{\"@type\":\"Organization\",\"@id\":\"https:\/\/areso.eus\/#organization\",\"name\":\"Aresoko Udala\",\"url\":\"https:\/\/areso.eus\/\",\"logo\":{\"@type\":\"ImageObject\",\"inLanguage\":\"es\",\"@id\":\"https:\/\/areso.eus\/#\/schema\/logo\/image\/\",\"url\":\"https:\/\/areso.eus\/wp-content\/uploads\/2016\/02\/Escudo-Areso-08.png\",\"contentUrl\":\"https:\/\/areso.eus\/wp-content\/uploads\/2016\/02\/Escudo-Areso-08.png\",\"width\":169,\"height\":71,\"caption\":\"Aresoko Udala\"},\"image\":{\"@id\":\"https:\/\/areso.eus\/#\/schema\/logo\/image\/\"},\"sameAs\":[\"https:\/\/www.facebook.com\/areso.udala\"]}]}<\/script>\n<!-- \/ Yoast SEO plugin. -->","yoast_head_json":{"title":"Servicios y tel\u00e9fonos de inter\u00e9s del ayuntamiento de Areso","description":"P\u00e1gina de Informaci\u00f3n de los servicios ofrecidos por el Ayuntamiento de Areso. Escuela, centro de salud, mancomunidad... Tel\u00e9fonos de inter\u00e9s.","robots":{"index":"index","follow":"follow","max-snippet":"max-snippet:-1","max-image-preview":"max-image-preview:large","max-video-preview":"max-video-preview:-1"},"canonical":"https:\/\/areso.eus\/es\/servicios\/servicios-y-telefonos\/","og_locale":"es_ES","og_type":"article","og_title":"Servicios y tel\u00e9fonos de inter\u00e9s del ayuntamiento de Areso","og_description":"P\u00e1gina de Informaci\u00f3n de los servicios ofrecidos por el Ayuntamiento de Areso. Escuela, centro de salud, mancomunidad... Tel\u00e9fonos de inter\u00e9s.","og_url":"https:\/\/areso.eus\/es\/servicios\/servicios-y-telefonos\/","og_site_name":"Aresoko Udala","article_publisher":"https:\/\/www.facebook.com\/areso.udala","article_modified_time":"2026-01-30T07:24:42+00:00","twitter_card":"summary_large_image","twitter_misc":{"Tiempo de lectura":"1 minuto"},"schema":{"@context":"https:\/\/schema.org","@graph":[{"@type":"WebPage","@id":"https:\/\/areso.eus\/es\/servicios\/servicios-y-telefonos\/","url":"https:\/\/areso.eus\/es\/servicios\/servicios-y-telefonos\/","name":"Servicios y tel\u00e9fonos de inter\u00e9s del ayuntamiento de Areso","isPartOf":{"@id":"https:\/\/areso.eus\/#website"},"datePublished":"2015-12-18T14:53:40+00:00","dateModified":"2026-01-30T07:24:42+00:00","description":"P\u00e1gina de Informaci\u00f3n de los servicios ofrecidos por el Ayuntamiento de Areso. Escuela, centro de salud, mancomunidad... Tel\u00e9fonos de inter\u00e9s.","breadcrumb":{"@id":"https:\/\/areso.eus\/es\/servicios\/servicios-y-telefonos\/#breadcrumb"},"inLanguage":"es","potentialAction":[{"@type":"ReadAction","target":["https:\/\/areso.eus\/es\/servicios\/servicios-y-telefonos\/"]}]},{"@type":"BreadcrumbList","@id":"https:\/\/areso.eus\/es\/servicios\/servicios-y-telefonos\/#breadcrumb","itemListElement":[{"@type":"ListItem","position":1,"name":"Hasiera orria","item":"https:\/\/areso.eus\/es\/"},{"@type":"ListItem","position":2,"name":"Servicios","item":"https:\/\/areso.eus\/servicios\/"},{"@type":"ListItem","position":3,"name":"Servicios de Areso"}]},{"@type":"WebSite","@id":"https:\/\/areso.eus\/#website","url":"https:\/\/areso.eus\/","name":"Aresoko Udala","description":"Aresoko udalaren webgune ofiziala. Herriko informazioa, albisteak, ekitaldiak, jarduerak, berriak, informazio turistikoa...","publisher":{"@id":"https:\/\/areso.eus\/#organization"},"potentialAction":[{"@type":"SearchAction","target":{"@type":"EntryPoint","urlTemplate":"https:\/\/areso.eus\/?s={search_term_string}"},"query-input":{"@type":"PropertyValueSpecification","valueRequired":true,"valueName":"search_term_string"}}],"inLanguage":"es"},{"@type":"Organization","@id":"https:\/\/areso.eus\/#organization","name":"Aresoko Udala","url":"https:\/\/areso.eus\/","logo":{"@type":"ImageObject","inLanguage":"es","@id":"https:\/\/areso.eus\/#\/schema\/logo\/image\/","url":"https:\/\/areso.eus\/wp-content\/uploads\/2016\/02\/Escudo-Areso-08.png","contentUrl":"https:\/\/areso.eus\/wp-content\/uploads\/2016\/02\/Escudo-Areso-08.png","width":169,"height":71,"caption":"Aresoko Udala"},"image":{"@id":"https:\/\/areso.eus\/#\/schema\/logo\/image\/"},"sameAs":["https:\/\/www.facebook.com\/areso.udala"]}]}},"_links":{"self":[{"href":"https:\/\/areso.eus\/es\/wp-json\/wp\/v2\/pages\/2093","targetHints":{"allow":["GET"]}}],"collection":[{"href":"https:\/\/areso.eus\/es\/wp-json\/wp\/v2\/pages"}],"about":[{"href":"https:\/\/areso.eus\/es\/wp-json\/wp\/v2\/types\/page"}],"author":[{"embeddable":true,"href":"https:\/\/areso.eus\/es\/wp-json\/wp\/v2\/users\/1"}],"replies":[{"embeddable":true,"href":"https:\/\/areso.eus\/es\/wp-json\/wp\/v2\/comments?post=2093"}],"version-history":[{"count":15,"href":"https:\/\/areso.eus\/es\/wp-json\/wp\/v2\/pages\/2093\/revisions"}],"predecessor-version":[{"id":6207,"href":"https:\/\/areso.eus\/es\/wp-json\/wp\/v2\/pages\/2093\/revisions\/6207"}],"up":[{"embeddable":true,"href":"https:\/\/areso.eus\/es\/wp-json\/wp\/v2\/pages\/5638"}],"wp:attachment":[{"href":"https:\/\/areso.eus\/es\/wp-json\/wp\/v2\/media?parent=2093"}],"curies":[{"name":"wp","href":"https:\/\/api.w.org\/{rel}","templated":true}]}}