{"id":2099,"date":"2015-12-18T17:29:56","date_gmt":"2015-12-18T16:29:56","guid":{"rendered":"https:\/\/areso.eus\/ayuntamiento\/zergadunaren-egutegia\/"},"modified":"2026-01-19T13:33:00","modified_gmt":"2026-01-19T12:33:00","slug":"calendario-de-impuestos-y-tasas","status":"publish","type":"page","link":"https:\/\/areso.eus\/es\/ayuntamiento\/calendario-de-impuestos-y-tasas\/","title":{"rendered":"Calendario de impuestos y tasas"},"content":{"rendered":"<section class=\"l-section wpb_row height_medium\"><div class=\"l-section-h i-cf\"><div class=\"g-cols vc_row via_grid cols_1 laptops-cols_inherit tablets-cols_inherit mobiles-cols_1 valign_top type_default stacking_default\"><div class=\"wpb_column vc_column_container\"><div class=\"vc_column-inner\"><div class=\"g-cols wpb_row via_grid cols_1 laptops-cols_inherit tablets-cols_inherit mobiles-cols_1 valign_top type_default stacking_default\" style=\"--columns-gap:3rem;\"><div class=\"wpb_column vc_column_container\"><div class=\"vc_column-inner\"><div class=\"wpb_text_column\"><div class=\"wpb_wrapper\"><table>\n<thead>\n<tr>\n<th>CONCEPTO<\/th>\n<th>PER\u00cdODO DE PAGO<\/th>\n<\/tr>\n<\/thead>\n<tbody>\n<tr>\n<td>Saneamiento<\/td>\n<td>Febrero<\/td>\n<\/tr>\n<tr>\n<td>Impuesto sobre Veh\u00edculos de Tracci\u00f3n Mec\u00e1nica<\/td>\n<td>Marzo<\/td>\n<\/tr>\n<tr>\n<td>Impuesto de actividades econ\u00f3micas<\/td>\n<td>Junio<\/td>\n<\/tr>\n<tr>\n<td>Contribuci\u00f3n urbana y r\u00fastica<\/td>\n<td>Septiembre<\/td>\n<\/tr>\n<tr>\n<td>Agua<\/td>\n<td>Diciembre<\/td>\n<\/tr>\n<\/tbody>\n<\/table>\n<\/div><\/div><\/div><\/div><\/div><\/div><\/div><\/div><\/div><\/section>\n","protected":false},"excerpt":{"rendered":"CONCEPTO PER\u00cdODO DE PAGO Saneamiento Febrero Impuesto sobre Veh\u00edculos de Tracci\u00f3n Mec\u00e1nica Marzo Impuesto de actividades econ\u00f3micas Junio Contribuci\u00f3n urbana y r\u00fastica Septiembre Agua Diciembre","protected":false},"author":1,"featured_media":0,"parent":2083,"menu_order":0,"comment_status":"closed","ping_status":"closed","template":"","meta":{"_acf_changed":false,"footnotes":""},"class_list":["post-2099","page","type-page","status-publish","hentry"],"acf":[],"yoast_head":"<!-- This site is optimized with the Yoast SEO plugin v26.7 - https:\/\/yoast.com\/wordpress\/plugins\/seo\/ -->\n<title>Calendario de impuestos y tasas del ayuntamiento de Areso<\/title>\n<meta name=\"description\" content=\"Informaci\u00f3n sobre el calendario de impuestos y tasas del ayuntamiento de Areso. Fechas y periodos de pago de los impuestos del pueblo.\" \/>\n<meta name=\"robots\" content=\"index, follow, max-snippet:-1, max-image-preview:large, max-video-preview:-1\" \/>\n<link rel=\"canonical\" href=\"https:\/\/areso.eus\/es\/ayuntamiento\/calendario-de-impuestos-y-tasas\/\" \/>\n<meta property=\"og:locale\" content=\"es_ES\" \/>\n<meta property=\"og:type\" content=\"article\" \/>\n<meta property=\"og:title\" content=\"Calendario de impuestos y tasas del ayuntamiento de Areso\" \/>\n<meta property=\"og:description\" content=\"Informaci\u00f3n sobre el calendario de impuestos y tasas del ayuntamiento de Areso. Fechas y periodos de pago de los impuestos del pueblo.\" \/>\n<meta property=\"og:url\" content=\"https:\/\/areso.eus\/es\/ayuntamiento\/calendario-de-impuestos-y-tasas\/\" \/>\n<meta property=\"og:site_name\" content=\"Aresoko Udala\" \/>\n<meta property=\"article:publisher\" content=\"https:\/\/www.facebook.com\/areso.udala\" \/>\n<meta property=\"article:modified_time\" content=\"2026-01-19T12:33:00+00:00\" \/>\n<meta name=\"twitter:card\" content=\"summary_large_image\" \/>\n<meta name=\"twitter:label1\" content=\"Tiempo de lectura\" \/>\n\t<meta name=\"twitter:data1\" content=\"1 minuto\" \/>\n<script type=\"application\/ld+json\" class=\"yoast-schema-graph\">{\"@context\":\"https:\/\/schema.org\",\"@graph\":[{\"@type\":\"WebPage\",\"@id\":\"https:\/\/areso.eus\/es\/ayuntamiento\/calendario-de-impuestos-y-tasas\/\",\"url\":\"https:\/\/areso.eus\/es\/ayuntamiento\/calendario-de-impuestos-y-tasas\/\",\"name\":\"Calendario de impuestos y tasas del ayuntamiento de Areso\",\"isPartOf\":{\"@id\":\"https:\/\/areso.eus\/#website\"},\"datePublished\":\"2015-12-18T16:29:56+00:00\",\"dateModified\":\"2026-01-19T12:33:00+00:00\",\"description\":\"Informaci\u00f3n sobre el calendario de impuestos y tasas del ayuntamiento de Areso. Fechas y periodos de pago de los impuestos del pueblo.\",\"breadcrumb\":{\"@id\":\"https:\/\/areso.eus\/es\/ayuntamiento\/calendario-de-impuestos-y-tasas\/#breadcrumb\"},\"inLanguage\":\"es\",\"potentialAction\":[{\"@type\":\"ReadAction\",\"target\":[\"https:\/\/areso.eus\/es\/ayuntamiento\/calendario-de-impuestos-y-tasas\/\"]}]},{\"@type\":\"BreadcrumbList\",\"@id\":\"https:\/\/areso.eus\/es\/ayuntamiento\/calendario-de-impuestos-y-tasas\/#breadcrumb\",\"itemListElement\":[{\"@type\":\"ListItem\",\"position\":1,\"name\":\"Hasiera orria\",\"item\":\"https:\/\/areso.eus\/es\/\"},{\"@type\":\"ListItem\",\"position\":2,\"name\":\"Ayuntamiento\",\"item\":\"https:\/\/areso.eus\/es\/ayuntamiento\/\"},{\"@type\":\"ListItem\",\"position\":3,\"name\":\"Calendario de impuestos y tasas\"}]},{\"@type\":\"WebSite\",\"@id\":\"https:\/\/areso.eus\/#website\",\"url\":\"https:\/\/areso.eus\/\",\"name\":\"Aresoko Udala\",\"description\":\"Aresoko udalaren webgune ofiziala. Herriko informazioa, albisteak, ekitaldiak, jarduerak, berriak, informazio turistikoa...\",\"publisher\":{\"@id\":\"https:\/\/areso.eus\/#organization\"},\"potentialAction\":[{\"@type\":\"SearchAction\",\"target\":{\"@type\":\"EntryPoint\",\"urlTemplate\":\"https:\/\/areso.eus\/?s={search_term_string}\"},\"query-input\":{\"@type\":\"PropertyValueSpecification\",\"valueRequired\":true,\"valueName\":\"search_term_string\"}}],\"inLanguage\":\"es\"},{\"@type\":\"Organization\",\"@id\":\"https:\/\/areso.eus\/#organization\",\"name\":\"Aresoko Udala\",\"url\":\"https:\/\/areso.eus\/\",\"logo\":{\"@type\":\"ImageObject\",\"inLanguage\":\"es\",\"@id\":\"https:\/\/areso.eus\/#\/schema\/logo\/image\/\",\"url\":\"https:\/\/areso.eus\/wp-content\/uploads\/2016\/02\/Escudo-Areso-08.png\",\"contentUrl\":\"https:\/\/areso.eus\/wp-content\/uploads\/2016\/02\/Escudo-Areso-08.png\",\"width\":169,\"height\":71,\"caption\":\"Aresoko Udala\"},\"image\":{\"@id\":\"https:\/\/areso.eus\/#\/schema\/logo\/image\/\"},\"sameAs\":[\"https:\/\/www.facebook.com\/areso.udala\"]}]}<\/script>\n<!-- \/ Yoast SEO plugin. -->","yoast_head_json":{"title":"Calendario de impuestos y tasas del ayuntamiento de Areso","description":"Informaci\u00f3n sobre el calendario de impuestos y tasas del ayuntamiento de Areso. Fechas y periodos de pago de los impuestos del pueblo.","robots":{"index":"index","follow":"follow","max-snippet":"max-snippet:-1","max-image-preview":"max-image-preview:large","max-video-preview":"max-video-preview:-1"},"canonical":"https:\/\/areso.eus\/es\/ayuntamiento\/calendario-de-impuestos-y-tasas\/","og_locale":"es_ES","og_type":"article","og_title":"Calendario de impuestos y tasas del ayuntamiento de Areso","og_description":"Informaci\u00f3n sobre el calendario de impuestos y tasas del ayuntamiento de Areso. Fechas y periodos de pago de los impuestos del pueblo.","og_url":"https:\/\/areso.eus\/es\/ayuntamiento\/calendario-de-impuestos-y-tasas\/","og_site_name":"Aresoko Udala","article_publisher":"https:\/\/www.facebook.com\/areso.udala","article_modified_time":"2026-01-19T12:33:00+00:00","twitter_card":"summary_large_image","twitter_misc":{"Tiempo de lectura":"1 minuto"},"schema":{"@context":"https:\/\/schema.org","@graph":[{"@type":"WebPage","@id":"https:\/\/areso.eus\/es\/ayuntamiento\/calendario-de-impuestos-y-tasas\/","url":"https:\/\/areso.eus\/es\/ayuntamiento\/calendario-de-impuestos-y-tasas\/","name":"Calendario de impuestos y tasas del ayuntamiento de Areso","isPartOf":{"@id":"https:\/\/areso.eus\/#website"},"datePublished":"2015-12-18T16:29:56+00:00","dateModified":"2026-01-19T12:33:00+00:00","description":"Informaci\u00f3n sobre el calendario de impuestos y tasas del ayuntamiento de Areso. Fechas y periodos de pago de los impuestos del pueblo.","breadcrumb":{"@id":"https:\/\/areso.eus\/es\/ayuntamiento\/calendario-de-impuestos-y-tasas\/#breadcrumb"},"inLanguage":"es","potentialAction":[{"@type":"ReadAction","target":["https:\/\/areso.eus\/es\/ayuntamiento\/calendario-de-impuestos-y-tasas\/"]}]},{"@type":"BreadcrumbList","@id":"https:\/\/areso.eus\/es\/ayuntamiento\/calendario-de-impuestos-y-tasas\/#breadcrumb","itemListElement":[{"@type":"ListItem","position":1,"name":"Hasiera orria","item":"https:\/\/areso.eus\/es\/"},{"@type":"ListItem","position":2,"name":"Ayuntamiento","item":"https:\/\/areso.eus\/es\/ayuntamiento\/"},{"@type":"ListItem","position":3,"name":"Calendario de impuestos y tasas"}]},{"@type":"WebSite","@id":"https:\/\/areso.eus\/#website","url":"https:\/\/areso.eus\/","name":"Aresoko Udala","description":"Aresoko udalaren webgune ofiziala. Herriko informazioa, albisteak, ekitaldiak, jarduerak, berriak, informazio turistikoa...","publisher":{"@id":"https:\/\/areso.eus\/#organization"},"potentialAction":[{"@type":"SearchAction","target":{"@type":"EntryPoint","urlTemplate":"https:\/\/areso.eus\/?s={search_term_string}"},"query-input":{"@type":"PropertyValueSpecification","valueRequired":true,"valueName":"search_term_string"}}],"inLanguage":"es"},{"@type":"Organization","@id":"https:\/\/areso.eus\/#organization","name":"Aresoko Udala","url":"https:\/\/areso.eus\/","logo":{"@type":"ImageObject","inLanguage":"es","@id":"https:\/\/areso.eus\/#\/schema\/logo\/image\/","url":"https:\/\/areso.eus\/wp-content\/uploads\/2016\/02\/Escudo-Areso-08.png","contentUrl":"https:\/\/areso.eus\/wp-content\/uploads\/2016\/02\/Escudo-Areso-08.png","width":169,"height":71,"caption":"Aresoko Udala"},"image":{"@id":"https:\/\/areso.eus\/#\/schema\/logo\/image\/"},"sameAs":["https:\/\/www.facebook.com\/areso.udala"]}]}},"_links":{"self":[{"href":"https:\/\/areso.eus\/es\/wp-json\/wp\/v2\/pages\/2099","targetHints":{"allow":["GET"]}}],"collection":[{"href":"https:\/\/areso.eus\/es\/wp-json\/wp\/v2\/pages"}],"about":[{"href":"https:\/\/areso.eus\/es\/wp-json\/wp\/v2\/types\/page"}],"author":[{"embeddable":true,"href":"https:\/\/areso.eus\/es\/wp-json\/wp\/v2\/users\/1"}],"replies":[{"embeddable":true,"href":"https:\/\/areso.eus\/es\/wp-json\/wp\/v2\/comments?post=2099"}],"version-history":[{"count":2,"href":"https:\/\/areso.eus\/es\/wp-json\/wp\/v2\/pages\/2099\/revisions"}],"predecessor-version":[{"id":5897,"href":"https:\/\/areso.eus\/es\/wp-json\/wp\/v2\/pages\/2099\/revisions\/5897"}],"up":[{"embeddable":true,"href":"https:\/\/areso.eus\/es\/wp-json\/wp\/v2\/pages\/2083"}],"wp:attachment":[{"href":"https:\/\/areso.eus\/es\/wp-json\/wp\/v2\/media?parent=2099"}],"curies":[{"name":"wp","href":"https:\/\/api.w.org\/{rel}","templated":true}]}}