{"id":2119,"date":"2016-03-31T14:03:58","date_gmt":"2016-03-31T12:03:58","guid":{"rendered":"https:\/\/areso.eus\/ayuntamiento\/mankomunitateak-eta-partzuergoak\/"},"modified":"2026-01-30T08:22:33","modified_gmt":"2026-01-30T07:22:33","slug":"mancomunidad-y-consorcios","status":"publish","type":"page","link":"https:\/\/areso.eus\/es\/servicios\/mancomunidad-y-consorcios\/","title":{"rendered":"Otros servicios"},"content":{"rendered":"<section class=\"l-section wpb_row height_medium\"><div class=\"l-section-h i-cf\"><div class=\"g-cols vc_row via_grid cols_2 laptops-cols_inherit tablets-cols_inherit mobiles-cols_1 valign_top type_default stacking_default\"><div class=\"wpb_column vc_column_container\"><div class=\"vc_column-inner\"><div class=\"w-hwrapper valign_top align_none\"><div class=\"w-image us_custom_c1fb474c align_left\"><div class=\"w-image-h\"><img decoding=\"async\" width=\"200\" height=\"138\" src=\"https:\/\/areso.eus\/wp-content\/uploads\/2026\/01\/Kirolmank-logotipoa-1.jpg\" class=\"attachment-large size-large\" alt=\"\" loading=\"lazy\" \/><\/div><\/div><div class=\"wpb_text_column\"><div class=\"wpb_wrapper\"><p><strong>KIROLMANK \u2013 Mancomunidad de Deporte-<\/strong><br \/>\n<strong>Tel\u00e9fono<\/strong>: 948 604 545<br \/>\n<strong>Web<\/strong>: <a href=\"https:\/\/www.kirolmank.eus\/index.php\/eS\/\" target=\"_blank\" rel=\"noopener\">www.kirolmank.eus<\/a><br \/>\n<strong>E-mail<\/strong>: <a href=\"mailto:kirolmank@gmail.com\">kirolmank@gmail.com<\/a><\/p>\n<\/div><\/div><\/div><div class=\"w-separator size_medium\"><\/div><div class=\"w-hwrapper valign_top align_none\"><div class=\"w-image us_custom_c1fb474c align_left\"><div class=\"w-image-h\"><img decoding=\"async\" width=\"200\" height=\"138\" src=\"https:\/\/areso.eus\/wp-content\/uploads\/2026\/01\/Plazaola-logotipoa.jpg\" class=\"attachment-large size-large\" alt=\"\" loading=\"lazy\" \/><\/div><\/div><div class=\"wpb_text_column\"><div class=\"wpb_wrapper\"><p><strong>CONSORCIO DE TURISMO DE PLAZAOLA<\/strong><br \/>\n<strong>Tel\u00e9fono<\/strong>: 948 507 205<br \/>\n<strong>Web<\/strong>:<a href=\"https:\/\/www.plazaola.org\/\" target=\"_blank\" rel=\"noopener\"> www.plazaola.org\/<br \/>\n<\/a><strong>E-mail<\/strong>: plazaola@plazaola.org<\/p>\n<\/div><\/div><\/div><div class=\"w-separator size_medium\"><\/div><div class=\"w-hwrapper valign_top align_none\"><div class=\"w-image us_custom_c1fb474c align_left\"><div class=\"w-image-h\"><img decoding=\"async\" width=\"200\" height=\"138\" src=\"https:\/\/areso.eus\/wp-content\/uploads\/2026\/01\/mendialdea-logotipoa.jpg\" class=\"attachment-large size-large\" alt=\"\" loading=\"lazy\" \/><\/div><\/div><div class=\"wpb_text_column\"><div class=\"wpb_wrapper\"><p><strong>MENDIALDEA MANKOMUNITATEA<\/strong><br \/>\n<strong>Helbidea<\/strong>: Elbarren 1, 1\u00ba solairua, 31880 Leitza<br \/>\n<strong>Tel\u00e9fono<\/strong> <strong>\/ Fax<\/strong>: 948 510 444<br \/>\n<strong>Web<\/strong>: <a class=\"enlace\" title=\"El programa de correo electr\u00f3nico predefinido se abrir\u00e1 en la nueva ventana.\" href=\"https:\/\/www.mendialdea.eus\/\" target=\"_blank\" rel=\"noopener\">www.mendialdea.eus\/<\/a><\/p>\n<\/div><\/div><\/div><div class=\"w-separator size_medium\"><\/div><div class=\"w-hwrapper valign_top align_none\"><div class=\"w-image us_custom_c1fb474c align_left\"><div class=\"w-image-h\"><img decoding=\"async\" width=\"984\" height=\"242\" src=\"https:\/\/areso.eus\/wp-content\/uploads\/2026\/01\/image002.jpg\" class=\"attachment-large size-large\" alt=\"\" loading=\"lazy\" srcset=\"https:\/\/areso.eus\/wp-content\/uploads\/2026\/01\/image002.jpg 984w, https:\/\/areso.eus\/wp-content\/uploads\/2026\/01\/image002-300x74.jpg 300w\" sizes=\"auto, (max-width: 984px) 100vw, 984px\" \/><\/div><\/div><div class=\"wpb_text_column\"><div class=\"wpb_wrapper\"><p><strong>CENTRO DE SALUD DE LEITZA<\/strong><br \/>\n<b>Direcci\u00f3n: <\/b>C\/ Okillin 5, 31880 Leiza<br \/>\n<strong>Tel\u00e9fono: <\/strong>948 510 800<\/p>\n<\/div><\/div><\/div><\/div><\/div><div class=\"wpb_column vc_column_container\"><div class=\"vc_column-inner\"><div class=\"w-hwrapper valign_top align_none\"><div class=\"w-image us_custom_c1fb474c align_left\"><div class=\"w-image-h\"><img decoding=\"async\" width=\"200\" height=\"138\" src=\"https:\/\/areso.eus\/wp-content\/uploads\/2026\/01\/euskara-zerbitzua-1.jpg\" class=\"attachment-large size-large\" alt=\"\" loading=\"lazy\" \/><\/div><\/div><div class=\"wpb_text_column\"><div class=\"wpb_wrapper\"><p><strong>EUSKARA MANKOMUNITATEA<\/strong><br \/>\n<strong>Tel\u00e9fono<\/strong>: 948 510 814<br \/>\n<strong>Web<\/strong>: <a href=\"https:\/\/www.iparmank.eus\/\" target=\"_blank\" rel=\"noopener\">www.iparmank.eus<\/a><br \/>\n<strong>E-mail<\/strong>: <a href=\"mailto:laga@iparmank.org\">laga@iparmank.org<\/a><\/p>\n<\/div><\/div><\/div><div class=\"w-separator size_medium\"><\/div><div class=\"w-hwrapper valign_top align_none\"><div class=\"w-image us_custom_c1fb474c align_left\"><div class=\"w-image-h\"><img decoding=\"async\" width=\"200\" height=\"138\" src=\"https:\/\/areso.eus\/wp-content\/uploads\/2026\/01\/Uema-logotipoa.jpg\" class=\"attachment-large size-large\" alt=\"\" loading=\"lazy\" \/><\/div><\/div><div class=\"wpb_text_column\"><div class=\"wpb_wrapper\"><p><strong>UEMA -Udalerri euskaldunen mankomunitatea- <\/strong><br \/>\n<strong>UEMA Aulesti Tel.:<\/strong> : 946 279 195<br \/>\n<strong>UEMA Oiartzun Tel.:<\/strong> : 943 260 372<br \/>\n<strong>UEMA Azpeitia Tel.:<\/strong> : 943 816 699<br \/>\n<strong>Web<\/strong>:<a href=\"https:\/\/www.uema.eus\/\" target=\"_blank\" rel=\"noopener\"> www.uema.eus<\/a><\/p>\n<\/div><\/div><\/div><div class=\"w-separator size_medium\"><\/div><div class=\"w-hwrapper valign_top align_none\"><div class=\"w-image us_custom_c1fb474c align_left\"><div class=\"w-image-h\"><img decoding=\"async\" width=\"200\" height=\"138\" src=\"https:\/\/areso.eus\/wp-content\/uploads\/2026\/01\/udalbiltza-logotipoa.jpg\" class=\"attachment-large size-large\" alt=\"\" loading=\"lazy\" \/><\/div><\/div><div class=\"wpb_text_column\"><div class=\"wpb_wrapper\"><p><strong>UDALBILTZA<\/strong><br \/>\n<strong>Tel\u00e9fono<\/strong>: 948 510 840<br \/>\n<strong>Web<\/strong>: <a class=\"enlace\" href=\"https:\/\/udalbiltza.eus\" target=\"_blank\" rel=\"noopener\">www.udalbiltza.eus\/<\/a><br \/>\n<strong>E-mail<\/strong>: <a href=\"mailto:udalbiltza@udalbiltza.eus\" target=\"_blank\" rel=\"noopener\">udalbiltza@udalbiltza.eus<\/a><\/p>\n<\/div><\/div><\/div><div class=\"w-separator size_medium\"><\/div><div class=\"w-hwrapper valign_top align_none\"><div class=\"w-image us_custom_c1fb474c align_left\"><div class=\"w-image-h\"><img decoding=\"async\" width=\"345\" height=\"100\" src=\"https:\/\/areso.eus\/wp-content\/uploads\/2026\/01\/laga.png\" class=\"attachment-large size-large\" alt=\"\" loading=\"lazy\" srcset=\"https:\/\/areso.eus\/wp-content\/uploads\/2026\/01\/laga.png 345w, https:\/\/areso.eus\/wp-content\/uploads\/2026\/01\/laga-300x87.png 300w\" sizes=\"auto, (max-width: 345px) 100vw, 345px\" \/><\/div><\/div><div class=\"wpb_text_column\"><div class=\"wpb_wrapper\"><p><strong>GIZARTE ZERBITZUEN MANKOMUNITATEA<\/strong><br \/>\n<strong>Direcci\u00f3n<\/strong>: Elbarren 1, 1\u00ba solairua, 31880 Leitza<br \/>\n<b>Tel\u00e9fono:<\/b> 948 51 08 40<br \/>\n<strong>E-mail<\/strong>: <a href=\"mailto:info@lagagizartezerbitzua.org\">info@lagagizartezerbitzua.org<\/a><br \/>\n<strong>Web<\/strong>: <a href=\"https:\/\/www.lagagizartezerbitzua.org\/\">www.lagagizartezerbitzua.org\/<\/a><\/p>\n<\/div><\/div><\/div><\/div><\/div><\/div><\/div><\/section>\n","protected":false},"excerpt":{"rendered":"KIROLMANK \u2013 Mancomunidad de Deporte- Tel\u00e9fono: 948 604 545 Web: www.kirolmank.eus E-mail: kirolmank@gmail.com CONSORCIO DE TURISMO DE PLAZAOLA Tel\u00e9fono: 948 507 205 Web: www.plazaola.org\/ E-mail: plazaola@plazaola.org MENDIALDEA MANKOMUNITATEA Helbidea: Elbarren 1, 1\u00ba solairua, 31880 Leitza Tel\u00e9fono \/ Fax: 948 510 444 Web: www.mendialdea.eus\/ CENTRO DE SALUD DE LEITZA Direcci\u00f3n: C\/ Okillin 5, 31880 Leiza Tel\u00e9fono:...","protected":false},"author":1,"featured_media":0,"parent":5638,"menu_order":0,"comment_status":"closed","ping_status":"closed","template":"","meta":{"_acf_changed":false,"footnotes":""},"class_list":["post-2119","page","type-page","status-publish","hentry"],"acf":[],"yoast_head":"<!-- This site is optimized with the Yoast SEO plugin v26.7 - https:\/\/yoast.com\/wordpress\/plugins\/seo\/ -->\n<title>Mancomunidad y consorcios del ayuntamiento de Areso<\/title>\n<meta name=\"description\" content=\"En esta p\u00e1gina encontrar\u00e9is mancomunidades y consorcios del ayuntamiento de Areso. Sus tel\u00e9fonos, webs, emails y datos de contacto.\" \/>\n<meta name=\"robots\" content=\"index, follow, max-snippet:-1, max-image-preview:large, max-video-preview:-1\" \/>\n<link rel=\"canonical\" href=\"https:\/\/areso.eus\/es\/servicios\/mancomunidad-y-consorcios\/\" \/>\n<meta property=\"og:locale\" content=\"es_ES\" \/>\n<meta property=\"og:type\" content=\"article\" \/>\n<meta property=\"og:title\" content=\"Mancomunidad y consorcios del ayuntamiento de Areso\" \/>\n<meta property=\"og:description\" content=\"En esta p\u00e1gina encontrar\u00e9is mancomunidades y consorcios del ayuntamiento de Areso. Sus tel\u00e9fonos, webs, emails y datos de contacto.\" \/>\n<meta property=\"og:url\" content=\"https:\/\/areso.eus\/es\/servicios\/mancomunidad-y-consorcios\/\" \/>\n<meta property=\"og:site_name\" content=\"Aresoko Udala\" \/>\n<meta property=\"article:publisher\" content=\"https:\/\/www.facebook.com\/areso.udala\" \/>\n<meta property=\"article:modified_time\" content=\"2026-01-30T07:22:33+00:00\" \/>\n<meta name=\"twitter:card\" content=\"summary_large_image\" \/>\n<meta name=\"twitter:label1\" content=\"Tiempo de lectura\" \/>\n\t<meta name=\"twitter:data1\" content=\"1 minuto\" \/>\n<script type=\"application\/ld+json\" class=\"yoast-schema-graph\">{\"@context\":\"https:\/\/schema.org\",\"@graph\":[{\"@type\":\"WebPage\",\"@id\":\"https:\/\/areso.eus\/es\/servicios\/mancomunidad-y-consorcios\/\",\"url\":\"https:\/\/areso.eus\/es\/servicios\/mancomunidad-y-consorcios\/\",\"name\":\"Mancomunidad y consorcios del ayuntamiento de Areso\",\"isPartOf\":{\"@id\":\"https:\/\/areso.eus\/#website\"},\"datePublished\":\"2016-03-31T12:03:58+00:00\",\"dateModified\":\"2026-01-30T07:22:33+00:00\",\"description\":\"En esta p\u00e1gina encontrar\u00e9is mancomunidades y consorcios del ayuntamiento de Areso. Sus tel\u00e9fonos, webs, emails y datos de contacto.\",\"breadcrumb\":{\"@id\":\"https:\/\/areso.eus\/es\/servicios\/mancomunidad-y-consorcios\/#breadcrumb\"},\"inLanguage\":\"es\",\"potentialAction\":[{\"@type\":\"ReadAction\",\"target\":[\"https:\/\/areso.eus\/es\/servicios\/mancomunidad-y-consorcios\/\"]}]},{\"@type\":\"BreadcrumbList\",\"@id\":\"https:\/\/areso.eus\/es\/servicios\/mancomunidad-y-consorcios\/#breadcrumb\",\"itemListElement\":[{\"@type\":\"ListItem\",\"position\":1,\"name\":\"Hasiera orria\",\"item\":\"https:\/\/areso.eus\/es\/\"},{\"@type\":\"ListItem\",\"position\":2,\"name\":\"Servicios\",\"item\":\"https:\/\/areso.eus\/servicios\/\"},{\"@type\":\"ListItem\",\"position\":3,\"name\":\"Otros servicios\"}]},{\"@type\":\"WebSite\",\"@id\":\"https:\/\/areso.eus\/#website\",\"url\":\"https:\/\/areso.eus\/\",\"name\":\"Aresoko Udala\",\"description\":\"Aresoko udalaren webgune ofiziala. Herriko informazioa, albisteak, ekitaldiak, jarduerak, berriak, informazio turistikoa...\",\"publisher\":{\"@id\":\"https:\/\/areso.eus\/#organization\"},\"potentialAction\":[{\"@type\":\"SearchAction\",\"target\":{\"@type\":\"EntryPoint\",\"urlTemplate\":\"https:\/\/areso.eus\/?s={search_term_string}\"},\"query-input\":{\"@type\":\"PropertyValueSpecification\",\"valueRequired\":true,\"valueName\":\"search_term_string\"}}],\"inLanguage\":\"es\"},{\"@type\":\"Organization\",\"@id\":\"https:\/\/areso.eus\/#organization\",\"name\":\"Aresoko Udala\",\"url\":\"https:\/\/areso.eus\/\",\"logo\":{\"@type\":\"ImageObject\",\"inLanguage\":\"es\",\"@id\":\"https:\/\/areso.eus\/#\/schema\/logo\/image\/\",\"url\":\"https:\/\/areso.eus\/wp-content\/uploads\/2016\/02\/Escudo-Areso-08.png\",\"contentUrl\":\"https:\/\/areso.eus\/wp-content\/uploads\/2016\/02\/Escudo-Areso-08.png\",\"width\":169,\"height\":71,\"caption\":\"Aresoko Udala\"},\"image\":{\"@id\":\"https:\/\/areso.eus\/#\/schema\/logo\/image\/\"},\"sameAs\":[\"https:\/\/www.facebook.com\/areso.udala\"]}]}<\/script>\n<!-- \/ Yoast SEO plugin. -->","yoast_head_json":{"title":"Mancomunidad y consorcios del ayuntamiento de Areso","description":"En esta p\u00e1gina encontrar\u00e9is mancomunidades y consorcios del ayuntamiento de Areso. Sus tel\u00e9fonos, webs, emails y datos de contacto.","robots":{"index":"index","follow":"follow","max-snippet":"max-snippet:-1","max-image-preview":"max-image-preview:large","max-video-preview":"max-video-preview:-1"},"canonical":"https:\/\/areso.eus\/es\/servicios\/mancomunidad-y-consorcios\/","og_locale":"es_ES","og_type":"article","og_title":"Mancomunidad y consorcios del ayuntamiento de Areso","og_description":"En esta p\u00e1gina encontrar\u00e9is mancomunidades y consorcios del ayuntamiento de Areso. Sus tel\u00e9fonos, webs, emails y datos de contacto.","og_url":"https:\/\/areso.eus\/es\/servicios\/mancomunidad-y-consorcios\/","og_site_name":"Aresoko Udala","article_publisher":"https:\/\/www.facebook.com\/areso.udala","article_modified_time":"2026-01-30T07:22:33+00:00","twitter_card":"summary_large_image","twitter_misc":{"Tiempo de lectura":"1 minuto"},"schema":{"@context":"https:\/\/schema.org","@graph":[{"@type":"WebPage","@id":"https:\/\/areso.eus\/es\/servicios\/mancomunidad-y-consorcios\/","url":"https:\/\/areso.eus\/es\/servicios\/mancomunidad-y-consorcios\/","name":"Mancomunidad y consorcios del ayuntamiento de Areso","isPartOf":{"@id":"https:\/\/areso.eus\/#website"},"datePublished":"2016-03-31T12:03:58+00:00","dateModified":"2026-01-30T07:22:33+00:00","description":"En esta p\u00e1gina encontrar\u00e9is mancomunidades y consorcios del ayuntamiento de Areso. Sus tel\u00e9fonos, webs, emails y datos de contacto.","breadcrumb":{"@id":"https:\/\/areso.eus\/es\/servicios\/mancomunidad-y-consorcios\/#breadcrumb"},"inLanguage":"es","potentialAction":[{"@type":"ReadAction","target":["https:\/\/areso.eus\/es\/servicios\/mancomunidad-y-consorcios\/"]}]},{"@type":"BreadcrumbList","@id":"https:\/\/areso.eus\/es\/servicios\/mancomunidad-y-consorcios\/#breadcrumb","itemListElement":[{"@type":"ListItem","position":1,"name":"Hasiera orria","item":"https:\/\/areso.eus\/es\/"},{"@type":"ListItem","position":2,"name":"Servicios","item":"https:\/\/areso.eus\/servicios\/"},{"@type":"ListItem","position":3,"name":"Otros servicios"}]},{"@type":"WebSite","@id":"https:\/\/areso.eus\/#website","url":"https:\/\/areso.eus\/","name":"Aresoko Udala","description":"Aresoko udalaren webgune ofiziala. Herriko informazioa, albisteak, ekitaldiak, jarduerak, berriak, informazio turistikoa...","publisher":{"@id":"https:\/\/areso.eus\/#organization"},"potentialAction":[{"@type":"SearchAction","target":{"@type":"EntryPoint","urlTemplate":"https:\/\/areso.eus\/?s={search_term_string}"},"query-input":{"@type":"PropertyValueSpecification","valueRequired":true,"valueName":"search_term_string"}}],"inLanguage":"es"},{"@type":"Organization","@id":"https:\/\/areso.eus\/#organization","name":"Aresoko Udala","url":"https:\/\/areso.eus\/","logo":{"@type":"ImageObject","inLanguage":"es","@id":"https:\/\/areso.eus\/#\/schema\/logo\/image\/","url":"https:\/\/areso.eus\/wp-content\/uploads\/2016\/02\/Escudo-Areso-08.png","contentUrl":"https:\/\/areso.eus\/wp-content\/uploads\/2016\/02\/Escudo-Areso-08.png","width":169,"height":71,"caption":"Aresoko Udala"},"image":{"@id":"https:\/\/areso.eus\/#\/schema\/logo\/image\/"},"sameAs":["https:\/\/www.facebook.com\/areso.udala"]}]}},"_links":{"self":[{"href":"https:\/\/areso.eus\/es\/wp-json\/wp\/v2\/pages\/2119","targetHints":{"allow":["GET"]}}],"collection":[{"href":"https:\/\/areso.eus\/es\/wp-json\/wp\/v2\/pages"}],"about":[{"href":"https:\/\/areso.eus\/es\/wp-json\/wp\/v2\/types\/page"}],"author":[{"embeddable":true,"href":"https:\/\/areso.eus\/es\/wp-json\/wp\/v2\/users\/1"}],"replies":[{"embeddable":true,"href":"https:\/\/areso.eus\/es\/wp-json\/wp\/v2\/comments?post=2119"}],"version-history":[{"count":9,"href":"https:\/\/areso.eus\/es\/wp-json\/wp\/v2\/pages\/2119\/revisions"}],"predecessor-version":[{"id":6204,"href":"https:\/\/areso.eus\/es\/wp-json\/wp\/v2\/pages\/2119\/revisions\/6204"}],"up":[{"embeddable":true,"href":"https:\/\/areso.eus\/es\/wp-json\/wp\/v2\/pages\/5638"}],"wp:attachment":[{"href":"https:\/\/areso.eus\/es\/wp-json\/wp\/v2\/media?parent=2119"}],"curies":[{"name":"wp","href":"https:\/\/api.w.org\/{rel}","templated":true}]}}