{"id":2121,"date":"2014-12-01T14:41:05","date_gmt":"2014-12-01T13:41:05","guid":{"rendered":"https:\/\/areso.eus\/agenda\/"},"modified":"2025-12-12T09:10:39","modified_gmt":"2025-12-12T08:10:39","slug":"agenda","status":"publish","type":"page","link":"https:\/\/areso.eus\/es\/agenda\/","title":{"rendered":"Agenda"},"content":{"rendered":"<section class=\"l-section wpb_row height_medium\"><div class=\"l-section-h i-cf\"><div class=\"g-cols vc_row via_grid cols_1 laptops-cols_inherit tablets-cols_inherit mobiles-cols_1 valign_top type_default stacking_default\"><div class=\"wpb_column vc_column_container\"><div class=\"vc_column-inner\"><div class=\"wpb_text_column\"><div class=\"wpb_wrapper\"><div id=\"mec_skin_4982\" class=\"mec-wrap colorskin-custom  \">\r\n\r\n    \r\n    <div class=\"mec-calendar mec-box-calendar\" id=\"mec_skin_events_4982_full\">\r\n        <div class=\"mec-calendar-topsec\">        <div class=\"mec-calendar-side mec-clear\">\r\n                        <div class=\"mec-skin-monthly-view-month-navigator-container\">\r\n                <div class=\"mec-month-navigator\" id=\"mec_month_navigator_4982_202604\"><div class=\"mec-previous-month mec-load-month mec-previous-month\" data-mec-year=\"2026\" data-mec-month=\"03\"><a href=\"#\" class=\"mec-load-month-link\"><i class=\"mec-sl-angle-left\"><\/i> marzo<\/a><\/div><div class=\"mec-calendar-header\"><h2>abril 2026<\/h2><\/div><div class=\"mec-next-month mec-load-month mec-next-month\" data-mec-year=\"2026\" data-mec-month=\"05\"><a href=\"#\" class=\"mec-load-month-link\">mayo <i class=\"mec-sl-angle-right\"><\/i><\/a><\/div><\/div>\r\n            <\/div>\r\n            \r\n            <div class=\"mec-calendar-table\" id=\"mec_skin_events_4982\">\r\n                <div class=\"mec-month-container mec-month-container-selected\" id=\"mec_monthly_view_month_4982_202604\" data-month-id=\"202604\"><dl class=\"mec-calendar-table-head\"><dt class=\"mec-calendar-day-head\">LU<\/dt><dt class=\"mec-calendar-day-head\">MA<\/dt><dt class=\"mec-calendar-day-head\">MI<\/dt><dt class=\"mec-calendar-day-head\">JU<\/dt><dt class=\"mec-calendar-day-head\">VI<\/dt><dt class=\"mec-calendar-day-head\">SA<\/dt><dt class=\"mec-calendar-day-head\">DO<\/dt><\/dl><dl class=\"mec-calendar-row\">\r\n    <dt class=\"mec-table-nullday\">30<\/dt><dt class=\"mec-table-nullday\">31<\/dt><dt class=\"mec-calendar-day \" data-mec-cell=\"20260401\" data-day=\"1\" data-month=\"202604\">1<\/dt><\/dt><dt class=\"mec-calendar-day \" data-mec-cell=\"20260402\" data-day=\"2\" data-month=\"202604\">2<\/dt><\/dt><dt class=\"mec-calendar-day \" data-mec-cell=\"20260403\" data-day=\"3\" data-month=\"202604\">3<\/dt><\/dt><dt class=\"mec-calendar-day \" data-mec-cell=\"20260404\" data-day=\"4\" data-month=\"202604\">4<\/dt><\/dt><dt class=\"mec-calendar-day \" data-mec-cell=\"20260405\" data-day=\"5\" data-month=\"202604\">5<\/dt><\/dt><\/dl><dl class=\"mec-calendar-row\"><dt class=\"mec-calendar-day \" data-mec-cell=\"20260406\" data-day=\"6\" data-month=\"202604\">6<\/dt><\/dt><dt class=\"mec-calendar-day \" data-mec-cell=\"20260407\" data-day=\"7\" data-month=\"202604\">7<\/dt><\/dt><dt class=\"mec-calendar-day  mec-selected-day\" data-mec-cell=\"20260408\" data-day=\"8\" data-month=\"202604\">8<\/dt><\/dt><dt class=\"mec-calendar-day \" data-mec-cell=\"20260409\" data-day=\"9\" data-month=\"202604\">9<\/dt><\/dt><dt class=\"mec-calendar-day \" data-mec-cell=\"20260410\" data-day=\"10\" data-month=\"202604\">10<\/dt><\/dt><dt class=\"mec-calendar-day \" data-mec-cell=\"20260411\" data-day=\"11\" data-month=\"202604\">11<\/dt><\/dt><dt class=\"mec-calendar-day \" data-mec-cell=\"20260412\" data-day=\"12\" data-month=\"202604\">12<\/dt><\/dt><\/dl><dl class=\"mec-calendar-row\"><dt class=\"mec-calendar-day \" data-mec-cell=\"20260413\" data-day=\"13\" data-month=\"202604\">13<\/dt><\/dt><dt class=\"mec-calendar-day \" data-mec-cell=\"20260414\" data-day=\"14\" data-month=\"202604\">14<\/dt><\/dt><dt class=\"mec-calendar-day \" data-mec-cell=\"20260415\" data-day=\"15\" data-month=\"202604\">15<\/dt><\/dt><dt class=\"mec-calendar-day \" data-mec-cell=\"20260416\" data-day=\"16\" data-month=\"202604\">16<\/dt><\/dt><dt class=\"mec-calendar-day \" data-mec-cell=\"20260417\" data-day=\"17\" data-month=\"202604\">17<\/dt><\/dt><dt class=\"mec-calendar-day \" data-mec-cell=\"20260418\" data-day=\"18\" data-month=\"202604\">18<\/dt><\/dt><dt class=\"mec-calendar-day \" data-mec-cell=\"20260419\" data-day=\"19\" data-month=\"202604\">19<\/dt><\/dt><\/dl><dl class=\"mec-calendar-row\"><dt class=\"mec-calendar-day \" data-mec-cell=\"20260420\" data-day=\"20\" data-month=\"202604\">20<\/dt><\/dt><dt class=\"mec-calendar-day \" data-mec-cell=\"20260421\" data-day=\"21\" data-month=\"202604\">21<\/dt><\/dt><dt class=\"mec-calendar-day \" data-mec-cell=\"20260422\" data-day=\"22\" data-month=\"202604\">22<\/dt><\/dt><dt class=\"mec-calendar-day \" data-mec-cell=\"20260423\" data-day=\"23\" data-month=\"202604\">23<\/dt><\/dt><dt class=\"mec-calendar-day \" data-mec-cell=\"20260424\" data-day=\"24\" data-month=\"202604\">24<\/dt><\/dt><dt class=\"mec-calendar-day \" data-mec-cell=\"20260425\" data-day=\"25\" data-month=\"202604\">25<\/dt><\/dt><dt class=\"mec-calendar-day \" data-mec-cell=\"20260426\" data-day=\"26\" data-month=\"202604\">26<\/dt><\/dt><\/dl><dl class=\"mec-calendar-row\"><dt class=\"mec-calendar-day \" data-mec-cell=\"20260427\" data-day=\"27\" data-month=\"202604\">27<\/dt><\/dt><dt class=\"mec-calendar-day \" data-mec-cell=\"20260428\" data-day=\"28\" data-month=\"202604\">28<\/dt><\/dt><dt class=\"mec-calendar-day \" data-mec-cell=\"20260429\" data-day=\"29\" data-month=\"202604\">29<\/dt><\/dt><dt class=\"mec-calendar-day \" data-mec-cell=\"20260430\" data-day=\"30\" data-month=\"202604\">30<\/dt><\/dt><dt class=\"mec-table-nullday\">1<\/dt><dt class=\"mec-table-nullday\">2<\/dt><dt class=\"mec-table-nullday\">3<\/dt><\/dl>\r\n<\/div>\r\n            <\/div>\r\n\r\n                    <\/div>\r\n        <div class=\"mec-calendar-events-side mec-clear\"><div class=\"mec-month-side\" id=\"mec_month_side_4982_202604\"><div class=\"mec-calendar-events-sec\" id=\"mec-calendar-events-sec-4982-20260401\" data-mec-cell=\"20260401\" ><h6 class=\"mec-table-side-title\">Eventos para <span class=\"mec-color mec-table-side-day\"> 1<\/span> abril<\/h6><article class=\"mec-event-article\"><div class=\"mec-event-detail\">Sin eventos<\/div><\/article><\/div><div class=\"mec-calendar-events-sec\" id=\"mec-calendar-events-sec-4982-20260402\" data-mec-cell=\"20260402\" ><h6 class=\"mec-table-side-title\">Eventos para <span class=\"mec-color mec-table-side-day\"> 2<\/span> abril<\/h6><article class=\"mec-event-article\"><div class=\"mec-event-detail\">Sin eventos<\/div><\/article><\/div><div class=\"mec-calendar-events-sec\" id=\"mec-calendar-events-sec-4982-20260403\" data-mec-cell=\"20260403\" ><h6 class=\"mec-table-side-title\">Eventos para <span class=\"mec-color mec-table-side-day\"> 3<\/span> abril<\/h6><article class=\"mec-event-article\"><div class=\"mec-event-detail\">Sin eventos<\/div><\/article><\/div><div class=\"mec-calendar-events-sec\" id=\"mec-calendar-events-sec-4982-20260404\" data-mec-cell=\"20260404\" ><h6 class=\"mec-table-side-title\">Eventos para <span class=\"mec-color mec-table-side-day\"> 4<\/span> abril<\/h6><article class=\"mec-event-article\"><div class=\"mec-event-detail\">Sin eventos<\/div><\/article><\/div><div class=\"mec-calendar-events-sec\" id=\"mec-calendar-events-sec-4982-20260405\" data-mec-cell=\"20260405\" ><h6 class=\"mec-table-side-title\">Eventos para <span class=\"mec-color mec-table-side-day\"> 5<\/span> abril<\/h6><article class=\"mec-event-article\"><div class=\"mec-event-detail\">Sin eventos<\/div><\/article><\/div><div class=\"mec-calendar-events-sec\" id=\"mec-calendar-events-sec-4982-20260406\" data-mec-cell=\"20260406\" ><h6 class=\"mec-table-side-title\">Eventos para <span class=\"mec-color mec-table-side-day\"> 6<\/span> abril<\/h6><article class=\"mec-event-article\"><div class=\"mec-event-detail\">Sin eventos<\/div><\/article><\/div><div class=\"mec-calendar-events-sec\" id=\"mec-calendar-events-sec-4982-20260407\" data-mec-cell=\"20260407\" ><h6 class=\"mec-table-side-title\">Eventos para <span class=\"mec-color mec-table-side-day\"> 7<\/span> abril<\/h6><article class=\"mec-event-article\"><div class=\"mec-event-detail\">Sin eventos<\/div><\/article><\/div><div class=\"mec-calendar-events-sec\" id=\"mec-calendar-events-sec-4982-20260408\" data-mec-cell=\"20260408\"  style=\"display: block;\"><h6 class=\"mec-table-side-title\">Eventos para <span class=\"mec-color mec-table-side-day\"> 8<\/span> abril<\/h6><article class=\"mec-event-article\"><div class=\"mec-event-detail\">Sin eventos<\/div><\/article><\/div><div class=\"mec-calendar-events-sec\" id=\"mec-calendar-events-sec-4982-20260409\" data-mec-cell=\"20260409\" ><h6 class=\"mec-table-side-title\">Eventos para <span class=\"mec-color mec-table-side-day\"> 9<\/span> abril<\/h6><article class=\"mec-event-article\"><div class=\"mec-event-detail\">Sin eventos<\/div><\/article><\/div><div class=\"mec-calendar-events-sec\" id=\"mec-calendar-events-sec-4982-20260410\" data-mec-cell=\"20260410\" ><h6 class=\"mec-table-side-title\">Eventos para <span class=\"mec-color mec-table-side-day\"> 10<\/span> abril<\/h6><article class=\"mec-event-article\"><div class=\"mec-event-detail\">Sin eventos<\/div><\/article><\/div><div class=\"mec-calendar-events-sec\" id=\"mec-calendar-events-sec-4982-20260411\" data-mec-cell=\"20260411\" ><h6 class=\"mec-table-side-title\">Eventos para <span class=\"mec-color mec-table-side-day\"> 11<\/span> abril<\/h6><article class=\"mec-event-article\"><div class=\"mec-event-detail\">Sin eventos<\/div><\/article><\/div><div class=\"mec-calendar-events-sec\" id=\"mec-calendar-events-sec-4982-20260412\" data-mec-cell=\"20260412\" ><h6 class=\"mec-table-side-title\">Eventos para <span class=\"mec-color mec-table-side-day\"> 12<\/span> abril<\/h6><article class=\"mec-event-article\"><div class=\"mec-event-detail\">Sin eventos<\/div><\/article><\/div><div class=\"mec-calendar-events-sec\" id=\"mec-calendar-events-sec-4982-20260413\" data-mec-cell=\"20260413\" ><h6 class=\"mec-table-side-title\">Eventos para <span class=\"mec-color mec-table-side-day\"> 13<\/span> abril<\/h6><article class=\"mec-event-article\"><div class=\"mec-event-detail\">Sin eventos<\/div><\/article><\/div><div class=\"mec-calendar-events-sec\" id=\"mec-calendar-events-sec-4982-20260414\" data-mec-cell=\"20260414\" ><h6 class=\"mec-table-side-title\">Eventos para <span class=\"mec-color mec-table-side-day\"> 14<\/span> abril<\/h6><article class=\"mec-event-article\"><div class=\"mec-event-detail\">Sin eventos<\/div><\/article><\/div><div class=\"mec-calendar-events-sec\" id=\"mec-calendar-events-sec-4982-20260415\" data-mec-cell=\"20260415\" ><h6 class=\"mec-table-side-title\">Eventos para <span class=\"mec-color mec-table-side-day\"> 15<\/span> abril<\/h6><article class=\"mec-event-article\"><div class=\"mec-event-detail\">Sin eventos<\/div><\/article><\/div><div class=\"mec-calendar-events-sec\" id=\"mec-calendar-events-sec-4982-20260416\" data-mec-cell=\"20260416\" ><h6 class=\"mec-table-side-title\">Eventos para <span class=\"mec-color mec-table-side-day\"> 16<\/span> abril<\/h6><article class=\"mec-event-article\"><div class=\"mec-event-detail\">Sin eventos<\/div><\/article><\/div><div class=\"mec-calendar-events-sec\" id=\"mec-calendar-events-sec-4982-20260417\" data-mec-cell=\"20260417\" ><h6 class=\"mec-table-side-title\">Eventos para <span class=\"mec-color mec-table-side-day\"> 17<\/span> abril<\/h6><article class=\"mec-event-article\"><div class=\"mec-event-detail\">Sin eventos<\/div><\/article><\/div><div class=\"mec-calendar-events-sec\" id=\"mec-calendar-events-sec-4982-20260418\" data-mec-cell=\"20260418\" ><h6 class=\"mec-table-side-title\">Eventos para <span class=\"mec-color mec-table-side-day\"> 18<\/span> abril<\/h6><article class=\"mec-event-article\"><div class=\"mec-event-detail\">Sin eventos<\/div><\/article><\/div><div class=\"mec-calendar-events-sec\" id=\"mec-calendar-events-sec-4982-20260419\" data-mec-cell=\"20260419\" ><h6 class=\"mec-table-side-title\">Eventos para <span class=\"mec-color mec-table-side-day\"> 19<\/span> abril<\/h6><article class=\"mec-event-article\"><div class=\"mec-event-detail\">Sin eventos<\/div><\/article><\/div><div class=\"mec-calendar-events-sec\" id=\"mec-calendar-events-sec-4982-20260420\" data-mec-cell=\"20260420\" ><h6 class=\"mec-table-side-title\">Eventos para <span class=\"mec-color mec-table-side-day\"> 20<\/span> abril<\/h6><article class=\"mec-event-article\"><div class=\"mec-event-detail\">Sin eventos<\/div><\/article><\/div><div class=\"mec-calendar-events-sec\" id=\"mec-calendar-events-sec-4982-20260421\" data-mec-cell=\"20260421\" ><h6 class=\"mec-table-side-title\">Eventos para <span class=\"mec-color mec-table-side-day\"> 21<\/span> abril<\/h6><article class=\"mec-event-article\"><div class=\"mec-event-detail\">Sin eventos<\/div><\/article><\/div><div class=\"mec-calendar-events-sec\" id=\"mec-calendar-events-sec-4982-20260422\" data-mec-cell=\"20260422\" ><h6 class=\"mec-table-side-title\">Eventos para <span class=\"mec-color mec-table-side-day\"> 22<\/span> abril<\/h6><article class=\"mec-event-article\"><div class=\"mec-event-detail\">Sin eventos<\/div><\/article><\/div><div class=\"mec-calendar-events-sec\" id=\"mec-calendar-events-sec-4982-20260423\" data-mec-cell=\"20260423\" ><h6 class=\"mec-table-side-title\">Eventos para <span class=\"mec-color mec-table-side-day\"> 23<\/span> abril<\/h6><article class=\"mec-event-article\"><div class=\"mec-event-detail\">Sin eventos<\/div><\/article><\/div><div class=\"mec-calendar-events-sec\" id=\"mec-calendar-events-sec-4982-20260424\" data-mec-cell=\"20260424\" ><h6 class=\"mec-table-side-title\">Eventos para <span class=\"mec-color mec-table-side-day\"> 24<\/span> abril<\/h6><article class=\"mec-event-article\"><div class=\"mec-event-detail\">Sin eventos<\/div><\/article><\/div><div class=\"mec-calendar-events-sec\" id=\"mec-calendar-events-sec-4982-20260425\" data-mec-cell=\"20260425\" ><h6 class=\"mec-table-side-title\">Eventos para <span class=\"mec-color mec-table-side-day\"> 25<\/span> abril<\/h6><article class=\"mec-event-article\"><div class=\"mec-event-detail\">Sin eventos<\/div><\/article><\/div><div class=\"mec-calendar-events-sec\" id=\"mec-calendar-events-sec-4982-20260426\" data-mec-cell=\"20260426\" ><h6 class=\"mec-table-side-title\">Eventos para <span class=\"mec-color mec-table-side-day\"> 26<\/span> abril<\/h6><article class=\"mec-event-article\"><div class=\"mec-event-detail\">Sin eventos<\/div><\/article><\/div><div class=\"mec-calendar-events-sec\" id=\"mec-calendar-events-sec-4982-20260427\" data-mec-cell=\"20260427\" ><h6 class=\"mec-table-side-title\">Eventos para <span class=\"mec-color mec-table-side-day\"> 27<\/span> abril<\/h6><article class=\"mec-event-article\"><div class=\"mec-event-detail\">Sin eventos<\/div><\/article><\/div><div class=\"mec-calendar-events-sec\" id=\"mec-calendar-events-sec-4982-20260428\" data-mec-cell=\"20260428\" ><h6 class=\"mec-table-side-title\">Eventos para <span class=\"mec-color mec-table-side-day\"> 28<\/span> abril<\/h6><article class=\"mec-event-article\"><div class=\"mec-event-detail\">Sin eventos<\/div><\/article><\/div><div class=\"mec-calendar-events-sec\" id=\"mec-calendar-events-sec-4982-20260429\" data-mec-cell=\"20260429\" ><h6 class=\"mec-table-side-title\">Eventos para <span class=\"mec-color mec-table-side-day\"> 29<\/span> abril<\/h6><article class=\"mec-event-article\"><div class=\"mec-event-detail\">Sin eventos<\/div><\/article><\/div><div class=\"mec-calendar-events-sec\" id=\"mec-calendar-events-sec-4982-20260430\" data-mec-cell=\"20260430\" ><h6 class=\"mec-table-side-title\">Eventos para <span class=\"mec-color mec-table-side-day\"> 30<\/span> abril<\/h6><article class=\"mec-event-article\"><div class=\"mec-event-detail\">Sin eventos<\/div><\/article><\/div><\/div><\/div><\/div><div class=\"mec-event-footer\"><\/div>    <\/div>\r\n\r\n        \r\n        <div class=\"mec-modal-result\"><\/div>\r\n\r\n<\/div>\n<\/div><\/div><\/div><\/div><\/div><\/div><\/section>\n","protected":false},"excerpt":{"rendered":"marzoabril 2026mayo LUMAMIJUVISADO 3031123456789101112131415161718192021222324252627282930123 Eventos para 1 abrilSin eventosEventos para 2 abrilSin eventosEventos para 3 abrilSin eventosEventos para 4 abrilSin eventosEventos para 5 abrilSin eventosEventos para 6 abrilSin eventosEventos para 7 abrilSin eventosEventos para 8 abrilSin eventosEventos para 9 abrilSin eventosEventos para 10 abrilSin eventosEventos para 11 abrilSin eventosEventos para 12 abrilSin eventosEventos para 13...","protected":false},"author":1,"featured_media":0,"parent":0,"menu_order":0,"comment_status":"closed","ping_status":"closed","template":"","meta":{"_acf_changed":false,"footnotes":""},"class_list":["post-2121","page","type-page","status-publish","hentry"],"acf":[],"yoast_head":"<!-- This site is optimized with the Yoast SEO plugin v26.7 - https:\/\/yoast.com\/wordpress\/plugins\/seo\/ -->\n<title>Agenda de eventos de Areso. Eventos, fiestas, jornadas.<\/title>\n<meta name=\"description\" content=\"Agenda de eventos de Areso. Aqu\u00ed encontrar\u00e1s un listado de eventos, fiestas y jornadas que se realizar\u00e1n en el pueblo. \u00a1Publica tu evento aqu\u00ed!\" \/>\n<meta name=\"robots\" content=\"index, follow, max-snippet:-1, max-image-preview:large, max-video-preview:-1\" \/>\n<link rel=\"canonical\" href=\"https:\/\/areso.eus\/es\/agenda\/\" \/>\n<meta property=\"og:locale\" content=\"es_ES\" \/>\n<meta property=\"og:type\" content=\"article\" \/>\n<meta property=\"og:title\" content=\"Agenda de eventos de Areso. Eventos, fiestas, jornadas.\" \/>\n<meta property=\"og:description\" content=\"Agenda de eventos de Areso. Aqu\u00ed encontrar\u00e1s un listado de eventos, fiestas y jornadas que se realizar\u00e1n en el pueblo. \u00a1Publica tu evento aqu\u00ed!\" \/>\n<meta property=\"og:url\" content=\"https:\/\/areso.eus\/es\/agenda\/\" \/>\n<meta property=\"og:site_name\" content=\"Aresoko Udala\" \/>\n<meta property=\"article:publisher\" content=\"https:\/\/www.facebook.com\/areso.udala\" \/>\n<meta property=\"article:modified_time\" content=\"2025-12-12T08:10:39+00:00\" \/>\n<meta name=\"twitter:card\" content=\"summary_large_image\" \/>\n<meta name=\"twitter:label1\" content=\"Tiempo de lectura\" \/>\n\t<meta name=\"twitter:data1\" content=\"1 minuto\" \/>\n<script type=\"application\/ld+json\" class=\"yoast-schema-graph\">{\"@context\":\"https:\/\/schema.org\",\"@graph\":[{\"@type\":\"WebPage\",\"@id\":\"https:\/\/areso.eus\/es\/agenda\/\",\"url\":\"https:\/\/areso.eus\/es\/agenda\/\",\"name\":\"Agenda de eventos de Areso. Eventos, fiestas, jornadas.\",\"isPartOf\":{\"@id\":\"https:\/\/areso.eus\/#website\"},\"datePublished\":\"2014-12-01T13:41:05+00:00\",\"dateModified\":\"2025-12-12T08:10:39+00:00\",\"description\":\"Agenda de eventos de Areso. Aqu\u00ed encontrar\u00e1s un listado de eventos, fiestas y jornadas que se realizar\u00e1n en el pueblo. \u00a1Publica tu evento aqu\u00ed!\",\"breadcrumb\":{\"@id\":\"https:\/\/areso.eus\/es\/agenda\/#breadcrumb\"},\"inLanguage\":\"es\",\"potentialAction\":[{\"@type\":\"ReadAction\",\"target\":[\"https:\/\/areso.eus\/es\/agenda\/\"]}]},{\"@type\":\"BreadcrumbList\",\"@id\":\"https:\/\/areso.eus\/es\/agenda\/#breadcrumb\",\"itemListElement\":[{\"@type\":\"ListItem\",\"position\":1,\"name\":\"Hasiera orria\",\"item\":\"https:\/\/areso.eus\/es\/\"},{\"@type\":\"ListItem\",\"position\":2,\"name\":\"Agenda\"}]},{\"@type\":\"WebSite\",\"@id\":\"https:\/\/areso.eus\/#website\",\"url\":\"https:\/\/areso.eus\/\",\"name\":\"Aresoko Udala\",\"description\":\"Aresoko udalaren webgune ofiziala. Herriko informazioa, albisteak, ekitaldiak, jarduerak, berriak, informazio turistikoa...\",\"publisher\":{\"@id\":\"https:\/\/areso.eus\/#organization\"},\"potentialAction\":[{\"@type\":\"SearchAction\",\"target\":{\"@type\":\"EntryPoint\",\"urlTemplate\":\"https:\/\/areso.eus\/?s={search_term_string}\"},\"query-input\":{\"@type\":\"PropertyValueSpecification\",\"valueRequired\":true,\"valueName\":\"search_term_string\"}}],\"inLanguage\":\"es\"},{\"@type\":\"Organization\",\"@id\":\"https:\/\/areso.eus\/#organization\",\"name\":\"Aresoko Udala\",\"url\":\"https:\/\/areso.eus\/\",\"logo\":{\"@type\":\"ImageObject\",\"inLanguage\":\"es\",\"@id\":\"https:\/\/areso.eus\/#\/schema\/logo\/image\/\",\"url\":\"https:\/\/areso.eus\/wp-content\/uploads\/2016\/02\/Escudo-Areso-08.png\",\"contentUrl\":\"https:\/\/areso.eus\/wp-content\/uploads\/2016\/02\/Escudo-Areso-08.png\",\"width\":169,\"height\":71,\"caption\":\"Aresoko Udala\"},\"image\":{\"@id\":\"https:\/\/areso.eus\/#\/schema\/logo\/image\/\"},\"sameAs\":[\"https:\/\/www.facebook.com\/areso.udala\"]}]}<\/script>\n<!-- \/ Yoast SEO plugin. -->","yoast_head_json":{"title":"Agenda de eventos de Areso. Eventos, fiestas, jornadas.","description":"Agenda de eventos de Areso. Aqu\u00ed encontrar\u00e1s un listado de eventos, fiestas y jornadas que se realizar\u00e1n en el pueblo. \u00a1Publica tu evento aqu\u00ed!","robots":{"index":"index","follow":"follow","max-snippet":"max-snippet:-1","max-image-preview":"max-image-preview:large","max-video-preview":"max-video-preview:-1"},"canonical":"https:\/\/areso.eus\/es\/agenda\/","og_locale":"es_ES","og_type":"article","og_title":"Agenda de eventos de Areso. Eventos, fiestas, jornadas.","og_description":"Agenda de eventos de Areso. Aqu\u00ed encontrar\u00e1s un listado de eventos, fiestas y jornadas que se realizar\u00e1n en el pueblo. \u00a1Publica tu evento aqu\u00ed!","og_url":"https:\/\/areso.eus\/es\/agenda\/","og_site_name":"Aresoko Udala","article_publisher":"https:\/\/www.facebook.com\/areso.udala","article_modified_time":"2025-12-12T08:10:39+00:00","twitter_card":"summary_large_image","twitter_misc":{"Tiempo de lectura":"1 minuto"},"schema":{"@context":"https:\/\/schema.org","@graph":[{"@type":"WebPage","@id":"https:\/\/areso.eus\/es\/agenda\/","url":"https:\/\/areso.eus\/es\/agenda\/","name":"Agenda de eventos de Areso. Eventos, fiestas, jornadas.","isPartOf":{"@id":"https:\/\/areso.eus\/#website"},"datePublished":"2014-12-01T13:41:05+00:00","dateModified":"2025-12-12T08:10:39+00:00","description":"Agenda de eventos de Areso. Aqu\u00ed encontrar\u00e1s un listado de eventos, fiestas y jornadas que se realizar\u00e1n en el pueblo. \u00a1Publica tu evento aqu\u00ed!","breadcrumb":{"@id":"https:\/\/areso.eus\/es\/agenda\/#breadcrumb"},"inLanguage":"es","potentialAction":[{"@type":"ReadAction","target":["https:\/\/areso.eus\/es\/agenda\/"]}]},{"@type":"BreadcrumbList","@id":"https:\/\/areso.eus\/es\/agenda\/#breadcrumb","itemListElement":[{"@type":"ListItem","position":1,"name":"Hasiera orria","item":"https:\/\/areso.eus\/es\/"},{"@type":"ListItem","position":2,"name":"Agenda"}]},{"@type":"WebSite","@id":"https:\/\/areso.eus\/#website","url":"https:\/\/areso.eus\/","name":"Aresoko Udala","description":"Aresoko udalaren webgune ofiziala. Herriko informazioa, albisteak, ekitaldiak, jarduerak, berriak, informazio turistikoa...","publisher":{"@id":"https:\/\/areso.eus\/#organization"},"potentialAction":[{"@type":"SearchAction","target":{"@type":"EntryPoint","urlTemplate":"https:\/\/areso.eus\/?s={search_term_string}"},"query-input":{"@type":"PropertyValueSpecification","valueRequired":true,"valueName":"search_term_string"}}],"inLanguage":"es"},{"@type":"Organization","@id":"https:\/\/areso.eus\/#organization","name":"Aresoko Udala","url":"https:\/\/areso.eus\/","logo":{"@type":"ImageObject","inLanguage":"es","@id":"https:\/\/areso.eus\/#\/schema\/logo\/image\/","url":"https:\/\/areso.eus\/wp-content\/uploads\/2016\/02\/Escudo-Areso-08.png","contentUrl":"https:\/\/areso.eus\/wp-content\/uploads\/2016\/02\/Escudo-Areso-08.png","width":169,"height":71,"caption":"Aresoko Udala"},"image":{"@id":"https:\/\/areso.eus\/#\/schema\/logo\/image\/"},"sameAs":["https:\/\/www.facebook.com\/areso.udala"]}]}},"_links":{"self":[{"href":"https:\/\/areso.eus\/es\/wp-json\/wp\/v2\/pages\/2121","targetHints":{"allow":["GET"]}}],"collection":[{"href":"https:\/\/areso.eus\/es\/wp-json\/wp\/v2\/pages"}],"about":[{"href":"https:\/\/areso.eus\/es\/wp-json\/wp\/v2\/types\/page"}],"author":[{"embeddable":true,"href":"https:\/\/areso.eus\/es\/wp-json\/wp\/v2\/users\/1"}],"replies":[{"embeddable":true,"href":"https:\/\/areso.eus\/es\/wp-json\/wp\/v2\/comments?post=2121"}],"version-history":[{"count":2,"href":"https:\/\/areso.eus\/es\/wp-json\/wp\/v2\/pages\/2121\/revisions"}],"predecessor-version":[{"id":4999,"href":"https:\/\/areso.eus\/es\/wp-json\/wp\/v2\/pages\/2121\/revisions\/4999"}],"wp:attachment":[{"href":"https:\/\/areso.eus\/es\/wp-json\/wp\/v2\/media?parent=2121"}],"curies":[{"name":"wp","href":"https:\/\/api.w.org\/{rel}","templated":true}]}}