{"id":2133,"date":"2016-01-14T16:13:12","date_gmt":"2016-01-14T15:13:12","guid":{"rendered":"https:\/\/areso.eus\/abisu-legala\/"},"modified":"2026-01-30T10:36:45","modified_gmt":"2026-01-30T09:36:45","slug":"aviso-legal","status":"publish","type":"page","link":"https:\/\/areso.eus\/es\/aviso-legal\/","title":{"rendered":"Informaci\u00f3n legal"},"content":{"rendered":"<section class=\"l-section wpb_row height_medium\"><div class=\"l-section-h i-cf\"><div class=\"g-cols vc_row via_grid cols_5-1 laptops-cols_inherit tablets-cols_inherit mobiles-cols_1 valign_top type_default stacking_default\"><div class=\"wpb_column vc_column_container\"><div class=\"vc_column-inner\"><div class=\"wpb_text_column\"><div class=\"wpb_wrapper\"><p>En cumplimiento de la Ley 34\/2002, de 11 de julio, de Servicios de la Sociedad de la Informaci\u00f3n y de Comercio Electr\u00f3nico, le informamos que el titular del sitio web <a href=\"https:\/\/www.areso.eus\"><u>www.areso.eus<\/u><\/a> es:<\/p>\n<p><strong>AYUNTAMIENTO DE ARESO<\/strong><\/p>\n<p><strong>NIF:<\/strong> P3103100H<\/p>\n<p><strong>Direcci\u00f3n:<\/strong> Camino Eliz, 31876 Areso (Navarra)<\/p>\n<p><strong>Tel\u00e9fono:<\/strong> 948 51 03 27<\/p>\n<p><strong>Correo electr\u00f3nico:<\/strong> <a href=\"mailto:areso@areso.eus\">areso@areso.eus<\/a><\/p>\n<ol>\n<li><strong> Responsabilidades y garant\u00edas<\/strong><\/li>\n<\/ol>\n<p>El usuario podr\u00e1 acceder al sitio web\u00a0<u><\/u><a href=\"https:\/\/www.areso.eus\"><u>www.areso.eus<\/u><\/a> por voluntad propia. Navegar por este sitio web supone que el usuario conoce y acepta sus indicaciones legales, sus condiciones de uso y su pol\u00edtica de privacidad.<br \/>\n<span>\u00a0<\/span><br \/>\n<span>\u00a0<\/span>Cualquier uso de la informaci\u00f3n contenida en este sitio web ser\u00e1 \u00fanica y exclusivamente responsabilidad del usuario.\u00a0As\u00ed, el usuario deber\u00e1 comprometerse a utilizar la informaci\u00f3n de acuerdo con el objetivo del sitio web.<\/p>\n<p><span>\u00a0<\/span>Por tanto, el usuario no podr\u00e1 dar un uso il\u00edcito a la informaci\u00f3n del sitio web.<\/p>\n<p>Se proh\u00edbe a los usuarios introducir o informar sobre contenidos falsos o err\u00f3neos. El usuario ser\u00e1, por tanto, el \u00fanico responsable de los da\u00f1os causados con los datos que aporte<\/p>\n<p><span>\u00a0<\/span>Se proh\u00edbe utilizar datos personales de terceros sin su consentimiento. Asimismo, se proh\u00edbe utilizar datos de identificaci\u00f3n de terceros para ponerse en el lugar de otra persona o entidad.<\/p>\n<p><span>El ayuntamiento de Areso <\/span>hace un gran esfuerzo para que no haya errores en los contenidos publicados en el sitio web. Por tanto, se reserva el derecho de modificarlosen cualquier momento. <span>El ayuntamiento de Areso<\/span> renuncia expresamente a la responsabilidad derivada de errores u omisiones en los contenidos de este sitio web, as\u00ed como a la responsabilidad derivada de los da\u00f1os y perjuicios derivados de la falta de veracidad, exactitud y actualizaci\u00f3n de estos. Este sitio web puede incluir enlaces de otros sitios web. <span>El ayuntamiento de Areso<\/span> no se hace responsable de ninguno de los contenidos de los sitios enlazados. El objetivo de esos servicios es, precisamente, proporcionar a los usuarios otras fuentes de informaci\u00f3n; por tanto, el usuario acceder\u00e1 a ellas bajo su \u00fanica responsabilidad, atendiendo a las condiciones reguladas en las mismas.<\/p>\n<p><span>El ayuntamiento de Areso<\/span> no ser\u00e1 responsable de ninguna consecuencia o perjuicio derivado del uso de este sitio web o de su contenido, incluidos los da\u00f1os inform\u00e1ticos y la inserci\u00f3n de virus.<\/p>\n<p><span>El ayuntamiento de Areso<\/span> se reserva el derecho a modificar o eliminar en cualquier momento, sin previo aviso o explicaci\u00f3n, el dise\u00f1o, la configuraci\u00f3n y la informaci\u00f3n contenida en este sitio web, siempre que lo consideren necesario.<br \/>\n<span>\u00a0<\/span><br \/>\n<span>El ayuntamiento de Areso<\/span> no se har\u00e1 responsable de los da\u00f1os que dichas modificaciones pudieran suponer. No obstante, utilizar\u00e1 todos los medios a su alcance para informar a los usuarios de dichas modificaciones.<\/p>\n<ol start=\"2\">\n<li><strong> Propiedad intelectual e industrial<\/strong><\/li>\n<\/ol>\n<p>Los contenidos de este sitio web (excepto los datos personales) poseen la licencia Creative Commons\u00a0Reconocimiento\u00a0\u2013\u00a0Compartir Igual\u00a0(CC-BY-SA) 4.0<\/p>\n<p>Esta licencia otorga al usuario los siguientes derechos:<\/p>\n<ul>\n<li>Compartir: puede copiar y distribuir los contenidos en cualquier medio y formato.<\/li>\n<li>Adecuar:\u00a0puede reutilizar los contenidos y crear obras derivadas, incluso con fines comerciales.<\/li>\n<\/ul>\n<p><span>\u00a0<\/span>Siempre y cuando se cumplan las siguientes condiciones:<\/p>\n<ul>\n<li>Reconocer:\u00a0se debe reconocer la autor\u00eda del sitio web, a\u00f1adir un enlace a la licencia e indicar si se han realizado modificaciones, pero no de una manera que d\u00e9 a entender que este sitio web apoya el uso de quien lo hace.<\/li>\n<li>Compartir Igual: si se crea un trabajo derivado, se debe distribuir con la misma licencia.<\/li>\n<li>Sin restricciones adicionales: no se puede limitar lo que permite la licencia a trav\u00e9s de medidas legales o tecnol\u00f3gicas.<\/li>\n<\/ul>\n<p>El incumplimiento de las condiciones que impone la licencia en la utilizaci\u00f3n de los contenidos del sitio web dar\u00e1 lugar al ejercicio de las acciones legales que correspondan y, en su caso, al cumplimiento de las responsabilidades que se deriven de su ejercicio.<\/p>\n<ol start=\"3\">\n<li><span><\/span><strong> Modificaciones<\/strong><\/li>\n<\/ol>\n<p>Todas estas condiciones podr\u00e1n ser modificadas si <span>El ayuntamiento de Areso<\/span> lo considera oportuno en alg\u00fan momento, tanto para adecuarse a las modificaciones legislativas como para introducir otras mejoras. Estas modificaciones entrar\u00e1n en vigor desde el momento en que se publiquen en este sitio web.<\/p>\n<ol start=\"4\">\n<li><span><\/span><strong> Jurisdicci\u00f3n<\/strong><\/li>\n<\/ol>\n<p>La relaci\u00f3n surgida entre <span>El ayuntamiento de Areso<\/span> y el usuario se regir\u00e1 por lo dispuesto en la normativa vigente sobre legislaci\u00f3n aplicable y jurisdicci\u00f3n competente. No obstante, cuando la normativa prevea que las partes deben someterse a una competencia, <span>El ayuntamiento de Areso<\/span> y el usuario, con renuncia expresa a cualquier competencia que les corresponda, se someter\u00e1n a los Juzgados y Tribunales de Donostia-San Sebasti\u00e1n.<\/p>\n<\/div><\/div><\/div><\/div><div class=\"wpb_column vc_column_container\"><div class=\"vc_column-inner\"><\/div><\/div><\/div><\/div><\/section>\n","protected":false},"excerpt":{"rendered":"En cumplimiento de la Ley 34\/2002, de 11 de julio, de Servicios de la Sociedad de la Informaci\u00f3n y de Comercio Electr\u00f3nico, le informamos que el titular del sitio web www.areso.eus es: AYUNTAMIENTO DE ARESO NIF: P3103100H Direcci\u00f3n: Camino Eliz, 31876 Areso (Navarra) Tel\u00e9fono: 948 51 03 27 Correo electr\u00f3nico: areso@areso.eus Responsabilidades y garant\u00edas El...","protected":false},"author":1,"featured_media":0,"parent":0,"menu_order":0,"comment_status":"closed","ping_status":"closed","template":"","meta":{"_acf_changed":false,"footnotes":""},"class_list":["post-2133","page","type-page","status-publish","hentry"],"acf":[],"yoast_head":"<!-- This site is optimized with the Yoast SEO plugin v26.7 - https:\/\/yoast.com\/wordpress\/plugins\/seo\/ -->\n<title>Informaci\u00f3n legal - Aresoko Udala<\/title>\n<meta name=\"robots\" content=\"index, follow, max-snippet:-1, max-image-preview:large, max-video-preview:-1\" \/>\n<link rel=\"canonical\" href=\"https:\/\/areso.eus\/es\/aviso-legal\/\" \/>\n<meta property=\"og:locale\" content=\"es_ES\" \/>\n<meta property=\"og:type\" content=\"article\" \/>\n<meta property=\"og:title\" content=\"Informaci\u00f3n legal - Aresoko Udala\" \/>\n<meta property=\"og:url\" content=\"https:\/\/areso.eus\/es\/aviso-legal\/\" \/>\n<meta property=\"og:site_name\" content=\"Aresoko Udala\" \/>\n<meta property=\"article:publisher\" content=\"https:\/\/www.facebook.com\/areso.udala\" \/>\n<meta property=\"article:modified_time\" content=\"2026-01-30T09:36:45+00:00\" \/>\n<meta name=\"twitter:card\" content=\"summary_large_image\" \/>\n<meta name=\"twitter:label1\" content=\"Tiempo de lectura\" \/>\n\t<meta name=\"twitter:data1\" content=\"4 minutos\" \/>\n<script type=\"application\/ld+json\" class=\"yoast-schema-graph\">{\"@context\":\"https:\/\/schema.org\",\"@graph\":[{\"@type\":\"WebPage\",\"@id\":\"https:\/\/areso.eus\/es\/aviso-legal\/\",\"url\":\"https:\/\/areso.eus\/es\/aviso-legal\/\",\"name\":\"Informaci\u00f3n legal - Aresoko Udala\",\"isPartOf\":{\"@id\":\"https:\/\/areso.eus\/#website\"},\"datePublished\":\"2016-01-14T15:13:12+00:00\",\"dateModified\":\"2026-01-30T09:36:45+00:00\",\"breadcrumb\":{\"@id\":\"https:\/\/areso.eus\/es\/aviso-legal\/#breadcrumb\"},\"inLanguage\":\"es\",\"potentialAction\":[{\"@type\":\"ReadAction\",\"target\":[\"https:\/\/areso.eus\/es\/aviso-legal\/\"]}]},{\"@type\":\"BreadcrumbList\",\"@id\":\"https:\/\/areso.eus\/es\/aviso-legal\/#breadcrumb\",\"itemListElement\":[{\"@type\":\"ListItem\",\"position\":1,\"name\":\"Hasiera orria\",\"item\":\"https:\/\/areso.eus\/es\/\"},{\"@type\":\"ListItem\",\"position\":2,\"name\":\"Informaci\u00f3n legal\"}]},{\"@type\":\"WebSite\",\"@id\":\"https:\/\/areso.eus\/#website\",\"url\":\"https:\/\/areso.eus\/\",\"name\":\"Aresoko Udala\",\"description\":\"Aresoko udalaren webgune ofiziala. Herriko informazioa, albisteak, ekitaldiak, jarduerak, berriak, informazio turistikoa...\",\"publisher\":{\"@id\":\"https:\/\/areso.eus\/#organization\"},\"potentialAction\":[{\"@type\":\"SearchAction\",\"target\":{\"@type\":\"EntryPoint\",\"urlTemplate\":\"https:\/\/areso.eus\/?s={search_term_string}\"},\"query-input\":{\"@type\":\"PropertyValueSpecification\",\"valueRequired\":true,\"valueName\":\"search_term_string\"}}],\"inLanguage\":\"es\"},{\"@type\":\"Organization\",\"@id\":\"https:\/\/areso.eus\/#organization\",\"name\":\"Aresoko Udala\",\"url\":\"https:\/\/areso.eus\/\",\"logo\":{\"@type\":\"ImageObject\",\"inLanguage\":\"es\",\"@id\":\"https:\/\/areso.eus\/#\/schema\/logo\/image\/\",\"url\":\"https:\/\/areso.eus\/wp-content\/uploads\/2016\/02\/Escudo-Areso-08.png\",\"contentUrl\":\"https:\/\/areso.eus\/wp-content\/uploads\/2016\/02\/Escudo-Areso-08.png\",\"width\":169,\"height\":71,\"caption\":\"Aresoko Udala\"},\"image\":{\"@id\":\"https:\/\/areso.eus\/#\/schema\/logo\/image\/\"},\"sameAs\":[\"https:\/\/www.facebook.com\/areso.udala\"]}]}<\/script>\n<!-- \/ Yoast SEO plugin. -->","yoast_head_json":{"title":"Informaci\u00f3n legal - Aresoko Udala","robots":{"index":"index","follow":"follow","max-snippet":"max-snippet:-1","max-image-preview":"max-image-preview:large","max-video-preview":"max-video-preview:-1"},"canonical":"https:\/\/areso.eus\/es\/aviso-legal\/","og_locale":"es_ES","og_type":"article","og_title":"Informaci\u00f3n legal - Aresoko Udala","og_url":"https:\/\/areso.eus\/es\/aviso-legal\/","og_site_name":"Aresoko Udala","article_publisher":"https:\/\/www.facebook.com\/areso.udala","article_modified_time":"2026-01-30T09:36:45+00:00","twitter_card":"summary_large_image","twitter_misc":{"Tiempo de lectura":"4 minutos"},"schema":{"@context":"https:\/\/schema.org","@graph":[{"@type":"WebPage","@id":"https:\/\/areso.eus\/es\/aviso-legal\/","url":"https:\/\/areso.eus\/es\/aviso-legal\/","name":"Informaci\u00f3n legal - Aresoko Udala","isPartOf":{"@id":"https:\/\/areso.eus\/#website"},"datePublished":"2016-01-14T15:13:12+00:00","dateModified":"2026-01-30T09:36:45+00:00","breadcrumb":{"@id":"https:\/\/areso.eus\/es\/aviso-legal\/#breadcrumb"},"inLanguage":"es","potentialAction":[{"@type":"ReadAction","target":["https:\/\/areso.eus\/es\/aviso-legal\/"]}]},{"@type":"BreadcrumbList","@id":"https:\/\/areso.eus\/es\/aviso-legal\/#breadcrumb","itemListElement":[{"@type":"ListItem","position":1,"name":"Hasiera orria","item":"https:\/\/areso.eus\/es\/"},{"@type":"ListItem","position":2,"name":"Informaci\u00f3n legal"}]},{"@type":"WebSite","@id":"https:\/\/areso.eus\/#website","url":"https:\/\/areso.eus\/","name":"Aresoko Udala","description":"Aresoko udalaren webgune ofiziala. Herriko informazioa, albisteak, ekitaldiak, jarduerak, berriak, informazio turistikoa...","publisher":{"@id":"https:\/\/areso.eus\/#organization"},"potentialAction":[{"@type":"SearchAction","target":{"@type":"EntryPoint","urlTemplate":"https:\/\/areso.eus\/?s={search_term_string}"},"query-input":{"@type":"PropertyValueSpecification","valueRequired":true,"valueName":"search_term_string"}}],"inLanguage":"es"},{"@type":"Organization","@id":"https:\/\/areso.eus\/#organization","name":"Aresoko Udala","url":"https:\/\/areso.eus\/","logo":{"@type":"ImageObject","inLanguage":"es","@id":"https:\/\/areso.eus\/#\/schema\/logo\/image\/","url":"https:\/\/areso.eus\/wp-content\/uploads\/2016\/02\/Escudo-Areso-08.png","contentUrl":"https:\/\/areso.eus\/wp-content\/uploads\/2016\/02\/Escudo-Areso-08.png","width":169,"height":71,"caption":"Aresoko Udala"},"image":{"@id":"https:\/\/areso.eus\/#\/schema\/logo\/image\/"},"sameAs":["https:\/\/www.facebook.com\/areso.udala"]}]}},"_links":{"self":[{"href":"https:\/\/areso.eus\/es\/wp-json\/wp\/v2\/pages\/2133","targetHints":{"allow":["GET"]}}],"collection":[{"href":"https:\/\/areso.eus\/es\/wp-json\/wp\/v2\/pages"}],"about":[{"href":"https:\/\/areso.eus\/es\/wp-json\/wp\/v2\/types\/page"}],"author":[{"embeddable":true,"href":"https:\/\/areso.eus\/es\/wp-json\/wp\/v2\/users\/1"}],"replies":[{"embeddable":true,"href":"https:\/\/areso.eus\/es\/wp-json\/wp\/v2\/comments?post=2133"}],"version-history":[{"count":3,"href":"https:\/\/areso.eus\/es\/wp-json\/wp\/v2\/pages\/2133\/revisions"}],"predecessor-version":[{"id":6235,"href":"https:\/\/areso.eus\/es\/wp-json\/wp\/v2\/pages\/2133\/revisions\/6235"}],"wp:attachment":[{"href":"https:\/\/areso.eus\/es\/wp-json\/wp\/v2\/media?parent=2133"}],"curies":[{"name":"wp","href":"https:\/\/api.w.org\/{rel}","templated":true}]}}