{"id":2136,"date":"2014-12-02T07:04:47","date_gmt":"2014-12-02T06:04:47","guid":{"rendered":"https:\/\/areso.eus\/kontaktua\/"},"modified":"2026-01-30T12:57:43","modified_gmt":"2026-01-30T11:57:43","slug":"contacto","status":"publish","type":"page","link":"https:\/\/areso.eus\/es\/contacto\/","title":{"rendered":"Contacto"},"content":{"rendered":"<section class=\"l-section wpb_row height_medium\"><div class=\"l-section-h i-cf\"><div class=\"g-cols vc_row via_grid cols_1-2 laptops-cols_inherit tablets-cols_inherit mobiles-cols_1 valign_top type_default stacking_default\"><div class=\"wpb_column vc_column_container\"><div class=\"vc_column-inner\"><div class=\"wpb_text_column us_custom_9b352e22\"><div class=\"wpb_wrapper\"><p>Barrio Elgoyen, 43<br \/>\n31876 ARESO (Navarra)<\/p>\n<\/div><\/div><div class=\"w-separator size_medium\"><\/div><div class=\"w-iconbox us_custom_65c38287 iconpos_left style_circle color_custom align_none no_text\"><div class=\"w-iconbox-icon\" style=\"font-size:1rem;--icon-color:#ffffff;--icon-bg-color:#E53E71;\"><i class=\"far fa-clock\"><\/i><\/div><div class=\"w-iconbox-meta\"><p class=\"w-iconbox-title\" style=\"font-size:1rem;\">9:00 &#8211; 14:30<\/p><\/div><\/div><div class=\"w-iconbox us_custom_c901145c iconpos_left style_circle color_custom align_left no_title\"><div class=\"w-iconbox-icon\" style=\"font-size:1rem;--icon-color:#ffffff;--icon-bg-color:#E53E71;\"><i class=\"far fa-at\"><\/i><\/div><div class=\"w-iconbox-meta\"><div class=\"w-iconbox-text\"><p><a href=\"mailto:areso@areso.eus\">areso@areso.eus<\/a><\/p>\n<\/div><\/div><\/div><div class=\"w-iconbox us_custom_c901145c iconpos_left style_circle color_custom align_left no_title\"><div class=\"w-iconbox-icon\" style=\"font-size:1rem;--icon-color:#ffffff;--icon-bg-color:#E53E71;\"><i class=\"fas fa-phone\"><\/i><\/div><div class=\"w-iconbox-meta\"><div class=\"w-iconbox-text\"><p><a href=\"tel:948510327\">948 51 03 27<\/a><\/p>\n<\/div><\/div><\/div><div class=\"w-separator size_medium\"><\/div><div class=\"w-socials color_brand shape_circle style_colored hover_slide\" style=\"--gap:0.5em;\"><div class=\"w-socials-list\"><div class=\"w-socials-item facebook\"><a href=\"https:\/\/www.facebook.com\/\" class=\"w-socials-item-link\" aria-label=\"Facebook\"><span class=\"w-socials-item-link-hover\"><\/span><i class=\"fab fa-facebook\"><\/i><\/a><div class=\"w-socials-item-popup\"><span>Facebook<\/span><\/div><\/div><div class=\"w-socials-item twitter\"><a href=\"https:\/\/www.twitter.com\/\" class=\"w-socials-item-link\" aria-label=\"X\"><span class=\"w-socials-item-link-hover\"><\/span><i class=\"fab fa-x-twitter\"><svg style=\"width:1em; margin-bottom:-.1em;\" xmlns=\"http:\/\/www.w3.org\/2000\/svg\" viewBox=\"0 0 512 512\" role=\"presentation\"><path fill=\"currentColor\" d=\"M389.2 48h70.6L305.6 224.2 487 464H345L233.7 318.6 106.5 464H35.8L200.7 275.5 26.8 48H172.4L272.9 180.9 389.2 48zM364.4 421.8h39.1L151.1 88h-42L364.4 421.8z\"\/><\/svg><\/i><\/a><div class=\"w-socials-item-popup\"><span>X<\/span><\/div><\/div><\/div><\/div><\/div><\/div><div class=\"wpb_column vc_column_container\"><div class=\"vc_column-inner\"><div class=\"w-map provider_osm\" id=\"us_map_1\"><div class=\"w-map-inner\"><div class=\"w-map-json\" onclick='return {&quot;address&quot;:&quot;43.081050, -1.951826&quot;,&quot;disableDragging&quot;:0,&quot;disableZoom&quot;:0,&quot;hideControls&quot;:0,&quot;zoom&quot;:14,&quot;markers&quot;:[{&quot;address&quot;:&quot;43.081050, -1.951826&quot;,&quot;html&quot;:&quot;&lt;h6&gt;Aresoko Udala&lt;\\\/p&gt;&quot;,&quot;infowindow&quot;:0}],&quot;style&quot;:&quot;https:\\\/\\\/{s}.tile.openstreetmap.org\\\/{z}\\\/{x}\\\/{y}.png&quot;}'><\/div><\/div><\/div><\/div><\/div><\/div><\/div><\/section>\n","protected":false},"excerpt":{"rendered":"Barrio Elgoyen, 43 31876 ARESO (Navarra) 9:00 &#8211; 14:30areso@areso.eus 948 51 03 27 FacebookX","protected":false},"author":1,"featured_media":0,"parent":0,"menu_order":0,"comment_status":"open","ping_status":"closed","template":"","meta":{"_acf_changed":false,"footnotes":""},"class_list":["post-2136","page","type-page","status-publish","hentry"],"acf":[],"yoast_head":"<!-- This site is optimized with the Yoast SEO plugin v26.7 - https:\/\/yoast.com\/wordpress\/plugins\/seo\/ -->\n<title>Contacto del ayuntamiento de Areso. Tel\u00e9fono, email, enviar un mensaje<\/title>\n<meta name=\"description\" content=\"P\u00e1gina de Contacto del Ayuntamiento de Areso. Formulario para enviar un mensaje, llamar por tel\u00e9fono o la direcci\u00f3n de email.\" \/>\n<meta name=\"robots\" content=\"index, follow, max-snippet:-1, max-image-preview:large, max-video-preview:-1\" \/>\n<link rel=\"canonical\" href=\"https:\/\/areso.eus\/es\/contacto\/\" \/>\n<meta property=\"og:locale\" content=\"es_ES\" \/>\n<meta property=\"og:type\" content=\"article\" \/>\n<meta property=\"og:title\" content=\"Contacto del ayuntamiento de Areso. Tel\u00e9fono, email, enviar un mensaje\" \/>\n<meta property=\"og:description\" content=\"P\u00e1gina de Contacto del Ayuntamiento de Areso. Formulario para enviar un mensaje, llamar por tel\u00e9fono o la direcci\u00f3n de email.\" \/>\n<meta property=\"og:url\" content=\"https:\/\/areso.eus\/es\/contacto\/\" \/>\n<meta property=\"og:site_name\" content=\"Aresoko Udala\" \/>\n<meta property=\"article:publisher\" content=\"https:\/\/www.facebook.com\/areso.udala\" \/>\n<meta property=\"article:modified_time\" content=\"2026-01-30T11:57:43+00:00\" \/>\n<meta name=\"twitter:card\" content=\"summary_large_image\" \/>\n<meta name=\"twitter:label1\" content=\"Tiempo de lectura\" \/>\n\t<meta name=\"twitter:data1\" content=\"1 minuto\" \/>\n<script type=\"application\/ld+json\" class=\"yoast-schema-graph\">{\"@context\":\"https:\/\/schema.org\",\"@graph\":[{\"@type\":\"WebPage\",\"@id\":\"https:\/\/areso.eus\/es\/contacto\/\",\"url\":\"https:\/\/areso.eus\/es\/contacto\/\",\"name\":\"Contacto del ayuntamiento de Areso. Tel\u00e9fono, email, enviar un mensaje\",\"isPartOf\":{\"@id\":\"https:\/\/areso.eus\/#website\"},\"datePublished\":\"2014-12-02T06:04:47+00:00\",\"dateModified\":\"2026-01-30T11:57:43+00:00\",\"description\":\"P\u00e1gina de Contacto del Ayuntamiento de Areso. Formulario para enviar un mensaje, llamar por tel\u00e9fono o la direcci\u00f3n de email.\",\"breadcrumb\":{\"@id\":\"https:\/\/areso.eus\/es\/contacto\/#breadcrumb\"},\"inLanguage\":\"es\",\"potentialAction\":[{\"@type\":\"ReadAction\",\"target\":[\"https:\/\/areso.eus\/es\/contacto\/\"]}]},{\"@type\":\"BreadcrumbList\",\"@id\":\"https:\/\/areso.eus\/es\/contacto\/#breadcrumb\",\"itemListElement\":[{\"@type\":\"ListItem\",\"position\":1,\"name\":\"Hasiera orria\",\"item\":\"https:\/\/areso.eus\/es\/\"},{\"@type\":\"ListItem\",\"position\":2,\"name\":\"Contacto\"}]},{\"@type\":\"WebSite\",\"@id\":\"https:\/\/areso.eus\/#website\",\"url\":\"https:\/\/areso.eus\/\",\"name\":\"Aresoko Udala\",\"description\":\"Aresoko udalaren webgune ofiziala. Herriko informazioa, albisteak, ekitaldiak, jarduerak, berriak, informazio turistikoa...\",\"publisher\":{\"@id\":\"https:\/\/areso.eus\/#organization\"},\"potentialAction\":[{\"@type\":\"SearchAction\",\"target\":{\"@type\":\"EntryPoint\",\"urlTemplate\":\"https:\/\/areso.eus\/?s={search_term_string}\"},\"query-input\":{\"@type\":\"PropertyValueSpecification\",\"valueRequired\":true,\"valueName\":\"search_term_string\"}}],\"inLanguage\":\"es\"},{\"@type\":\"Organization\",\"@id\":\"https:\/\/areso.eus\/#organization\",\"name\":\"Aresoko Udala\",\"url\":\"https:\/\/areso.eus\/\",\"logo\":{\"@type\":\"ImageObject\",\"inLanguage\":\"es\",\"@id\":\"https:\/\/areso.eus\/#\/schema\/logo\/image\/\",\"url\":\"https:\/\/areso.eus\/wp-content\/uploads\/2016\/02\/Escudo-Areso-08.png\",\"contentUrl\":\"https:\/\/areso.eus\/wp-content\/uploads\/2016\/02\/Escudo-Areso-08.png\",\"width\":169,\"height\":71,\"caption\":\"Aresoko Udala\"},\"image\":{\"@id\":\"https:\/\/areso.eus\/#\/schema\/logo\/image\/\"},\"sameAs\":[\"https:\/\/www.facebook.com\/areso.udala\"]}]}<\/script>\n<!-- \/ Yoast SEO plugin. -->","yoast_head_json":{"title":"Contacto del ayuntamiento de Areso. Tel\u00e9fono, email, enviar un mensaje","description":"P\u00e1gina de Contacto del Ayuntamiento de Areso. Formulario para enviar un mensaje, llamar por tel\u00e9fono o la direcci\u00f3n de email.","robots":{"index":"index","follow":"follow","max-snippet":"max-snippet:-1","max-image-preview":"max-image-preview:large","max-video-preview":"max-video-preview:-1"},"canonical":"https:\/\/areso.eus\/es\/contacto\/","og_locale":"es_ES","og_type":"article","og_title":"Contacto del ayuntamiento de Areso. Tel\u00e9fono, email, enviar un mensaje","og_description":"P\u00e1gina de Contacto del Ayuntamiento de Areso. Formulario para enviar un mensaje, llamar por tel\u00e9fono o la direcci\u00f3n de email.","og_url":"https:\/\/areso.eus\/es\/contacto\/","og_site_name":"Aresoko Udala","article_publisher":"https:\/\/www.facebook.com\/areso.udala","article_modified_time":"2026-01-30T11:57:43+00:00","twitter_card":"summary_large_image","twitter_misc":{"Tiempo de lectura":"1 minuto"},"schema":{"@context":"https:\/\/schema.org","@graph":[{"@type":"WebPage","@id":"https:\/\/areso.eus\/es\/contacto\/","url":"https:\/\/areso.eus\/es\/contacto\/","name":"Contacto del ayuntamiento de Areso. Tel\u00e9fono, email, enviar un mensaje","isPartOf":{"@id":"https:\/\/areso.eus\/#website"},"datePublished":"2014-12-02T06:04:47+00:00","dateModified":"2026-01-30T11:57:43+00:00","description":"P\u00e1gina de Contacto del Ayuntamiento de Areso. Formulario para enviar un mensaje, llamar por tel\u00e9fono o la direcci\u00f3n de email.","breadcrumb":{"@id":"https:\/\/areso.eus\/es\/contacto\/#breadcrumb"},"inLanguage":"es","potentialAction":[{"@type":"ReadAction","target":["https:\/\/areso.eus\/es\/contacto\/"]}]},{"@type":"BreadcrumbList","@id":"https:\/\/areso.eus\/es\/contacto\/#breadcrumb","itemListElement":[{"@type":"ListItem","position":1,"name":"Hasiera orria","item":"https:\/\/areso.eus\/es\/"},{"@type":"ListItem","position":2,"name":"Contacto"}]},{"@type":"WebSite","@id":"https:\/\/areso.eus\/#website","url":"https:\/\/areso.eus\/","name":"Aresoko Udala","description":"Aresoko udalaren webgune ofiziala. Herriko informazioa, albisteak, ekitaldiak, jarduerak, berriak, informazio turistikoa...","publisher":{"@id":"https:\/\/areso.eus\/#organization"},"potentialAction":[{"@type":"SearchAction","target":{"@type":"EntryPoint","urlTemplate":"https:\/\/areso.eus\/?s={search_term_string}"},"query-input":{"@type":"PropertyValueSpecification","valueRequired":true,"valueName":"search_term_string"}}],"inLanguage":"es"},{"@type":"Organization","@id":"https:\/\/areso.eus\/#organization","name":"Aresoko Udala","url":"https:\/\/areso.eus\/","logo":{"@type":"ImageObject","inLanguage":"es","@id":"https:\/\/areso.eus\/#\/schema\/logo\/image\/","url":"https:\/\/areso.eus\/wp-content\/uploads\/2016\/02\/Escudo-Areso-08.png","contentUrl":"https:\/\/areso.eus\/wp-content\/uploads\/2016\/02\/Escudo-Areso-08.png","width":169,"height":71,"caption":"Aresoko Udala"},"image":{"@id":"https:\/\/areso.eus\/#\/schema\/logo\/image\/"},"sameAs":["https:\/\/www.facebook.com\/areso.udala"]}]}},"_links":{"self":[{"href":"https:\/\/areso.eus\/es\/wp-json\/wp\/v2\/pages\/2136","targetHints":{"allow":["GET"]}}],"collection":[{"href":"https:\/\/areso.eus\/es\/wp-json\/wp\/v2\/pages"}],"about":[{"href":"https:\/\/areso.eus\/es\/wp-json\/wp\/v2\/types\/page"}],"author":[{"embeddable":true,"href":"https:\/\/areso.eus\/es\/wp-json\/wp\/v2\/users\/1"}],"replies":[{"embeddable":true,"href":"https:\/\/areso.eus\/es\/wp-json\/wp\/v2\/comments?post=2136"}],"version-history":[{"count":10,"href":"https:\/\/areso.eus\/es\/wp-json\/wp\/v2\/pages\/2136\/revisions"}],"predecessor-version":[{"id":6248,"href":"https:\/\/areso.eus\/es\/wp-json\/wp\/v2\/pages\/2136\/revisions\/6248"}],"wp:attachment":[{"href":"https:\/\/areso.eus\/es\/wp-json\/wp\/v2\/media?parent=2136"}],"curies":[{"name":"wp","href":"https:\/\/api.w.org\/{rel}","templated":true}]}}