{"id":2143,"date":"2016-01-14T16:44:08","date_gmt":"2016-01-14T15:44:08","guid":{"rendered":"https:\/\/areso.eus\/laguntzaileak\/"},"modified":"2026-01-30T10:30:47","modified_gmt":"2026-01-30T09:30:47","slug":"colaboradores","status":"publish","type":"page","link":"https:\/\/areso.eus\/es\/colaboradores\/","title":{"rendered":"Colaboradores"},"content":{"rendered":"<section class=\"l-section wpb_row height_medium\"><div class=\"l-section-h i-cf\"><div class=\"g-cols vc_row via_grid cols_5-1 laptops-cols_inherit tablets-cols_inherit mobiles-cols_1 valign_top type_default stacking_default\"><div class=\"wpb_column vc_column_container\"><div class=\"vc_column-inner\"><div class=\"wpb_text_column\"><div class=\"wpb_wrapper\"><blockquote>\n<p><strong>\u00abWeb b\u00e1sica, una web para cada Ayuntamiento\u00bb es un proyecto que pretende fomentar la presencia en Internet de todas las Entidades Locales de Navarra.<br \/>\n<\/strong><\/p>\n<\/blockquote>\n<p>Este proyecto permite a los ayuntamientos formar parte del universo web de Internet, pero adem\u00e1s supone abrir un nuevo canal de comunicaci\u00f3n a trav\u00e9s del cual las entidades ofrecen a sus ciudadanos diferentes servicios.<\/p>\n<p>Los principales objetivos de este proyecto son:<\/p>\n<ul class=\"list\">\n<li class=\"icon-list\"><i class=\"fa fa-check-circle-o \"><\/i>Conseguir que la totalidad de los municipios navarros tengan presencia en Internet.<\/li>\n<li class=\"icon-list\"><i class=\"fa fa-check-circle-o \"><\/i>Iniciar a los municipios y a sus ciudadanos en las tecnolog\u00edas de la informaci\u00f3n y de la comunicaci\u00f3n.<\/li>\n<li class=\"icon-list\"><i class=\"fa fa-check-circle-o \"><\/i>Proporcionar a los ayuntamientos el dominio web de su entidad y la utilizaci\u00f3n de un correo electr\u00f3nico propio.<\/li>\n<\/ul>\n<\/div><\/div><div class=\"w-separator size_medium\"><\/div><div class=\"g-cols wpb_row via_grid cols_4 laptops-cols_inherit tablets-cols_inherit mobiles-cols_1 valign_top type_default stacking_default\" style=\"--columns-gap:3rem;\"><div class=\"wpb_column vc_column_container\"><div class=\"vc_column-inner\"><div class=\"wpb_text_column\"><div class=\"wpb_wrapper\"><p class=\"main-title title size-sm\"><strong>Patrocina:<\/strong><\/p>\n<\/div><\/div><div class=\"w-image align_left\"><a target=\"_blank\" href=\"http:\/\/www.nafarroa.eus\" aria-label=\"GN-v1-2c\" class=\"w-image-h\"><img decoding=\"async\" width=\"603\" height=\"140\" src=\"https:\/\/areso.eus\/wp-content\/uploads\/2025\/12\/GN-v1-2c.png\" class=\"attachment-full size-full\" alt=\"\" loading=\"lazy\" \/><\/a><\/div><\/div><\/div><div class=\"wpb_column vc_column_container\"><div class=\"vc_column-inner\"><\/div><\/div><div class=\"wpb_column vc_column_container\"><div class=\"vc_column-inner\"><\/div><\/div><div class=\"wpb_column vc_column_container\"><div class=\"vc_column-inner\"><\/div><\/div><\/div><\/div><\/div><div class=\"wpb_column vc_column_container\"><div class=\"vc_column-inner\"><\/div><\/div><\/div><\/div><\/section>\n","protected":false},"excerpt":{"rendered":"\u00abWeb b\u00e1sica, una web para cada Ayuntamiento\u00bb es un proyecto que pretende fomentar la presencia en Internet de todas las Entidades Locales de Navarra. Este proyecto permite a los ayuntamientos formar parte del universo web de Internet, pero adem\u00e1s supone abrir un nuevo canal de comunicaci\u00f3n a trav\u00e9s del cual las entidades ofrecen a sus...","protected":false},"author":1,"featured_media":0,"parent":0,"menu_order":0,"comment_status":"closed","ping_status":"closed","template":"","meta":{"_acf_changed":false,"footnotes":""},"class_list":["post-2143","page","type-page","status-publish","hentry"],"acf":[],"yoast_head":"<!-- This site is optimized with the Yoast SEO plugin v26.7 - https:\/\/yoast.com\/wordpress\/plugins\/seo\/ -->\n<title>Colaboradores de Areso. Web b\u00e1sica, una web para cada ayuntamiento.<\/title>\n<meta name=\"description\" content=\"Colaboradores del ayuntamiento de Areso en el programa &#039;Web b\u00e1sica para cada ayuntamiento&#039; .Fomentar la presencia web de las entidades locales de Navarra.\" \/>\n<meta name=\"robots\" content=\"index, follow, max-snippet:-1, max-image-preview:large, max-video-preview:-1\" \/>\n<link rel=\"canonical\" href=\"https:\/\/areso.eus\/es\/colaboradores\/\" \/>\n<meta property=\"og:locale\" content=\"es_ES\" \/>\n<meta property=\"og:type\" content=\"article\" \/>\n<meta property=\"og:title\" content=\"Colaboradores de Areso. Web b\u00e1sica, una web para cada ayuntamiento.\" \/>\n<meta property=\"og:description\" content=\"Colaboradores del ayuntamiento de Areso en el programa &#039;Web b\u00e1sica para cada ayuntamiento&#039; .Fomentar la presencia web de las entidades locales de Navarra.\" \/>\n<meta property=\"og:url\" content=\"https:\/\/areso.eus\/es\/colaboradores\/\" \/>\n<meta property=\"og:site_name\" content=\"Aresoko Udala\" \/>\n<meta property=\"article:publisher\" content=\"https:\/\/www.facebook.com\/areso.udala\" \/>\n<meta property=\"article:modified_time\" content=\"2026-01-30T09:30:47+00:00\" \/>\n<meta name=\"twitter:card\" content=\"summary_large_image\" \/>\n<meta name=\"twitter:label1\" content=\"Tiempo de lectura\" \/>\n\t<meta name=\"twitter:data1\" content=\"1 minuto\" \/>\n<script type=\"application\/ld+json\" class=\"yoast-schema-graph\">{\"@context\":\"https:\/\/schema.org\",\"@graph\":[{\"@type\":\"WebPage\",\"@id\":\"https:\/\/areso.eus\/es\/colaboradores\/\",\"url\":\"https:\/\/areso.eus\/es\/colaboradores\/\",\"name\":\"Colaboradores de Areso. Web b\u00e1sica, una web para cada ayuntamiento.\",\"isPartOf\":{\"@id\":\"https:\/\/areso.eus\/#website\"},\"datePublished\":\"2016-01-14T15:44:08+00:00\",\"dateModified\":\"2026-01-30T09:30:47+00:00\",\"description\":\"Colaboradores del ayuntamiento de Areso en el programa 'Web b\u00e1sica para cada ayuntamiento' .Fomentar la presencia web de las entidades locales de Navarra.\",\"breadcrumb\":{\"@id\":\"https:\/\/areso.eus\/es\/colaboradores\/#breadcrumb\"},\"inLanguage\":\"es\",\"potentialAction\":[{\"@type\":\"ReadAction\",\"target\":[\"https:\/\/areso.eus\/es\/colaboradores\/\"]}]},{\"@type\":\"BreadcrumbList\",\"@id\":\"https:\/\/areso.eus\/es\/colaboradores\/#breadcrumb\",\"itemListElement\":[{\"@type\":\"ListItem\",\"position\":1,\"name\":\"Hasiera orria\",\"item\":\"https:\/\/areso.eus\/es\/\"},{\"@type\":\"ListItem\",\"position\":2,\"name\":\"Colaboradores\"}]},{\"@type\":\"WebSite\",\"@id\":\"https:\/\/areso.eus\/#website\",\"url\":\"https:\/\/areso.eus\/\",\"name\":\"Aresoko Udala\",\"description\":\"Aresoko udalaren webgune ofiziala. Herriko informazioa, albisteak, ekitaldiak, jarduerak, berriak, informazio turistikoa...\",\"publisher\":{\"@id\":\"https:\/\/areso.eus\/#organization\"},\"potentialAction\":[{\"@type\":\"SearchAction\",\"target\":{\"@type\":\"EntryPoint\",\"urlTemplate\":\"https:\/\/areso.eus\/?s={search_term_string}\"},\"query-input\":{\"@type\":\"PropertyValueSpecification\",\"valueRequired\":true,\"valueName\":\"search_term_string\"}}],\"inLanguage\":\"es\"},{\"@type\":\"Organization\",\"@id\":\"https:\/\/areso.eus\/#organization\",\"name\":\"Aresoko Udala\",\"url\":\"https:\/\/areso.eus\/\",\"logo\":{\"@type\":\"ImageObject\",\"inLanguage\":\"es\",\"@id\":\"https:\/\/areso.eus\/#\/schema\/logo\/image\/\",\"url\":\"https:\/\/areso.eus\/wp-content\/uploads\/2016\/02\/Escudo-Areso-08.png\",\"contentUrl\":\"https:\/\/areso.eus\/wp-content\/uploads\/2016\/02\/Escudo-Areso-08.png\",\"width\":169,\"height\":71,\"caption\":\"Aresoko Udala\"},\"image\":{\"@id\":\"https:\/\/areso.eus\/#\/schema\/logo\/image\/\"},\"sameAs\":[\"https:\/\/www.facebook.com\/areso.udala\"]}]}<\/script>\n<!-- \/ Yoast SEO plugin. -->","yoast_head_json":{"title":"Colaboradores de Areso. Web b\u00e1sica, una web para cada ayuntamiento.","description":"Colaboradores del ayuntamiento de Areso en el programa 'Web b\u00e1sica para cada ayuntamiento' .Fomentar la presencia web de las entidades locales de Navarra.","robots":{"index":"index","follow":"follow","max-snippet":"max-snippet:-1","max-image-preview":"max-image-preview:large","max-video-preview":"max-video-preview:-1"},"canonical":"https:\/\/areso.eus\/es\/colaboradores\/","og_locale":"es_ES","og_type":"article","og_title":"Colaboradores de Areso. Web b\u00e1sica, una web para cada ayuntamiento.","og_description":"Colaboradores del ayuntamiento de Areso en el programa 'Web b\u00e1sica para cada ayuntamiento' .Fomentar la presencia web de las entidades locales de Navarra.","og_url":"https:\/\/areso.eus\/es\/colaboradores\/","og_site_name":"Aresoko Udala","article_publisher":"https:\/\/www.facebook.com\/areso.udala","article_modified_time":"2026-01-30T09:30:47+00:00","twitter_card":"summary_large_image","twitter_misc":{"Tiempo de lectura":"1 minuto"},"schema":{"@context":"https:\/\/schema.org","@graph":[{"@type":"WebPage","@id":"https:\/\/areso.eus\/es\/colaboradores\/","url":"https:\/\/areso.eus\/es\/colaboradores\/","name":"Colaboradores de Areso. Web b\u00e1sica, una web para cada ayuntamiento.","isPartOf":{"@id":"https:\/\/areso.eus\/#website"},"datePublished":"2016-01-14T15:44:08+00:00","dateModified":"2026-01-30T09:30:47+00:00","description":"Colaboradores del ayuntamiento de Areso en el programa 'Web b\u00e1sica para cada ayuntamiento' .Fomentar la presencia web de las entidades locales de Navarra.","breadcrumb":{"@id":"https:\/\/areso.eus\/es\/colaboradores\/#breadcrumb"},"inLanguage":"es","potentialAction":[{"@type":"ReadAction","target":["https:\/\/areso.eus\/es\/colaboradores\/"]}]},{"@type":"BreadcrumbList","@id":"https:\/\/areso.eus\/es\/colaboradores\/#breadcrumb","itemListElement":[{"@type":"ListItem","position":1,"name":"Hasiera orria","item":"https:\/\/areso.eus\/es\/"},{"@type":"ListItem","position":2,"name":"Colaboradores"}]},{"@type":"WebSite","@id":"https:\/\/areso.eus\/#website","url":"https:\/\/areso.eus\/","name":"Aresoko Udala","description":"Aresoko udalaren webgune ofiziala. Herriko informazioa, albisteak, ekitaldiak, jarduerak, berriak, informazio turistikoa...","publisher":{"@id":"https:\/\/areso.eus\/#organization"},"potentialAction":[{"@type":"SearchAction","target":{"@type":"EntryPoint","urlTemplate":"https:\/\/areso.eus\/?s={search_term_string}"},"query-input":{"@type":"PropertyValueSpecification","valueRequired":true,"valueName":"search_term_string"}}],"inLanguage":"es"},{"@type":"Organization","@id":"https:\/\/areso.eus\/#organization","name":"Aresoko Udala","url":"https:\/\/areso.eus\/","logo":{"@type":"ImageObject","inLanguage":"es","@id":"https:\/\/areso.eus\/#\/schema\/logo\/image\/","url":"https:\/\/areso.eus\/wp-content\/uploads\/2016\/02\/Escudo-Areso-08.png","contentUrl":"https:\/\/areso.eus\/wp-content\/uploads\/2016\/02\/Escudo-Areso-08.png","width":169,"height":71,"caption":"Aresoko Udala"},"image":{"@id":"https:\/\/areso.eus\/#\/schema\/logo\/image\/"},"sameAs":["https:\/\/www.facebook.com\/areso.udala"]}]}},"_links":{"self":[{"href":"https:\/\/areso.eus\/es\/wp-json\/wp\/v2\/pages\/2143","targetHints":{"allow":["GET"]}}],"collection":[{"href":"https:\/\/areso.eus\/es\/wp-json\/wp\/v2\/pages"}],"about":[{"href":"https:\/\/areso.eus\/es\/wp-json\/wp\/v2\/types\/page"}],"author":[{"embeddable":true,"href":"https:\/\/areso.eus\/es\/wp-json\/wp\/v2\/users\/1"}],"replies":[{"embeddable":true,"href":"https:\/\/areso.eus\/es\/wp-json\/wp\/v2\/comments?post=2143"}],"version-history":[{"count":8,"href":"https:\/\/areso.eus\/es\/wp-json\/wp\/v2\/pages\/2143\/revisions"}],"predecessor-version":[{"id":6231,"href":"https:\/\/areso.eus\/es\/wp-json\/wp\/v2\/pages\/2143\/revisions\/6231"}],"wp:attachment":[{"href":"https:\/\/areso.eus\/es\/wp-json\/wp\/v2\/media?parent=2143"}],"curies":[{"name":"wp","href":"https:\/\/api.w.org\/{rel}","templated":true}]}}