{"id":2207,"date":"2016-04-26T08:19:21","date_gmt":"2016-04-26T08:19:21","guid":{"rendered":"https:\/\/areso.eus\/es\/politica-de-cookies\/"},"modified":"2026-01-30T10:39:44","modified_gmt":"2026-01-30T09:39:44","slug":"politica-de-cookies","status":"publish","type":"page","link":"https:\/\/areso.eus\/es\/politica-de-cookies\/","title":{"rendered":"Pol\u00edtica de cookies"},"content":{"rendered":"<section class=\"l-section wpb_row us_custom_81d75b16 height_medium\"><div class=\"l-section-h i-cf\"><div class=\"g-cols vc_row via_grid cols_1 laptops-cols_inherit tablets-cols_inherit mobiles-cols_1 valign_top type_default stacking_default\"><div class=\"wpb_column vc_column_container\"><div class=\"vc_column-inner\"><div class=\"wpb_text_column\"><div class=\"wpb_wrapper\"><p>Mediante la aprobaci\u00f3n de la Ley 34\/2002, de 11 de julio, de Servicios de la Sociedad de la Informaci\u00f3n y de Comercio Electr\u00f3nico, le informamos que este sitio web utiliza cookies.<br \/>\n<span>\u00a0<\/span><\/p>\n<p><strong>\u00bf<\/strong><strong>Qu\u00e9 son las cookies?<\/strong><\/p>\n<p>Las cookies son archivos que se almacenan en nuestro dispositivo (ordenador, smartphone, televisi\u00f3n, tableta&#8230;) al visitar\u00a0determinados sitios web. Su funci\u00f3n es que las p\u00e1ginas web almacenen informaci\u00f3n del visitante; por ejemplo, h\u00e1bitos de navegaci\u00f3n, otras implantaciones, y en algunos casos, su identidad.<\/p>\n<p>El navegador del visitante solo almacena las cookies en el disco duro mientras dura la sesi\u00f3n. Ocupan muy poco espacio y no da\u00f1an su ordenador. Las cookies no almacenan ning\u00fan tipo de informaci\u00f3n personal espec\u00edfica y la mayor\u00eda se borran del disco duro en cuanto se cierra la sesi\u00f3n del navegador.<\/p>\n<p>La mayor\u00eda de los navegadores aceptan las cookies de manera est\u00e1ndar, y a trav\u00e9s de las implantaciones de seguridad aceptan o rechazan las cookies temporales y las memorizadas.<\/p>\n<p><strong>Tipos de cookies<\/strong><\/p>\n<p>Dependiendo de la entidad que gestiona las cookies:<\/p>\n<ul>\n<li><strong>Cookies propias<\/strong>: se env\u00edan al equipo terminal del usuario desde un equipo gestionado por el propio editor y utilizado por el usuario para prestar el servicio solicitado.<\/li>\n<li><strong>Cookies de terceros<\/strong>: estas cookies se env\u00edan al\u00a0equipo terminal del usuario desde un equipo gestionado por alguien que no es el editor. La persona que gestiona el equipo tambi\u00e9n se ocupa del tratamiento de los datos obtenidos a trav\u00e9s de las cookies.<\/li>\n<\/ul>\n<p>Dependiendo del tiempo que est\u00e9 activado:<\/p>\n<ul>\n<li><strong>Cookies de sesi\u00f3n<\/strong>: esta cookie est\u00e1 dise\u00f1ada para que los datos se recojan y almacenen en cuanto el usuario entra en una p\u00e1gina web.<\/li>\n<li><strong>Cookies permanentes<\/strong>: los datos recogidos por estas cookies se almacenan en la terminal durante un tiempo determinado, y en ese tiempo la persona que se ocupa de las cookies puede obtenerlas y tratarlas.<\/li>\n<\/ul>\n<p>Dependiendo del objetivo:<\/p>\n<ul>\n<li><strong>Cookies t\u00e9cnicas<\/strong>: estas cookies permiten al usuario navegar a trav\u00e9s de p\u00e1ginas web, plataformas o aplicaciones y utilizar las opciones y servicios que ofrece la p\u00e1gina web. Por ejemplo, controlar el tr\u00e1fico y la comunicaci\u00f3n de datos, identificar la sesi\u00f3n, entrar en espacios de entrada limitada, recordar los elementos de una petici\u00f3n, hacer la solicitud para inscribirse o participar en un evento, utilizar elementos de seguridad durante la navegaci\u00f3n, almacenar contenidos para difundir v\u00eddeos y sonidos o compartir contenidos a trav\u00e9s de las redes sociales.<\/li>\n<li><strong>Cookies personalizables<\/strong>: estas cookies permiten al usuario acceder al servicio\u00a0con una serie de caracter\u00edsticas predefinidas en su equipo terminal o definidas por el propio usuario.\u00a0Por ejemplo: el idioma, el tipo de navegador con el que accede al servicio, el dise\u00f1o de los contenidos seleccionados, la geolocalizaci\u00f3n del terminal y la configuraci\u00f3n de la regi\u00f3n de acceso al servicio, etc.<\/li>\n<li><strong>Cookies de an\u00e1lisis<\/strong>: estas cookies dan la opci\u00f3n de hacer un seguimiento y an\u00e1lisis del comportamiento del usuario en los sitios web. La informaci\u00f3n recogida a trav\u00e9s de estas cookies se utiliza para medir la actividad de los sitios web, la aplicaci\u00f3n o la plataforma, as\u00ed como para preparar los perfiles de navegaci\u00f3n de esos usuarios, con el fin de\u00a0mejorar el servicio en funci\u00f3n de c\u00f3mo lo usen.<\/li>\n<li><strong>Cookies publicitarias<\/strong>: estas cookies permiten gestionar eficazmente los espacios publicitarios incorporados en el sitio web o aplicaci\u00f3n que presta el servicio. Se basa en varios criterios como el\u00a0contenido editado o la frecuencia con la que se muestran los anuncios.<\/li>\n<li><strong>Cookies <\/strong><strong>de publicidad comportamental<\/strong>: permiten gestionar eficazmente los espacios publicitarios incorporados en el sitio web o aplicaci\u00f3n que presta el servicio. A trav\u00e9s de la observaci\u00f3n, estas cookies almacenan informaci\u00f3n sobre el comportamiento del usuario, para posteriormente desarrollar un perfil espec\u00edfico del usuario y para mostrarle un tipo de publicidad u otro seg\u00fan ese perfil.<\/li>\n<\/ul>\n<p><strong>\u00bfQu\u00e9 cookies almacena este sitio web?<\/strong><\/p>\n<p>Siguiendo las l\u00edneas generales de la Agencia Espa\u00f1ola de Protecci\u00f3n de Datos, a continuaci\u00f3n se enumeran las cookies que utiliza este sitio:<\/p>\n<ul>\n<li><strong>Cookies de an\u00e1lisis<\/strong>: estas cookies dan la opci\u00f3n de hacer un seguimiento y an\u00e1lisis del comportamiento del usuario en los sitios web.\u00a0La informaci\u00f3n recogida a trav\u00e9s de estas cookies se utiliza para medir la actividad de los sitios web, la aplicaci\u00f3n o la plataforma, as\u00ed como para preparar los perfiles de navegaci\u00f3n de esos usuarios, con el fin de mejorar el servicio en funci\u00f3n de c\u00f3mo lo use.<\/li>\n<li><strong>Cookies de terceros<\/strong>: estas cookies se env\u00edan al\u00a0equipo terminal del usuario desde un equipo gestionado por alguien que no es el editor. La persona que gestiona el equipo tambi\u00e9n se ocupa del tratamiento de los datos obtenidos a trav\u00e9s de las cookies. Ejemplo de ello son las cookies que instalan para el servicio de Google Analytics. En nuestro caso utilizamos cookies de\u00a0Google Analytics, Twitter y Facebook. No podemos controlar el ajuste de las cookies de terceros, por lo que recomendamos comprobar los sitios web de estos terceros, para tener m\u00e1s informaci\u00f3n sobre sus cookies y saber c\u00f3mo gestionarlas.<\/li>\n<\/ul>\n<p>Listado de cookies utilizadas:<\/p>\n<table>\n<tbody>\n<tr>\n<td width=\"214\">Cookie<\/td>\n<td width=\"214\">Tipo<\/td>\n<td width=\"214\">Objetivo<\/td>\n<\/tr>\n<tr>\n<td width=\"214\">_utmc<\/td>\n<td width=\"214\">Google Analytics<\/td>\n<td width=\"214\">Para poder\u00a0medir el\u00a0 uso del sitio web estad\u00edsticamente<\/td>\n<\/tr>\n<tr>\n<td width=\"214\">_utma<\/td>\n<td width=\"214\">Google Analytics<\/td>\n<td width=\"214\">Para poder\u00a0medir el uso de la p\u00e1gina web estad\u00edsticamente<\/td>\n<\/tr>\n<tr>\n<td width=\"214\">_utmb<\/td>\n<td width=\"214\">Google Analytics<\/td>\n<td width=\"214\">Para poder\u00a0medir el uso del sitio web estad\u00edsticamente<\/td>\n<\/tr>\n<tr>\n<td width=\"214\">_utmz<\/td>\n<td width=\"214\">Google Analytics<\/td>\n<td width=\"214\">Para poder\u00a0medir el sitio web estad\u00edsticamente<\/td>\n<\/tr>\n<\/tbody>\n<\/table>\n<p><strong>Configurar <\/strong><strong>y <\/strong><strong>deshabilitar <\/strong><strong>las cookies<\/strong><\/p>\n<p>Le informamos que es posible configurar el navegador para descartar o aceptar las cookies o para que, una vez cerrado el navegador, equipo o dispositivo,\u00a0estas se borren.<\/p>\n<p>En los navegadores principales, las cookies se configuran de la siguiente manera:<\/p>\n<ul>\n<li>Google Chrome&gt;Configuraci\u00f3n&gt;Mostrar opciones avanzadas&gt;Privacidad&gt;Configuraci\u00f3n del contenido&gt;Cookies.<\/li>\n<li>Firefox&gt;Herramientas&gt;Opciones&gt;Privacidad&gt;Historia&gt;Configuraci\u00f3n personalizada.<\/li>\n<li>Internet Explorer&gt;Herramientas&gt;Opciones de Internet &gt;Privacidad&gt;Avanzada.<\/li>\n<li>Safari&gt;Preferencias&gt;Privacidad.<\/li>\n<\/ul>\n<p>Adem\u00e1s, hay que tener en cuenta que, si se comparten el contenido de la p\u00e1gina web con los amigos a trav\u00e9s de las redes sociales (Facebook y Twitter), es posible que tambi\u00e9n se reciban las cookies de esos sitios web. No podemos controlar el ajuste de las cookies de terceros, por lo que recomendamos comprobar los sitios web de estos terceros, para tener m\u00e1s informaci\u00f3n sobre sus cookies y saber c\u00f3mo gestionarlas.<\/p>\n<p><strong>Actualizaci\u00f3n y cambios en la pol\u00edtica<\/strong><strong> de privacidad\/pol\u00edtica de <\/strong><strong>cookies<\/strong><\/p>\n<p>La pol\u00edtica de cookies de este sitio web puede modificarse respetando las obligaciones legales y reglamentarias y siguiendo los mandatos de la Agencia Espa\u00f1ola de Protecci\u00f3n de Datos. Por ello, recomendamos leer la pol\u00edtica de vez en cuando.<\/p>\n<p>En caso de\u00a0cambios importantes, se comunicar\u00e1 a los usuarios a trav\u00e9s del sitio web.<\/p>\n<\/div><\/div><\/div><\/div><\/div><\/div><\/section>\n","protected":false},"excerpt":{"rendered":"Mediante la aprobaci\u00f3n de la Ley 34\/2002, de 11 de julio, de Servicios de la Sociedad de la Informaci\u00f3n y de Comercio Electr\u00f3nico, le informamos que este sitio web utiliza cookies. \u00a0 \u00bfQu\u00e9 son las cookies? Las cookies son archivos que se almacenan en nuestro dispositivo (ordenador, smartphone, televisi\u00f3n, tableta&#8230;) al visitar\u00a0determinados sitios web. Su...","protected":false},"author":1,"featured_media":0,"parent":0,"menu_order":0,"comment_status":"closed","ping_status":"closed","template":"","meta":{"_acf_changed":false,"footnotes":""},"class_list":["post-2207","page","type-page","status-publish","hentry"],"acf":[],"yoast_head":"<!-- This site is optimized with the Yoast SEO plugin v26.7 - https:\/\/yoast.com\/wordpress\/plugins\/seo\/ -->\n<title>Pol\u00edtica de cookies - Aresoko Udala<\/title>\n<meta name=\"robots\" content=\"index, follow, max-snippet:-1, max-image-preview:large, max-video-preview:-1\" \/>\n<link rel=\"canonical\" href=\"https:\/\/areso.eus\/es\/politica-de-cookies\/\" \/>\n<meta property=\"og:locale\" content=\"es_ES\" \/>\n<meta property=\"og:type\" content=\"article\" \/>\n<meta property=\"og:title\" content=\"Pol\u00edtica de cookies - Aresoko Udala\" \/>\n<meta property=\"og:url\" content=\"https:\/\/areso.eus\/es\/politica-de-cookies\/\" \/>\n<meta property=\"og:site_name\" content=\"Aresoko Udala\" \/>\n<meta property=\"article:publisher\" content=\"https:\/\/www.facebook.com\/areso.udala\" \/>\n<meta property=\"article:modified_time\" content=\"2026-01-30T09:39:44+00:00\" \/>\n<meta name=\"twitter:card\" content=\"summary_large_image\" \/>\n<meta name=\"twitter:label1\" content=\"Tiempo de lectura\" \/>\n\t<meta name=\"twitter:data1\" content=\"5 minutos\" \/>\n<script type=\"application\/ld+json\" class=\"yoast-schema-graph\">{\"@context\":\"https:\/\/schema.org\",\"@graph\":[{\"@type\":\"WebPage\",\"@id\":\"https:\/\/areso.eus\/es\/politica-de-cookies\/\",\"url\":\"https:\/\/areso.eus\/es\/politica-de-cookies\/\",\"name\":\"Pol\u00edtica de cookies - Aresoko Udala\",\"isPartOf\":{\"@id\":\"https:\/\/areso.eus\/#website\"},\"datePublished\":\"2016-04-26T08:19:21+00:00\",\"dateModified\":\"2026-01-30T09:39:44+00:00\",\"breadcrumb\":{\"@id\":\"https:\/\/areso.eus\/es\/politica-de-cookies\/#breadcrumb\"},\"inLanguage\":\"es\",\"potentialAction\":[{\"@type\":\"ReadAction\",\"target\":[\"https:\/\/areso.eus\/es\/politica-de-cookies\/\"]}]},{\"@type\":\"BreadcrumbList\",\"@id\":\"https:\/\/areso.eus\/es\/politica-de-cookies\/#breadcrumb\",\"itemListElement\":[{\"@type\":\"ListItem\",\"position\":1,\"name\":\"Hasiera orria\",\"item\":\"https:\/\/areso.eus\/es\/\"},{\"@type\":\"ListItem\",\"position\":2,\"name\":\"Pol\u00edtica de cookies\"}]},{\"@type\":\"WebSite\",\"@id\":\"https:\/\/areso.eus\/#website\",\"url\":\"https:\/\/areso.eus\/\",\"name\":\"Aresoko Udala\",\"description\":\"Aresoko udalaren webgune ofiziala. Herriko informazioa, albisteak, ekitaldiak, jarduerak, berriak, informazio turistikoa...\",\"publisher\":{\"@id\":\"https:\/\/areso.eus\/#organization\"},\"potentialAction\":[{\"@type\":\"SearchAction\",\"target\":{\"@type\":\"EntryPoint\",\"urlTemplate\":\"https:\/\/areso.eus\/?s={search_term_string}\"},\"query-input\":{\"@type\":\"PropertyValueSpecification\",\"valueRequired\":true,\"valueName\":\"search_term_string\"}}],\"inLanguage\":\"es\"},{\"@type\":\"Organization\",\"@id\":\"https:\/\/areso.eus\/#organization\",\"name\":\"Aresoko Udala\",\"url\":\"https:\/\/areso.eus\/\",\"logo\":{\"@type\":\"ImageObject\",\"inLanguage\":\"es\",\"@id\":\"https:\/\/areso.eus\/#\/schema\/logo\/image\/\",\"url\":\"https:\/\/areso.eus\/wp-content\/uploads\/2016\/02\/Escudo-Areso-08.png\",\"contentUrl\":\"https:\/\/areso.eus\/wp-content\/uploads\/2016\/02\/Escudo-Areso-08.png\",\"width\":169,\"height\":71,\"caption\":\"Aresoko Udala\"},\"image\":{\"@id\":\"https:\/\/areso.eus\/#\/schema\/logo\/image\/\"},\"sameAs\":[\"https:\/\/www.facebook.com\/areso.udala\"]}]}<\/script>\n<!-- \/ Yoast SEO plugin. -->","yoast_head_json":{"title":"Pol\u00edtica de cookies - Aresoko Udala","robots":{"index":"index","follow":"follow","max-snippet":"max-snippet:-1","max-image-preview":"max-image-preview:large","max-video-preview":"max-video-preview:-1"},"canonical":"https:\/\/areso.eus\/es\/politica-de-cookies\/","og_locale":"es_ES","og_type":"article","og_title":"Pol\u00edtica de cookies - Aresoko Udala","og_url":"https:\/\/areso.eus\/es\/politica-de-cookies\/","og_site_name":"Aresoko Udala","article_publisher":"https:\/\/www.facebook.com\/areso.udala","article_modified_time":"2026-01-30T09:39:44+00:00","twitter_card":"summary_large_image","twitter_misc":{"Tiempo de lectura":"5 minutos"},"schema":{"@context":"https:\/\/schema.org","@graph":[{"@type":"WebPage","@id":"https:\/\/areso.eus\/es\/politica-de-cookies\/","url":"https:\/\/areso.eus\/es\/politica-de-cookies\/","name":"Pol\u00edtica de cookies - Aresoko Udala","isPartOf":{"@id":"https:\/\/areso.eus\/#website"},"datePublished":"2016-04-26T08:19:21+00:00","dateModified":"2026-01-30T09:39:44+00:00","breadcrumb":{"@id":"https:\/\/areso.eus\/es\/politica-de-cookies\/#breadcrumb"},"inLanguage":"es","potentialAction":[{"@type":"ReadAction","target":["https:\/\/areso.eus\/es\/politica-de-cookies\/"]}]},{"@type":"BreadcrumbList","@id":"https:\/\/areso.eus\/es\/politica-de-cookies\/#breadcrumb","itemListElement":[{"@type":"ListItem","position":1,"name":"Hasiera orria","item":"https:\/\/areso.eus\/es\/"},{"@type":"ListItem","position":2,"name":"Pol\u00edtica de cookies"}]},{"@type":"WebSite","@id":"https:\/\/areso.eus\/#website","url":"https:\/\/areso.eus\/","name":"Aresoko Udala","description":"Aresoko udalaren webgune ofiziala. Herriko informazioa, albisteak, ekitaldiak, jarduerak, berriak, informazio turistikoa...","publisher":{"@id":"https:\/\/areso.eus\/#organization"},"potentialAction":[{"@type":"SearchAction","target":{"@type":"EntryPoint","urlTemplate":"https:\/\/areso.eus\/?s={search_term_string}"},"query-input":{"@type":"PropertyValueSpecification","valueRequired":true,"valueName":"search_term_string"}}],"inLanguage":"es"},{"@type":"Organization","@id":"https:\/\/areso.eus\/#organization","name":"Aresoko Udala","url":"https:\/\/areso.eus\/","logo":{"@type":"ImageObject","inLanguage":"es","@id":"https:\/\/areso.eus\/#\/schema\/logo\/image\/","url":"https:\/\/areso.eus\/wp-content\/uploads\/2016\/02\/Escudo-Areso-08.png","contentUrl":"https:\/\/areso.eus\/wp-content\/uploads\/2016\/02\/Escudo-Areso-08.png","width":169,"height":71,"caption":"Aresoko Udala"},"image":{"@id":"https:\/\/areso.eus\/#\/schema\/logo\/image\/"},"sameAs":["https:\/\/www.facebook.com\/areso.udala"]}]}},"_links":{"self":[{"href":"https:\/\/areso.eus\/es\/wp-json\/wp\/v2\/pages\/2207","targetHints":{"allow":["GET"]}}],"collection":[{"href":"https:\/\/areso.eus\/es\/wp-json\/wp\/v2\/pages"}],"about":[{"href":"https:\/\/areso.eus\/es\/wp-json\/wp\/v2\/types\/page"}],"author":[{"embeddable":true,"href":"https:\/\/areso.eus\/es\/wp-json\/wp\/v2\/users\/1"}],"replies":[{"embeddable":true,"href":"https:\/\/areso.eus\/es\/wp-json\/wp\/v2\/comments?post=2207"}],"version-history":[{"count":2,"href":"https:\/\/areso.eus\/es\/wp-json\/wp\/v2\/pages\/2207\/revisions"}],"predecessor-version":[{"id":6238,"href":"https:\/\/areso.eus\/es\/wp-json\/wp\/v2\/pages\/2207\/revisions\/6238"}],"wp:attachment":[{"href":"https:\/\/areso.eus\/es\/wp-json\/wp\/v2\/media?parent=2207"}],"curies":[{"name":"wp","href":"https:\/\/api.w.org\/{rel}","templated":true}]}}