{"id":2455,"date":"2016-07-05T09:07:09","date_gmt":"2016-07-05T07:07:09","guid":{"rendered":"https:\/\/areso.eus\/es\/argitaratu-agendan-2\/"},"modified":"2026-01-19T15:52:20","modified_gmt":"2026-01-19T14:52:20","slug":"publicar-en-agenda","status":"publish","type":"page","link":"https:\/\/areso.eus\/es\/publicar-en-agenda\/","title":{"rendered":"Publicar en Agenda"},"content":{"rendered":"<section class=\"l-section wpb_row height_medium\"><div class=\"l-section-h i-cf\"><div class=\"g-cols vc_row via_grid cols_1-4-1 laptops-cols_inherit tablets-cols_inherit mobiles-cols_1 valign_top type_default stacking_default\"><div class=\"wpb_column vc_column_container\"><div class=\"vc_column-inner\"><\/div><\/div><div class=\"wpb_column vc_column_container\"><div class=\"vc_column-inner\">[vc_custom_heading text=&#8221;PUBLICAR EVENTO&#8221; font_container=&#8221;tag:h2|font_size:2em|text_align:center|color:%230798c4&#8243; google_fonts=&#8221;font_family:Roboto%20Condensed%3A300%2C300italic%2Cregular%2Citalic%2C700%2C700italic|font_style:300%20light%20regular%3A300%3Anormal&#8221;]<div class=\"w-separator size_small\"><\/div><div class=\"wpb_text_column us_custom_4aae7a92\"><div class=\"wpb_wrapper\"><h4>En este espacio podr\u00e1s publicar cualquier evento relacionado con el municipio. Puedes usar el formulario para contarnos lo que quieras. Lo revisaremos y lo publicaremos en la web.<\/h4>\n<\/div><\/div><div class=\"w-separator size_small with_line width_default thick_1 style_solid color_border align_center\"><div class=\"w-separator-h\"><\/div><\/div><div class=\"wpb_text_column\"><div class=\"wpb_wrapper\"><p>*Una vez enviado tu escrito, lo publicaremos y, cuando est\u00e9 aceptado, ser\u00e1 visible en la web. De esta manera evitaremos spam y mensajes basura.<\/p>\n<p>En esta secci\u00f3n podr\u00e1s encontrar informaci\u00f3n sobre actos y noticias de particulares y grupos. El ayuntamiento no se hace responsable de lo publicado por los ciudadanos mediante esta herramienta.<\/p>\n<p>Tampoco se hace responsable de los datos de car\u00e1cter personal facilitados ni del incumplimiento de las normas de protecci\u00f3n de datos por parte de los interesados que publiquen un evento en la Agenda. En caso de publicar datos de terceros deber\u00e1n haber obtenido previamente el consentimiento expreso. <\/p>\n<\/div><\/div><div class=\"w-separator size_small with_line width_default thick_1 style_solid color_border align_center\"><div class=\"w-separator-h\"><\/div><\/div><div class=\"wpb_text_column\"><div class=\"wpb_wrapper\">\n<div class=\"wpcf7 no-js\" id=\"wpcf7-f2312-o1\" lang=\"es-ES\" dir=\"ltr\" data-wpcf7-id=\"2312\">\n<div class=\"screen-reader-response\"><p role=\"status\" aria-live=\"polite\" aria-atomic=\"true\"><\/p> <ul><\/ul><\/div>\n<form action=\"\/es\/wp-json\/wp\/v2\/pages\/2455#wpcf7-f2312-o1\" method=\"post\" class=\"wpcf7-form init\" aria-label=\"Formulario de contacto\" enctype=\"multipart\/form-data\" novalidate=\"novalidate\" data-status=\"init\">\n<fieldset class=\"hidden-fields-container\"><input type=\"hidden\" name=\"_wpcf7\" value=\"2312\" \/><input type=\"hidden\" name=\"_wpcf7_version\" value=\"6.1.4\" \/><input type=\"hidden\" name=\"_wpcf7_locale\" value=\"es_ES\" \/><input type=\"hidden\" name=\"_wpcf7_unit_tag\" value=\"wpcf7-f2312-o1\" \/><input type=\"hidden\" name=\"_wpcf7_container_post\" value=\"0\" \/><input type=\"hidden\" name=\"_wpcf7_posted_data_hash\" value=\"\" \/>\n<\/fieldset>\n<p>Nombre (*)\n<\/p>\n<p><span class=\"wpcf7-form-control-wrap\" data-name=\"nombre\"><input size=\"40\" maxlength=\"400\" class=\"wpcf7-form-control wpcf7-text wpcf7-validates-as-required\" aria-required=\"true\" aria-invalid=\"false\" value=\"\" type=\"text\" name=\"nombre\" \/><\/span>\n<\/p>\n<p>Correo electr\u00f3nico (*)\n<\/p>\n<p><span class=\"wpcf7-form-control-wrap\" data-name=\"correo-electronico\"><input size=\"40\" maxlength=\"400\" class=\"wpcf7-form-control wpcf7-email wpcf7-validates-as-required wpcf7-text wpcf7-validates-as-email\" aria-required=\"true\" aria-invalid=\"false\" value=\"\" type=\"email\" name=\"correo-electronico\" \/><\/span>\n<\/p>\n<p>Mensaje\n<\/p>\n<p><span class=\"wpcf7-form-control-wrap\" data-name=\"mensaje\"><textarea cols=\"40\" rows=\"10\" maxlength=\"2000\" class=\"wpcf7-form-control wpcf7-textarea\" aria-invalid=\"false\" name=\"mensaje\"><\/textarea><\/span>\n<\/p>\n<p>Inicio del evento\n<\/p>\n<p><span class=\"wpcf7-form-control-wrap\" data-name=\"inicio\"><input class=\"wpcf7-form-control wpcf7-date wpcf7-validates-as-date\" aria-invalid=\"false\" value=\"\" type=\"date\" name=\"inicio\" \/><\/span>\n<\/p>\n<p>Fin del evento\n<\/p>\n<p><span class=\"wpcf7-form-control-wrap\" data-name=\"fin\"><input class=\"wpcf7-form-control wpcf7-date wpcf7-validates-as-date\" aria-invalid=\"false\" value=\"\" type=\"date\" name=\"fin\" \/><\/span>\n<\/p>\n<p><span class=\"wpcf7-form-control-wrap\" data-name=\"archivo\"><input size=\"40\" class=\"wpcf7-form-control wpcf7-file\" accept=\".pdf,.jpg,.doc,.png\" aria-invalid=\"false\" type=\"file\" name=\"archivo\" \/><\/span>\n<\/p>\n<p>He le\u00eddo y acepto el <a href=\"https:\/\/areso.eus\/es\/aviso-legal\/\" target=\"_blank\">Aviso legal<\/a>. <span class=\"wpcf7-form-control-wrap\" data-name=\"acceptance-731\"><span class=\"wpcf7-form-control wpcf7-acceptance\"><span class=\"wpcf7-list-item\"><input type=\"checkbox\" name=\"acceptance-731\" value=\"1\" aria-invalid=\"false\" \/><\/span><\/span><\/span>\n<\/p>\n<p><input class=\"wpcf7-form-control wpcf7-submit has-spinner\" type=\"submit\" value=\"Enviar\" \/>\n<\/p><p style=\"display: none !important;\" class=\"akismet-fields-container\" data-prefix=\"_wpcf7_ak_\"><label>&#916;<textarea name=\"_wpcf7_ak_hp_textarea\" cols=\"45\" rows=\"8\" maxlength=\"100\"><\/textarea><\/label><input type=\"hidden\" id=\"ak_js_1\" name=\"_wpcf7_ak_js\" value=\"158\"\/><script>document.getElementById( \"ak_js_1\" ).setAttribute( \"value\", ( new Date() ).getTime() );<\/script><\/p><div class=\"wpcf7-response-output\" aria-hidden=\"true\"><\/div>\n<\/form>\n<\/div>\n\n<\/div><\/div><\/div><\/div><div class=\"wpb_column vc_column_container\"><div class=\"vc_column-inner\"><\/div><\/div><\/div><\/div><\/section>\n","protected":false},"excerpt":{"rendered":"[vc_custom_heading text=\"PUBLICAR EVENTO\" font_container=\"tag:h2|font_size:2em|text_align:center|color:%230798c4\" google_fonts=\"font_family:Roboto%20Condensed%3A300%2C300italic%2Cregular%2Citalic%2C700%2C700italic|font_style:300%20light%20regular%3A300%3Anormal\"]En este espacio podr\u00e1s publicar cualquier evento relacionado con el municipio. Puedes usar el formulario para contarnos lo que quieras. Lo revisaremos y lo publicaremos en la web. *Una vez enviado tu escrito, lo publicaremos y, cuando est\u00e9 aceptado, ser\u00e1 visible en la web. De esta manera evitaremos spam y mensajes...","protected":false},"author":1,"featured_media":0,"parent":0,"menu_order":0,"comment_status":"closed","ping_status":"closed","template":"","meta":{"_acf_changed":false,"footnotes":""},"class_list":["post-2455","page","type-page","status-publish","hentry"],"acf":[],"yoast_head":"<!-- This site is optimized with the Yoast SEO plugin v26.7 - https:\/\/yoast.com\/wordpress\/plugins\/seo\/ -->\n<title>Publicar un evento en la agenda del ayuntamiento de Areso.<\/title>\n<meta name=\"description\" content=\"Publicar un evento en la agenda del ayuntamiento de Areso. Formulario para que los usuarios publiquen un evento en la agenda de la web de Areso.\" \/>\n<meta name=\"robots\" content=\"index, follow, max-snippet:-1, max-image-preview:large, max-video-preview:-1\" \/>\n<link rel=\"canonical\" href=\"https:\/\/areso.eus\/es\/publicar-en-agenda\/\" \/>\n<meta property=\"og:locale\" content=\"es_ES\" \/>\n<meta property=\"og:type\" content=\"article\" \/>\n<meta property=\"og:title\" content=\"Publicar un evento en la agenda del ayuntamiento de Areso.\" \/>\n<meta property=\"og:description\" content=\"Publicar un evento en la agenda del ayuntamiento de Areso. Formulario para que los usuarios publiquen un evento en la agenda de la web de Areso.\" \/>\n<meta property=\"og:url\" content=\"https:\/\/areso.eus\/es\/publicar-en-agenda\/\" \/>\n<meta property=\"og:site_name\" content=\"Aresoko Udala\" \/>\n<meta property=\"article:publisher\" content=\"https:\/\/www.facebook.com\/areso.udala\" \/>\n<meta property=\"article:modified_time\" content=\"2026-01-19T14:52:20+00:00\" \/>\n<meta name=\"twitter:card\" content=\"summary_large_image\" \/>\n<meta name=\"twitter:label1\" content=\"Tiempo de lectura\" \/>\n\t<meta name=\"twitter:data1\" content=\"1 minuto\" \/>\n<script type=\"application\/ld+json\" class=\"yoast-schema-graph\">{\"@context\":\"https:\/\/schema.org\",\"@graph\":[{\"@type\":\"WebPage\",\"@id\":\"https:\/\/areso.eus\/es\/publicar-en-agenda\/\",\"url\":\"https:\/\/areso.eus\/es\/publicar-en-agenda\/\",\"name\":\"Publicar un evento en la agenda del ayuntamiento de Areso.\",\"isPartOf\":{\"@id\":\"https:\/\/areso.eus\/#website\"},\"datePublished\":\"2016-07-05T07:07:09+00:00\",\"dateModified\":\"2026-01-19T14:52:20+00:00\",\"description\":\"Publicar un evento en la agenda del ayuntamiento de Areso. Formulario para que los usuarios publiquen un evento en la agenda de la web de Areso.\",\"breadcrumb\":{\"@id\":\"https:\/\/areso.eus\/es\/publicar-en-agenda\/#breadcrumb\"},\"inLanguage\":\"es\",\"potentialAction\":[{\"@type\":\"ReadAction\",\"target\":[\"https:\/\/areso.eus\/es\/publicar-en-agenda\/\"]}]},{\"@type\":\"BreadcrumbList\",\"@id\":\"https:\/\/areso.eus\/es\/publicar-en-agenda\/#breadcrumb\",\"itemListElement\":[{\"@type\":\"ListItem\",\"position\":1,\"name\":\"Hasiera orria\",\"item\":\"https:\/\/areso.eus\/es\/\"},{\"@type\":\"ListItem\",\"position\":2,\"name\":\"Publicar en Agenda\"}]},{\"@type\":\"WebSite\",\"@id\":\"https:\/\/areso.eus\/#website\",\"url\":\"https:\/\/areso.eus\/\",\"name\":\"Aresoko Udala\",\"description\":\"Aresoko udalaren webgune ofiziala. Herriko informazioa, albisteak, ekitaldiak, jarduerak, berriak, informazio turistikoa...\",\"publisher\":{\"@id\":\"https:\/\/areso.eus\/#organization\"},\"potentialAction\":[{\"@type\":\"SearchAction\",\"target\":{\"@type\":\"EntryPoint\",\"urlTemplate\":\"https:\/\/areso.eus\/?s={search_term_string}\"},\"query-input\":{\"@type\":\"PropertyValueSpecification\",\"valueRequired\":true,\"valueName\":\"search_term_string\"}}],\"inLanguage\":\"es\"},{\"@type\":\"Organization\",\"@id\":\"https:\/\/areso.eus\/#organization\",\"name\":\"Aresoko Udala\",\"url\":\"https:\/\/areso.eus\/\",\"logo\":{\"@type\":\"ImageObject\",\"inLanguage\":\"es\",\"@id\":\"https:\/\/areso.eus\/#\/schema\/logo\/image\/\",\"url\":\"https:\/\/areso.eus\/wp-content\/uploads\/2016\/02\/Escudo-Areso-08.png\",\"contentUrl\":\"https:\/\/areso.eus\/wp-content\/uploads\/2016\/02\/Escudo-Areso-08.png\",\"width\":169,\"height\":71,\"caption\":\"Aresoko Udala\"},\"image\":{\"@id\":\"https:\/\/areso.eus\/#\/schema\/logo\/image\/\"},\"sameAs\":[\"https:\/\/www.facebook.com\/areso.udala\"]}]}<\/script>\n<!-- \/ Yoast SEO plugin. -->","yoast_head_json":{"title":"Publicar un evento en la agenda del ayuntamiento de Areso.","description":"Publicar un evento en la agenda del ayuntamiento de Areso. Formulario para que los usuarios publiquen un evento en la agenda de la web de Areso.","robots":{"index":"index","follow":"follow","max-snippet":"max-snippet:-1","max-image-preview":"max-image-preview:large","max-video-preview":"max-video-preview:-1"},"canonical":"https:\/\/areso.eus\/es\/publicar-en-agenda\/","og_locale":"es_ES","og_type":"article","og_title":"Publicar un evento en la agenda del ayuntamiento de Areso.","og_description":"Publicar un evento en la agenda del ayuntamiento de Areso. Formulario para que los usuarios publiquen un evento en la agenda de la web de Areso.","og_url":"https:\/\/areso.eus\/es\/publicar-en-agenda\/","og_site_name":"Aresoko Udala","article_publisher":"https:\/\/www.facebook.com\/areso.udala","article_modified_time":"2026-01-19T14:52:20+00:00","twitter_card":"summary_large_image","twitter_misc":{"Tiempo de lectura":"1 minuto"},"schema":{"@context":"https:\/\/schema.org","@graph":[{"@type":"WebPage","@id":"https:\/\/areso.eus\/es\/publicar-en-agenda\/","url":"https:\/\/areso.eus\/es\/publicar-en-agenda\/","name":"Publicar un evento en la agenda del ayuntamiento de Areso.","isPartOf":{"@id":"https:\/\/areso.eus\/#website"},"datePublished":"2016-07-05T07:07:09+00:00","dateModified":"2026-01-19T14:52:20+00:00","description":"Publicar un evento en la agenda del ayuntamiento de Areso. Formulario para que los usuarios publiquen un evento en la agenda de la web de Areso.","breadcrumb":{"@id":"https:\/\/areso.eus\/es\/publicar-en-agenda\/#breadcrumb"},"inLanguage":"es","potentialAction":[{"@type":"ReadAction","target":["https:\/\/areso.eus\/es\/publicar-en-agenda\/"]}]},{"@type":"BreadcrumbList","@id":"https:\/\/areso.eus\/es\/publicar-en-agenda\/#breadcrumb","itemListElement":[{"@type":"ListItem","position":1,"name":"Hasiera orria","item":"https:\/\/areso.eus\/es\/"},{"@type":"ListItem","position":2,"name":"Publicar en Agenda"}]},{"@type":"WebSite","@id":"https:\/\/areso.eus\/#website","url":"https:\/\/areso.eus\/","name":"Aresoko Udala","description":"Aresoko udalaren webgune ofiziala. Herriko informazioa, albisteak, ekitaldiak, jarduerak, berriak, informazio turistikoa...","publisher":{"@id":"https:\/\/areso.eus\/#organization"},"potentialAction":[{"@type":"SearchAction","target":{"@type":"EntryPoint","urlTemplate":"https:\/\/areso.eus\/?s={search_term_string}"},"query-input":{"@type":"PropertyValueSpecification","valueRequired":true,"valueName":"search_term_string"}}],"inLanguage":"es"},{"@type":"Organization","@id":"https:\/\/areso.eus\/#organization","name":"Aresoko Udala","url":"https:\/\/areso.eus\/","logo":{"@type":"ImageObject","inLanguage":"es","@id":"https:\/\/areso.eus\/#\/schema\/logo\/image\/","url":"https:\/\/areso.eus\/wp-content\/uploads\/2016\/02\/Escudo-Areso-08.png","contentUrl":"https:\/\/areso.eus\/wp-content\/uploads\/2016\/02\/Escudo-Areso-08.png","width":169,"height":71,"caption":"Aresoko Udala"},"image":{"@id":"https:\/\/areso.eus\/#\/schema\/logo\/image\/"},"sameAs":["https:\/\/www.facebook.com\/areso.udala"]}]}},"_links":{"self":[{"href":"https:\/\/areso.eus\/es\/wp-json\/wp\/v2\/pages\/2455","targetHints":{"allow":["GET"]}}],"collection":[{"href":"https:\/\/areso.eus\/es\/wp-json\/wp\/v2\/pages"}],"about":[{"href":"https:\/\/areso.eus\/es\/wp-json\/wp\/v2\/types\/page"}],"author":[{"embeddable":true,"href":"https:\/\/areso.eus\/es\/wp-json\/wp\/v2\/users\/1"}],"replies":[{"embeddable":true,"href":"https:\/\/areso.eus\/es\/wp-json\/wp\/v2\/comments?post=2455"}],"version-history":[{"count":6,"href":"https:\/\/areso.eus\/es\/wp-json\/wp\/v2\/pages\/2455\/revisions"}],"predecessor-version":[{"id":5964,"href":"https:\/\/areso.eus\/es\/wp-json\/wp\/v2\/pages\/2455\/revisions\/5964"}],"wp:attachment":[{"href":"https:\/\/areso.eus\/es\/wp-json\/wp\/v2\/media?parent=2455"}],"curies":[{"name":"wp","href":"https:\/\/api.w.org\/{rel}","templated":true}]}}