{"id":3509,"date":"2021-01-19T15:33:26","date_gmt":"2021-01-19T15:33:26","guid":{"rendered":"https:\/\/areso.eus\/?page_id=3509"},"modified":"2026-01-30T10:49:49","modified_gmt":"2026-01-30T09:49:49","slug":"politica-de-privacidad","status":"publish","type":"page","link":"https:\/\/areso.eus\/es\/politica-de-privacidad\/","title":{"rendered":"Pol\u00edtica de privacidad"},"content":{"rendered":"<section class=\"l-section wpb_row height_medium\"><div class=\"l-section-h i-cf\"><div class=\"g-cols vc_row via_grid cols_1 laptops-cols_inherit tablets-cols_inherit mobiles-cols_1 valign_top type_default stacking_default\"><div class=\"wpb_column vc_column_container\"><div class=\"vc_column-inner\"><div class=\"wpb_text_column\"><div class=\"wpb_wrapper\"><p>La presente pol\u00edtica de privacidad tiene por objeto informar sobre los tratamientos de datos personales en este sitio web y describir los derechos de asistencia a los interesados, de conformidad con el Reglamento (UE) 2016\/679 del Parlamento Europeo y del Consejo, de 27 de abril de 2016, relativo a la protecci\u00f3n de las personas f\u00edsicas en lo que respecta al tratamiento de datos personales y a la libre circulaci\u00f3n de estos datos, y la protecci\u00f3n de los datos personales y garant\u00eda de los derechos digitales, de conformidad con la Ley Org\u00e1nica 3\/2018, de 5 de diciembre.<br \/>\n<span>\u00a0<\/span><br \/>\n<span>\u00a0<\/span><strong>\u00bfQui\u00e9n es el responsable del tratamiento de sus datos personales?<\/strong><\/p>\n<p><strong>AYUNTAMIENTO DE ARESO<\/strong><\/p>\n<p><strong>NIF:<\/strong> P3103100H<\/p>\n<p><strong>Direcci\u00f3n:<\/strong> Camino Eliz, 31876 Areso (Navarra)<\/p>\n<p><strong>Tel\u00e9fono:<\/strong> 948 51 03 27<\/p>\n<p><strong>E-mail:<\/strong> <a href=\"mailto:areso@areso.eus\">areso@areso.eus<\/a><\/p>\n<p><strong>\u00bfCon qu\u00e9 finalidad <\/strong><strong>recabamos<\/strong><strong> sus datos?<\/strong><\/p>\n<p>El ayuntamiento de Areso almacena estos datos con la finalidad de XXX<\/p>\n<p><strong>\u00bfDurante <\/strong><strong>cu\u00e1nto<\/strong><strong> tiempo se almacenan los datos?<\/strong><\/p>\n<p>Mientras no ordene que se retiren, sus datos se almacenar\u00e1n en el fichero XXX de El ayuntamiento de Areso<\/p>\n<p><strong>\u00bfQu\u00e9 nos legitima a utilizar sus datos?<\/strong><\/p>\n<p>La base legal para el\u00a0tratamiento de los datos recabados a trav\u00e9s de la web\u00a0<a href=\"https:\/\/www.areso.eus\">www.areso.eus<\/a> de El ayuntamiento de Areso es la siguiente:<\/p>\n<ol>\n<li>a<strong>.\u00a0<\/strong>El consentimiento expreso que nos ha dado al inscribirse.<\/li>\n<\/ol>\n<p><strong>\u00bfA qui\u00e9n se le <\/strong><strong>ceder\u00e1n <\/strong><strong>sus datos?<\/strong><\/p>\n<p>El ayuntamiento de Areso no pondr\u00e1 estos datos a disposici\u00f3n de terceros.<\/p>\n<p><strong>\u00bfCu\u00e1les son sus derechos cuando nos <\/strong><strong>facilita <\/strong><strong>sus datos personales?<\/strong><\/p>\n<p>La persona que proporcione sus datos podr\u00e1 ejercer los siguientes derechos sobre los mismos:<\/p>\n<p><u><em>Derecho de acceso:<\/em><\/u> La persona que facilite sus datos al Ayuntamiento de Areso podr\u00e1 solicitarle dichos datos para confirmar que est\u00e1 tratando sus datos personales.<\/p>\n<p><u><em>Derecho de rectificaci\u00f3n:<\/em><\/u> La persona que facilite sus datos podr\u00e1 solicitar la rectificaci\u00f3n de sus datos personales al Ayuntamiento de Areso, si estos no son correctos o no est\u00e1n completos.<\/p>\n<p><u><em>Derecho de supresi\u00f3n:<\/em><\/u> La persona que facilite sus datos podr\u00e1 solicitar al Ayuntamiento de Areso la supresi\u00f3n de sus datos personales, entre otros casos, cuando ya no sean necesarios para los objetivos para los que se recabaron.<\/p>\n<p><u><em>Derecho de oposici\u00f3n:<\/em><\/u> La persona que facilite sus datos puede oponerse a que el ayuntamiento de Aresotrate sus datos personales. En ese caso, el ayuntamiento de Areso solo los conservar\u00e1 para hacer reclamaciones o para protegerse de ellas.<\/p>\n<p><u><em>Derecho a <\/em><\/u><u><em>limitar el <\/em><\/u><u><em>tratamiento<\/em><\/u><u><em>:<\/em><\/u> La persona que facilite sus datos puede solicitar al Ayuntamiento de Areso que no utilice sus datos personales de forma provisional y para usos espec\u00edficos. En ese caso, el ayuntamiento de Areso solo los conservar\u00e1 para hacer reclamaciones o para protegerse de ellas.<\/p>\n<p><u><em>Derecho a la portabilidad:<\/em><\/u> La persona que facilite sus datos podr\u00e1 solicitar al ayuntamiento de Areso que facilite sus datos en un formato estructurado y de f\u00e1cil acceso. Del mismo modo, podr\u00e1 solicitarle que le entregue sus datos a otro responsable.<\/p>\n<p><u><em>Derecho a <\/em><\/u><u><em>revocar el consentimiento<\/em><\/u><u><em>:<\/em><\/u>\u00a0Si los datos personales se han obtenido con consentimiento expreso, la persona que facilite sus datos tendr\u00e1 derecho a revocar ese consentimiento en cualquier momento.<\/p>\n<p><u><em>Derecho a presentar reclamaciones:<\/em><\/u>\u00a0La persona que facilite sus datos tendr\u00e1 derecho a presentar una reclamaci\u00f3n ante la Agencia Espa\u00f1ola de Protecci\u00f3n de Datos, en particular si considera que el ejercicio de sus derechos no ha sido adecuado. Dicha reclamaci\u00f3n puede realizarse por v\u00eda telem\u00e1tica, a trav\u00e9s de la sede electr\u00f3nica (<a href=\"https:\/\/www.agpd.es\/\">www.agpd.es<\/a>) o dirigi\u00e9ndose a la siguiente direcci\u00f3n (C\/ Jorge Juan, 6, 28001-Madrid)<\/p>\n<p>Para ejercer cualquiera de estos derechos, la persona que facilite sus datos puede dirigirse a la direcci\u00f3n postal o la direcci\u00f3n electr\u00f3nica del Ayuntamiento de Areso, presentando una copia del DNI para poder comprobar su identidad.<\/p>\n<p>&nbsp;<\/p>\n<\/div><\/div><\/div><\/div><\/div><\/div><\/section>\n","protected":false},"excerpt":{"rendered":"La presente pol\u00edtica de privacidad tiene por objeto informar sobre los tratamientos de datos personales en este sitio web y describir los derechos de asistencia a los interesados, de conformidad con el Reglamento (UE) 2016\/679 del Parlamento Europeo y del Consejo, de 27 de abril de 2016, relativo a la protecci\u00f3n de las personas f\u00edsicas...","protected":false},"author":5,"featured_media":0,"parent":0,"menu_order":0,"comment_status":"closed","ping_status":"closed","template":"","meta":{"_acf_changed":false,"footnotes":""},"class_list":["post-3509","page","type-page","status-publish","hentry"],"acf":[],"yoast_head":"<!-- This site is optimized with the Yoast SEO plugin v26.7 - https:\/\/yoast.com\/wordpress\/plugins\/seo\/ -->\n<title>Pol\u00edtica de privacidad - Aresoko Udala<\/title>\n<meta name=\"robots\" content=\"index, follow, max-snippet:-1, max-image-preview:large, max-video-preview:-1\" \/>\n<link rel=\"canonical\" href=\"https:\/\/areso.eus\/es\/politica-de-privacidad\/\" \/>\n<meta property=\"og:locale\" content=\"es_ES\" \/>\n<meta property=\"og:type\" content=\"article\" \/>\n<meta property=\"og:title\" content=\"Pol\u00edtica de privacidad - Aresoko Udala\" \/>\n<meta property=\"og:url\" content=\"https:\/\/areso.eus\/es\/politica-de-privacidad\/\" \/>\n<meta property=\"og:site_name\" content=\"Aresoko Udala\" \/>\n<meta property=\"article:publisher\" content=\"https:\/\/www.facebook.com\/areso.udala\" \/>\n<meta property=\"article:modified_time\" content=\"2026-01-30T09:49:49+00:00\" \/>\n<meta name=\"twitter:card\" content=\"summary_large_image\" \/>\n<meta name=\"twitter:label1\" content=\"Tiempo de lectura\" \/>\n\t<meta name=\"twitter:data1\" content=\"3 minutos\" \/>\n<script type=\"application\/ld+json\" class=\"yoast-schema-graph\">{\"@context\":\"https:\/\/schema.org\",\"@graph\":[{\"@type\":\"WebPage\",\"@id\":\"https:\/\/areso.eus\/es\/politica-de-privacidad\/\",\"url\":\"https:\/\/areso.eus\/es\/politica-de-privacidad\/\",\"name\":\"Pol\u00edtica de privacidad - Aresoko Udala\",\"isPartOf\":{\"@id\":\"https:\/\/areso.eus\/#website\"},\"datePublished\":\"2021-01-19T15:33:26+00:00\",\"dateModified\":\"2026-01-30T09:49:49+00:00\",\"breadcrumb\":{\"@id\":\"https:\/\/areso.eus\/es\/politica-de-privacidad\/#breadcrumb\"},\"inLanguage\":\"es\",\"potentialAction\":[{\"@type\":\"ReadAction\",\"target\":[\"https:\/\/areso.eus\/es\/politica-de-privacidad\/\"]}]},{\"@type\":\"BreadcrumbList\",\"@id\":\"https:\/\/areso.eus\/es\/politica-de-privacidad\/#breadcrumb\",\"itemListElement\":[{\"@type\":\"ListItem\",\"position\":1,\"name\":\"Hasiera orria\",\"item\":\"https:\/\/areso.eus\/es\/\"},{\"@type\":\"ListItem\",\"position\":2,\"name\":\"Pol\u00edtica de privacidad\"}]},{\"@type\":\"WebSite\",\"@id\":\"https:\/\/areso.eus\/#website\",\"url\":\"https:\/\/areso.eus\/\",\"name\":\"Aresoko Udala\",\"description\":\"Aresoko udalaren webgune ofiziala. Herriko informazioa, albisteak, ekitaldiak, jarduerak, berriak, informazio turistikoa...\",\"publisher\":{\"@id\":\"https:\/\/areso.eus\/#organization\"},\"potentialAction\":[{\"@type\":\"SearchAction\",\"target\":{\"@type\":\"EntryPoint\",\"urlTemplate\":\"https:\/\/areso.eus\/?s={search_term_string}\"},\"query-input\":{\"@type\":\"PropertyValueSpecification\",\"valueRequired\":true,\"valueName\":\"search_term_string\"}}],\"inLanguage\":\"es\"},{\"@type\":\"Organization\",\"@id\":\"https:\/\/areso.eus\/#organization\",\"name\":\"Aresoko Udala\",\"url\":\"https:\/\/areso.eus\/\",\"logo\":{\"@type\":\"ImageObject\",\"inLanguage\":\"es\",\"@id\":\"https:\/\/areso.eus\/#\/schema\/logo\/image\/\",\"url\":\"https:\/\/areso.eus\/wp-content\/uploads\/2016\/02\/Escudo-Areso-08.png\",\"contentUrl\":\"https:\/\/areso.eus\/wp-content\/uploads\/2016\/02\/Escudo-Areso-08.png\",\"width\":169,\"height\":71,\"caption\":\"Aresoko Udala\"},\"image\":{\"@id\":\"https:\/\/areso.eus\/#\/schema\/logo\/image\/\"},\"sameAs\":[\"https:\/\/www.facebook.com\/areso.udala\"]}]}<\/script>\n<!-- \/ Yoast SEO plugin. -->","yoast_head_json":{"title":"Pol\u00edtica de privacidad - Aresoko Udala","robots":{"index":"index","follow":"follow","max-snippet":"max-snippet:-1","max-image-preview":"max-image-preview:large","max-video-preview":"max-video-preview:-1"},"canonical":"https:\/\/areso.eus\/es\/politica-de-privacidad\/","og_locale":"es_ES","og_type":"article","og_title":"Pol\u00edtica de privacidad - Aresoko Udala","og_url":"https:\/\/areso.eus\/es\/politica-de-privacidad\/","og_site_name":"Aresoko Udala","article_publisher":"https:\/\/www.facebook.com\/areso.udala","article_modified_time":"2026-01-30T09:49:49+00:00","twitter_card":"summary_large_image","twitter_misc":{"Tiempo de lectura":"3 minutos"},"schema":{"@context":"https:\/\/schema.org","@graph":[{"@type":"WebPage","@id":"https:\/\/areso.eus\/es\/politica-de-privacidad\/","url":"https:\/\/areso.eus\/es\/politica-de-privacidad\/","name":"Pol\u00edtica de privacidad - Aresoko Udala","isPartOf":{"@id":"https:\/\/areso.eus\/#website"},"datePublished":"2021-01-19T15:33:26+00:00","dateModified":"2026-01-30T09:49:49+00:00","breadcrumb":{"@id":"https:\/\/areso.eus\/es\/politica-de-privacidad\/#breadcrumb"},"inLanguage":"es","potentialAction":[{"@type":"ReadAction","target":["https:\/\/areso.eus\/es\/politica-de-privacidad\/"]}]},{"@type":"BreadcrumbList","@id":"https:\/\/areso.eus\/es\/politica-de-privacidad\/#breadcrumb","itemListElement":[{"@type":"ListItem","position":1,"name":"Hasiera orria","item":"https:\/\/areso.eus\/es\/"},{"@type":"ListItem","position":2,"name":"Pol\u00edtica de privacidad"}]},{"@type":"WebSite","@id":"https:\/\/areso.eus\/#website","url":"https:\/\/areso.eus\/","name":"Aresoko Udala","description":"Aresoko udalaren webgune ofiziala. Herriko informazioa, albisteak, ekitaldiak, jarduerak, berriak, informazio turistikoa...","publisher":{"@id":"https:\/\/areso.eus\/#organization"},"potentialAction":[{"@type":"SearchAction","target":{"@type":"EntryPoint","urlTemplate":"https:\/\/areso.eus\/?s={search_term_string}"},"query-input":{"@type":"PropertyValueSpecification","valueRequired":true,"valueName":"search_term_string"}}],"inLanguage":"es"},{"@type":"Organization","@id":"https:\/\/areso.eus\/#organization","name":"Aresoko Udala","url":"https:\/\/areso.eus\/","logo":{"@type":"ImageObject","inLanguage":"es","@id":"https:\/\/areso.eus\/#\/schema\/logo\/image\/","url":"https:\/\/areso.eus\/wp-content\/uploads\/2016\/02\/Escudo-Areso-08.png","contentUrl":"https:\/\/areso.eus\/wp-content\/uploads\/2016\/02\/Escudo-Areso-08.png","width":169,"height":71,"caption":"Aresoko Udala"},"image":{"@id":"https:\/\/areso.eus\/#\/schema\/logo\/image\/"},"sameAs":["https:\/\/www.facebook.com\/areso.udala"]}]}},"_links":{"self":[{"href":"https:\/\/areso.eus\/es\/wp-json\/wp\/v2\/pages\/3509","targetHints":{"allow":["GET"]}}],"collection":[{"href":"https:\/\/areso.eus\/es\/wp-json\/wp\/v2\/pages"}],"about":[{"href":"https:\/\/areso.eus\/es\/wp-json\/wp\/v2\/types\/page"}],"author":[{"embeddable":true,"href":"https:\/\/areso.eus\/es\/wp-json\/wp\/v2\/users\/5"}],"replies":[{"embeddable":true,"href":"https:\/\/areso.eus\/es\/wp-json\/wp\/v2\/comments?post=3509"}],"version-history":[{"count":3,"href":"https:\/\/areso.eus\/es\/wp-json\/wp\/v2\/pages\/3509\/revisions"}],"predecessor-version":[{"id":6242,"href":"https:\/\/areso.eus\/es\/wp-json\/wp\/v2\/pages\/3509\/revisions\/6242"}],"wp:attachment":[{"href":"https:\/\/areso.eus\/es\/wp-json\/wp\/v2\/media?parent=3509"}],"curies":[{"name":"wp","href":"https:\/\/api.w.org\/{rel}","templated":true}]}}